{"id":27606,"date":"2023-03-15T11:25:10","date_gmt":"2023-03-15T10:25:10","guid":{"rendered":"https:\/\/www.allinclusivehotels.it\/hotels\/color-perla-village"},"modified":"2023-03-30T09:28:00","modified_gmt":"2023-03-30T07:28:00","slug":"color-perla-village","status":"publish","type":"page","link":"https:\/\/www.allinclusivehotels.it\/de\/hotels\/color-perla-village","title":{"rendered":"Color Perla Village"},"content":{"rendered":"\n<p>Das <b>Color Perla Village in Bellaria-Igea Marina<\/b> ist wundersch\u00f6n direkt am Meer gelegen, mit einem <b>Privatstrand<\/b>, der eine Multisportarena, einen Loungebereich mit Palmen und Sonnenliegen, einen Barbereich mit Color Food Corner und einen umz\u00e4unten Haustierbereich f\u00fcr G\u00e4ste mit Haustieren umfasst. Zur Entspannung stehen immer<b>1 Sonnenschirm und 2 Sonnenliegen<\/b> bereit.<\/p>\n\n\n\n<!--more-->\n\n\n\n<p>Das Hotel verf\u00fcgt \u00fcber ein gro\u00dfes <b>halbolympisches Schwimmbecken<\/b> f\u00fcr Erwachsene, einen Whirlpool und ein <b>Kinderbecken<\/b> mit Wasserrutsche, das von einer eleganten Sonnenterrasse umgeben ist. F\u00fcr Kinder und Jugendliche gibt es<b> 7 Tage die Woche Animation am Strand und im Hotel<\/b> mit vielen Spielen, Workshops, Baby-Kochkursen und Partys: <b>Miniclub <\/b>von 4 bis 10 Jahren; <b>Juniorclub<\/b> von 10 bis 14 Jahren; <b>Teenclub<\/b> von 15 bis 18 Jahren. Zudem sind die themenspezifischen Spielzimmer <b>MiniCocoland <\/b>und <b>JuniorCocoland<\/b> immer ge\u00f6ffnet.<\/p>\n\n\n\n<p>Mit der <b>Premium All Inclusive<\/b> &#8211; Option erwartet Sie ein unbeschwerter Urlaub mit<b> Open Bar rund um die Uhr<\/b>, Food Corner, Coco Snack und Midnight Coco, <b>Parkplatz<\/b> sowie allen Animationsaktivit\u00e4ten.<\/p>\n","protected":false},"excerpt":{"rendered":"<p>Das Color Perla Village in Bellaria-Igea Marina ist wundersch\u00f6n direkt am Meer gelegen, mit einem &hellip;<\/p>\n","protected":false},"author":1,"featured_media":0,"parent":16476,"menu_order":0,"comment_status":"closed","ping_status":"closed","template":"page-templates\/scheda_hotel.php","meta":{"_acf_changed":false,"footnotes":""},"class_list":["post-27606","page","type-page","status-publish","hentry"],"acf":[],"yoast_head":"<!-- This site is optimized with the Yoast SEO plugin v27.0 - https:\/\/yoast.com\/product\/yoast-seo-wordpress\/ -->\n<title>All-Inclusive-Angebote Color Perla Village in Bellaria - Igea Marina<\/title>\n<meta name=\"description\" content=\"Lust auf Urlaub? Mehr \u00fcber die All-Inclusive-Angebote und All-inclusive-Pakete des Color Perla Village in Bellaria - Igea Marina!\" \/>\n<meta name=\"robots\" content=\"index, follow, max-snippet:-1, max-image-preview:large, max-video-preview:-1\" \/>\n<link rel=\"canonical\" href=\"https:\/\/www.allinclusivehotels.it\/de\/hotels\/color-perla-village\" \/>\n<meta property=\"og:locale\" content=\"de_DE\" \/>\n<meta property=\"og:type\" content=\"article\" \/>\n<meta property=\"og:title\" content=\"All-Inclusive-Angebote Color Perla Village in Bellaria - Igea Marina\" \/>\n<meta property=\"og:description\" content=\"Lust auf Urlaub? Mehr \u00fcber die All-Inclusive-Angebote und All-inclusive-Pakete des Color Perla Village in Bellaria - Igea Marina!\" \/>\n<meta property=\"og:url\" content=\"https:\/\/www.allinclusivehotels.it\/de\/hotels\/color-perla-village\" \/>\n<meta property=\"og:site_name\" content=\"All Inclusive Hotels\" \/>\n<meta property=\"article:modified_time\" content=\"2023-03-30T07:28:00+00:00\" \/>\n<meta name=\"twitter:card\" content=\"summary_large_image\" \/>\n<meta name=\"twitter:label1\" content=\"Gesch\u00e4tzte Lesezeit\" \/>\n\t<meta name=\"twitter:data1\" content=\"1\u00a0Minute\" \/>\n<script type=\"application\/ld+json\" class=\"yoast-schema-graph\">{\"@context\":\"https:\/\/schema.org\",\"@graph\":[{\"@type\":\"WebPage\",\"@id\":\"https:\/\/www.allinclusivehotels.it\/de\/hotels\/color-perla-village\",\"url\":\"https:\/\/www.allinclusivehotels.it\/de\/hotels\/color-perla-village\",\"name\":\"All-Inclusive-Angebote Color Perla Village in Bellaria - Igea Marina\",\"isPartOf\":{\"@id\":\"https:\/\/www.allinclusivehotels.it\/de#website\"},\"datePublished\":\"2023-03-15T10:25:10+00:00\",\"dateModified\":\"2023-03-30T07:28:00+00:00\",\"description\":\"Lust auf Urlaub? Mehr \u00fcber die All-Inclusive-Angebote und All-inclusive-Pakete des Color Perla Village in Bellaria - Igea Marina!\",\"breadcrumb\":{\"@id\":\"https:\/\/www.allinclusivehotels.it\/de\/hotels\/color-perla-village#breadcrumb\"},\"inLanguage\":\"de\",\"potentialAction\":[{\"@type\":\"ReadAction\",\"target\":[\"https:\/\/www.allinclusivehotels.it\/de\/hotels\/color-perla-village\"]}]},{\"@type\":\"BreadcrumbList\",\"@id\":\"https:\/\/www.allinclusivehotels.it\/de\/hotels\/color-perla-village#breadcrumb\",\"itemListElement\":[{\"@type\":\"ListItem\",\"position\":1,\"name\":\"Home\",\"item\":\"https:\/\/www.allinclusivehotels.it\/de\"},{\"@type\":\"ListItem\",\"position\":2,\"name\":\"Hotels\",\"item\":\"https:\/\/www.allinclusivehotels.it\/de\/hotels\"},{\"@type\":\"ListItem\",\"position\":3,\"name\":\"Color Perla Village\"}]},{\"@type\":\"WebSite\",\"@id\":\"https:\/\/www.allinclusivehotels.it\/de#website\",\"url\":\"https:\/\/www.allinclusivehotels.it\/de\",\"name\":\"All Inclusive Hotels\",\"description\":\"\",\"publisher\":{\"@id\":\"https:\/\/www.allinclusivehotels.it\/de#organization\"},\"potentialAction\":[{\"@type\":\"SearchAction\",\"target\":{\"@type\":\"EntryPoint\",\"urlTemplate\":\"https:\/\/www.allinclusivehotels.it\/de?s={search_term_string}\"},\"query-input\":{\"@type\":\"PropertyValueSpecification\",\"valueRequired\":true,\"valueName\":\"search_term_string\"}}],\"inLanguage\":\"de\"},{\"@type\":\"Organization\",\"@id\":\"https:\/\/www.allinclusivehotels.it\/de#organization\",\"name\":\"All Inclusive Hotels\",\"url\":\"https:\/\/www.allinclusivehotels.it\/de\",\"logo\":{\"@type\":\"ImageObject\",\"inLanguage\":\"de\",\"@id\":\"https:\/\/www.allinclusivehotels.it\/de#\/schema\/logo\/image\/\",\"url\":\"\",\"contentUrl\":\"\",\"caption\":\"All Inclusive Hotels\"},\"image\":{\"@id\":\"https:\/\/www.allinclusivehotels.it\/de#\/schema\/logo\/image\/\"}}]}<\/script>\n<!-- \/ Yoast SEO plugin. -->","yoast_head_json":{"title":"All-Inclusive-Angebote Color Perla Village in Bellaria - Igea Marina","description":"Lust auf Urlaub? Mehr \u00fcber die All-Inclusive-Angebote und All-inclusive-Pakete des Color Perla Village in Bellaria - Igea Marina!","robots":{"index":"index","follow":"follow","max-snippet":"max-snippet:-1","max-image-preview":"max-image-preview:large","max-video-preview":"max-video-preview:-1"},"canonical":"https:\/\/www.allinclusivehotels.it\/de\/hotels\/color-perla-village","og_locale":"de_DE","og_type":"article","og_title":"All-Inclusive-Angebote Color Perla Village in Bellaria - Igea Marina","og_description":"Lust auf Urlaub? Mehr \u00fcber die All-Inclusive-Angebote und All-inclusive-Pakete des Color Perla Village in Bellaria - Igea Marina!","og_url":"https:\/\/www.allinclusivehotels.it\/de\/hotels\/color-perla-village","og_site_name":"All Inclusive Hotels","article_modified_time":"2023-03-30T07:28:00+00:00","twitter_card":"summary_large_image","twitter_misc":{"Gesch\u00e4tzte Lesezeit":"1\u00a0Minute"},"schema":{"@context":"https:\/\/schema.org","@graph":[{"@type":"WebPage","@id":"https:\/\/www.allinclusivehotels.it\/de\/hotels\/color-perla-village","url":"https:\/\/www.allinclusivehotels.it\/de\/hotels\/color-perla-village","name":"All-Inclusive-Angebote Color Perla Village in Bellaria - Igea Marina","isPartOf":{"@id":"https:\/\/www.allinclusivehotels.it\/de#website"},"datePublished":"2023-03-15T10:25:10+00:00","dateModified":"2023-03-30T07:28:00+00:00","description":"Lust auf Urlaub? Mehr \u00fcber die All-Inclusive-Angebote und All-inclusive-Pakete des Color Perla Village in Bellaria - Igea Marina!","breadcrumb":{"@id":"https:\/\/www.allinclusivehotels.it\/de\/hotels\/color-perla-village#breadcrumb"},"inLanguage":"de","potentialAction":[{"@type":"ReadAction","target":["https:\/\/www.allinclusivehotels.it\/de\/hotels\/color-perla-village"]}]},{"@type":"BreadcrumbList","@id":"https:\/\/www.allinclusivehotels.it\/de\/hotels\/color-perla-village#breadcrumb","itemListElement":[{"@type":"ListItem","position":1,"name":"Home","item":"https:\/\/www.allinclusivehotels.it\/de"},{"@type":"ListItem","position":2,"name":"Hotels","item":"https:\/\/www.allinclusivehotels.it\/de\/hotels"},{"@type":"ListItem","position":3,"name":"Color Perla Village"}]},{"@type":"WebSite","@id":"https:\/\/www.allinclusivehotels.it\/de#website","url":"https:\/\/www.allinclusivehotels.it\/de","name":"All Inclusive Hotels","description":"","publisher":{"@id":"https:\/\/www.allinclusivehotels.it\/de#organization"},"potentialAction":[{"@type":"SearchAction","target":{"@type":"EntryPoint","urlTemplate":"https:\/\/www.allinclusivehotels.it\/de?s={search_term_string}"},"query-input":{"@type":"PropertyValueSpecification","valueRequired":true,"valueName":"search_term_string"}}],"inLanguage":"de"},{"@type":"Organization","@id":"https:\/\/www.allinclusivehotels.it\/de#organization","name":"All Inclusive Hotels","url":"https:\/\/www.allinclusivehotels.it\/de","logo":{"@type":"ImageObject","inLanguage":"de","@id":"https:\/\/www.allinclusivehotels.it\/de#\/schema\/logo\/image\/","url":"","contentUrl":"","caption":"All Inclusive Hotels"},"image":{"@id":"https:\/\/www.allinclusivehotels.it\/de#\/schema\/logo\/image\/"}}]}},"_links":{"self":[{"href":"https:\/\/www.allinclusivehotels.it\/de\/wp-json\/wp\/v2\/pages\/27606","targetHints":{"allow":["GET"]}}],"collection":[{"href":"https:\/\/www.allinclusivehotels.it\/de\/wp-json\/wp\/v2\/pages"}],"about":[{"href":"https:\/\/www.allinclusivehotels.it\/de\/wp-json\/wp\/v2\/types\/page"}],"author":[{"embeddable":true,"href":"https:\/\/www.allinclusivehotels.it\/de\/wp-json\/wp\/v2\/users\/1"}],"replies":[{"embeddable":true,"href":"https:\/\/www.allinclusivehotels.it\/de\/wp-json\/wp\/v2\/comments?post=27606"}],"version-history":[{"count":2,"href":"https:\/\/www.allinclusivehotels.it\/de\/wp-json\/wp\/v2\/pages\/27606\/revisions"}],"predecessor-version":[{"id":28321,"href":"https:\/\/www.allinclusivehotels.it\/de\/wp-json\/wp\/v2\/pages\/27606\/revisions\/28321"}],"up":[{"embeddable":true,"href":"https:\/\/www.allinclusivehotels.it\/de\/wp-json\/wp\/v2\/pages\/16476"}],"wp:attachment":[{"href":"https:\/\/www.allinclusivehotels.it\/de\/wp-json\/wp\/v2\/media?parent=27606"}],"curies":[{"name":"wp","href":"https:\/\/api.w.org\/{rel}","templated":true}]}}