{"id":27486,"date":"2023-03-10T13:43:58","date_gmt":"2023-03-10T12:43:58","guid":{"rendered":"https:\/\/www.allinclusivehotels.it\/?page_id=27486"},"modified":"2023-10-02T12:05:43","modified_gmt":"2023-10-02T10:05:43","slug":"hotel-king","status":"publish","type":"page","link":"https:\/\/www.allinclusivehotels.it\/de\/hotels\/hotel-king","title":{"rendered":"Hotel King"},"content":{"rendered":"\n<p>Das <b>Hotel King<\/b> befindet sich im lebendigen <b>Alba Adriatica<\/b>, direkt an der Strandpromenade und vor dem <b>Privatstrand<\/b>, der ausschlie\u00dflich G\u00e4sten vorbehalten ist und wo Ihnen 1 Sonnenschirm, 1 Sonnenliege und 1 Liegestuhl zur Verf\u00fcgung stehen. Au\u00dferdem gibt es einen Kinderspielplatz, Kabinen mit Duschen, Sportanlagen und die M\u00f6glichkeit, Wassergymnastikkurse zu besuchen. F\u00fcr die Unterhaltung der Kleinen gibt es <b>sowohl am Strand als auch im Hotel Animation<\/b>.<\/p>\n\n\n\n<!--more-->\n\n\n\n<p>Das Hotel bietet einen sch\u00f6nen, <b>immer sonnigen Pool<\/b> mit Hydromassage und Nackenstrahl sowie ein <b>Kinderbecken<\/b> mit Wasserspielen, die von einer <b>Sonnenterrasse<\/b> mit Sonnenschirmen und Liegen umgeben sind.<\/p>\n\n\n\n<p>Den G\u00e4sten stehen \u00fcberdies eine <b>gro\u00dfe Bar<\/b> mit Innen- und Au\u00dfenbereich an der Strandpromenade, ein \u00fcberdachter <b>Parkplatz<\/b> mit Stellpl\u00e4tzen je nach Verf\u00fcgbarkeit und <b>Fahrr\u00e4der <\/b>bereit.<\/p>\n","protected":false},"excerpt":{"rendered":"<p>Das Hotel King befindet sich im lebendigen Alba Adriatica, direkt an der Strandpromenade und vor &hellip;<\/p>\n","protected":false},"author":1,"featured_media":0,"parent":16476,"menu_order":0,"comment_status":"closed","ping_status":"closed","template":"page-templates\/scheda_hotel.php","meta":{"_acf_changed":false,"footnotes":""},"class_list":["post-27486","page","type-page","status-publish","hentry"],"acf":[],"yoast_head":"<!-- This site is optimized with the Yoast SEO plugin v27.0 - https:\/\/yoast.com\/product\/yoast-seo-wordpress\/ -->\n<title>All-Inclusive-Angebote des Hotels King in Alba Adriatica<\/title>\n<meta name=\"description\" content=\"Lust auf Urlaub? Mehr \u00fcber die All-Inclusive-Angebote und -Arrangements des Hotels King in Alba Adriatica!\" \/>\n<meta name=\"robots\" content=\"index, follow, max-snippet:-1, max-image-preview:large, max-video-preview:-1\" \/>\n<link rel=\"canonical\" href=\"https:\/\/www.allinclusivehotels.it\/de\/hotels\/hotel-king\" \/>\n<meta property=\"og:locale\" content=\"de_DE\" \/>\n<meta property=\"og:type\" content=\"article\" \/>\n<meta property=\"og:title\" content=\"All-Inclusive-Angebote des Hotels King in Alba Adriatica\" \/>\n<meta property=\"og:description\" content=\"Lust auf Urlaub? Mehr \u00fcber die All-Inclusive-Angebote und -Arrangements des Hotels King in Alba Adriatica!\" \/>\n<meta property=\"og:url\" content=\"https:\/\/www.allinclusivehotels.it\/de\/hotels\/hotel-king\" \/>\n<meta property=\"og:site_name\" content=\"All Inclusive Hotels\" \/>\n<meta property=\"article:modified_time\" content=\"2023-10-02T10:05:43+00:00\" \/>\n<meta name=\"twitter:card\" content=\"summary_large_image\" \/>\n<script type=\"application\/ld+json\" class=\"yoast-schema-graph\">{\"@context\":\"https:\/\/schema.org\",\"@graph\":[{\"@type\":\"WebPage\",\"@id\":\"https:\/\/www.allinclusivehotels.it\/de\/hotels\/hotel-king\",\"url\":\"https:\/\/www.allinclusivehotels.it\/de\/hotels\/hotel-king\",\"name\":\"All-Inclusive-Angebote des Hotels King in Alba Adriatica\",\"isPartOf\":{\"@id\":\"https:\/\/www.allinclusivehotels.it\/de#website\"},\"datePublished\":\"2023-03-10T12:43:58+00:00\",\"dateModified\":\"2023-10-02T10:05:43+00:00\",\"description\":\"Lust auf Urlaub? Mehr \u00fcber die All-Inclusive-Angebote und -Arrangements des Hotels King in Alba Adriatica!\",\"breadcrumb\":{\"@id\":\"https:\/\/www.allinclusivehotels.it\/de\/hotels\/hotel-king#breadcrumb\"},\"inLanguage\":\"de\",\"potentialAction\":[{\"@type\":\"ReadAction\",\"target\":[\"https:\/\/www.allinclusivehotels.it\/de\/hotels\/hotel-king\"]}]},{\"@type\":\"BreadcrumbList\",\"@id\":\"https:\/\/www.allinclusivehotels.it\/de\/hotels\/hotel-king#breadcrumb\",\"itemListElement\":[{\"@type\":\"ListItem\",\"position\":1,\"name\":\"Home\",\"item\":\"https:\/\/www.allinclusivehotels.it\/de\"},{\"@type\":\"ListItem\",\"position\":2,\"name\":\"Hotels\",\"item\":\"https:\/\/www.allinclusivehotels.it\/de\/hotels\"},{\"@type\":\"ListItem\",\"position\":3,\"name\":\"Hotel King\"}]},{\"@type\":\"WebSite\",\"@id\":\"https:\/\/www.allinclusivehotels.it\/de#website\",\"url\":\"https:\/\/www.allinclusivehotels.it\/de\",\"name\":\"All Inclusive Hotels\",\"description\":\"\",\"publisher\":{\"@id\":\"https:\/\/www.allinclusivehotels.it\/de#organization\"},\"potentialAction\":[{\"@type\":\"SearchAction\",\"target\":{\"@type\":\"EntryPoint\",\"urlTemplate\":\"https:\/\/www.allinclusivehotels.it\/de?s={search_term_string}\"},\"query-input\":{\"@type\":\"PropertyValueSpecification\",\"valueRequired\":true,\"valueName\":\"search_term_string\"}}],\"inLanguage\":\"de\"},{\"@type\":\"Organization\",\"@id\":\"https:\/\/www.allinclusivehotels.it\/de#organization\",\"name\":\"All Inclusive Hotels\",\"url\":\"https:\/\/www.allinclusivehotels.it\/de\",\"logo\":{\"@type\":\"ImageObject\",\"inLanguage\":\"de\",\"@id\":\"https:\/\/www.allinclusivehotels.it\/de#\/schema\/logo\/image\/\",\"url\":\"\",\"contentUrl\":\"\",\"caption\":\"All Inclusive Hotels\"},\"image\":{\"@id\":\"https:\/\/www.allinclusivehotels.it\/de#\/schema\/logo\/image\/\"}}]}<\/script>\n<!-- \/ Yoast SEO plugin. -->","yoast_head_json":{"title":"All-Inclusive-Angebote des Hotels King in Alba Adriatica","description":"Lust auf Urlaub? Mehr \u00fcber die All-Inclusive-Angebote und -Arrangements des Hotels King in Alba Adriatica!","robots":{"index":"index","follow":"follow","max-snippet":"max-snippet:-1","max-image-preview":"max-image-preview:large","max-video-preview":"max-video-preview:-1"},"canonical":"https:\/\/www.allinclusivehotels.it\/de\/hotels\/hotel-king","og_locale":"de_DE","og_type":"article","og_title":"All-Inclusive-Angebote des Hotels King in Alba Adriatica","og_description":"Lust auf Urlaub? Mehr \u00fcber die All-Inclusive-Angebote und -Arrangements des Hotels King in Alba Adriatica!","og_url":"https:\/\/www.allinclusivehotels.it\/de\/hotels\/hotel-king","og_site_name":"All Inclusive Hotels","article_modified_time":"2023-10-02T10:05:43+00:00","twitter_card":"summary_large_image","schema":{"@context":"https:\/\/schema.org","@graph":[{"@type":"WebPage","@id":"https:\/\/www.allinclusivehotels.it\/de\/hotels\/hotel-king","url":"https:\/\/www.allinclusivehotels.it\/de\/hotels\/hotel-king","name":"All-Inclusive-Angebote des Hotels King in Alba Adriatica","isPartOf":{"@id":"https:\/\/www.allinclusivehotels.it\/de#website"},"datePublished":"2023-03-10T12:43:58+00:00","dateModified":"2023-10-02T10:05:43+00:00","description":"Lust auf Urlaub? Mehr \u00fcber die All-Inclusive-Angebote und -Arrangements des Hotels King in Alba Adriatica!","breadcrumb":{"@id":"https:\/\/www.allinclusivehotels.it\/de\/hotels\/hotel-king#breadcrumb"},"inLanguage":"de","potentialAction":[{"@type":"ReadAction","target":["https:\/\/www.allinclusivehotels.it\/de\/hotels\/hotel-king"]}]},{"@type":"BreadcrumbList","@id":"https:\/\/www.allinclusivehotels.it\/de\/hotels\/hotel-king#breadcrumb","itemListElement":[{"@type":"ListItem","position":1,"name":"Home","item":"https:\/\/www.allinclusivehotels.it\/de"},{"@type":"ListItem","position":2,"name":"Hotels","item":"https:\/\/www.allinclusivehotels.it\/de\/hotels"},{"@type":"ListItem","position":3,"name":"Hotel King"}]},{"@type":"WebSite","@id":"https:\/\/www.allinclusivehotels.it\/de#website","url":"https:\/\/www.allinclusivehotels.it\/de","name":"All Inclusive Hotels","description":"","publisher":{"@id":"https:\/\/www.allinclusivehotels.it\/de#organization"},"potentialAction":[{"@type":"SearchAction","target":{"@type":"EntryPoint","urlTemplate":"https:\/\/www.allinclusivehotels.it\/de?s={search_term_string}"},"query-input":{"@type":"PropertyValueSpecification","valueRequired":true,"valueName":"search_term_string"}}],"inLanguage":"de"},{"@type":"Organization","@id":"https:\/\/www.allinclusivehotels.it\/de#organization","name":"All Inclusive Hotels","url":"https:\/\/www.allinclusivehotels.it\/de","logo":{"@type":"ImageObject","inLanguage":"de","@id":"https:\/\/www.allinclusivehotels.it\/de#\/schema\/logo\/image\/","url":"","contentUrl":"","caption":"All Inclusive Hotels"},"image":{"@id":"https:\/\/www.allinclusivehotels.it\/de#\/schema\/logo\/image\/"}}]}},"_links":{"self":[{"href":"https:\/\/www.allinclusivehotels.it\/de\/wp-json\/wp\/v2\/pages\/27486","targetHints":{"allow":["GET"]}}],"collection":[{"href":"https:\/\/www.allinclusivehotels.it\/de\/wp-json\/wp\/v2\/pages"}],"about":[{"href":"https:\/\/www.allinclusivehotels.it\/de\/wp-json\/wp\/v2\/types\/page"}],"author":[{"embeddable":true,"href":"https:\/\/www.allinclusivehotels.it\/de\/wp-json\/wp\/v2\/users\/1"}],"replies":[{"embeddable":true,"href":"https:\/\/www.allinclusivehotels.it\/de\/wp-json\/wp\/v2\/comments?post=27486"}],"version-history":[{"count":2,"href":"https:\/\/www.allinclusivehotels.it\/de\/wp-json\/wp\/v2\/pages\/27486\/revisions"}],"predecessor-version":[{"id":32951,"href":"https:\/\/www.allinclusivehotels.it\/de\/wp-json\/wp\/v2\/pages\/27486\/revisions\/32951"}],"up":[{"embeddable":true,"href":"https:\/\/www.allinclusivehotels.it\/de\/wp-json\/wp\/v2\/pages\/16476"}],"wp:attachment":[{"href":"https:\/\/www.allinclusivehotels.it\/de\/wp-json\/wp\/v2\/media?parent=27486"}],"curies":[{"name":"wp","href":"https:\/\/api.w.org\/{rel}","templated":true}]}}