{"id":26881,"date":"2023-03-08T12:40:48","date_gmt":"2023-03-08T11:40:48","guid":{"rendered":"https:\/\/www.allinclusivehotels.it\/hotels\/hotel-esplanade-rimini"},"modified":"2023-10-02T12:05:47","modified_gmt":"2023-10-02T10:05:47","slug":"hotel-esplanade-rimini","status":"publish","type":"page","link":"https:\/\/www.allinclusivehotels.it\/de\/hotels\/hotel-esplanade-rimini","title":{"rendered":"Hotel Esplanade"},"content":{"rendered":"\n<p>Das <b>Hotel Esplanade in Rimini<\/b> liegt <b>150 m vom Strand<\/b> entfernt, den man bequem zu Fu\u00df erreichen kann. Au\u00dfer <b>1 Sonnenschirm und 2 Sonnenliegen, die immer im Preis inbegriffen sind<\/b>, bietet die moderne, vertragsgebundene Strandanlage auch Sportpl\u00e4tze, Fitness- und Entspannungsbereich, Spielplatz sowie Miniclub und Animation. Wenn Sie einen Tag der besonderen Art verbringen m\u00f6chten, nutzen Sie den <b>unbegrenzten Eintritt zum Riccione Beach Village<\/b>!<\/p>\n\n\n\n<!--more-->\n\n\n\n<p>Das Hotel verf\u00fcgt \u00fcber<b> alles, was Sie f\u00fcr einen Urlaub mit Kindern brauchen<\/b>: Serviceleistungen im Zimmer und im Speisesaal, Familienzimmer mit Verbindungst\u00fcr, eine immer ge\u00f6ffnete K\u00fcche, wo man Babynahrung zubereiten kann, Animation w\u00e4hrend der Mahlzeiten sowie Spielbereich.<\/p>\n\n\n\n<p>Dank der Lage des Hotels kann man die ber\u00fchmtesten Vergn\u00fcgungsparks der Riviera der Romagna besuchen, so z.B. <b>zu Fu\u00df zu Fiabilandia gehen<\/b>, zwischen Gesch\u00e4ften und Clubs an der Strandpromenade bummeln oder die <b>kostenlos zur Verf\u00fcgung stehenden Fahrr\u00e4der<\/b> benutzen.<\/p>\n","protected":false},"excerpt":{"rendered":"<p>Das Hotel Esplanade in Rimini liegt 150 m vom Strand entfernt, den man bequem zu &hellip;<\/p>\n","protected":false},"author":1,"featured_media":0,"parent":16476,"menu_order":0,"comment_status":"closed","ping_status":"closed","template":"page-templates\/scheda_hotel.php","meta":{"_acf_changed":false,"footnotes":""},"class_list":["post-26881","page","type-page","status-publish","hentry"],"acf":[],"yoast_head":"<!-- This site is optimized with the Yoast SEO plugin v27.0 - https:\/\/yoast.com\/product\/yoast-seo-wordpress\/ -->\n<title>All-Inclusive-Angebote Hotel Esplanade in Rimini<\/title>\n<meta name=\"description\" content=\"Lust auf Urlaub? Mehr \u00fcber die All-Inclusive-Angebote und -Arrangements des Hotels Esplanade in Rimini!\" \/>\n<meta name=\"robots\" content=\"index, follow, max-snippet:-1, max-image-preview:large, max-video-preview:-1\" \/>\n<link rel=\"canonical\" href=\"https:\/\/www.allinclusivehotels.it\/de\/hotels\/hotel-esplanade-rimini\" \/>\n<meta property=\"og:locale\" content=\"de_DE\" \/>\n<meta property=\"og:type\" content=\"article\" \/>\n<meta property=\"og:title\" content=\"All-Inclusive-Angebote Hotel Esplanade in Rimini\" \/>\n<meta property=\"og:description\" content=\"Lust auf Urlaub? Mehr \u00fcber die All-Inclusive-Angebote und -Arrangements des Hotels Esplanade in Rimini!\" \/>\n<meta property=\"og:url\" content=\"https:\/\/www.allinclusivehotels.it\/de\/hotels\/hotel-esplanade-rimini\" \/>\n<meta property=\"og:site_name\" content=\"All Inclusive Hotels\" \/>\n<meta property=\"article:modified_time\" content=\"2023-10-02T10:05:47+00:00\" \/>\n<meta name=\"twitter:card\" content=\"summary_large_image\" \/>\n<script type=\"application\/ld+json\" class=\"yoast-schema-graph\">{\"@context\":\"https:\/\/schema.org\",\"@graph\":[{\"@type\":\"WebPage\",\"@id\":\"https:\/\/www.allinclusivehotels.it\/de\/hotels\/hotel-esplanade-rimini\",\"url\":\"https:\/\/www.allinclusivehotels.it\/de\/hotels\/hotel-esplanade-rimini\",\"name\":\"All-Inclusive-Angebote Hotel Esplanade in Rimini\",\"isPartOf\":{\"@id\":\"https:\/\/www.allinclusivehotels.it\/de#website\"},\"datePublished\":\"2023-03-08T11:40:48+00:00\",\"dateModified\":\"2023-10-02T10:05:47+00:00\",\"description\":\"Lust auf Urlaub? Mehr \u00fcber die All-Inclusive-Angebote und -Arrangements des Hotels Esplanade in Rimini!\",\"breadcrumb\":{\"@id\":\"https:\/\/www.allinclusivehotels.it\/de\/hotels\/hotel-esplanade-rimini#breadcrumb\"},\"inLanguage\":\"de\",\"potentialAction\":[{\"@type\":\"ReadAction\",\"target\":[\"https:\/\/www.allinclusivehotels.it\/de\/hotels\/hotel-esplanade-rimini\"]}]},{\"@type\":\"BreadcrumbList\",\"@id\":\"https:\/\/www.allinclusivehotels.it\/de\/hotels\/hotel-esplanade-rimini#breadcrumb\",\"itemListElement\":[{\"@type\":\"ListItem\",\"position\":1,\"name\":\"Home\",\"item\":\"https:\/\/www.allinclusivehotels.it\/de\"},{\"@type\":\"ListItem\",\"position\":2,\"name\":\"Hotels\",\"item\":\"https:\/\/www.allinclusivehotels.it\/de\/hotels\"},{\"@type\":\"ListItem\",\"position\":3,\"name\":\"Hotel Esplanade\"}]},{\"@type\":\"WebSite\",\"@id\":\"https:\/\/www.allinclusivehotels.it\/de#website\",\"url\":\"https:\/\/www.allinclusivehotels.it\/de\",\"name\":\"All Inclusive Hotels\",\"description\":\"\",\"publisher\":{\"@id\":\"https:\/\/www.allinclusivehotels.it\/de#organization\"},\"potentialAction\":[{\"@type\":\"SearchAction\",\"target\":{\"@type\":\"EntryPoint\",\"urlTemplate\":\"https:\/\/www.allinclusivehotels.it\/de?s={search_term_string}\"},\"query-input\":{\"@type\":\"PropertyValueSpecification\",\"valueRequired\":true,\"valueName\":\"search_term_string\"}}],\"inLanguage\":\"de\"},{\"@type\":\"Organization\",\"@id\":\"https:\/\/www.allinclusivehotels.it\/de#organization\",\"name\":\"All Inclusive Hotels\",\"url\":\"https:\/\/www.allinclusivehotels.it\/de\",\"logo\":{\"@type\":\"ImageObject\",\"inLanguage\":\"de\",\"@id\":\"https:\/\/www.allinclusivehotels.it\/de#\/schema\/logo\/image\/\",\"url\":\"\",\"contentUrl\":\"\",\"caption\":\"All Inclusive Hotels\"},\"image\":{\"@id\":\"https:\/\/www.allinclusivehotels.it\/de#\/schema\/logo\/image\/\"}}]}<\/script>\n<!-- \/ Yoast SEO plugin. -->","yoast_head_json":{"title":"All-Inclusive-Angebote Hotel Esplanade in Rimini","description":"Lust auf Urlaub? Mehr \u00fcber die All-Inclusive-Angebote und -Arrangements des Hotels Esplanade in Rimini!","robots":{"index":"index","follow":"follow","max-snippet":"max-snippet:-1","max-image-preview":"max-image-preview:large","max-video-preview":"max-video-preview:-1"},"canonical":"https:\/\/www.allinclusivehotels.it\/de\/hotels\/hotel-esplanade-rimini","og_locale":"de_DE","og_type":"article","og_title":"All-Inclusive-Angebote Hotel Esplanade in Rimini","og_description":"Lust auf Urlaub? Mehr \u00fcber die All-Inclusive-Angebote und -Arrangements des Hotels Esplanade in Rimini!","og_url":"https:\/\/www.allinclusivehotels.it\/de\/hotels\/hotel-esplanade-rimini","og_site_name":"All Inclusive Hotels","article_modified_time":"2023-10-02T10:05:47+00:00","twitter_card":"summary_large_image","schema":{"@context":"https:\/\/schema.org","@graph":[{"@type":"WebPage","@id":"https:\/\/www.allinclusivehotels.it\/de\/hotels\/hotel-esplanade-rimini","url":"https:\/\/www.allinclusivehotels.it\/de\/hotels\/hotel-esplanade-rimini","name":"All-Inclusive-Angebote Hotel Esplanade in Rimini","isPartOf":{"@id":"https:\/\/www.allinclusivehotels.it\/de#website"},"datePublished":"2023-03-08T11:40:48+00:00","dateModified":"2023-10-02T10:05:47+00:00","description":"Lust auf Urlaub? Mehr \u00fcber die All-Inclusive-Angebote und -Arrangements des Hotels Esplanade in Rimini!","breadcrumb":{"@id":"https:\/\/www.allinclusivehotels.it\/de\/hotels\/hotel-esplanade-rimini#breadcrumb"},"inLanguage":"de","potentialAction":[{"@type":"ReadAction","target":["https:\/\/www.allinclusivehotels.it\/de\/hotels\/hotel-esplanade-rimini"]}]},{"@type":"BreadcrumbList","@id":"https:\/\/www.allinclusivehotels.it\/de\/hotels\/hotel-esplanade-rimini#breadcrumb","itemListElement":[{"@type":"ListItem","position":1,"name":"Home","item":"https:\/\/www.allinclusivehotels.it\/de"},{"@type":"ListItem","position":2,"name":"Hotels","item":"https:\/\/www.allinclusivehotels.it\/de\/hotels"},{"@type":"ListItem","position":3,"name":"Hotel Esplanade"}]},{"@type":"WebSite","@id":"https:\/\/www.allinclusivehotels.it\/de#website","url":"https:\/\/www.allinclusivehotels.it\/de","name":"All Inclusive Hotels","description":"","publisher":{"@id":"https:\/\/www.allinclusivehotels.it\/de#organization"},"potentialAction":[{"@type":"SearchAction","target":{"@type":"EntryPoint","urlTemplate":"https:\/\/www.allinclusivehotels.it\/de?s={search_term_string}"},"query-input":{"@type":"PropertyValueSpecification","valueRequired":true,"valueName":"search_term_string"}}],"inLanguage":"de"},{"@type":"Organization","@id":"https:\/\/www.allinclusivehotels.it\/de#organization","name":"All Inclusive Hotels","url":"https:\/\/www.allinclusivehotels.it\/de","logo":{"@type":"ImageObject","inLanguage":"de","@id":"https:\/\/www.allinclusivehotels.it\/de#\/schema\/logo\/image\/","url":"","contentUrl":"","caption":"All Inclusive Hotels"},"image":{"@id":"https:\/\/www.allinclusivehotels.it\/de#\/schema\/logo\/image\/"}}]}},"_links":{"self":[{"href":"https:\/\/www.allinclusivehotels.it\/de\/wp-json\/wp\/v2\/pages\/26881","targetHints":{"allow":["GET"]}}],"collection":[{"href":"https:\/\/www.allinclusivehotels.it\/de\/wp-json\/wp\/v2\/pages"}],"about":[{"href":"https:\/\/www.allinclusivehotels.it\/de\/wp-json\/wp\/v2\/types\/page"}],"author":[{"embeddable":true,"href":"https:\/\/www.allinclusivehotels.it\/de\/wp-json\/wp\/v2\/users\/1"}],"replies":[{"embeddable":true,"href":"https:\/\/www.allinclusivehotels.it\/de\/wp-json\/wp\/v2\/comments?post=26881"}],"version-history":[{"count":3,"href":"https:\/\/www.allinclusivehotels.it\/de\/wp-json\/wp\/v2\/pages\/26881\/revisions"}],"predecessor-version":[{"id":32955,"href":"https:\/\/www.allinclusivehotels.it\/de\/wp-json\/wp\/v2\/pages\/26881\/revisions\/32955"}],"up":[{"embeddable":true,"href":"https:\/\/www.allinclusivehotels.it\/de\/wp-json\/wp\/v2\/pages\/16476"}],"wp:attachment":[{"href":"https:\/\/www.allinclusivehotels.it\/de\/wp-json\/wp\/v2\/media?parent=26881"}],"curies":[{"name":"wp","href":"https:\/\/api.w.org\/{rel}","templated":true}]}}