{"id":26808,"date":"2023-03-07T13:19:52","date_gmt":"2023-03-07T12:19:52","guid":{"rendered":"https:\/\/www.allinclusivehotels.it\/hotels\/hotel-poseidon-nettuno"},"modified":"2023-10-02T12:05:46","modified_gmt":"2023-10-02T10:05:46","slug":"hotel-poseidon-nettuno","status":"publish","type":"page","link":"https:\/\/www.allinclusivehotels.it\/de\/hotels\/hotel-poseidon-nettuno","title":{"rendered":"Hotel Poseidon &#038; Nettuno"},"content":{"rendered":"\n<p>Das <b>Hotel Poseidon &amp; Nettuno<\/b> ist sch\u00f6n <b>direkt am Strand<\/b> von San Benedetto del Tronto, gegen\u00fcber der, G\u00e4sten vorbehaltenen <b>Strandanlage<\/b>, dem Chalet Nettuno, gelegen. Hier stehen Ihnen immer<b> 1 Sonnenschirm, 1 Sonnenliege und 1 Liegestuhl<\/b>, ein Beachvolleyballfeld, ein Spielplatz und Animation f\u00fcr Kinder sowie eine Bar zur Verf\u00fcgung, wo man einen k\u00fchlen Cocktail mit Blick auf das Meer genie\u00dfen kann.<\/p>\n\n\n\n<!--more-->\n\n\n\n<p>Sollten Sie einen ungebundenen Urlaub vorziehen, aber nicht auf die Annehmlichkeiten eines Hotels verzichten wollen, k\u00f6nnen Sie eines der <b>sechs Apartments im Nebengeb\u00e4ude Sole<\/b> nur 5 m vom Hauptgeb\u00e4ude entfernt, ausw\u00e4hlen.<\/p>\n\n\n\n<p>Die entspannende, famili\u00e4re Atmosph\u00e4re bildet den Rahmen f\u00fcr Serviceleistungen, wie <b>ausgezeichnete K\u00fcche und Blick auf das Meer<\/b>, <b>kostenlosen, umz\u00e4unten Gratisparkplatz<\/b>, die Nutzung von <b>Fahrr\u00e4dern<\/b> sowie <b>Animation<\/b> f\u00fcr Erwachsene und Kinder. Zudem sind auch <b>Haustiere immer willkommen<\/b>.<\/p>\n","protected":false},"excerpt":{"rendered":"<p>Das Hotel Poseidon &amp; Nettuno ist sch\u00f6n direkt am Strand von San Benedetto del Tronto, &hellip;<\/p>\n","protected":false},"author":1,"featured_media":0,"parent":16476,"menu_order":0,"comment_status":"closed","ping_status":"closed","template":"page-templates\/scheda_hotel.php","meta":{"_acf_changed":false,"footnotes":""},"class_list":["post-26808","page","type-page","status-publish","hentry"],"acf":[],"yoast_head":"<!-- This site is optimized with the Yoast SEO plugin v27.0 - https:\/\/yoast.com\/product\/yoast-seo-wordpress\/ -->\n<title>All-Inclusive-Angebote Hotel Poseidon &amp; Nettuno in San Benedetto del Tronto<\/title>\n<meta name=\"description\" content=\"Lust auf Urlaub? Mehr \u00fcber die All-Inclusive-Angebote und -Arrangements des Hotels Poseidon &amp; Nettuno in San Benedetto del Tronto\" \/>\n<meta name=\"robots\" content=\"index, follow, max-snippet:-1, max-image-preview:large, max-video-preview:-1\" \/>\n<link rel=\"canonical\" href=\"https:\/\/www.allinclusivehotels.it\/de\/hotels\/hotel-poseidon-nettuno\" \/>\n<meta property=\"og:locale\" content=\"de_DE\" \/>\n<meta property=\"og:type\" content=\"article\" \/>\n<meta property=\"og:title\" content=\"All-Inclusive-Angebote Hotel Poseidon &amp; Nettuno in San Benedetto del Tronto\" \/>\n<meta property=\"og:description\" content=\"Lust auf Urlaub? Mehr \u00fcber die All-Inclusive-Angebote und -Arrangements des Hotels Poseidon &amp; Nettuno in San Benedetto del Tronto\" \/>\n<meta property=\"og:url\" content=\"https:\/\/www.allinclusivehotels.it\/de\/hotels\/hotel-poseidon-nettuno\" \/>\n<meta property=\"og:site_name\" content=\"All Inclusive Hotels\" \/>\n<meta property=\"article:modified_time\" content=\"2023-10-02T10:05:46+00:00\" \/>\n<meta name=\"twitter:card\" content=\"summary_large_image\" \/>\n<meta name=\"twitter:label1\" content=\"Gesch\u00e4tzte Lesezeit\" \/>\n\t<meta name=\"twitter:data1\" content=\"1\u00a0Minute\" \/>\n<script type=\"application\/ld+json\" class=\"yoast-schema-graph\">{\"@context\":\"https:\/\/schema.org\",\"@graph\":[{\"@type\":\"WebPage\",\"@id\":\"https:\/\/www.allinclusivehotels.it\/de\/hotels\/hotel-poseidon-nettuno\",\"url\":\"https:\/\/www.allinclusivehotels.it\/de\/hotels\/hotel-poseidon-nettuno\",\"name\":\"All-Inclusive-Angebote Hotel Poseidon & Nettuno in San Benedetto del Tronto\",\"isPartOf\":{\"@id\":\"https:\/\/www.allinclusivehotels.it\/de#website\"},\"datePublished\":\"2023-03-07T12:19:52+00:00\",\"dateModified\":\"2023-10-02T10:05:46+00:00\",\"description\":\"Lust auf Urlaub? Mehr \u00fcber die All-Inclusive-Angebote und -Arrangements des Hotels Poseidon & Nettuno in San Benedetto del Tronto\",\"breadcrumb\":{\"@id\":\"https:\/\/www.allinclusivehotels.it\/de\/hotels\/hotel-poseidon-nettuno#breadcrumb\"},\"inLanguage\":\"de\",\"potentialAction\":[{\"@type\":\"ReadAction\",\"target\":[\"https:\/\/www.allinclusivehotels.it\/de\/hotels\/hotel-poseidon-nettuno\"]}]},{\"@type\":\"BreadcrumbList\",\"@id\":\"https:\/\/www.allinclusivehotels.it\/de\/hotels\/hotel-poseidon-nettuno#breadcrumb\",\"itemListElement\":[{\"@type\":\"ListItem\",\"position\":1,\"name\":\"Home\",\"item\":\"https:\/\/www.allinclusivehotels.it\/de\"},{\"@type\":\"ListItem\",\"position\":2,\"name\":\"Hotels\",\"item\":\"https:\/\/www.allinclusivehotels.it\/de\/hotels\"},{\"@type\":\"ListItem\",\"position\":3,\"name\":\"Hotel Poseidon &#038; Nettuno\"}]},{\"@type\":\"WebSite\",\"@id\":\"https:\/\/www.allinclusivehotels.it\/de#website\",\"url\":\"https:\/\/www.allinclusivehotels.it\/de\",\"name\":\"All Inclusive Hotels\",\"description\":\"\",\"publisher\":{\"@id\":\"https:\/\/www.allinclusivehotels.it\/de#organization\"},\"potentialAction\":[{\"@type\":\"SearchAction\",\"target\":{\"@type\":\"EntryPoint\",\"urlTemplate\":\"https:\/\/www.allinclusivehotels.it\/de?s={search_term_string}\"},\"query-input\":{\"@type\":\"PropertyValueSpecification\",\"valueRequired\":true,\"valueName\":\"search_term_string\"}}],\"inLanguage\":\"de\"},{\"@type\":\"Organization\",\"@id\":\"https:\/\/www.allinclusivehotels.it\/de#organization\",\"name\":\"All Inclusive Hotels\",\"url\":\"https:\/\/www.allinclusivehotels.it\/de\",\"logo\":{\"@type\":\"ImageObject\",\"inLanguage\":\"de\",\"@id\":\"https:\/\/www.allinclusivehotels.it\/de#\/schema\/logo\/image\/\",\"url\":\"\",\"contentUrl\":\"\",\"caption\":\"All Inclusive Hotels\"},\"image\":{\"@id\":\"https:\/\/www.allinclusivehotels.it\/de#\/schema\/logo\/image\/\"}}]}<\/script>\n<!-- \/ Yoast SEO plugin. -->","yoast_head_json":{"title":"All-Inclusive-Angebote Hotel Poseidon & Nettuno in San Benedetto del Tronto","description":"Lust auf Urlaub? Mehr \u00fcber die All-Inclusive-Angebote und -Arrangements des Hotels Poseidon & Nettuno in San Benedetto del Tronto","robots":{"index":"index","follow":"follow","max-snippet":"max-snippet:-1","max-image-preview":"max-image-preview:large","max-video-preview":"max-video-preview:-1"},"canonical":"https:\/\/www.allinclusivehotels.it\/de\/hotels\/hotel-poseidon-nettuno","og_locale":"de_DE","og_type":"article","og_title":"All-Inclusive-Angebote Hotel Poseidon & Nettuno in San Benedetto del Tronto","og_description":"Lust auf Urlaub? Mehr \u00fcber die All-Inclusive-Angebote und -Arrangements des Hotels Poseidon & Nettuno in San Benedetto del Tronto","og_url":"https:\/\/www.allinclusivehotels.it\/de\/hotels\/hotel-poseidon-nettuno","og_site_name":"All Inclusive Hotels","article_modified_time":"2023-10-02T10:05:46+00:00","twitter_card":"summary_large_image","twitter_misc":{"Gesch\u00e4tzte Lesezeit":"1\u00a0Minute"},"schema":{"@context":"https:\/\/schema.org","@graph":[{"@type":"WebPage","@id":"https:\/\/www.allinclusivehotels.it\/de\/hotels\/hotel-poseidon-nettuno","url":"https:\/\/www.allinclusivehotels.it\/de\/hotels\/hotel-poseidon-nettuno","name":"All-Inclusive-Angebote Hotel Poseidon & Nettuno in San Benedetto del Tronto","isPartOf":{"@id":"https:\/\/www.allinclusivehotels.it\/de#website"},"datePublished":"2023-03-07T12:19:52+00:00","dateModified":"2023-10-02T10:05:46+00:00","description":"Lust auf Urlaub? Mehr \u00fcber die All-Inclusive-Angebote und -Arrangements des Hotels Poseidon & Nettuno in San Benedetto del Tronto","breadcrumb":{"@id":"https:\/\/www.allinclusivehotels.it\/de\/hotels\/hotel-poseidon-nettuno#breadcrumb"},"inLanguage":"de","potentialAction":[{"@type":"ReadAction","target":["https:\/\/www.allinclusivehotels.it\/de\/hotels\/hotel-poseidon-nettuno"]}]},{"@type":"BreadcrumbList","@id":"https:\/\/www.allinclusivehotels.it\/de\/hotels\/hotel-poseidon-nettuno#breadcrumb","itemListElement":[{"@type":"ListItem","position":1,"name":"Home","item":"https:\/\/www.allinclusivehotels.it\/de"},{"@type":"ListItem","position":2,"name":"Hotels","item":"https:\/\/www.allinclusivehotels.it\/de\/hotels"},{"@type":"ListItem","position":3,"name":"Hotel Poseidon &#038; Nettuno"}]},{"@type":"WebSite","@id":"https:\/\/www.allinclusivehotels.it\/de#website","url":"https:\/\/www.allinclusivehotels.it\/de","name":"All Inclusive Hotels","description":"","publisher":{"@id":"https:\/\/www.allinclusivehotels.it\/de#organization"},"potentialAction":[{"@type":"SearchAction","target":{"@type":"EntryPoint","urlTemplate":"https:\/\/www.allinclusivehotels.it\/de?s={search_term_string}"},"query-input":{"@type":"PropertyValueSpecification","valueRequired":true,"valueName":"search_term_string"}}],"inLanguage":"de"},{"@type":"Organization","@id":"https:\/\/www.allinclusivehotels.it\/de#organization","name":"All Inclusive Hotels","url":"https:\/\/www.allinclusivehotels.it\/de","logo":{"@type":"ImageObject","inLanguage":"de","@id":"https:\/\/www.allinclusivehotels.it\/de#\/schema\/logo\/image\/","url":"","contentUrl":"","caption":"All Inclusive Hotels"},"image":{"@id":"https:\/\/www.allinclusivehotels.it\/de#\/schema\/logo\/image\/"}}]}},"_links":{"self":[{"href":"https:\/\/www.allinclusivehotels.it\/de\/wp-json\/wp\/v2\/pages\/26808","targetHints":{"allow":["GET"]}}],"collection":[{"href":"https:\/\/www.allinclusivehotels.it\/de\/wp-json\/wp\/v2\/pages"}],"about":[{"href":"https:\/\/www.allinclusivehotels.it\/de\/wp-json\/wp\/v2\/types\/page"}],"author":[{"embeddable":true,"href":"https:\/\/www.allinclusivehotels.it\/de\/wp-json\/wp\/v2\/users\/1"}],"replies":[{"embeddable":true,"href":"https:\/\/www.allinclusivehotels.it\/de\/wp-json\/wp\/v2\/comments?post=26808"}],"version-history":[{"count":2,"href":"https:\/\/www.allinclusivehotels.it\/de\/wp-json\/wp\/v2\/pages\/26808\/revisions"}],"predecessor-version":[{"id":32954,"href":"https:\/\/www.allinclusivehotels.it\/de\/wp-json\/wp\/v2\/pages\/26808\/revisions\/32954"}],"up":[{"embeddable":true,"href":"https:\/\/www.allinclusivehotels.it\/de\/wp-json\/wp\/v2\/pages\/16476"}],"wp:attachment":[{"href":"https:\/\/www.allinclusivehotels.it\/de\/wp-json\/wp\/v2\/media?parent=26808"}],"curies":[{"name":"wp","href":"https:\/\/api.w.org\/{rel}","templated":true}]}}