{"id":26622,"date":"2023-03-06T13:21:46","date_gmt":"2023-03-06T12:21:46","guid":{"rendered":"https:\/\/www.allinclusivehotels.it\/hotels\/hotel-loris"},"modified":"2026-03-05T13:02:36","modified_gmt":"2026-03-05T12:02:36","slug":"hotel-loris","status":"publish","type":"page","link":"https:\/\/www.allinclusivehotels.it\/de\/hotels\/hotel-loris","title":{"rendered":"Hotel Loris &#8211; Valentini Family Village"},"content":{"rendered":"\n<p>Im <b>Hotel Loris in Bellaria Igea Marina<\/b> ist der Urlaub am Meer ein Familienurlaub! Jede Woche werden <b>30 Stunden tolle Aktivit\u00e4ten<\/b> f\u00fcr Kinder und Eltern angeboten, auch mit <b>Kinderkrippe f\u00fcr Kinder von 1 bis 3 Jahren, <\/b>die von erfahrenen Kinderm\u00e4dchen geleitet wird, und ein <b>Miniclub f\u00fcr Kinder von 4 bis 12 Jahren<\/b>. Au\u00dferdem stehen ein Wickelzimmer und ein Spielbereich, Buggies, Fahrr\u00e4der mit Kindersitzen und kinder\u00e4rztlicher Betreuungsdienst zur Verf\u00fcgung.<\/p>\n\n\n\n<!--more-->\n\n\n\n<p>Das Hotel Loris bietet eine au\u00dfergew\u00f6hnliche Lage <b>direkt am Strand<\/b> ohne Stra\u00dfen\u00fcberquerung, so dass man seinen zugewiesenen Platz <b>mit 1 Sonnenschirm und 2 Sonnenliegen<\/b> problemlos erreichen kann. Als Alternative dazu stehen ein sch\u00f6ner <b>Pool<\/b> mit Rutsche und <b>Flachwasserbereich<\/b> f\u00fcr Kinder, ein Whirlpool und eine elegante <b>Sonnenterrasse<\/b> zur Verf\u00fcgung, die alles zum Entspannen bietet.<\/p>\n","protected":false},"excerpt":{"rendered":"<p>Im Hotel Loris in Bellaria Igea Marina ist der Urlaub am Meer ein Familienurlaub! Jede &hellip;<\/p>\n","protected":false},"author":1,"featured_media":0,"parent":16476,"menu_order":0,"comment_status":"closed","ping_status":"closed","template":"page-templates\/scheda_hotel.php","meta":{"_acf_changed":false,"footnotes":""},"class_list":["post-26622","page","type-page","status-publish","hentry"],"acf":[],"yoast_head":"<!-- This site is optimized with the Yoast SEO plugin v27.0 - https:\/\/yoast.com\/product\/yoast-seo-wordpress\/ -->\n<title>All-Inclusive-Angebote Hotel Loris in Bellaria Igea Marina<\/title>\n<meta name=\"description\" content=\"Lust auf Urlaub? Mehr \u00fcber die All-Inclusive-Angebote und -Arrangements des Hotels Loris in Bellaria Igea Marina!\" \/>\n<meta name=\"robots\" content=\"index, follow, max-snippet:-1, max-image-preview:large, max-video-preview:-1\" \/>\n<link rel=\"canonical\" href=\"https:\/\/www.allinclusivehotels.it\/de\/hotels\/hotel-loris\" \/>\n<meta property=\"og:locale\" content=\"de_DE\" \/>\n<meta property=\"og:type\" content=\"article\" \/>\n<meta property=\"og:title\" content=\"All-Inclusive-Angebote Hotel Loris in Bellaria Igea Marina\" \/>\n<meta property=\"og:description\" content=\"Lust auf Urlaub? Mehr \u00fcber die All-Inclusive-Angebote und -Arrangements des Hotels Loris in Bellaria Igea Marina!\" \/>\n<meta property=\"og:url\" content=\"https:\/\/www.allinclusivehotels.it\/de\/hotels\/hotel-loris\" \/>\n<meta property=\"og:site_name\" content=\"All Inclusive Hotels\" \/>\n<meta property=\"article:modified_time\" content=\"2026-03-05T12:02:36+00:00\" \/>\n<meta name=\"twitter:card\" content=\"summary_large_image\" \/>\n<meta name=\"twitter:label1\" content=\"Gesch\u00e4tzte Lesezeit\" \/>\n\t<meta name=\"twitter:data1\" content=\"1\u00a0Minute\" \/>\n<script type=\"application\/ld+json\" class=\"yoast-schema-graph\">{\"@context\":\"https:\/\/schema.org\",\"@graph\":[{\"@type\":\"WebPage\",\"@id\":\"https:\/\/www.allinclusivehotels.it\/de\/hotels\/hotel-loris\",\"url\":\"https:\/\/www.allinclusivehotels.it\/de\/hotels\/hotel-loris\",\"name\":\"All-Inclusive-Angebote Hotel Loris in Bellaria Igea Marina\",\"isPartOf\":{\"@id\":\"https:\/\/www.allinclusivehotels.it\/de#website\"},\"datePublished\":\"2023-03-06T12:21:46+00:00\",\"dateModified\":\"2026-03-05T12:02:36+00:00\",\"description\":\"Lust auf Urlaub? Mehr \u00fcber die All-Inclusive-Angebote und -Arrangements des Hotels Loris in Bellaria Igea Marina!\",\"breadcrumb\":{\"@id\":\"https:\/\/www.allinclusivehotels.it\/de\/hotels\/hotel-loris#breadcrumb\"},\"inLanguage\":\"de\",\"potentialAction\":[{\"@type\":\"ReadAction\",\"target\":[\"https:\/\/www.allinclusivehotels.it\/de\/hotels\/hotel-loris\"]}]},{\"@type\":\"BreadcrumbList\",\"@id\":\"https:\/\/www.allinclusivehotels.it\/de\/hotels\/hotel-loris#breadcrumb\",\"itemListElement\":[{\"@type\":\"ListItem\",\"position\":1,\"name\":\"Home\",\"item\":\"https:\/\/www.allinclusivehotels.it\/de\"},{\"@type\":\"ListItem\",\"position\":2,\"name\":\"Hotels\",\"item\":\"https:\/\/www.allinclusivehotels.it\/de\/hotels\"},{\"@type\":\"ListItem\",\"position\":3,\"name\":\"Hotel Loris &#8211; Valentini Family Village\"}]},{\"@type\":\"WebSite\",\"@id\":\"https:\/\/www.allinclusivehotels.it\/de#website\",\"url\":\"https:\/\/www.allinclusivehotels.it\/de\",\"name\":\"All Inclusive Hotels\",\"description\":\"\",\"publisher\":{\"@id\":\"https:\/\/www.allinclusivehotels.it\/de#organization\"},\"potentialAction\":[{\"@type\":\"SearchAction\",\"target\":{\"@type\":\"EntryPoint\",\"urlTemplate\":\"https:\/\/www.allinclusivehotels.it\/de?s={search_term_string}\"},\"query-input\":{\"@type\":\"PropertyValueSpecification\",\"valueRequired\":true,\"valueName\":\"search_term_string\"}}],\"inLanguage\":\"de\"},{\"@type\":\"Organization\",\"@id\":\"https:\/\/www.allinclusivehotels.it\/de#organization\",\"name\":\"All Inclusive Hotels\",\"url\":\"https:\/\/www.allinclusivehotels.it\/de\",\"logo\":{\"@type\":\"ImageObject\",\"inLanguage\":\"de\",\"@id\":\"https:\/\/www.allinclusivehotels.it\/de#\/schema\/logo\/image\/\",\"url\":\"\",\"contentUrl\":\"\",\"caption\":\"All Inclusive Hotels\"},\"image\":{\"@id\":\"https:\/\/www.allinclusivehotels.it\/de#\/schema\/logo\/image\/\"}}]}<\/script>\n<!-- \/ Yoast SEO plugin. -->","yoast_head_json":{"title":"All-Inclusive-Angebote Hotel Loris in Bellaria Igea Marina","description":"Lust auf Urlaub? Mehr \u00fcber die All-Inclusive-Angebote und -Arrangements des Hotels Loris in Bellaria Igea Marina!","robots":{"index":"index","follow":"follow","max-snippet":"max-snippet:-1","max-image-preview":"max-image-preview:large","max-video-preview":"max-video-preview:-1"},"canonical":"https:\/\/www.allinclusivehotels.it\/de\/hotels\/hotel-loris","og_locale":"de_DE","og_type":"article","og_title":"All-Inclusive-Angebote Hotel Loris in Bellaria Igea Marina","og_description":"Lust auf Urlaub? Mehr \u00fcber die All-Inclusive-Angebote und -Arrangements des Hotels Loris in Bellaria Igea Marina!","og_url":"https:\/\/www.allinclusivehotels.it\/de\/hotels\/hotel-loris","og_site_name":"All Inclusive Hotels","article_modified_time":"2026-03-05T12:02:36+00:00","twitter_card":"summary_large_image","twitter_misc":{"Gesch\u00e4tzte Lesezeit":"1\u00a0Minute"},"schema":{"@context":"https:\/\/schema.org","@graph":[{"@type":"WebPage","@id":"https:\/\/www.allinclusivehotels.it\/de\/hotels\/hotel-loris","url":"https:\/\/www.allinclusivehotels.it\/de\/hotels\/hotel-loris","name":"All-Inclusive-Angebote Hotel Loris in Bellaria Igea Marina","isPartOf":{"@id":"https:\/\/www.allinclusivehotels.it\/de#website"},"datePublished":"2023-03-06T12:21:46+00:00","dateModified":"2026-03-05T12:02:36+00:00","description":"Lust auf Urlaub? Mehr \u00fcber die All-Inclusive-Angebote und -Arrangements des Hotels Loris in Bellaria Igea Marina!","breadcrumb":{"@id":"https:\/\/www.allinclusivehotels.it\/de\/hotels\/hotel-loris#breadcrumb"},"inLanguage":"de","potentialAction":[{"@type":"ReadAction","target":["https:\/\/www.allinclusivehotels.it\/de\/hotels\/hotel-loris"]}]},{"@type":"BreadcrumbList","@id":"https:\/\/www.allinclusivehotels.it\/de\/hotels\/hotel-loris#breadcrumb","itemListElement":[{"@type":"ListItem","position":1,"name":"Home","item":"https:\/\/www.allinclusivehotels.it\/de"},{"@type":"ListItem","position":2,"name":"Hotels","item":"https:\/\/www.allinclusivehotels.it\/de\/hotels"},{"@type":"ListItem","position":3,"name":"Hotel Loris &#8211; Valentini Family Village"}]},{"@type":"WebSite","@id":"https:\/\/www.allinclusivehotels.it\/de#website","url":"https:\/\/www.allinclusivehotels.it\/de","name":"All Inclusive Hotels","description":"","publisher":{"@id":"https:\/\/www.allinclusivehotels.it\/de#organization"},"potentialAction":[{"@type":"SearchAction","target":{"@type":"EntryPoint","urlTemplate":"https:\/\/www.allinclusivehotels.it\/de?s={search_term_string}"},"query-input":{"@type":"PropertyValueSpecification","valueRequired":true,"valueName":"search_term_string"}}],"inLanguage":"de"},{"@type":"Organization","@id":"https:\/\/www.allinclusivehotels.it\/de#organization","name":"All Inclusive Hotels","url":"https:\/\/www.allinclusivehotels.it\/de","logo":{"@type":"ImageObject","inLanguage":"de","@id":"https:\/\/www.allinclusivehotels.it\/de#\/schema\/logo\/image\/","url":"","contentUrl":"","caption":"All Inclusive Hotels"},"image":{"@id":"https:\/\/www.allinclusivehotels.it\/de#\/schema\/logo\/image\/"}}]}},"_links":{"self":[{"href":"https:\/\/www.allinclusivehotels.it\/de\/wp-json\/wp\/v2\/pages\/26622","targetHints":{"allow":["GET"]}}],"collection":[{"href":"https:\/\/www.allinclusivehotels.it\/de\/wp-json\/wp\/v2\/pages"}],"about":[{"href":"https:\/\/www.allinclusivehotels.it\/de\/wp-json\/wp\/v2\/types\/page"}],"author":[{"embeddable":true,"href":"https:\/\/www.allinclusivehotels.it\/de\/wp-json\/wp\/v2\/users\/1"}],"replies":[{"embeddable":true,"href":"https:\/\/www.allinclusivehotels.it\/de\/wp-json\/wp\/v2\/comments?post=26622"}],"version-history":[{"count":4,"href":"https:\/\/www.allinclusivehotels.it\/de\/wp-json\/wp\/v2\/pages\/26622\/revisions"}],"predecessor-version":[{"id":51451,"href":"https:\/\/www.allinclusivehotels.it\/de\/wp-json\/wp\/v2\/pages\/26622\/revisions\/51451"}],"up":[{"embeddable":true,"href":"https:\/\/www.allinclusivehotels.it\/de\/wp-json\/wp\/v2\/pages\/16476"}],"wp:attachment":[{"href":"https:\/\/www.allinclusivehotels.it\/de\/wp-json\/wp\/v2\/media?parent=26622"}],"curies":[{"name":"wp","href":"https:\/\/api.w.org\/{rel}","templated":true}]}}