{"id":25909,"date":"2023-02-28T11:12:06","date_gmt":"2023-02-28T10:12:06","guid":{"rendered":"https:\/\/www.allinclusivehotels.it\/hotels\/hotel-caesar"},"modified":"2023-03-30T09:48:39","modified_gmt":"2023-03-30T07:48:39","slug":"hotel-caesar","status":"publish","type":"page","link":"https:\/\/www.allinclusivehotels.it\/de\/hotels\/hotel-caesar","title":{"rendered":"Hotel Caesar"},"content":{"rendered":"\n<p>Ein Aufenthalt im <b>Hotel Caesar<\/b> bedeutet Entspannung und das Gef\u00fchl, jeden Tag mit allen m\u00f6glichen Dienstleistungen und Annehmlichkeiten verw\u00f6hnt zu werden. Das Hotel liegt direkt <b>am Meer von Pesaro<\/b> und <b>nur wenige Schritte vom Stadtzentrum entfernt<\/b> und in der N\u00e4he der wichtigsten Dienstleistungen.<\/p>\n\n\n\n<p>Auf der dritten Etage des Hotels befindet sich ein <b>Swimmingpool mit Panoramablick<\/b>, umgeben von Liegest\u00fchlen, ideal zum Entspannen. Die Zimmer sind mit allem ausgestattet, was Sie f\u00fcr einen <b>komfortablen Urlaub<\/b> ben\u00f6tigen, und alle verf\u00fcgen \u00fcber einen <b>Balkon<\/b>, von dem aus Sie in aller Ruhe das Rauschen der Meereswellen genie\u00dfen k\u00f6nnen.<\/p>\n\n\n\n<p>Die Mahlzeiten sind eine kulinarische Reise in die <b>traditionelle Welt von Pesaro<\/b> mit ersten und zweiten G\u00e4ngen aus <b>lokalen Produkten<\/b>.<\/p>\n","protected":false},"excerpt":{"rendered":"<p>Ein Aufenthalt im Hotel Caesar bedeutet Entspannung und das Gef\u00fchl, jeden Tag mit allen m\u00f6glichen &hellip;<\/p>\n","protected":false},"author":1,"featured_media":0,"parent":16476,"menu_order":0,"comment_status":"closed","ping_status":"closed","template":"page-templates\/scheda_hotel.php","meta":{"_acf_changed":false,"footnotes":""},"class_list":["post-25909","page","type-page","status-publish","hentry"],"acf":[],"yoast_head":"<!-- This site is optimized with the Yoast SEO plugin v27.0 - https:\/\/yoast.com\/product\/yoast-seo-wordpress\/ -->\n<title>All Inclusive-Angebote im Hotel Caesar in Pesaro, Marken<\/title>\n<meta name=\"description\" content=\"Sie haben Lust auf Urlaub? Entdecken Sie die Pauschal-Angebote und Pauschalarrangements des Hotel Caesar in Pesaro!\" \/>\n<meta name=\"robots\" content=\"index, follow, max-snippet:-1, max-image-preview:large, max-video-preview:-1\" \/>\n<link rel=\"canonical\" href=\"https:\/\/www.allinclusivehotels.it\/de\/hotels\/hotel-caesar\" \/>\n<meta property=\"og:locale\" content=\"de_DE\" \/>\n<meta property=\"og:type\" content=\"article\" \/>\n<meta property=\"og:title\" content=\"All Inclusive-Angebote im Hotel Caesar in Pesaro, Marken\" \/>\n<meta property=\"og:description\" content=\"Sie haben Lust auf Urlaub? Entdecken Sie die Pauschal-Angebote und Pauschalarrangements des Hotel Caesar in Pesaro!\" \/>\n<meta property=\"og:url\" content=\"https:\/\/www.allinclusivehotels.it\/de\/hotels\/hotel-caesar\" \/>\n<meta property=\"og:site_name\" content=\"All Inclusive Hotels\" \/>\n<meta property=\"article:modified_time\" content=\"2023-03-30T07:48:39+00:00\" \/>\n<meta name=\"twitter:card\" content=\"summary_large_image\" \/>\n<meta name=\"twitter:label1\" content=\"Gesch\u00e4tzte Lesezeit\" \/>\n\t<meta name=\"twitter:data1\" content=\"1\u00a0Minute\" \/>\n<script type=\"application\/ld+json\" class=\"yoast-schema-graph\">{\"@context\":\"https:\/\/schema.org\",\"@graph\":[{\"@type\":\"WebPage\",\"@id\":\"https:\/\/www.allinclusivehotels.it\/de\/hotels\/hotel-caesar\",\"url\":\"https:\/\/www.allinclusivehotels.it\/de\/hotels\/hotel-caesar\",\"name\":\"All Inclusive-Angebote im Hotel Caesar in Pesaro, Marken\",\"isPartOf\":{\"@id\":\"https:\/\/www.allinclusivehotels.it\/de#website\"},\"datePublished\":\"2023-02-28T10:12:06+00:00\",\"dateModified\":\"2023-03-30T07:48:39+00:00\",\"description\":\"Sie haben Lust auf Urlaub? Entdecken Sie die Pauschal-Angebote und Pauschalarrangements des Hotel Caesar in Pesaro!\",\"breadcrumb\":{\"@id\":\"https:\/\/www.allinclusivehotels.it\/de\/hotels\/hotel-caesar#breadcrumb\"},\"inLanguage\":\"de\",\"potentialAction\":[{\"@type\":\"ReadAction\",\"target\":[\"https:\/\/www.allinclusivehotels.it\/de\/hotels\/hotel-caesar\"]}]},{\"@type\":\"BreadcrumbList\",\"@id\":\"https:\/\/www.allinclusivehotels.it\/de\/hotels\/hotel-caesar#breadcrumb\",\"itemListElement\":[{\"@type\":\"ListItem\",\"position\":1,\"name\":\"Home\",\"item\":\"https:\/\/www.allinclusivehotels.it\/de\"},{\"@type\":\"ListItem\",\"position\":2,\"name\":\"Hotels\",\"item\":\"https:\/\/www.allinclusivehotels.it\/de\/hotels\"},{\"@type\":\"ListItem\",\"position\":3,\"name\":\"Hotel Caesar\"}]},{\"@type\":\"WebSite\",\"@id\":\"https:\/\/www.allinclusivehotels.it\/de#website\",\"url\":\"https:\/\/www.allinclusivehotels.it\/de\",\"name\":\"All Inclusive Hotels\",\"description\":\"\",\"publisher\":{\"@id\":\"https:\/\/www.allinclusivehotels.it\/de#organization\"},\"potentialAction\":[{\"@type\":\"SearchAction\",\"target\":{\"@type\":\"EntryPoint\",\"urlTemplate\":\"https:\/\/www.allinclusivehotels.it\/de?s={search_term_string}\"},\"query-input\":{\"@type\":\"PropertyValueSpecification\",\"valueRequired\":true,\"valueName\":\"search_term_string\"}}],\"inLanguage\":\"de\"},{\"@type\":\"Organization\",\"@id\":\"https:\/\/www.allinclusivehotels.it\/de#organization\",\"name\":\"All Inclusive Hotels\",\"url\":\"https:\/\/www.allinclusivehotels.it\/de\",\"logo\":{\"@type\":\"ImageObject\",\"inLanguage\":\"de\",\"@id\":\"https:\/\/www.allinclusivehotels.it\/de#\/schema\/logo\/image\/\",\"url\":\"\",\"contentUrl\":\"\",\"caption\":\"All Inclusive Hotels\"},\"image\":{\"@id\":\"https:\/\/www.allinclusivehotels.it\/de#\/schema\/logo\/image\/\"}}]}<\/script>\n<!-- \/ Yoast SEO plugin. -->","yoast_head_json":{"title":"All Inclusive-Angebote im Hotel Caesar in Pesaro, Marken","description":"Sie haben Lust auf Urlaub? Entdecken Sie die Pauschal-Angebote und Pauschalarrangements des Hotel Caesar in Pesaro!","robots":{"index":"index","follow":"follow","max-snippet":"max-snippet:-1","max-image-preview":"max-image-preview:large","max-video-preview":"max-video-preview:-1"},"canonical":"https:\/\/www.allinclusivehotels.it\/de\/hotels\/hotel-caesar","og_locale":"de_DE","og_type":"article","og_title":"All Inclusive-Angebote im Hotel Caesar in Pesaro, Marken","og_description":"Sie haben Lust auf Urlaub? Entdecken Sie die Pauschal-Angebote und Pauschalarrangements des Hotel Caesar in Pesaro!","og_url":"https:\/\/www.allinclusivehotels.it\/de\/hotels\/hotel-caesar","og_site_name":"All Inclusive Hotels","article_modified_time":"2023-03-30T07:48:39+00:00","twitter_card":"summary_large_image","twitter_misc":{"Gesch\u00e4tzte Lesezeit":"1\u00a0Minute"},"schema":{"@context":"https:\/\/schema.org","@graph":[{"@type":"WebPage","@id":"https:\/\/www.allinclusivehotels.it\/de\/hotels\/hotel-caesar","url":"https:\/\/www.allinclusivehotels.it\/de\/hotels\/hotel-caesar","name":"All Inclusive-Angebote im Hotel Caesar in Pesaro, Marken","isPartOf":{"@id":"https:\/\/www.allinclusivehotels.it\/de#website"},"datePublished":"2023-02-28T10:12:06+00:00","dateModified":"2023-03-30T07:48:39+00:00","description":"Sie haben Lust auf Urlaub? Entdecken Sie die Pauschal-Angebote und Pauschalarrangements des Hotel Caesar in Pesaro!","breadcrumb":{"@id":"https:\/\/www.allinclusivehotels.it\/de\/hotels\/hotel-caesar#breadcrumb"},"inLanguage":"de","potentialAction":[{"@type":"ReadAction","target":["https:\/\/www.allinclusivehotels.it\/de\/hotels\/hotel-caesar"]}]},{"@type":"BreadcrumbList","@id":"https:\/\/www.allinclusivehotels.it\/de\/hotels\/hotel-caesar#breadcrumb","itemListElement":[{"@type":"ListItem","position":1,"name":"Home","item":"https:\/\/www.allinclusivehotels.it\/de"},{"@type":"ListItem","position":2,"name":"Hotels","item":"https:\/\/www.allinclusivehotels.it\/de\/hotels"},{"@type":"ListItem","position":3,"name":"Hotel Caesar"}]},{"@type":"WebSite","@id":"https:\/\/www.allinclusivehotels.it\/de#website","url":"https:\/\/www.allinclusivehotels.it\/de","name":"All Inclusive Hotels","description":"","publisher":{"@id":"https:\/\/www.allinclusivehotels.it\/de#organization"},"potentialAction":[{"@type":"SearchAction","target":{"@type":"EntryPoint","urlTemplate":"https:\/\/www.allinclusivehotels.it\/de?s={search_term_string}"},"query-input":{"@type":"PropertyValueSpecification","valueRequired":true,"valueName":"search_term_string"}}],"inLanguage":"de"},{"@type":"Organization","@id":"https:\/\/www.allinclusivehotels.it\/de#organization","name":"All Inclusive Hotels","url":"https:\/\/www.allinclusivehotels.it\/de","logo":{"@type":"ImageObject","inLanguage":"de","@id":"https:\/\/www.allinclusivehotels.it\/de#\/schema\/logo\/image\/","url":"","contentUrl":"","caption":"All Inclusive Hotels"},"image":{"@id":"https:\/\/www.allinclusivehotels.it\/de#\/schema\/logo\/image\/"}}]}},"_links":{"self":[{"href":"https:\/\/www.allinclusivehotels.it\/de\/wp-json\/wp\/v2\/pages\/25909","targetHints":{"allow":["GET"]}}],"collection":[{"href":"https:\/\/www.allinclusivehotels.it\/de\/wp-json\/wp\/v2\/pages"}],"about":[{"href":"https:\/\/www.allinclusivehotels.it\/de\/wp-json\/wp\/v2\/types\/page"}],"author":[{"embeddable":true,"href":"https:\/\/www.allinclusivehotels.it\/de\/wp-json\/wp\/v2\/users\/1"}],"replies":[{"embeddable":true,"href":"https:\/\/www.allinclusivehotels.it\/de\/wp-json\/wp\/v2\/comments?post=25909"}],"version-history":[{"count":2,"href":"https:\/\/www.allinclusivehotels.it\/de\/wp-json\/wp\/v2\/pages\/25909\/revisions"}],"predecessor-version":[{"id":28330,"href":"https:\/\/www.allinclusivehotels.it\/de\/wp-json\/wp\/v2\/pages\/25909\/revisions\/28330"}],"up":[{"embeddable":true,"href":"https:\/\/www.allinclusivehotels.it\/de\/wp-json\/wp\/v2\/pages\/16476"}],"wp:attachment":[{"href":"https:\/\/www.allinclusivehotels.it\/de\/wp-json\/wp\/v2\/media?parent=25909"}],"curies":[{"name":"wp","href":"https:\/\/api.w.org\/{rel}","templated":true}]}}