{"id":25088,"date":"2023-02-06T10:47:36","date_gmt":"2023-02-06T09:47:36","guid":{"rendered":"https:\/\/www.allinclusivehotels.it\/urlaubsziele\/palinuro"},"modified":"2023-03-30T16:58:45","modified_gmt":"2023-03-30T14:58:45","slug":"palinuro","status":"publish","type":"page","link":"https:\/\/www.allinclusivehotels.it\/de\/urlaubsziele\/palinuro","title":{"rendered":"Palinuro"},"content":{"rendered":"\n<p><b>Palinuro<\/b>, einer der bekanntesten Badeorte des <b>Cilento<\/b>, ist nach dem von Vergil besungenen mythischen Steuermann des Aeneas benannt. Der Ort besticht durch ein Meer von legend\u00e4rer Sch\u00f6nheit, eine K\u00fcste mit eindrucksvollen nat\u00fcrlichen H\u00f6hlen und Meeresb\u00f6den, die bei Tauchern beliebt sind, <b>ausgestattete Str\u00e4nde und versteckte Buchten<\/b>.<\/p>\n\n\n\n<p><b>Die All-Inclusive-Ferienanlagen und -Hotels von Palinuro<\/b> garantieren einen unbeschwerten Urlaub nur wenige Schritte vom Meer entfernt, so dass die G\u00e4ste die Entspannung an den mit der <b>Blauen<\/b> und<b> Gr\u00fcnen<\/b> Flagge ausgezeichneten Str\u00e4nden in vollen Z\u00fcgen genie\u00dfen k\u00f6nnen.<\/p>\n\n\n\n<!--more-->\n\n\n\n<p>Zu den bekanntesten <b>Str\u00e4nden Palinuros<\/b> geh\u00f6ren der Arco Naturale (mit seinem ber\u00fchmten Bogensymbol), Marinella, Dune, Buon Dormire und Mingardo, der Schauplatz zahlreicher Filme. Lassen Sie sich die Bootstouren zur <b>Grotta Azzurra<\/b>, zur <b>Grotta del Sangue<\/b> und zur <b>Grotta dei Monaci<\/b> oder zur <b>Isola del Coniglio<\/b> nicht entgehen.<\/p>\n\n\n\n<p>Palinuro hat der Altstadt voller <b>Clubs<\/b>, <b>Restaurants<\/b> und <b>Diskotheken<\/b>, in denen Liebhaber des Nachtlebens und der Unterhaltung willkommen sind.<\/p>\n","protected":false},"excerpt":{"rendered":"<p>Palinuro, einer der bekanntesten Badeorte des Cilento, ist nach dem von Vergil besungenen mythischen Steuermann &hellip;<\/p>\n","protected":false},"author":1,"featured_media":0,"parent":16402,"menu_order":0,"comment_status":"closed","ping_status":"closed","template":"page-templates\/destinazione.php","meta":{"_acf_changed":false,"footnotes":""},"class_list":["post-25088","page","type-page","status-publish","hentry"],"acf":[],"yoast_head":"<!-- This site is optimized with the Yoast SEO plugin v27.0 - https:\/\/yoast.com\/product\/yoast-seo-wordpress\/ -->\n<title>All-Inclusive-Ferienanlagen und -Hotels in Palinuro: Angebote f\u00fcr Familien<\/title>\n<meta name=\"description\" content=\"Auf der Suche nach All-Inclusive-Ferienanlagen und -Hotels in Palinuro? Entdecken Sie die Angebote der gr\u00f6\u00dften Auswahl an All-Inclusive-Hotels in Italien!\" \/>\n<meta name=\"robots\" content=\"index, follow, max-snippet:-1, max-image-preview:large, max-video-preview:-1\" \/>\n<link rel=\"canonical\" href=\"https:\/\/www.allinclusivehotels.it\/de\/urlaubsziele\/palinuro\" \/>\n<meta property=\"og:locale\" content=\"de_DE\" \/>\n<meta property=\"og:type\" content=\"article\" \/>\n<meta property=\"og:title\" content=\"All-Inclusive-Ferienanlagen und -Hotels in Palinuro: Angebote f\u00fcr Familien\" \/>\n<meta property=\"og:description\" content=\"Auf der Suche nach All-Inclusive-Ferienanlagen und -Hotels in Palinuro? Entdecken Sie die Angebote der gr\u00f6\u00dften Auswahl an All-Inclusive-Hotels in Italien!\" \/>\n<meta property=\"og:url\" content=\"https:\/\/www.allinclusivehotels.it\/de\/urlaubsziele\/palinuro\" \/>\n<meta property=\"og:site_name\" content=\"All Inclusive Hotels\" \/>\n<meta property=\"article:modified_time\" content=\"2023-03-30T14:58:45+00:00\" \/>\n<meta name=\"twitter:card\" content=\"summary_large_image\" \/>\n<meta name=\"twitter:label1\" content=\"Gesch\u00e4tzte Lesezeit\" \/>\n\t<meta name=\"twitter:data1\" content=\"1\u00a0Minute\" \/>\n<script type=\"application\/ld+json\" class=\"yoast-schema-graph\">{\"@context\":\"https:\/\/schema.org\",\"@graph\":[{\"@type\":\"WebPage\",\"@id\":\"https:\/\/www.allinclusivehotels.it\/de\/urlaubsziele\/palinuro\",\"url\":\"https:\/\/www.allinclusivehotels.it\/de\/urlaubsziele\/palinuro\",\"name\":\"All-Inclusive-Ferienanlagen und -Hotels in Palinuro: Angebote f\u00fcr Familien\",\"isPartOf\":{\"@id\":\"https:\/\/www.allinclusivehotels.it\/de#website\"},\"datePublished\":\"2023-02-06T09:47:36+00:00\",\"dateModified\":\"2023-03-30T14:58:45+00:00\",\"description\":\"Auf der Suche nach All-Inclusive-Ferienanlagen und -Hotels in Palinuro? Entdecken Sie die Angebote der gr\u00f6\u00dften Auswahl an All-Inclusive-Hotels in Italien!\",\"breadcrumb\":{\"@id\":\"https:\/\/www.allinclusivehotels.it\/de\/urlaubsziele\/palinuro#breadcrumb\"},\"inLanguage\":\"de\",\"potentialAction\":[{\"@type\":\"ReadAction\",\"target\":[\"https:\/\/www.allinclusivehotels.it\/de\/urlaubsziele\/palinuro\"]}]},{\"@type\":\"BreadcrumbList\",\"@id\":\"https:\/\/www.allinclusivehotels.it\/de\/urlaubsziele\/palinuro#breadcrumb\",\"itemListElement\":[{\"@type\":\"ListItem\",\"position\":1,\"name\":\"Home\",\"item\":\"https:\/\/www.allinclusivehotels.it\/de\"},{\"@type\":\"ListItem\",\"position\":2,\"name\":\"Urlaubsziele\",\"item\":\"https:\/\/www.allinclusivehotels.it\/de\/urlaubsziele\"},{\"@type\":\"ListItem\",\"position\":3,\"name\":\"Palinuro\"}]},{\"@type\":\"WebSite\",\"@id\":\"https:\/\/www.allinclusivehotels.it\/de#website\",\"url\":\"https:\/\/www.allinclusivehotels.it\/de\",\"name\":\"All Inclusive Hotels\",\"description\":\"\",\"publisher\":{\"@id\":\"https:\/\/www.allinclusivehotels.it\/de#organization\"},\"potentialAction\":[{\"@type\":\"SearchAction\",\"target\":{\"@type\":\"EntryPoint\",\"urlTemplate\":\"https:\/\/www.allinclusivehotels.it\/de?s={search_term_string}\"},\"query-input\":{\"@type\":\"PropertyValueSpecification\",\"valueRequired\":true,\"valueName\":\"search_term_string\"}}],\"inLanguage\":\"de\"},{\"@type\":\"Organization\",\"@id\":\"https:\/\/www.allinclusivehotels.it\/de#organization\",\"name\":\"All Inclusive Hotels\",\"url\":\"https:\/\/www.allinclusivehotels.it\/de\",\"logo\":{\"@type\":\"ImageObject\",\"inLanguage\":\"de\",\"@id\":\"https:\/\/www.allinclusivehotels.it\/de#\/schema\/logo\/image\/\",\"url\":\"\",\"contentUrl\":\"\",\"caption\":\"All Inclusive Hotels\"},\"image\":{\"@id\":\"https:\/\/www.allinclusivehotels.it\/de#\/schema\/logo\/image\/\"}}]}<\/script>\n<!-- \/ Yoast SEO plugin. -->","yoast_head_json":{"title":"All-Inclusive-Ferienanlagen und -Hotels in Palinuro: Angebote f\u00fcr Familien","description":"Auf der Suche nach All-Inclusive-Ferienanlagen und -Hotels in Palinuro? Entdecken Sie die Angebote der gr\u00f6\u00dften Auswahl an All-Inclusive-Hotels in Italien!","robots":{"index":"index","follow":"follow","max-snippet":"max-snippet:-1","max-image-preview":"max-image-preview:large","max-video-preview":"max-video-preview:-1"},"canonical":"https:\/\/www.allinclusivehotels.it\/de\/urlaubsziele\/palinuro","og_locale":"de_DE","og_type":"article","og_title":"All-Inclusive-Ferienanlagen und -Hotels in Palinuro: Angebote f\u00fcr Familien","og_description":"Auf der Suche nach All-Inclusive-Ferienanlagen und -Hotels in Palinuro? Entdecken Sie die Angebote der gr\u00f6\u00dften Auswahl an All-Inclusive-Hotels in Italien!","og_url":"https:\/\/www.allinclusivehotels.it\/de\/urlaubsziele\/palinuro","og_site_name":"All Inclusive Hotels","article_modified_time":"2023-03-30T14:58:45+00:00","twitter_card":"summary_large_image","twitter_misc":{"Gesch\u00e4tzte Lesezeit":"1\u00a0Minute"},"schema":{"@context":"https:\/\/schema.org","@graph":[{"@type":"WebPage","@id":"https:\/\/www.allinclusivehotels.it\/de\/urlaubsziele\/palinuro","url":"https:\/\/www.allinclusivehotels.it\/de\/urlaubsziele\/palinuro","name":"All-Inclusive-Ferienanlagen und -Hotels in Palinuro: Angebote f\u00fcr Familien","isPartOf":{"@id":"https:\/\/www.allinclusivehotels.it\/de#website"},"datePublished":"2023-02-06T09:47:36+00:00","dateModified":"2023-03-30T14:58:45+00:00","description":"Auf der Suche nach All-Inclusive-Ferienanlagen und -Hotels in Palinuro? Entdecken Sie die Angebote der gr\u00f6\u00dften Auswahl an All-Inclusive-Hotels in Italien!","breadcrumb":{"@id":"https:\/\/www.allinclusivehotels.it\/de\/urlaubsziele\/palinuro#breadcrumb"},"inLanguage":"de","potentialAction":[{"@type":"ReadAction","target":["https:\/\/www.allinclusivehotels.it\/de\/urlaubsziele\/palinuro"]}]},{"@type":"BreadcrumbList","@id":"https:\/\/www.allinclusivehotels.it\/de\/urlaubsziele\/palinuro#breadcrumb","itemListElement":[{"@type":"ListItem","position":1,"name":"Home","item":"https:\/\/www.allinclusivehotels.it\/de"},{"@type":"ListItem","position":2,"name":"Urlaubsziele","item":"https:\/\/www.allinclusivehotels.it\/de\/urlaubsziele"},{"@type":"ListItem","position":3,"name":"Palinuro"}]},{"@type":"WebSite","@id":"https:\/\/www.allinclusivehotels.it\/de#website","url":"https:\/\/www.allinclusivehotels.it\/de","name":"All Inclusive Hotels","description":"","publisher":{"@id":"https:\/\/www.allinclusivehotels.it\/de#organization"},"potentialAction":[{"@type":"SearchAction","target":{"@type":"EntryPoint","urlTemplate":"https:\/\/www.allinclusivehotels.it\/de?s={search_term_string}"},"query-input":{"@type":"PropertyValueSpecification","valueRequired":true,"valueName":"search_term_string"}}],"inLanguage":"de"},{"@type":"Organization","@id":"https:\/\/www.allinclusivehotels.it\/de#organization","name":"All Inclusive Hotels","url":"https:\/\/www.allinclusivehotels.it\/de","logo":{"@type":"ImageObject","inLanguage":"de","@id":"https:\/\/www.allinclusivehotels.it\/de#\/schema\/logo\/image\/","url":"","contentUrl":"","caption":"All Inclusive Hotels"},"image":{"@id":"https:\/\/www.allinclusivehotels.it\/de#\/schema\/logo\/image\/"}}]}},"_links":{"self":[{"href":"https:\/\/www.allinclusivehotels.it\/de\/wp-json\/wp\/v2\/pages\/25088","targetHints":{"allow":["GET"]}}],"collection":[{"href":"https:\/\/www.allinclusivehotels.it\/de\/wp-json\/wp\/v2\/pages"}],"about":[{"href":"https:\/\/www.allinclusivehotels.it\/de\/wp-json\/wp\/v2\/types\/page"}],"author":[{"embeddable":true,"href":"https:\/\/www.allinclusivehotels.it\/de\/wp-json\/wp\/v2\/users\/1"}],"replies":[{"embeddable":true,"href":"https:\/\/www.allinclusivehotels.it\/de\/wp-json\/wp\/v2\/comments?post=25088"}],"version-history":[{"count":3,"href":"https:\/\/www.allinclusivehotels.it\/de\/wp-json\/wp\/v2\/pages\/25088\/revisions"}],"predecessor-version":[{"id":28389,"href":"https:\/\/www.allinclusivehotels.it\/de\/wp-json\/wp\/v2\/pages\/25088\/revisions\/28389"}],"up":[{"embeddable":true,"href":"https:\/\/www.allinclusivehotels.it\/de\/wp-json\/wp\/v2\/pages\/16402"}],"wp:attachment":[{"href":"https:\/\/www.allinclusivehotels.it\/de\/wp-json\/wp\/v2\/media?parent=25088"}],"curies":[{"name":"wp","href":"https:\/\/api.w.org\/{rel}","templated":true}]}}