{"id":25086,"date":"2023-02-06T10:47:35","date_gmt":"2023-02-06T09:47:35","guid":{"rendered":"https:\/\/www.allinclusivehotels.it\/urlaubsziele\/kampanien"},"modified":"2023-03-30T16:55:36","modified_gmt":"2023-03-30T14:55:36","slug":"kampanien","status":"publish","type":"page","link":"https:\/\/www.allinclusivehotels.it\/de\/urlaubsziele\/kampanien","title":{"rendered":"Kampanien"},"content":{"rendered":"\n<p>Natur und Kultur, Gastronomie und Tradition, Entspannung am Strand und Outdoor-Aktivit\u00e4ten: Kampanien hat ein unsch\u00e4tzbares Erbe an Sehensw\u00fcrdigkeiten und thematischen Routen zu bieten. Wenn Sie sich f\u00fcr einen <b>All-Inclusive-Urlaub in Kampanien <\/b>entscheiden, haben Sie die M\u00f6glichkeit, das Vergn\u00fcgen der Entdeckung mit einer erholsamen und entspannenden Erfahrung abseits des Alltags zu verbinden und sich von den <b>besten Serviceleistungen, die immer inbegriffen sind<\/b>, und einem famili\u00e4ren Empfang verw\u00f6hnen zu lassen.<\/p>\n\n\n\n<!--more-->\n\n\n\n<p><b>Neapel<\/b>, <b>Salerno<\/b> und <b>Caserta<\/b> sind Synonyme f\u00fcr Kunst und Jahrtausende alte Geschichte; die <b>Amalfik\u00fcste<\/b> und die <b>K\u00fcste von Sorrent<\/b> vermitteln die Atmosph\u00e4re von Kinofilmen von unvergesslicher Eleganz; <b>Procida<\/b>, <b>Capri<\/b> und <b>Ischia<\/b> sind \u00fcppige G\u00e4rten, umgeben vom intensiven Blau des Meeres; <b>Herculaneum<\/b> und <b>Pompeji<\/b>, beherrscht von der imposanten Gestalt des <b>Vesuvs<\/b>, erz\u00e4hlen noch immer Jahrtausende alte Geschichten, die in Stein gemei\u00dfelt sind.<\/p>\n\n\n\n<p>Natur- und Geschichtsliebhaber finden im <b>Cilento-Nationalpark<\/b> einen Ort von unber\u00fchrter Sch\u00f6nheit, gepr\u00e4gt von Pfaden, antiken H\u00f6hlen wie <b>Castelcivita<\/b>, der arch\u00e4ologischen St\u00e4tte von <b>Paestum<\/b>, aber auch ber\u00fchmten D\u00f6rfern wie <b>Palinuro<\/b>, <b>Agropoli<\/b> oder <b>Castellabate<\/b>, das durch den Film &quot;Willkommen im S\u00fcden&quot; bekannt wurde.<\/p>\n\n\n\n<p><b>Kampanien <\/b>hat einige der<b> sch\u00f6nsten Str\u00e4nde Italiens<\/b> zu bieten, mit markanten Klippen, goldenem Sand und bunten D\u00f6rfern. Die gut ausgestatteten Badeanstalten sind ideal f\u00fcr Familien und diejenigen, die modernste Ausstattungen suchen, w\u00e4hrend die versteckten Buchten an kleine tropische Paradiese erinnern.<\/p>\n","protected":false},"excerpt":{"rendered":"<p>Natur und Kultur, Gastronomie und Tradition, Entspannung am Strand und Outdoor-Aktivit\u00e4ten: Kampanien hat ein unsch\u00e4tzbares &hellip;<\/p>\n","protected":false},"author":1,"featured_media":0,"parent":16402,"menu_order":0,"comment_status":"closed","ping_status":"closed","template":"page-templates\/destinazione.php","meta":{"_acf_changed":false,"footnotes":""},"class_list":["post-25086","page","type-page","status-publish","hentry"],"acf":[],"yoast_head":"<!-- This site is optimized with the Yoast SEO plugin v27.0 - https:\/\/yoast.com\/product\/yoast-seo-wordpress\/ -->\n<title>All-Inclusive-Urlaube in Kampanien<\/title>\n<meta name=\"description\" content=\"Auf der Suche nach All-Inclusive-Urlaub in Kampanien? Entdecken Sie die Angebote der gr\u00f6\u00dften Auswahl an All-Inclusive-Hotels in Italien\" \/>\n<meta name=\"robots\" content=\"index, follow, max-snippet:-1, max-image-preview:large, max-video-preview:-1\" \/>\n<link rel=\"canonical\" href=\"https:\/\/www.allinclusivehotels.it\/de\/urlaubsziele\/kampanien\" \/>\n<meta property=\"og:locale\" content=\"de_DE\" \/>\n<meta property=\"og:type\" content=\"article\" \/>\n<meta property=\"og:title\" content=\"All-Inclusive-Urlaube in Kampanien\" \/>\n<meta property=\"og:description\" content=\"Auf der Suche nach All-Inclusive-Urlaub in Kampanien? Entdecken Sie die Angebote der gr\u00f6\u00dften Auswahl an All-Inclusive-Hotels in Italien\" \/>\n<meta property=\"og:url\" content=\"https:\/\/www.allinclusivehotels.it\/de\/urlaubsziele\/kampanien\" \/>\n<meta property=\"og:site_name\" content=\"All Inclusive Hotels\" \/>\n<meta property=\"article:modified_time\" content=\"2023-03-30T14:55:36+00:00\" \/>\n<meta name=\"twitter:card\" content=\"summary_large_image\" \/>\n<meta name=\"twitter:label1\" content=\"Gesch\u00e4tzte Lesezeit\" \/>\n\t<meta name=\"twitter:data1\" content=\"1\u00a0Minute\" \/>\n<script type=\"application\/ld+json\" class=\"yoast-schema-graph\">{\"@context\":\"https:\/\/schema.org\",\"@graph\":[{\"@type\":\"WebPage\",\"@id\":\"https:\/\/www.allinclusivehotels.it\/de\/urlaubsziele\/kampanien\",\"url\":\"https:\/\/www.allinclusivehotels.it\/de\/urlaubsziele\/kampanien\",\"name\":\"All-Inclusive-Urlaube in Kampanien\",\"isPartOf\":{\"@id\":\"https:\/\/www.allinclusivehotels.it\/de#website\"},\"datePublished\":\"2023-02-06T09:47:35+00:00\",\"dateModified\":\"2023-03-30T14:55:36+00:00\",\"description\":\"Auf der Suche nach All-Inclusive-Urlaub in Kampanien? Entdecken Sie die Angebote der gr\u00f6\u00dften Auswahl an All-Inclusive-Hotels in Italien\",\"breadcrumb\":{\"@id\":\"https:\/\/www.allinclusivehotels.it\/de\/urlaubsziele\/kampanien#breadcrumb\"},\"inLanguage\":\"de\",\"potentialAction\":[{\"@type\":\"ReadAction\",\"target\":[\"https:\/\/www.allinclusivehotels.it\/de\/urlaubsziele\/kampanien\"]}]},{\"@type\":\"BreadcrumbList\",\"@id\":\"https:\/\/www.allinclusivehotels.it\/de\/urlaubsziele\/kampanien#breadcrumb\",\"itemListElement\":[{\"@type\":\"ListItem\",\"position\":1,\"name\":\"Home\",\"item\":\"https:\/\/www.allinclusivehotels.it\/de\"},{\"@type\":\"ListItem\",\"position\":2,\"name\":\"Urlaubsziele\",\"item\":\"https:\/\/www.allinclusivehotels.it\/de\/urlaubsziele\"},{\"@type\":\"ListItem\",\"position\":3,\"name\":\"Kampanien\"}]},{\"@type\":\"WebSite\",\"@id\":\"https:\/\/www.allinclusivehotels.it\/de#website\",\"url\":\"https:\/\/www.allinclusivehotels.it\/de\",\"name\":\"All Inclusive Hotels\",\"description\":\"\",\"publisher\":{\"@id\":\"https:\/\/www.allinclusivehotels.it\/de#organization\"},\"potentialAction\":[{\"@type\":\"SearchAction\",\"target\":{\"@type\":\"EntryPoint\",\"urlTemplate\":\"https:\/\/www.allinclusivehotels.it\/de?s={search_term_string}\"},\"query-input\":{\"@type\":\"PropertyValueSpecification\",\"valueRequired\":true,\"valueName\":\"search_term_string\"}}],\"inLanguage\":\"de\"},{\"@type\":\"Organization\",\"@id\":\"https:\/\/www.allinclusivehotels.it\/de#organization\",\"name\":\"All Inclusive Hotels\",\"url\":\"https:\/\/www.allinclusivehotels.it\/de\",\"logo\":{\"@type\":\"ImageObject\",\"inLanguage\":\"de\",\"@id\":\"https:\/\/www.allinclusivehotels.it\/de#\/schema\/logo\/image\/\",\"url\":\"\",\"contentUrl\":\"\",\"caption\":\"All Inclusive Hotels\"},\"image\":{\"@id\":\"https:\/\/www.allinclusivehotels.it\/de#\/schema\/logo\/image\/\"}}]}<\/script>\n<!-- \/ Yoast SEO plugin. -->","yoast_head_json":{"title":"All-Inclusive-Urlaube in Kampanien","description":"Auf der Suche nach All-Inclusive-Urlaub in Kampanien? Entdecken Sie die Angebote der gr\u00f6\u00dften Auswahl an All-Inclusive-Hotels in Italien","robots":{"index":"index","follow":"follow","max-snippet":"max-snippet:-1","max-image-preview":"max-image-preview:large","max-video-preview":"max-video-preview:-1"},"canonical":"https:\/\/www.allinclusivehotels.it\/de\/urlaubsziele\/kampanien","og_locale":"de_DE","og_type":"article","og_title":"All-Inclusive-Urlaube in Kampanien","og_description":"Auf der Suche nach All-Inclusive-Urlaub in Kampanien? Entdecken Sie die Angebote der gr\u00f6\u00dften Auswahl an All-Inclusive-Hotels in Italien","og_url":"https:\/\/www.allinclusivehotels.it\/de\/urlaubsziele\/kampanien","og_site_name":"All Inclusive Hotels","article_modified_time":"2023-03-30T14:55:36+00:00","twitter_card":"summary_large_image","twitter_misc":{"Gesch\u00e4tzte Lesezeit":"1\u00a0Minute"},"schema":{"@context":"https:\/\/schema.org","@graph":[{"@type":"WebPage","@id":"https:\/\/www.allinclusivehotels.it\/de\/urlaubsziele\/kampanien","url":"https:\/\/www.allinclusivehotels.it\/de\/urlaubsziele\/kampanien","name":"All-Inclusive-Urlaube in Kampanien","isPartOf":{"@id":"https:\/\/www.allinclusivehotels.it\/de#website"},"datePublished":"2023-02-06T09:47:35+00:00","dateModified":"2023-03-30T14:55:36+00:00","description":"Auf der Suche nach All-Inclusive-Urlaub in Kampanien? Entdecken Sie die Angebote der gr\u00f6\u00dften Auswahl an All-Inclusive-Hotels in Italien","breadcrumb":{"@id":"https:\/\/www.allinclusivehotels.it\/de\/urlaubsziele\/kampanien#breadcrumb"},"inLanguage":"de","potentialAction":[{"@type":"ReadAction","target":["https:\/\/www.allinclusivehotels.it\/de\/urlaubsziele\/kampanien"]}]},{"@type":"BreadcrumbList","@id":"https:\/\/www.allinclusivehotels.it\/de\/urlaubsziele\/kampanien#breadcrumb","itemListElement":[{"@type":"ListItem","position":1,"name":"Home","item":"https:\/\/www.allinclusivehotels.it\/de"},{"@type":"ListItem","position":2,"name":"Urlaubsziele","item":"https:\/\/www.allinclusivehotels.it\/de\/urlaubsziele"},{"@type":"ListItem","position":3,"name":"Kampanien"}]},{"@type":"WebSite","@id":"https:\/\/www.allinclusivehotels.it\/de#website","url":"https:\/\/www.allinclusivehotels.it\/de","name":"All Inclusive Hotels","description":"","publisher":{"@id":"https:\/\/www.allinclusivehotels.it\/de#organization"},"potentialAction":[{"@type":"SearchAction","target":{"@type":"EntryPoint","urlTemplate":"https:\/\/www.allinclusivehotels.it\/de?s={search_term_string}"},"query-input":{"@type":"PropertyValueSpecification","valueRequired":true,"valueName":"search_term_string"}}],"inLanguage":"de"},{"@type":"Organization","@id":"https:\/\/www.allinclusivehotels.it\/de#organization","name":"All Inclusive Hotels","url":"https:\/\/www.allinclusivehotels.it\/de","logo":{"@type":"ImageObject","inLanguage":"de","@id":"https:\/\/www.allinclusivehotels.it\/de#\/schema\/logo\/image\/","url":"","contentUrl":"","caption":"All Inclusive Hotels"},"image":{"@id":"https:\/\/www.allinclusivehotels.it\/de#\/schema\/logo\/image\/"}}]}},"_links":{"self":[{"href":"https:\/\/www.allinclusivehotels.it\/de\/wp-json\/wp\/v2\/pages\/25086","targetHints":{"allow":["GET"]}}],"collection":[{"href":"https:\/\/www.allinclusivehotels.it\/de\/wp-json\/wp\/v2\/pages"}],"about":[{"href":"https:\/\/www.allinclusivehotels.it\/de\/wp-json\/wp\/v2\/types\/page"}],"author":[{"embeddable":true,"href":"https:\/\/www.allinclusivehotels.it\/de\/wp-json\/wp\/v2\/users\/1"}],"replies":[{"embeddable":true,"href":"https:\/\/www.allinclusivehotels.it\/de\/wp-json\/wp\/v2\/comments?post=25086"}],"version-history":[{"count":3,"href":"https:\/\/www.allinclusivehotels.it\/de\/wp-json\/wp\/v2\/pages\/25086\/revisions"}],"predecessor-version":[{"id":28388,"href":"https:\/\/www.allinclusivehotels.it\/de\/wp-json\/wp\/v2\/pages\/25086\/revisions\/28388"}],"up":[{"embeddable":true,"href":"https:\/\/www.allinclusivehotels.it\/de\/wp-json\/wp\/v2\/pages\/16402"}],"wp:attachment":[{"href":"https:\/\/www.allinclusivehotels.it\/de\/wp-json\/wp\/v2\/media?parent=25086"}],"curies":[{"name":"wp","href":"https:\/\/api.w.org\/{rel}","templated":true}]}}