{"id":25084,"date":"2023-02-06T10:47:33","date_gmt":"2023-02-06T09:47:33","guid":{"rendered":"https:\/\/www.allinclusivehotels.it\/urlaubsziele\/zambrone"},"modified":"2023-03-30T17:02:56","modified_gmt":"2023-03-30T15:02:56","slug":"zambrone","status":"publish","type":"page","link":"https:\/\/www.allinclusivehotels.it\/de\/urlaubsziele\/zambrone","title":{"rendered":"Zambrone"},"content":{"rendered":"\n<p>Wenn Sie von einem Urlaub am Meer in Kalabrien tr\u00e4umen, hei\u00dfen Sie die <b>All-Inclusive-Hotels in Zambrone<\/b>, in unmittelbarer <b>N\u00e4he von Tropea<\/b> an der Costa degli Dei, f\u00fcr Tage der totalen Entspannung inmitten paradiesischer Str\u00e4nde, Natur, Kultur und Gastronomie willkommen.<\/p>\n\n\n\n<!--more-->\n\n\n\n<p>Durch das angenehme Klima von Anfang Mai bis Oktober k\u00f6nnen Touristen <b>mindestens sechs Monate im Jahr<\/b> die gut ausgestatteten Str\u00e4nde, die Bootsausfl\u00fcge zu den gegen\u00fcberliegenden <b>\u00c4olischen Inseln<\/b> und die eindrucksvolle Sch\u00f6nheit der <b>Granitklippen von Capo Cozzo<\/b> mit dem Scoglio del Leone (L\u00f6wenfelsen) genie\u00dfen.<\/p>\n\n\n\n<p>Zu den Sehensw\u00fcrdigkeiten <b>in der Umgebung von Zambrone <\/b>geh\u00f6ren das nur 13 km entfernte <b>Tropea &#8211; die <\/b>Perle des Tyrrhenischen Meeres -, das 11 km entfernte <b>Zungri <\/b>mit der Felsensiedlung Sbariati sowie die Str\u00e4nde und das nur 9 km entfernte Dorf <b>Parghelia<\/b>.<\/p>\n\n\n\n<p>Ein <b>Urlaub in den All-Inclusive-Hotels in Zambrone<\/b> ist die ideale Gelegenheit, dem Alltag zu entfliehen und sich erholsame und unbeschwerte Tage zu g\u00f6nnen, mit der Gewissheit, immer die besten Serviceleistungen, eine hochwertige Gastronomie und Unterhaltung f\u00fcr Erwachsene und Kinder zu finden.<\/p>\n","protected":false},"excerpt":{"rendered":"<p>Wenn Sie von einem Urlaub am Meer in Kalabrien tr\u00e4umen, hei\u00dfen Sie die All-Inclusive-Hotels in &hellip;<\/p>\n","protected":false},"author":1,"featured_media":0,"parent":16402,"menu_order":0,"comment_status":"closed","ping_status":"closed","template":"page-templates\/destinazione.php","meta":{"_acf_changed":false,"footnotes":""},"class_list":["post-25084","page","type-page","status-publish","hentry"],"acf":[],"yoast_head":"<!-- This site is optimized with the Yoast SEO plugin v27.0 - https:\/\/yoast.com\/product\/yoast-seo-wordpress\/ -->\n<title>All-Inclusive-Hotel in Zambrone: All-Inclusive-Hotelangebote<\/title>\n<meta name=\"description\" content=\"Auf der Suche nach All-Inclusive-Hotels in Zambrone? Entdecken Sie die Angebote der gr\u00f6\u00dften Auswahl an All-Inclusive-Hotels in Italien!\" \/>\n<meta name=\"robots\" content=\"index, follow, max-snippet:-1, max-image-preview:large, max-video-preview:-1\" \/>\n<link rel=\"canonical\" href=\"https:\/\/www.allinclusivehotels.it\/de\/urlaubsziele\/zambrone\" \/>\n<meta property=\"og:locale\" content=\"de_DE\" \/>\n<meta property=\"og:type\" content=\"article\" \/>\n<meta property=\"og:title\" content=\"All-Inclusive-Hotel in Zambrone: All-Inclusive-Hotelangebote\" \/>\n<meta property=\"og:description\" content=\"Auf der Suche nach All-Inclusive-Hotels in Zambrone? Entdecken Sie die Angebote der gr\u00f6\u00dften Auswahl an All-Inclusive-Hotels in Italien!\" \/>\n<meta property=\"og:url\" content=\"https:\/\/www.allinclusivehotels.it\/de\/urlaubsziele\/zambrone\" \/>\n<meta property=\"og:site_name\" content=\"All Inclusive Hotels\" \/>\n<meta property=\"article:modified_time\" content=\"2023-03-30T15:02:56+00:00\" \/>\n<meta name=\"twitter:card\" content=\"summary_large_image\" \/>\n<meta name=\"twitter:label1\" content=\"Gesch\u00e4tzte Lesezeit\" \/>\n\t<meta name=\"twitter:data1\" content=\"1\u00a0Minute\" \/>\n<script type=\"application\/ld+json\" class=\"yoast-schema-graph\">{\"@context\":\"https:\/\/schema.org\",\"@graph\":[{\"@type\":\"WebPage\",\"@id\":\"https:\/\/www.allinclusivehotels.it\/de\/urlaubsziele\/zambrone\",\"url\":\"https:\/\/www.allinclusivehotels.it\/de\/urlaubsziele\/zambrone\",\"name\":\"All-Inclusive-Hotel in Zambrone: All-Inclusive-Hotelangebote\",\"isPartOf\":{\"@id\":\"https:\/\/www.allinclusivehotels.it\/de#website\"},\"datePublished\":\"2023-02-06T09:47:33+00:00\",\"dateModified\":\"2023-03-30T15:02:56+00:00\",\"description\":\"Auf der Suche nach All-Inclusive-Hotels in Zambrone? Entdecken Sie die Angebote der gr\u00f6\u00dften Auswahl an All-Inclusive-Hotels in Italien!\",\"breadcrumb\":{\"@id\":\"https:\/\/www.allinclusivehotels.it\/de\/urlaubsziele\/zambrone#breadcrumb\"},\"inLanguage\":\"de\",\"potentialAction\":[{\"@type\":\"ReadAction\",\"target\":[\"https:\/\/www.allinclusivehotels.it\/de\/urlaubsziele\/zambrone\"]}]},{\"@type\":\"BreadcrumbList\",\"@id\":\"https:\/\/www.allinclusivehotels.it\/de\/urlaubsziele\/zambrone#breadcrumb\",\"itemListElement\":[{\"@type\":\"ListItem\",\"position\":1,\"name\":\"Home\",\"item\":\"https:\/\/www.allinclusivehotels.it\/de\"},{\"@type\":\"ListItem\",\"position\":2,\"name\":\"Urlaubsziele\",\"item\":\"https:\/\/www.allinclusivehotels.it\/de\/urlaubsziele\"},{\"@type\":\"ListItem\",\"position\":3,\"name\":\"Zambrone\"}]},{\"@type\":\"WebSite\",\"@id\":\"https:\/\/www.allinclusivehotels.it\/de#website\",\"url\":\"https:\/\/www.allinclusivehotels.it\/de\",\"name\":\"All Inclusive Hotels\",\"description\":\"\",\"publisher\":{\"@id\":\"https:\/\/www.allinclusivehotels.it\/de#organization\"},\"potentialAction\":[{\"@type\":\"SearchAction\",\"target\":{\"@type\":\"EntryPoint\",\"urlTemplate\":\"https:\/\/www.allinclusivehotels.it\/de?s={search_term_string}\"},\"query-input\":{\"@type\":\"PropertyValueSpecification\",\"valueRequired\":true,\"valueName\":\"search_term_string\"}}],\"inLanguage\":\"de\"},{\"@type\":\"Organization\",\"@id\":\"https:\/\/www.allinclusivehotels.it\/de#organization\",\"name\":\"All Inclusive Hotels\",\"url\":\"https:\/\/www.allinclusivehotels.it\/de\",\"logo\":{\"@type\":\"ImageObject\",\"inLanguage\":\"de\",\"@id\":\"https:\/\/www.allinclusivehotels.it\/de#\/schema\/logo\/image\/\",\"url\":\"\",\"contentUrl\":\"\",\"caption\":\"All Inclusive Hotels\"},\"image\":{\"@id\":\"https:\/\/www.allinclusivehotels.it\/de#\/schema\/logo\/image\/\"}}]}<\/script>\n<!-- \/ Yoast SEO plugin. -->","yoast_head_json":{"title":"All-Inclusive-Hotel in Zambrone: All-Inclusive-Hotelangebote","description":"Auf der Suche nach All-Inclusive-Hotels in Zambrone? Entdecken Sie die Angebote der gr\u00f6\u00dften Auswahl an All-Inclusive-Hotels in Italien!","robots":{"index":"index","follow":"follow","max-snippet":"max-snippet:-1","max-image-preview":"max-image-preview:large","max-video-preview":"max-video-preview:-1"},"canonical":"https:\/\/www.allinclusivehotels.it\/de\/urlaubsziele\/zambrone","og_locale":"de_DE","og_type":"article","og_title":"All-Inclusive-Hotel in Zambrone: All-Inclusive-Hotelangebote","og_description":"Auf der Suche nach All-Inclusive-Hotels in Zambrone? Entdecken Sie die Angebote der gr\u00f6\u00dften Auswahl an All-Inclusive-Hotels in Italien!","og_url":"https:\/\/www.allinclusivehotels.it\/de\/urlaubsziele\/zambrone","og_site_name":"All Inclusive Hotels","article_modified_time":"2023-03-30T15:02:56+00:00","twitter_card":"summary_large_image","twitter_misc":{"Gesch\u00e4tzte Lesezeit":"1\u00a0Minute"},"schema":{"@context":"https:\/\/schema.org","@graph":[{"@type":"WebPage","@id":"https:\/\/www.allinclusivehotels.it\/de\/urlaubsziele\/zambrone","url":"https:\/\/www.allinclusivehotels.it\/de\/urlaubsziele\/zambrone","name":"All-Inclusive-Hotel in Zambrone: All-Inclusive-Hotelangebote","isPartOf":{"@id":"https:\/\/www.allinclusivehotels.it\/de#website"},"datePublished":"2023-02-06T09:47:33+00:00","dateModified":"2023-03-30T15:02:56+00:00","description":"Auf der Suche nach All-Inclusive-Hotels in Zambrone? Entdecken Sie die Angebote der gr\u00f6\u00dften Auswahl an All-Inclusive-Hotels in Italien!","breadcrumb":{"@id":"https:\/\/www.allinclusivehotels.it\/de\/urlaubsziele\/zambrone#breadcrumb"},"inLanguage":"de","potentialAction":[{"@type":"ReadAction","target":["https:\/\/www.allinclusivehotels.it\/de\/urlaubsziele\/zambrone"]}]},{"@type":"BreadcrumbList","@id":"https:\/\/www.allinclusivehotels.it\/de\/urlaubsziele\/zambrone#breadcrumb","itemListElement":[{"@type":"ListItem","position":1,"name":"Home","item":"https:\/\/www.allinclusivehotels.it\/de"},{"@type":"ListItem","position":2,"name":"Urlaubsziele","item":"https:\/\/www.allinclusivehotels.it\/de\/urlaubsziele"},{"@type":"ListItem","position":3,"name":"Zambrone"}]},{"@type":"WebSite","@id":"https:\/\/www.allinclusivehotels.it\/de#website","url":"https:\/\/www.allinclusivehotels.it\/de","name":"All Inclusive Hotels","description":"","publisher":{"@id":"https:\/\/www.allinclusivehotels.it\/de#organization"},"potentialAction":[{"@type":"SearchAction","target":{"@type":"EntryPoint","urlTemplate":"https:\/\/www.allinclusivehotels.it\/de?s={search_term_string}"},"query-input":{"@type":"PropertyValueSpecification","valueRequired":true,"valueName":"search_term_string"}}],"inLanguage":"de"},{"@type":"Organization","@id":"https:\/\/www.allinclusivehotels.it\/de#organization","name":"All Inclusive Hotels","url":"https:\/\/www.allinclusivehotels.it\/de","logo":{"@type":"ImageObject","inLanguage":"de","@id":"https:\/\/www.allinclusivehotels.it\/de#\/schema\/logo\/image\/","url":"","contentUrl":"","caption":"All Inclusive Hotels"},"image":{"@id":"https:\/\/www.allinclusivehotels.it\/de#\/schema\/logo\/image\/"}}]}},"_links":{"self":[{"href":"https:\/\/www.allinclusivehotels.it\/de\/wp-json\/wp\/v2\/pages\/25084","targetHints":{"allow":["GET"]}}],"collection":[{"href":"https:\/\/www.allinclusivehotels.it\/de\/wp-json\/wp\/v2\/pages"}],"about":[{"href":"https:\/\/www.allinclusivehotels.it\/de\/wp-json\/wp\/v2\/types\/page"}],"author":[{"embeddable":true,"href":"https:\/\/www.allinclusivehotels.it\/de\/wp-json\/wp\/v2\/users\/1"}],"replies":[{"embeddable":true,"href":"https:\/\/www.allinclusivehotels.it\/de\/wp-json\/wp\/v2\/comments?post=25084"}],"version-history":[{"count":3,"href":"https:\/\/www.allinclusivehotels.it\/de\/wp-json\/wp\/v2\/pages\/25084\/revisions"}],"predecessor-version":[{"id":28391,"href":"https:\/\/www.allinclusivehotels.it\/de\/wp-json\/wp\/v2\/pages\/25084\/revisions\/28391"}],"up":[{"embeddable":true,"href":"https:\/\/www.allinclusivehotels.it\/de\/wp-json\/wp\/v2\/pages\/16402"}],"wp:attachment":[{"href":"https:\/\/www.allinclusivehotels.it\/de\/wp-json\/wp\/v2\/media?parent=25084"}],"curies":[{"name":"wp","href":"https:\/\/api.w.org\/{rel}","templated":true}]}}