{"id":25071,"date":"2023-02-06T10:40:10","date_gmt":"2023-02-06T09:40:10","guid":{"rendered":"https:\/\/www.allinclusivehotels.it\/hotels\/hotel-lido"},"modified":"2023-02-06T10:40:38","modified_gmt":"2023-02-06T09:40:38","slug":"hotel-lido","status":"publish","type":"page","link":"https:\/\/www.allinclusivehotels.it\/de\/hotels\/hotel-lido","title":{"rendered":"Hotel Lido"},"content":{"rendered":"\n<p>Willkommen im <b>Hotel Lido <\/b>in <b>Gabicce Mare<\/b>! Durch seine <b>direkt am Meer <\/b>in einer <b>Fu\u00dfg\u00e4ngerzone<\/b> k\u00f6nnen Sie einen entspannten und ruhigen Urlaub verbringen, unter einem Sonnenschirm am Strand f\u00fcr Hotelg\u00e4ste liegen, das Hinterland erkunden oder in den Stra\u00dfen des Zentrums einkaufen.<\/p>\n\n\n\n<!--more-->\n\n\n\n<p>F\u00fcr Kinder gibt es den <b>Nemo-Raum<\/b>, die dort in v\u00f6lliger Sicherheit spielen und zeichnen k\u00f6nnen. <b>Frischgebackenen Eltern<\/b> steht eine <b>kleine K\u00fcche <\/b>zur Verf\u00fcgung, in der sie jederzeit in aller Ruhe Babynahrung und spezielle Mittagsmen\u00fcs zubereiten k\u00f6nnen.<\/p>\n\n\n\n<p>Reisen Sie mit Ihrem <b>vierbeinigen Freund<\/b>? Keine Sorge, im Hotel Lido sind kleine und mittelgro\u00dfe Haustiere erlaubt, und es gibt einen haustierfreundlichen Strand mit allen notwendigen Einrichtungen.<\/p>\n\n\n\n<p>Zur v\u00f6lligen Entspannung bietet das Hotel einen <b>Massageservice <\/b>an: straffend, entspannend, sportlich, lymphdrainierend, w\u00e4hlen Sie aus der Liste die von Ihnen bevorzugte Massage und kommen Sie wieder in Einklang mit Ihrem K\u00f6rper.<\/p>\n\n\n\n<p>Wenn Sie auf der Suche nach einem Aktivurlaub sind, k\u00f6nnen Sie im nahe gelegenen Naturpark Monte San Bartolo Wanderungen oder Radtouren inmitten der Natur unternehmen und atemberaubende Landschaften mit Blick aufs Meer entdecken. Das Hotel bietet einen <b>kostenlosen Fahrradservice<\/b> an, mit dem man die nahe gelegenen St\u00e4dte leicht erreichen oder am Meer entlang radeln kann.<\/p>\n","protected":false},"excerpt":{"rendered":"<p>Willkommen im Hotel Lido in Gabicce Mare! Durch seine direkt am Meer in einer Fu\u00dfg\u00e4ngerzone &hellip;<\/p>\n","protected":false},"author":1,"featured_media":0,"parent":16476,"menu_order":0,"comment_status":"closed","ping_status":"closed","template":"page-templates\/scheda_hotel.php","meta":{"_acf_changed":false,"footnotes":""},"class_list":["post-25071","page","type-page","status-publish","hentry"],"acf":[],"yoast_head":"<!-- This site is optimized with the Yoast SEO plugin v27.0 - https:\/\/yoast.com\/product\/yoast-seo-wordpress\/ -->\n<title>All-Inclusive-Angebote Hotel Lido in Gabicce Mare<\/title>\n<meta name=\"description\" content=\"Lust auf Urlaub? Entdecken Sie die All-inclusive-Angebote und All-inclusive-Pakete des Hotels Lido in Gabicce Mare!\" \/>\n<meta name=\"robots\" content=\"index, follow, max-snippet:-1, max-image-preview:large, max-video-preview:-1\" \/>\n<link rel=\"canonical\" href=\"https:\/\/www.allinclusivehotels.it\/de\/hotels\/hotel-lido\" \/>\n<meta property=\"og:locale\" content=\"de_DE\" \/>\n<meta property=\"og:type\" content=\"article\" \/>\n<meta property=\"og:title\" content=\"All-Inclusive-Angebote Hotel Lido in Gabicce Mare\" \/>\n<meta property=\"og:description\" content=\"Lust auf Urlaub? Entdecken Sie die All-inclusive-Angebote und All-inclusive-Pakete des Hotels Lido in Gabicce Mare!\" \/>\n<meta property=\"og:url\" content=\"https:\/\/www.allinclusivehotels.it\/de\/hotels\/hotel-lido\" \/>\n<meta property=\"og:site_name\" content=\"All Inclusive Hotels\" \/>\n<meta property=\"article:modified_time\" content=\"2023-02-06T09:40:38+00:00\" \/>\n<meta name=\"twitter:card\" content=\"summary_large_image\" \/>\n<meta name=\"twitter:label1\" content=\"Gesch\u00e4tzte Lesezeit\" \/>\n\t<meta name=\"twitter:data1\" content=\"1\u00a0Minute\" \/>\n<script type=\"application\/ld+json\" class=\"yoast-schema-graph\">{\"@context\":\"https:\/\/schema.org\",\"@graph\":[{\"@type\":\"WebPage\",\"@id\":\"https:\/\/www.allinclusivehotels.it\/de\/hotels\/hotel-lido\",\"url\":\"https:\/\/www.allinclusivehotels.it\/de\/hotels\/hotel-lido\",\"name\":\"All-Inclusive-Angebote Hotel Lido in Gabicce Mare\",\"isPartOf\":{\"@id\":\"https:\/\/www.allinclusivehotels.it\/de#website\"},\"datePublished\":\"2023-02-06T09:40:10+00:00\",\"dateModified\":\"2023-02-06T09:40:38+00:00\",\"description\":\"Lust auf Urlaub? Entdecken Sie die All-inclusive-Angebote und All-inclusive-Pakete des Hotels Lido in Gabicce Mare!\",\"breadcrumb\":{\"@id\":\"https:\/\/www.allinclusivehotels.it\/de\/hotels\/hotel-lido#breadcrumb\"},\"inLanguage\":\"de\",\"potentialAction\":[{\"@type\":\"ReadAction\",\"target\":[\"https:\/\/www.allinclusivehotels.it\/de\/hotels\/hotel-lido\"]}]},{\"@type\":\"BreadcrumbList\",\"@id\":\"https:\/\/www.allinclusivehotels.it\/de\/hotels\/hotel-lido#breadcrumb\",\"itemListElement\":[{\"@type\":\"ListItem\",\"position\":1,\"name\":\"Home\",\"item\":\"https:\/\/www.allinclusivehotels.it\/de\"},{\"@type\":\"ListItem\",\"position\":2,\"name\":\"Hotels\",\"item\":\"https:\/\/www.allinclusivehotels.it\/de\/hotels\"},{\"@type\":\"ListItem\",\"position\":3,\"name\":\"Hotel Lido\"}]},{\"@type\":\"WebSite\",\"@id\":\"https:\/\/www.allinclusivehotels.it\/de#website\",\"url\":\"https:\/\/www.allinclusivehotels.it\/de\",\"name\":\"All Inclusive Hotels\",\"description\":\"\",\"publisher\":{\"@id\":\"https:\/\/www.allinclusivehotels.it\/de#organization\"},\"potentialAction\":[{\"@type\":\"SearchAction\",\"target\":{\"@type\":\"EntryPoint\",\"urlTemplate\":\"https:\/\/www.allinclusivehotels.it\/de?s={search_term_string}\"},\"query-input\":{\"@type\":\"PropertyValueSpecification\",\"valueRequired\":true,\"valueName\":\"search_term_string\"}}],\"inLanguage\":\"de\"},{\"@type\":\"Organization\",\"@id\":\"https:\/\/www.allinclusivehotels.it\/de#organization\",\"name\":\"All Inclusive Hotels\",\"url\":\"https:\/\/www.allinclusivehotels.it\/de\",\"logo\":{\"@type\":\"ImageObject\",\"inLanguage\":\"de\",\"@id\":\"https:\/\/www.allinclusivehotels.it\/de#\/schema\/logo\/image\/\",\"url\":\"\",\"contentUrl\":\"\",\"caption\":\"All Inclusive Hotels\"},\"image\":{\"@id\":\"https:\/\/www.allinclusivehotels.it\/de#\/schema\/logo\/image\/\"}}]}<\/script>\n<!-- \/ Yoast SEO plugin. -->","yoast_head_json":{"title":"All-Inclusive-Angebote Hotel Lido in Gabicce Mare","description":"Lust auf Urlaub? Entdecken Sie die All-inclusive-Angebote und All-inclusive-Pakete des Hotels Lido in Gabicce Mare!","robots":{"index":"index","follow":"follow","max-snippet":"max-snippet:-1","max-image-preview":"max-image-preview:large","max-video-preview":"max-video-preview:-1"},"canonical":"https:\/\/www.allinclusivehotels.it\/de\/hotels\/hotel-lido","og_locale":"de_DE","og_type":"article","og_title":"All-Inclusive-Angebote Hotel Lido in Gabicce Mare","og_description":"Lust auf Urlaub? Entdecken Sie die All-inclusive-Angebote und All-inclusive-Pakete des Hotels Lido in Gabicce Mare!","og_url":"https:\/\/www.allinclusivehotels.it\/de\/hotels\/hotel-lido","og_site_name":"All Inclusive Hotels","article_modified_time":"2023-02-06T09:40:38+00:00","twitter_card":"summary_large_image","twitter_misc":{"Gesch\u00e4tzte Lesezeit":"1\u00a0Minute"},"schema":{"@context":"https:\/\/schema.org","@graph":[{"@type":"WebPage","@id":"https:\/\/www.allinclusivehotels.it\/de\/hotels\/hotel-lido","url":"https:\/\/www.allinclusivehotels.it\/de\/hotels\/hotel-lido","name":"All-Inclusive-Angebote Hotel Lido in Gabicce Mare","isPartOf":{"@id":"https:\/\/www.allinclusivehotels.it\/de#website"},"datePublished":"2023-02-06T09:40:10+00:00","dateModified":"2023-02-06T09:40:38+00:00","description":"Lust auf Urlaub? Entdecken Sie die All-inclusive-Angebote und All-inclusive-Pakete des Hotels Lido in Gabicce Mare!","breadcrumb":{"@id":"https:\/\/www.allinclusivehotels.it\/de\/hotels\/hotel-lido#breadcrumb"},"inLanguage":"de","potentialAction":[{"@type":"ReadAction","target":["https:\/\/www.allinclusivehotels.it\/de\/hotels\/hotel-lido"]}]},{"@type":"BreadcrumbList","@id":"https:\/\/www.allinclusivehotels.it\/de\/hotels\/hotel-lido#breadcrumb","itemListElement":[{"@type":"ListItem","position":1,"name":"Home","item":"https:\/\/www.allinclusivehotels.it\/de"},{"@type":"ListItem","position":2,"name":"Hotels","item":"https:\/\/www.allinclusivehotels.it\/de\/hotels"},{"@type":"ListItem","position":3,"name":"Hotel Lido"}]},{"@type":"WebSite","@id":"https:\/\/www.allinclusivehotels.it\/de#website","url":"https:\/\/www.allinclusivehotels.it\/de","name":"All Inclusive Hotels","description":"","publisher":{"@id":"https:\/\/www.allinclusivehotels.it\/de#organization"},"potentialAction":[{"@type":"SearchAction","target":{"@type":"EntryPoint","urlTemplate":"https:\/\/www.allinclusivehotels.it\/de?s={search_term_string}"},"query-input":{"@type":"PropertyValueSpecification","valueRequired":true,"valueName":"search_term_string"}}],"inLanguage":"de"},{"@type":"Organization","@id":"https:\/\/www.allinclusivehotels.it\/de#organization","name":"All Inclusive Hotels","url":"https:\/\/www.allinclusivehotels.it\/de","logo":{"@type":"ImageObject","inLanguage":"de","@id":"https:\/\/www.allinclusivehotels.it\/de#\/schema\/logo\/image\/","url":"","contentUrl":"","caption":"All Inclusive Hotels"},"image":{"@id":"https:\/\/www.allinclusivehotels.it\/de#\/schema\/logo\/image\/"}}]}},"_links":{"self":[{"href":"https:\/\/www.allinclusivehotels.it\/de\/wp-json\/wp\/v2\/pages\/25071","targetHints":{"allow":["GET"]}}],"collection":[{"href":"https:\/\/www.allinclusivehotels.it\/de\/wp-json\/wp\/v2\/pages"}],"about":[{"href":"https:\/\/www.allinclusivehotels.it\/de\/wp-json\/wp\/v2\/types\/page"}],"author":[{"embeddable":true,"href":"https:\/\/www.allinclusivehotels.it\/de\/wp-json\/wp\/v2\/users\/1"}],"replies":[{"embeddable":true,"href":"https:\/\/www.allinclusivehotels.it\/de\/wp-json\/wp\/v2\/comments?post=25071"}],"version-history":[{"count":1,"href":"https:\/\/www.allinclusivehotels.it\/de\/wp-json\/wp\/v2\/pages\/25071\/revisions"}],"predecessor-version":[{"id":25072,"href":"https:\/\/www.allinclusivehotels.it\/de\/wp-json\/wp\/v2\/pages\/25071\/revisions\/25072"}],"up":[{"embeddable":true,"href":"https:\/\/www.allinclusivehotels.it\/de\/wp-json\/wp\/v2\/pages\/16476"}],"wp:attachment":[{"href":"https:\/\/www.allinclusivehotels.it\/de\/wp-json\/wp\/v2\/media?parent=25071"}],"curies":[{"name":"wp","href":"https:\/\/api.w.org\/{rel}","templated":true}]}}