{"id":25063,"date":"2023-02-06T10:39:35","date_gmt":"2023-02-06T09:39:35","guid":{"rendered":"https:\/\/www.allinclusivehotels.it\/hotels\/hotel-la-baia"},"modified":"2024-12-09T13:17:23","modified_gmt":"2024-12-09T12:17:23","slug":"hotel-la-baia","status":"publish","type":"page","link":"https:\/\/www.allinclusivehotels.it\/de\/hotels\/hotel-la-baia","title":{"rendered":"Hotel La Baia"},"content":{"rendered":"\n<p>Das <b>Hotel La Baia in Diano Marina<\/b> verf\u00fcgt \u00fcber einen eigenen<b> Privatstrand<\/b> mit 32 gut verteilten Sonnenschirmen, einem sicheren, eingez\u00e4unten und schattigen <b>Spielbereich<\/b> f\u00fcr Kinder und einem kristallklaren Meer, in dem man dank der st\u00e4ndigen Beobachtung durch den Rettungsschwimmer sicher schwimmen kann<\/p>\n\n\n\n<p>F\u00fcr Kinder<b> ab 3 Jahren gibt es 12 Stunden fantastische Unterhaltung am Strand und im Hotel<\/b>, lustige Kreativ-Workshops, Mini-Kochkurse, Shows und Themenabende wie Indianer, Kino, die Hamburger-Party, die Pizza-Party und die Nacht der W\u00fcnsche; au\u00dferdem gibt es <b>freundliche Kinderm\u00e4dchen<\/b>, die sich zu den Mahlzeiten um die<b> Kleinen von 1 bis 2 <\/b>Jahren k\u00fcmmern.<\/p>\n\n\n\n<!--more-->\n\n\n\n<p>Die <b>Insel von Jack&amp;Tippy<\/b>, das Reich der <b>beiden Maskottchen<\/b>, ist ein Spielzimmer f\u00fcr die kleinen G\u00e4ste. Es gibt auch einen <b>Spielbereich im Freien<\/b> mit einem weichen Bodenbelag, einer Babyinsel, einem Trampolin, Tischtennis, Tischfu\u00dfball und einem gro\u00dfen schattigen Tisch, an dem die <b>Kinder gemeinsam mit dem Animateur essen und <\/b>basteln k\u00f6nnen.<\/p>\n\n\n\n<p>W\u00e4hrend sie sich am\u00fcsieren, k\u00f6nnen Sie auf einer <b>Vespa mit dem Logo von La Baia <\/b>den Golf von Dianese erkunden, am Strand entspannen und die <b>ausgezeichnete K\u00fcche<\/b> genie\u00dfen, f\u00fcr die das Hotel so bekannt ist.<\/p>\n\n\n\n<p>\u00dcbrigens, wussten Sie, dass es im Hotel <b>Parkpl\u00e4tze f\u00fcr alle gibt<\/b>? Sie brauchen sich also nicht um den Parkplatz zu k\u00fcmmern!<\/p>\n","protected":false},"excerpt":{"rendered":"<p>Das Hotel La Baia in Diano Marina verf\u00fcgt \u00fcber einen eigenen Privatstrand mit 32 gut &hellip;<\/p>\n","protected":false},"author":1,"featured_media":0,"parent":16476,"menu_order":0,"comment_status":"closed","ping_status":"closed","template":"page-templates\/scheda_hotel.php","meta":{"_acf_changed":false,"footnotes":""},"class_list":["post-25063","page","type-page","status-publish","hentry"],"acf":[],"yoast_head":"<!-- This site is optimized with the Yoast SEO plugin v27.0 - https:\/\/yoast.com\/product\/yoast-seo-wordpress\/ -->\n<title>All-Inclusive-Angebote Hotel La Baia in Diano Marina<\/title>\n<meta name=\"description\" content=\"Lust auf Urlaub? Entdecken Sie die All-inclusive-Angebote und All-inclusive-Familienpakete des Hotels La Baia in Diano Marino!\" \/>\n<meta name=\"robots\" content=\"index, follow, max-snippet:-1, max-image-preview:large, max-video-preview:-1\" \/>\n<link rel=\"canonical\" href=\"https:\/\/www.allinclusivehotels.it\/de\/hotels\/hotel-la-baia\" \/>\n<meta property=\"og:locale\" content=\"de_DE\" \/>\n<meta property=\"og:type\" content=\"article\" \/>\n<meta property=\"og:title\" content=\"All-Inclusive-Angebote Hotel La Baia in Diano Marina\" \/>\n<meta property=\"og:description\" content=\"Lust auf Urlaub? Entdecken Sie die All-inclusive-Angebote und All-inclusive-Familienpakete des Hotels La Baia in Diano Marino!\" \/>\n<meta property=\"og:url\" content=\"https:\/\/www.allinclusivehotels.it\/de\/hotels\/hotel-la-baia\" \/>\n<meta property=\"og:site_name\" content=\"All Inclusive Hotels\" \/>\n<meta property=\"article:modified_time\" content=\"2024-12-09T12:17:23+00:00\" \/>\n<meta name=\"twitter:card\" content=\"summary_large_image\" \/>\n<meta name=\"twitter:label1\" content=\"Gesch\u00e4tzte Lesezeit\" \/>\n\t<meta name=\"twitter:data1\" content=\"2\u00a0Minuten\" \/>\n<script type=\"application\/ld+json\" class=\"yoast-schema-graph\">{\"@context\":\"https:\/\/schema.org\",\"@graph\":[{\"@type\":\"WebPage\",\"@id\":\"https:\/\/www.allinclusivehotels.it\/de\/hotels\/hotel-la-baia\",\"url\":\"https:\/\/www.allinclusivehotels.it\/de\/hotels\/hotel-la-baia\",\"name\":\"All-Inclusive-Angebote Hotel La Baia in Diano Marina\",\"isPartOf\":{\"@id\":\"https:\/\/www.allinclusivehotels.it\/de#website\"},\"datePublished\":\"2023-02-06T09:39:35+00:00\",\"dateModified\":\"2024-12-09T12:17:23+00:00\",\"description\":\"Lust auf Urlaub? Entdecken Sie die All-inclusive-Angebote und All-inclusive-Familienpakete des Hotels La Baia in Diano Marino!\",\"breadcrumb\":{\"@id\":\"https:\/\/www.allinclusivehotels.it\/de\/hotels\/hotel-la-baia#breadcrumb\"},\"inLanguage\":\"de\",\"potentialAction\":[{\"@type\":\"ReadAction\",\"target\":[\"https:\/\/www.allinclusivehotels.it\/de\/hotels\/hotel-la-baia\"]}]},{\"@type\":\"BreadcrumbList\",\"@id\":\"https:\/\/www.allinclusivehotels.it\/de\/hotels\/hotel-la-baia#breadcrumb\",\"itemListElement\":[{\"@type\":\"ListItem\",\"position\":1,\"name\":\"Home\",\"item\":\"https:\/\/www.allinclusivehotels.it\/de\"},{\"@type\":\"ListItem\",\"position\":2,\"name\":\"Hotels\",\"item\":\"https:\/\/www.allinclusivehotels.it\/de\/hotels\"},{\"@type\":\"ListItem\",\"position\":3,\"name\":\"Hotel La Baia\"}]},{\"@type\":\"WebSite\",\"@id\":\"https:\/\/www.allinclusivehotels.it\/de#website\",\"url\":\"https:\/\/www.allinclusivehotels.it\/de\",\"name\":\"All Inclusive Hotels\",\"description\":\"\",\"publisher\":{\"@id\":\"https:\/\/www.allinclusivehotels.it\/de#organization\"},\"potentialAction\":[{\"@type\":\"SearchAction\",\"target\":{\"@type\":\"EntryPoint\",\"urlTemplate\":\"https:\/\/www.allinclusivehotels.it\/de?s={search_term_string}\"},\"query-input\":{\"@type\":\"PropertyValueSpecification\",\"valueRequired\":true,\"valueName\":\"search_term_string\"}}],\"inLanguage\":\"de\"},{\"@type\":\"Organization\",\"@id\":\"https:\/\/www.allinclusivehotels.it\/de#organization\",\"name\":\"All Inclusive Hotels\",\"url\":\"https:\/\/www.allinclusivehotels.it\/de\",\"logo\":{\"@type\":\"ImageObject\",\"inLanguage\":\"de\",\"@id\":\"https:\/\/www.allinclusivehotels.it\/de#\/schema\/logo\/image\/\",\"url\":\"\",\"contentUrl\":\"\",\"caption\":\"All Inclusive Hotels\"},\"image\":{\"@id\":\"https:\/\/www.allinclusivehotels.it\/de#\/schema\/logo\/image\/\"}}]}<\/script>\n<!-- \/ Yoast SEO plugin. -->","yoast_head_json":{"title":"All-Inclusive-Angebote Hotel La Baia in Diano Marina","description":"Lust auf Urlaub? Entdecken Sie die All-inclusive-Angebote und All-inclusive-Familienpakete des Hotels La Baia in Diano Marino!","robots":{"index":"index","follow":"follow","max-snippet":"max-snippet:-1","max-image-preview":"max-image-preview:large","max-video-preview":"max-video-preview:-1"},"canonical":"https:\/\/www.allinclusivehotels.it\/de\/hotels\/hotel-la-baia","og_locale":"de_DE","og_type":"article","og_title":"All-Inclusive-Angebote Hotel La Baia in Diano Marina","og_description":"Lust auf Urlaub? Entdecken Sie die All-inclusive-Angebote und All-inclusive-Familienpakete des Hotels La Baia in Diano Marino!","og_url":"https:\/\/www.allinclusivehotels.it\/de\/hotels\/hotel-la-baia","og_site_name":"All Inclusive Hotels","article_modified_time":"2024-12-09T12:17:23+00:00","twitter_card":"summary_large_image","twitter_misc":{"Gesch\u00e4tzte Lesezeit":"2\u00a0Minuten"},"schema":{"@context":"https:\/\/schema.org","@graph":[{"@type":"WebPage","@id":"https:\/\/www.allinclusivehotels.it\/de\/hotels\/hotel-la-baia","url":"https:\/\/www.allinclusivehotels.it\/de\/hotels\/hotel-la-baia","name":"All-Inclusive-Angebote Hotel La Baia in Diano Marina","isPartOf":{"@id":"https:\/\/www.allinclusivehotels.it\/de#website"},"datePublished":"2023-02-06T09:39:35+00:00","dateModified":"2024-12-09T12:17:23+00:00","description":"Lust auf Urlaub? Entdecken Sie die All-inclusive-Angebote und All-inclusive-Familienpakete des Hotels La Baia in Diano Marino!","breadcrumb":{"@id":"https:\/\/www.allinclusivehotels.it\/de\/hotels\/hotel-la-baia#breadcrumb"},"inLanguage":"de","potentialAction":[{"@type":"ReadAction","target":["https:\/\/www.allinclusivehotels.it\/de\/hotels\/hotel-la-baia"]}]},{"@type":"BreadcrumbList","@id":"https:\/\/www.allinclusivehotels.it\/de\/hotels\/hotel-la-baia#breadcrumb","itemListElement":[{"@type":"ListItem","position":1,"name":"Home","item":"https:\/\/www.allinclusivehotels.it\/de"},{"@type":"ListItem","position":2,"name":"Hotels","item":"https:\/\/www.allinclusivehotels.it\/de\/hotels"},{"@type":"ListItem","position":3,"name":"Hotel La Baia"}]},{"@type":"WebSite","@id":"https:\/\/www.allinclusivehotels.it\/de#website","url":"https:\/\/www.allinclusivehotels.it\/de","name":"All Inclusive Hotels","description":"","publisher":{"@id":"https:\/\/www.allinclusivehotels.it\/de#organization"},"potentialAction":[{"@type":"SearchAction","target":{"@type":"EntryPoint","urlTemplate":"https:\/\/www.allinclusivehotels.it\/de?s={search_term_string}"},"query-input":{"@type":"PropertyValueSpecification","valueRequired":true,"valueName":"search_term_string"}}],"inLanguage":"de"},{"@type":"Organization","@id":"https:\/\/www.allinclusivehotels.it\/de#organization","name":"All Inclusive Hotels","url":"https:\/\/www.allinclusivehotels.it\/de","logo":{"@type":"ImageObject","inLanguage":"de","@id":"https:\/\/www.allinclusivehotels.it\/de#\/schema\/logo\/image\/","url":"","contentUrl":"","caption":"All Inclusive Hotels"},"image":{"@id":"https:\/\/www.allinclusivehotels.it\/de#\/schema\/logo\/image\/"}}]}},"_links":{"self":[{"href":"https:\/\/www.allinclusivehotels.it\/de\/wp-json\/wp\/v2\/pages\/25063","targetHints":{"allow":["GET"]}}],"collection":[{"href":"https:\/\/www.allinclusivehotels.it\/de\/wp-json\/wp\/v2\/pages"}],"about":[{"href":"https:\/\/www.allinclusivehotels.it\/de\/wp-json\/wp\/v2\/types\/page"}],"author":[{"embeddable":true,"href":"https:\/\/www.allinclusivehotels.it\/de\/wp-json\/wp\/v2\/users\/1"}],"replies":[{"embeddable":true,"href":"https:\/\/www.allinclusivehotels.it\/de\/wp-json\/wp\/v2\/comments?post=25063"}],"version-history":[{"count":2,"href":"https:\/\/www.allinclusivehotels.it\/de\/wp-json\/wp\/v2\/pages\/25063\/revisions"}],"predecessor-version":[{"id":40499,"href":"https:\/\/www.allinclusivehotels.it\/de\/wp-json\/wp\/v2\/pages\/25063\/revisions\/40499"}],"up":[{"embeddable":true,"href":"https:\/\/www.allinclusivehotels.it\/de\/wp-json\/wp\/v2\/pages\/16476"}],"wp:attachment":[{"href":"https:\/\/www.allinclusivehotels.it\/de\/wp-json\/wp\/v2\/media?parent=25063"}],"curies":[{"name":"wp","href":"https:\/\/api.w.org\/{rel}","templated":true}]}}