{"id":25033,"date":"2023-02-06T10:28:13","date_gmt":"2023-02-06T09:28:13","guid":{"rendered":"https:\/\/www.allinclusivehotels.it\/urlaubsziele\/friaul-julisch-venetien"},"modified":"2023-02-06T12:47:29","modified_gmt":"2023-02-06T11:47:29","slug":"friaul-julisch-venetien","status":"publish","type":"page","link":"https:\/\/www.allinclusivehotels.it\/de\/urlaubsziele\/friaul-julisch-venetien","title":{"rendered":"Friaul-Julisch-Venetien"},"content":{"rendered":"\n<p>Eine Grenzregion mit einzigartigem Charme, die es erst noch zu entdecken gilt. Hier k\u00f6nnen Sie unvergessliche Erlebnisse, umgeben vom Meer und in den Bergen, genie\u00dfen. G\u00f6nnen Sie sich einen <strong>All-Inclusive-Urlaub in Friaul-Julisch Venetien <\/strong>und erleben Sie eine beeindruckende Region, die Sie jeden Tag aufs Neue \u00fcberrascht.<\/p>\n\n\n\n<!--more-->\n\n\n\n<p>Wenn Sie gern am Meer sind, bieten sich Ihnen <strong>viele Kilometer K\u00fcste an, von Lignano Sabbiadoro bis Grado, bis hin zum Golf von Triest<\/strong>, mit gut ausgestatteten Badestr\u00e4nden, weichem Sand und kristallklarem Meer. Hier k\u00f6nnen Sie nicht nur entspannen, sondern auch Bootsausfl\u00fcge machen, verschiedene Wassersportarten ausprobieren und h\u00fcbsche Lagunend\u00f6rfer besuchen, wie Lignano Sabbiadoro mit seinen historischen Villen, Marano Lagunare, Grado, Duino oder Muggia.<\/p>\n\n\n\n<p>Wenn Sie mehr f\u00fcr das <strong>Hochgebirge zu begeistern sind, wird Friaul-Julisch-Venetien sie nicht entt\u00e4uschen<\/strong>. Im Winter k\u00f6nnen Sie Skifahren und Snowboarden, Langlaufen und Schneeschuhwandern, Eisklettern und Hundeschlittenfahrten genie\u00dfen; <strong>F\u00fcr Kinder gibt es nat\u00fcrlich spezielle Snow Fun Areas<\/strong>. In der Region gibt es \u00fcber <strong>100 Pistenkilometer<\/strong> und an manchen Stellen k\u00f6nnen Sie sogar mit Blick aufs Meer Skifahren! Im Sommer warten <strong>zahlreiche Wanderwege in Friaul-Julisch Venetien<\/strong> auf sie, darunter auch Routen zu den Schaupl\u00e4tze des Ersten Weltkriegs, oder auch <strong>Radtouren<\/strong>, <strong>kulinarische und weinkundliche Touren<\/strong> auf der \u201eStrada del Vino e dei Sapori\u201c (Wein- und Gourmetstra\u00dfe) oder <strong>kulturelle <\/strong>Ausfl\u00fcge mit Zwischenstopps in den typischen Orten auf der Strecke <strong>\u201eI borghi pi\u00f9 belli d&#8217;Italia\u201c <\/strong>(Italiens sch\u00f6nste D\u00f6rfer), wie Venzone, Palmanova, Poffabro, Polcenigo, um nur einige zu nennen. In Friaul-Julisch Venetien finden Sie auch einzigartige Ausstellungsorte, wie z. B. das Museum \u201eTiere Motus\u201c in Venzone oder den Vajont-Stausee. Nutzen Sie die Vorteile eines <strong>All-Inclusive-Urlaubs in Friaul-Julisch Venetien<\/strong> und entdecken Sie den Zauber eines zeitlosen Landes!<\/p>\n","protected":false},"excerpt":{"rendered":"<p>Eine Grenzregion mit einzigartigem Charme, die es erst noch zu entdecken gilt. Hier k\u00f6nnen Sie &hellip;<\/p>\n","protected":false},"author":1,"featured_media":0,"parent":16402,"menu_order":0,"comment_status":"closed","ping_status":"closed","template":"page-templates\/destinazione.php","meta":{"_acf_changed":false,"footnotes":""},"class_list":["post-25033","page","type-page","status-publish","hentry"],"acf":[],"yoast_head":"<!-- This site is optimized with the Yoast SEO plugin v27.0 - https:\/\/yoast.com\/product\/yoast-seo-wordpress\/ -->\n<title>All-Inclusive-Urlaub in Friaul-Julisch-Venetien<\/title>\n<meta name=\"description\" content=\"Suchen Sie nach All-Inclusive-Urlaub in Friaul-Julisch-Venetien? Entdecken Sie die Angebote der gr\u00f6\u00dften Auswahl an All-Inclusive-Hotels in Italien!\" \/>\n<meta name=\"robots\" content=\"index, follow, max-snippet:-1, max-image-preview:large, max-video-preview:-1\" \/>\n<link rel=\"canonical\" href=\"https:\/\/www.allinclusivehotels.it\/de\/urlaubsziele\/friaul-julisch-venetien\" \/>\n<meta property=\"og:locale\" content=\"de_DE\" \/>\n<meta property=\"og:type\" content=\"article\" \/>\n<meta property=\"og:title\" content=\"All-Inclusive-Urlaub in Friaul-Julisch-Venetien\" \/>\n<meta property=\"og:description\" content=\"Suchen Sie nach All-Inclusive-Urlaub in Friaul-Julisch-Venetien? Entdecken Sie die Angebote der gr\u00f6\u00dften Auswahl an All-Inclusive-Hotels in Italien!\" \/>\n<meta property=\"og:url\" content=\"https:\/\/www.allinclusivehotels.it\/de\/urlaubsziele\/friaul-julisch-venetien\" \/>\n<meta property=\"og:site_name\" content=\"All Inclusive Hotels\" \/>\n<meta property=\"article:modified_time\" content=\"2023-02-06T11:47:29+00:00\" \/>\n<meta name=\"twitter:card\" content=\"summary_large_image\" \/>\n<meta name=\"twitter:label1\" content=\"Gesch\u00e4tzte Lesezeit\" \/>\n\t<meta name=\"twitter:data1\" content=\"2\u00a0Minuten\" \/>\n<script type=\"application\/ld+json\" class=\"yoast-schema-graph\">{\"@context\":\"https:\/\/schema.org\",\"@graph\":[{\"@type\":\"WebPage\",\"@id\":\"https:\/\/www.allinclusivehotels.it\/de\/urlaubsziele\/friaul-julisch-venetien\",\"url\":\"https:\/\/www.allinclusivehotels.it\/de\/urlaubsziele\/friaul-julisch-venetien\",\"name\":\"All-Inclusive-Urlaub in Friaul-Julisch-Venetien\",\"isPartOf\":{\"@id\":\"https:\/\/www.allinclusivehotels.it\/de#website\"},\"datePublished\":\"2023-02-06T09:28:13+00:00\",\"dateModified\":\"2023-02-06T11:47:29+00:00\",\"description\":\"Suchen Sie nach All-Inclusive-Urlaub in Friaul-Julisch-Venetien? Entdecken Sie die Angebote der gr\u00f6\u00dften Auswahl an All-Inclusive-Hotels in Italien!\",\"breadcrumb\":{\"@id\":\"https:\/\/www.allinclusivehotels.it\/de\/urlaubsziele\/friaul-julisch-venetien#breadcrumb\"},\"inLanguage\":\"de\",\"potentialAction\":[{\"@type\":\"ReadAction\",\"target\":[\"https:\/\/www.allinclusivehotels.it\/de\/urlaubsziele\/friaul-julisch-venetien\"]}]},{\"@type\":\"BreadcrumbList\",\"@id\":\"https:\/\/www.allinclusivehotels.it\/de\/urlaubsziele\/friaul-julisch-venetien#breadcrumb\",\"itemListElement\":[{\"@type\":\"ListItem\",\"position\":1,\"name\":\"Home\",\"item\":\"https:\/\/www.allinclusivehotels.it\/de\"},{\"@type\":\"ListItem\",\"position\":2,\"name\":\"Urlaubsziele\",\"item\":\"https:\/\/www.allinclusivehotels.it\/de\/urlaubsziele\"},{\"@type\":\"ListItem\",\"position\":3,\"name\":\"Friaul-Julisch-Venetien\"}]},{\"@type\":\"WebSite\",\"@id\":\"https:\/\/www.allinclusivehotels.it\/de#website\",\"url\":\"https:\/\/www.allinclusivehotels.it\/de\",\"name\":\"All Inclusive Hotels\",\"description\":\"\",\"publisher\":{\"@id\":\"https:\/\/www.allinclusivehotels.it\/de#organization\"},\"potentialAction\":[{\"@type\":\"SearchAction\",\"target\":{\"@type\":\"EntryPoint\",\"urlTemplate\":\"https:\/\/www.allinclusivehotels.it\/de?s={search_term_string}\"},\"query-input\":{\"@type\":\"PropertyValueSpecification\",\"valueRequired\":true,\"valueName\":\"search_term_string\"}}],\"inLanguage\":\"de\"},{\"@type\":\"Organization\",\"@id\":\"https:\/\/www.allinclusivehotels.it\/de#organization\",\"name\":\"All Inclusive Hotels\",\"url\":\"https:\/\/www.allinclusivehotels.it\/de\",\"logo\":{\"@type\":\"ImageObject\",\"inLanguage\":\"de\",\"@id\":\"https:\/\/www.allinclusivehotels.it\/de#\/schema\/logo\/image\/\",\"url\":\"\",\"contentUrl\":\"\",\"caption\":\"All Inclusive Hotels\"},\"image\":{\"@id\":\"https:\/\/www.allinclusivehotels.it\/de#\/schema\/logo\/image\/\"}}]}<\/script>\n<!-- \/ Yoast SEO plugin. -->","yoast_head_json":{"title":"All-Inclusive-Urlaub in Friaul-Julisch-Venetien","description":"Suchen Sie nach All-Inclusive-Urlaub in Friaul-Julisch-Venetien? Entdecken Sie die Angebote der gr\u00f6\u00dften Auswahl an All-Inclusive-Hotels in Italien!","robots":{"index":"index","follow":"follow","max-snippet":"max-snippet:-1","max-image-preview":"max-image-preview:large","max-video-preview":"max-video-preview:-1"},"canonical":"https:\/\/www.allinclusivehotels.it\/de\/urlaubsziele\/friaul-julisch-venetien","og_locale":"de_DE","og_type":"article","og_title":"All-Inclusive-Urlaub in Friaul-Julisch-Venetien","og_description":"Suchen Sie nach All-Inclusive-Urlaub in Friaul-Julisch-Venetien? Entdecken Sie die Angebote der gr\u00f6\u00dften Auswahl an All-Inclusive-Hotels in Italien!","og_url":"https:\/\/www.allinclusivehotels.it\/de\/urlaubsziele\/friaul-julisch-venetien","og_site_name":"All Inclusive Hotels","article_modified_time":"2023-02-06T11:47:29+00:00","twitter_card":"summary_large_image","twitter_misc":{"Gesch\u00e4tzte Lesezeit":"2\u00a0Minuten"},"schema":{"@context":"https:\/\/schema.org","@graph":[{"@type":"WebPage","@id":"https:\/\/www.allinclusivehotels.it\/de\/urlaubsziele\/friaul-julisch-venetien","url":"https:\/\/www.allinclusivehotels.it\/de\/urlaubsziele\/friaul-julisch-venetien","name":"All-Inclusive-Urlaub in Friaul-Julisch-Venetien","isPartOf":{"@id":"https:\/\/www.allinclusivehotels.it\/de#website"},"datePublished":"2023-02-06T09:28:13+00:00","dateModified":"2023-02-06T11:47:29+00:00","description":"Suchen Sie nach All-Inclusive-Urlaub in Friaul-Julisch-Venetien? Entdecken Sie die Angebote der gr\u00f6\u00dften Auswahl an All-Inclusive-Hotels in Italien!","breadcrumb":{"@id":"https:\/\/www.allinclusivehotels.it\/de\/urlaubsziele\/friaul-julisch-venetien#breadcrumb"},"inLanguage":"de","potentialAction":[{"@type":"ReadAction","target":["https:\/\/www.allinclusivehotels.it\/de\/urlaubsziele\/friaul-julisch-venetien"]}]},{"@type":"BreadcrumbList","@id":"https:\/\/www.allinclusivehotels.it\/de\/urlaubsziele\/friaul-julisch-venetien#breadcrumb","itemListElement":[{"@type":"ListItem","position":1,"name":"Home","item":"https:\/\/www.allinclusivehotels.it\/de"},{"@type":"ListItem","position":2,"name":"Urlaubsziele","item":"https:\/\/www.allinclusivehotels.it\/de\/urlaubsziele"},{"@type":"ListItem","position":3,"name":"Friaul-Julisch-Venetien"}]},{"@type":"WebSite","@id":"https:\/\/www.allinclusivehotels.it\/de#website","url":"https:\/\/www.allinclusivehotels.it\/de","name":"All Inclusive Hotels","description":"","publisher":{"@id":"https:\/\/www.allinclusivehotels.it\/de#organization"},"potentialAction":[{"@type":"SearchAction","target":{"@type":"EntryPoint","urlTemplate":"https:\/\/www.allinclusivehotels.it\/de?s={search_term_string}"},"query-input":{"@type":"PropertyValueSpecification","valueRequired":true,"valueName":"search_term_string"}}],"inLanguage":"de"},{"@type":"Organization","@id":"https:\/\/www.allinclusivehotels.it\/de#organization","name":"All Inclusive Hotels","url":"https:\/\/www.allinclusivehotels.it\/de","logo":{"@type":"ImageObject","inLanguage":"de","@id":"https:\/\/www.allinclusivehotels.it\/de#\/schema\/logo\/image\/","url":"","contentUrl":"","caption":"All Inclusive Hotels"},"image":{"@id":"https:\/\/www.allinclusivehotels.it\/de#\/schema\/logo\/image\/"}}]}},"_links":{"self":[{"href":"https:\/\/www.allinclusivehotels.it\/de\/wp-json\/wp\/v2\/pages\/25033","targetHints":{"allow":["GET"]}}],"collection":[{"href":"https:\/\/www.allinclusivehotels.it\/de\/wp-json\/wp\/v2\/pages"}],"about":[{"href":"https:\/\/www.allinclusivehotels.it\/de\/wp-json\/wp\/v2\/types\/page"}],"author":[{"embeddable":true,"href":"https:\/\/www.allinclusivehotels.it\/de\/wp-json\/wp\/v2\/users\/1"}],"replies":[{"embeddable":true,"href":"https:\/\/www.allinclusivehotels.it\/de\/wp-json\/wp\/v2\/comments?post=25033"}],"version-history":[{"count":3,"href":"https:\/\/www.allinclusivehotels.it\/de\/wp-json\/wp\/v2\/pages\/25033\/revisions"}],"predecessor-version":[{"id":25127,"href":"https:\/\/www.allinclusivehotels.it\/de\/wp-json\/wp\/v2\/pages\/25033\/revisions\/25127"}],"up":[{"embeddable":true,"href":"https:\/\/www.allinclusivehotels.it\/de\/wp-json\/wp\/v2\/pages\/16402"}],"wp:attachment":[{"href":"https:\/\/www.allinclusivehotels.it\/de\/wp-json\/wp\/v2\/media?parent=25033"}],"curies":[{"name":"wp","href":"https:\/\/api.w.org\/{rel}","templated":true}]}}