{"id":24034,"date":"2023-01-11T11:39:44","date_gmt":"2023-01-11T10:39:44","guid":{"rendered":"https:\/\/www.allinclusivehotels.it\/hotels\/residence-trivento"},"modified":"2023-02-06T11:01:42","modified_gmt":"2023-02-06T10:01:42","slug":"residence-trivento","status":"publish","type":"page","link":"https:\/\/www.allinclusivehotels.it\/de\/hotels\/residence-trivento","title":{"rendered":"Ferienanlage Trivento"},"content":{"rendered":"\n<p>Die <b>Ferienanlage Trivento in Palinuro<\/b> an der Cilentok\u00fcste liegt 3,5 km vom ber\u00fchmten Strand Arco Naturale entfernt. Sie k\u00f6nnen bequem mit dem Auto oder mit dem Shuttle zu den Str\u00e4nden f\u00fcr die Ferieng\u00e4ste fahren. Durch die strategische Lage ist <b>die Fahrt zwischen Palinuro und Marina di Camerota einfach<\/b>, w\u00e4hrend Sie einen erholsamen Aufenthalt in einer von Gr\u00fcn umgebenen Anlage genie\u00dfen.<\/p>\n\n\n\n<!--more-->\n\n\n\n<p>Das <b>Unterhaltungsprogramm ab 5 Jahren<\/b>, sowohl im Hotel als auch am Strand, die <b>Babyausstattung<\/b> in den Apartments und im Speisesaal, die gut ausgestatteten <b>Spielbereiche<\/b>, die <b>Kindermen\u00fcs<\/b> und die M\u00f6glichkeit, <b>mit dem Unterhaltungsteam zu essen<\/b>, machen die Residence Trivento zur perfekten L\u00f6sung f\u00fcr einen erholsamen und unterhaltsamen <b>Familienurlaub in Palinuro<\/b>. F\u00fcr alle, die gerne Spa\u00df haben, gibt es im Trivento auch ein <b>Unterhaltungsprogramm f\u00fcr Kinder und Erwachsene<\/b>!<\/p>\n\n\n\n<p>Jeden Tag k\u00f6nnen Sie w\u00e4hlen, ob Sie an den Strand gehen oder die <b>beiden Swimmingpools nutzen m\u00f6chten, einen f\u00fcr Erwachsene und einen f\u00fcr Kinder<\/b>, umgeben von einer sch\u00f6nen <b>Sonnenterrasse<\/b>. Das Unterhaltungsteam organisiert Poolaktivit\u00e4ten f\u00fcr alle, Kinder k\u00f6nnen an Schwimmkursen teilnehmen und Tauchversuche unternehmen.<\/p>\n\n\n\n<p>Die Anlage ist von einem <b>gro\u00dfen Garten<\/b> umgeben, in dem sich ein <b>Tennisplatz<\/b>, ein beleuchteter <b>Fu\u00dfballplatz<\/b>, ein <b>Boccia-Platz<\/b>, eine <b>Tischtennisplatte<\/b> und ein <b>Bogenschie\u00dfplatz<\/b>befinden. Kleine Hunde sind erlaubt.<\/p>\n","protected":false},"excerpt":{"rendered":"<p>Die Ferienanlage Trivento in Palinuro an der Cilentok\u00fcste liegt 3,5 km vom ber\u00fchmten Strand Arco &hellip;<\/p>\n","protected":false},"author":1,"featured_media":0,"parent":16476,"menu_order":0,"comment_status":"closed","ping_status":"closed","template":"page-templates\/scheda_hotel.php","meta":{"_acf_changed":false,"footnotes":""},"class_list":["post-24034","page","type-page","status-publish","hentry"],"acf":[],"yoast_head":"<!-- This site is optimized with the Yoast SEO plugin v27.0 - https:\/\/yoast.com\/product\/yoast-seo-wordpress\/ -->\n<title>All-Inclusive-Angebote in der Ferienanlage Trivento in Palinuro<\/title>\n<meta name=\"description\" content=\"Lust auf Urlaub? Entdecken Sie die All-Inclusive-Angebote und All-Inclusive-Familienpakete der Residence Trivento in Palinuro, Kampanien!\" \/>\n<meta name=\"robots\" content=\"index, follow, max-snippet:-1, max-image-preview:large, max-video-preview:-1\" \/>\n<link rel=\"canonical\" href=\"https:\/\/www.allinclusivehotels.it\/de\/hotels\/residence-trivento\" \/>\n<meta property=\"og:locale\" content=\"de_DE\" \/>\n<meta property=\"og:type\" content=\"article\" \/>\n<meta property=\"og:title\" content=\"All-Inclusive-Angebote in der Ferienanlage Trivento in Palinuro\" \/>\n<meta property=\"og:description\" content=\"Lust auf Urlaub? Entdecken Sie die All-Inclusive-Angebote und All-Inclusive-Familienpakete der Residence Trivento in Palinuro, Kampanien!\" \/>\n<meta property=\"og:url\" content=\"https:\/\/www.allinclusivehotels.it\/de\/hotels\/residence-trivento\" \/>\n<meta property=\"og:site_name\" content=\"All Inclusive Hotels\" \/>\n<meta property=\"article:modified_time\" content=\"2023-02-06T10:01:42+00:00\" \/>\n<meta name=\"twitter:card\" content=\"summary_large_image\" \/>\n<meta name=\"twitter:label1\" content=\"Gesch\u00e4tzte Lesezeit\" \/>\n\t<meta name=\"twitter:data1\" content=\"1\u00a0Minute\" \/>\n<script type=\"application\/ld+json\" class=\"yoast-schema-graph\">{\"@context\":\"https:\/\/schema.org\",\"@graph\":[{\"@type\":\"WebPage\",\"@id\":\"https:\/\/www.allinclusivehotels.it\/de\/hotels\/residence-trivento\",\"url\":\"https:\/\/www.allinclusivehotels.it\/de\/hotels\/residence-trivento\",\"name\":\"All-Inclusive-Angebote in der Ferienanlage Trivento in Palinuro\",\"isPartOf\":{\"@id\":\"https:\/\/www.allinclusivehotels.it\/de#website\"},\"datePublished\":\"2023-01-11T10:39:44+00:00\",\"dateModified\":\"2023-02-06T10:01:42+00:00\",\"description\":\"Lust auf Urlaub? Entdecken Sie die All-Inclusive-Angebote und All-Inclusive-Familienpakete der Residence Trivento in Palinuro, Kampanien!\",\"breadcrumb\":{\"@id\":\"https:\/\/www.allinclusivehotels.it\/de\/hotels\/residence-trivento#breadcrumb\"},\"inLanguage\":\"de\",\"potentialAction\":[{\"@type\":\"ReadAction\",\"target\":[\"https:\/\/www.allinclusivehotels.it\/de\/hotels\/residence-trivento\"]}]},{\"@type\":\"BreadcrumbList\",\"@id\":\"https:\/\/www.allinclusivehotels.it\/de\/hotels\/residence-trivento#breadcrumb\",\"itemListElement\":[{\"@type\":\"ListItem\",\"position\":1,\"name\":\"Home\",\"item\":\"https:\/\/www.allinclusivehotels.it\/de\"},{\"@type\":\"ListItem\",\"position\":2,\"name\":\"Hotels\",\"item\":\"https:\/\/www.allinclusivehotels.it\/de\/hotels\"},{\"@type\":\"ListItem\",\"position\":3,\"name\":\"Ferienanlage Trivento\"}]},{\"@type\":\"WebSite\",\"@id\":\"https:\/\/www.allinclusivehotels.it\/de#website\",\"url\":\"https:\/\/www.allinclusivehotels.it\/de\",\"name\":\"All Inclusive Hotels\",\"description\":\"\",\"publisher\":{\"@id\":\"https:\/\/www.allinclusivehotels.it\/de#organization\"},\"potentialAction\":[{\"@type\":\"SearchAction\",\"target\":{\"@type\":\"EntryPoint\",\"urlTemplate\":\"https:\/\/www.allinclusivehotels.it\/de?s={search_term_string}\"},\"query-input\":{\"@type\":\"PropertyValueSpecification\",\"valueRequired\":true,\"valueName\":\"search_term_string\"}}],\"inLanguage\":\"de\"},{\"@type\":\"Organization\",\"@id\":\"https:\/\/www.allinclusivehotels.it\/de#organization\",\"name\":\"All Inclusive Hotels\",\"url\":\"https:\/\/www.allinclusivehotels.it\/de\",\"logo\":{\"@type\":\"ImageObject\",\"inLanguage\":\"de\",\"@id\":\"https:\/\/www.allinclusivehotels.it\/de#\/schema\/logo\/image\/\",\"url\":\"\",\"contentUrl\":\"\",\"caption\":\"All Inclusive Hotels\"},\"image\":{\"@id\":\"https:\/\/www.allinclusivehotels.it\/de#\/schema\/logo\/image\/\"}}]}<\/script>\n<!-- \/ Yoast SEO plugin. -->","yoast_head_json":{"title":"All-Inclusive-Angebote in der Ferienanlage Trivento in Palinuro","description":"Lust auf Urlaub? Entdecken Sie die All-Inclusive-Angebote und All-Inclusive-Familienpakete der Residence Trivento in Palinuro, Kampanien!","robots":{"index":"index","follow":"follow","max-snippet":"max-snippet:-1","max-image-preview":"max-image-preview:large","max-video-preview":"max-video-preview:-1"},"canonical":"https:\/\/www.allinclusivehotels.it\/de\/hotels\/residence-trivento","og_locale":"de_DE","og_type":"article","og_title":"All-Inclusive-Angebote in der Ferienanlage Trivento in Palinuro","og_description":"Lust auf Urlaub? Entdecken Sie die All-Inclusive-Angebote und All-Inclusive-Familienpakete der Residence Trivento in Palinuro, Kampanien!","og_url":"https:\/\/www.allinclusivehotels.it\/de\/hotels\/residence-trivento","og_site_name":"All Inclusive Hotels","article_modified_time":"2023-02-06T10:01:42+00:00","twitter_card":"summary_large_image","twitter_misc":{"Gesch\u00e4tzte Lesezeit":"1\u00a0Minute"},"schema":{"@context":"https:\/\/schema.org","@graph":[{"@type":"WebPage","@id":"https:\/\/www.allinclusivehotels.it\/de\/hotels\/residence-trivento","url":"https:\/\/www.allinclusivehotels.it\/de\/hotels\/residence-trivento","name":"All-Inclusive-Angebote in der Ferienanlage Trivento in Palinuro","isPartOf":{"@id":"https:\/\/www.allinclusivehotels.it\/de#website"},"datePublished":"2023-01-11T10:39:44+00:00","dateModified":"2023-02-06T10:01:42+00:00","description":"Lust auf Urlaub? Entdecken Sie die All-Inclusive-Angebote und All-Inclusive-Familienpakete der Residence Trivento in Palinuro, Kampanien!","breadcrumb":{"@id":"https:\/\/www.allinclusivehotels.it\/de\/hotels\/residence-trivento#breadcrumb"},"inLanguage":"de","potentialAction":[{"@type":"ReadAction","target":["https:\/\/www.allinclusivehotels.it\/de\/hotels\/residence-trivento"]}]},{"@type":"BreadcrumbList","@id":"https:\/\/www.allinclusivehotels.it\/de\/hotels\/residence-trivento#breadcrumb","itemListElement":[{"@type":"ListItem","position":1,"name":"Home","item":"https:\/\/www.allinclusivehotels.it\/de"},{"@type":"ListItem","position":2,"name":"Hotels","item":"https:\/\/www.allinclusivehotels.it\/de\/hotels"},{"@type":"ListItem","position":3,"name":"Ferienanlage Trivento"}]},{"@type":"WebSite","@id":"https:\/\/www.allinclusivehotels.it\/de#website","url":"https:\/\/www.allinclusivehotels.it\/de","name":"All Inclusive Hotels","description":"","publisher":{"@id":"https:\/\/www.allinclusivehotels.it\/de#organization"},"potentialAction":[{"@type":"SearchAction","target":{"@type":"EntryPoint","urlTemplate":"https:\/\/www.allinclusivehotels.it\/de?s={search_term_string}"},"query-input":{"@type":"PropertyValueSpecification","valueRequired":true,"valueName":"search_term_string"}}],"inLanguage":"de"},{"@type":"Organization","@id":"https:\/\/www.allinclusivehotels.it\/de#organization","name":"All Inclusive Hotels","url":"https:\/\/www.allinclusivehotels.it\/de","logo":{"@type":"ImageObject","inLanguage":"de","@id":"https:\/\/www.allinclusivehotels.it\/de#\/schema\/logo\/image\/","url":"","contentUrl":"","caption":"All Inclusive Hotels"},"image":{"@id":"https:\/\/www.allinclusivehotels.it\/de#\/schema\/logo\/image\/"}}]}},"_links":{"self":[{"href":"https:\/\/www.allinclusivehotels.it\/de\/wp-json\/wp\/v2\/pages\/24034","targetHints":{"allow":["GET"]}}],"collection":[{"href":"https:\/\/www.allinclusivehotels.it\/de\/wp-json\/wp\/v2\/pages"}],"about":[{"href":"https:\/\/www.allinclusivehotels.it\/de\/wp-json\/wp\/v2\/types\/page"}],"author":[{"embeddable":true,"href":"https:\/\/www.allinclusivehotels.it\/de\/wp-json\/wp\/v2\/users\/1"}],"replies":[{"embeddable":true,"href":"https:\/\/www.allinclusivehotels.it\/de\/wp-json\/wp\/v2\/comments?post=24034"}],"version-history":[{"count":3,"href":"https:\/\/www.allinclusivehotels.it\/de\/wp-json\/wp\/v2\/pages\/24034\/revisions"}],"predecessor-version":[{"id":25096,"href":"https:\/\/www.allinclusivehotels.it\/de\/wp-json\/wp\/v2\/pages\/24034\/revisions\/25096"}],"up":[{"embeddable":true,"href":"https:\/\/www.allinclusivehotels.it\/de\/wp-json\/wp\/v2\/pages\/16476"}],"wp:attachment":[{"href":"https:\/\/www.allinclusivehotels.it\/de\/wp-json\/wp\/v2\/media?parent=24034"}],"curies":[{"name":"wp","href":"https:\/\/api.w.org\/{rel}","templated":true}]}}