{"id":23363,"date":"2023-06-26T10:59:48","date_gmt":"2023-06-26T08:59:48","guid":{"rendered":"https:\/\/www.allinclusivehotels.it\/?page_id=23363"},"modified":"2023-06-26T11:00:13","modified_gmt":"2023-06-26T09:00:13","slug":"loano","status":"publish","type":"page","link":"https:\/\/www.allinclusivehotels.it\/de\/urlaubsziele\/loano","title":{"rendered":"Loano"},"content":{"rendered":"\n<p>Ein Urlaub in den<b> All-Inclusive-Hotels in Loano<\/b> ist der Inbegriff von Entspannung am Strand und der angenehmen Entdeckung einer \u00fcppigen Naturumgebung. Das kristallklare Meer, das mehrfach mit der <b>Blauen Flagge <\/b>ausgezeichnet wurde, l\u00e4dt zu langen Badestunden ein, im Wechsel mit erfrischenden Spazierg\u00e4ngen entlang der K\u00fcste oder erholsamen Momenten der Entspannung unter einem Sonnenschirm.<\/p>\n\n\n\n<!--more-->\n\n\n\n<p>Die bezaubernde <b>Altstadt<\/b> von <b>Loano<\/b> ist gepr\u00e4gt von farbenfrohen Gassen und Geb\u00e4uden, mit Gesch\u00e4ften, Boutiquen und Restaurants. Von hier aus gelangen Sie zur modernen und lebhaften <b>Marina di Loano<\/b> bis hin zur <b>Piazza Italia<\/b> und dem <b>Parco del Principe<\/b>, wo im Sommer Konzerte und im Winter Weihnachtsm\u00e4rkte veranstaltet werden.<\/p>\n\n\n\n<p>Bei einem <b>All-Inclusive-Urlaub in Loano<\/b> Momente der k\u00f6nnen Sie Momente der wohlverdienten Erholung im Hotel mit Tagen der Erkundung und <b>Outdoor-Aktivit\u00e4ten im Hinterland<\/b>, wie Trekking und Radfahren kombinieren. In der <b>Umgebung von Loano<\/b> f\u00fchren Naturpfade zur <b>Wallfahrtskirche der Heiligen Cosma und Damiano<\/b>, zur <b>Schutzh\u00fctte Pian delle Bosse<\/b>, wo Sie einen Panoramablick auf das Ligurische Meer genie\u00dfen k\u00f6nnen, oder auf den <b>Gipfel des Monte Carmo<\/b>.<\/p>\n\n\n\n<p>Nur wenige Kilometer von Loano entfernt k\u00f6nnen Sie die faszinierenden <b>Grotten von Toirano<\/b> und <b>Borgio Verezzi <\/b>besichtigen. Loano ist ein hervorragender Ausgangspunkt, um einen Tag im Wasserpark <b>Le Caravelle in Ceriale<\/b> mit seinen Schwimmb\u00e4dern, Rutschen und Wasserspielen zu erleben oder um nach Alassio zum Einkaufen zu fahren.<\/p>\n","protected":false},"excerpt":{"rendered":"<p>Ein Urlaub in den All-Inclusive-Hotels in Loano ist der Inbegriff von Entspannung am Strand und &hellip;<\/p>\n","protected":false},"author":1,"featured_media":0,"parent":16402,"menu_order":0,"comment_status":"closed","ping_status":"closed","template":"page-templates\/destinazione.php","meta":{"_acf_changed":false,"footnotes":""},"class_list":["post-23363","page","type-page","status-publish","hentry"],"acf":[],"yoast_head":"<!-- This site is optimized with the Yoast SEO plugin v27.0 - https:\/\/yoast.com\/product\/yoast-seo-wordpress\/ -->\n<title>All-Inclusive-Hotels in Loano: Hotel-Angebote f\u00fcr Familien<\/title>\n<meta name=\"description\" content=\"Suchen Sie nach All-Inclusive-Hotels in Loano? Entdecken Sie die Angebote der gr\u00f6\u00dften Auswahl an All-Inclusive-Hotels in Italien!\" \/>\n<meta name=\"robots\" content=\"index, follow, max-snippet:-1, max-image-preview:large, max-video-preview:-1\" \/>\n<link rel=\"canonical\" href=\"https:\/\/www.allinclusivehotels.it\/de\/urlaubsziele\/loano\" \/>\n<meta property=\"og:locale\" content=\"de_DE\" \/>\n<meta property=\"og:type\" content=\"article\" \/>\n<meta property=\"og:title\" content=\"All-Inclusive-Hotels in Loano: Hotel-Angebote f\u00fcr Familien\" \/>\n<meta property=\"og:description\" content=\"Suchen Sie nach All-Inclusive-Hotels in Loano? Entdecken Sie die Angebote der gr\u00f6\u00dften Auswahl an All-Inclusive-Hotels in Italien!\" \/>\n<meta property=\"og:url\" content=\"https:\/\/www.allinclusivehotels.it\/de\/urlaubsziele\/loano\" \/>\n<meta property=\"og:site_name\" content=\"All Inclusive Hotels\" \/>\n<meta property=\"article:modified_time\" content=\"2023-06-26T09:00:13+00:00\" \/>\n<meta name=\"twitter:card\" content=\"summary_large_image\" \/>\n<meta name=\"twitter:label1\" content=\"Gesch\u00e4tzte Lesezeit\" \/>\n\t<meta name=\"twitter:data1\" content=\"2\u00a0Minuten\" \/>\n<script type=\"application\/ld+json\" class=\"yoast-schema-graph\">{\"@context\":\"https:\/\/schema.org\",\"@graph\":[{\"@type\":\"WebPage\",\"@id\":\"https:\/\/www.allinclusivehotels.it\/de\/urlaubsziele\/loano\",\"url\":\"https:\/\/www.allinclusivehotels.it\/de\/urlaubsziele\/loano\",\"name\":\"All-Inclusive-Hotels in Loano: Hotel-Angebote f\u00fcr Familien\",\"isPartOf\":{\"@id\":\"https:\/\/www.allinclusivehotels.it\/de#website\"},\"datePublished\":\"2023-06-26T08:59:48+00:00\",\"dateModified\":\"2023-06-26T09:00:13+00:00\",\"description\":\"Suchen Sie nach All-Inclusive-Hotels in Loano? Entdecken Sie die Angebote der gr\u00f6\u00dften Auswahl an All-Inclusive-Hotels in Italien!\",\"breadcrumb\":{\"@id\":\"https:\/\/www.allinclusivehotels.it\/de\/urlaubsziele\/loano#breadcrumb\"},\"inLanguage\":\"de\",\"potentialAction\":[{\"@type\":\"ReadAction\",\"target\":[\"https:\/\/www.allinclusivehotels.it\/de\/urlaubsziele\/loano\"]}]},{\"@type\":\"BreadcrumbList\",\"@id\":\"https:\/\/www.allinclusivehotels.it\/de\/urlaubsziele\/loano#breadcrumb\",\"itemListElement\":[{\"@type\":\"ListItem\",\"position\":1,\"name\":\"Home\",\"item\":\"https:\/\/www.allinclusivehotels.it\/de\"},{\"@type\":\"ListItem\",\"position\":2,\"name\":\"Urlaubsziele\",\"item\":\"https:\/\/www.allinclusivehotels.it\/de\/urlaubsziele\"},{\"@type\":\"ListItem\",\"position\":3,\"name\":\"Loano\"}]},{\"@type\":\"WebSite\",\"@id\":\"https:\/\/www.allinclusivehotels.it\/de#website\",\"url\":\"https:\/\/www.allinclusivehotels.it\/de\",\"name\":\"All Inclusive Hotels\",\"description\":\"\",\"publisher\":{\"@id\":\"https:\/\/www.allinclusivehotels.it\/de#organization\"},\"potentialAction\":[{\"@type\":\"SearchAction\",\"target\":{\"@type\":\"EntryPoint\",\"urlTemplate\":\"https:\/\/www.allinclusivehotels.it\/de?s={search_term_string}\"},\"query-input\":{\"@type\":\"PropertyValueSpecification\",\"valueRequired\":true,\"valueName\":\"search_term_string\"}}],\"inLanguage\":\"de\"},{\"@type\":\"Organization\",\"@id\":\"https:\/\/www.allinclusivehotels.it\/de#organization\",\"name\":\"All Inclusive Hotels\",\"url\":\"https:\/\/www.allinclusivehotels.it\/de\",\"logo\":{\"@type\":\"ImageObject\",\"inLanguage\":\"de\",\"@id\":\"https:\/\/www.allinclusivehotels.it\/de#\/schema\/logo\/image\/\",\"url\":\"\",\"contentUrl\":\"\",\"caption\":\"All Inclusive Hotels\"},\"image\":{\"@id\":\"https:\/\/www.allinclusivehotels.it\/de#\/schema\/logo\/image\/\"}}]}<\/script>\n<!-- \/ Yoast SEO plugin. -->","yoast_head_json":{"title":"All-Inclusive-Hotels in Loano: Hotel-Angebote f\u00fcr Familien","description":"Suchen Sie nach All-Inclusive-Hotels in Loano? Entdecken Sie die Angebote der gr\u00f6\u00dften Auswahl an All-Inclusive-Hotels in Italien!","robots":{"index":"index","follow":"follow","max-snippet":"max-snippet:-1","max-image-preview":"max-image-preview:large","max-video-preview":"max-video-preview:-1"},"canonical":"https:\/\/www.allinclusivehotels.it\/de\/urlaubsziele\/loano","og_locale":"de_DE","og_type":"article","og_title":"All-Inclusive-Hotels in Loano: Hotel-Angebote f\u00fcr Familien","og_description":"Suchen Sie nach All-Inclusive-Hotels in Loano? Entdecken Sie die Angebote der gr\u00f6\u00dften Auswahl an All-Inclusive-Hotels in Italien!","og_url":"https:\/\/www.allinclusivehotels.it\/de\/urlaubsziele\/loano","og_site_name":"All Inclusive Hotels","article_modified_time":"2023-06-26T09:00:13+00:00","twitter_card":"summary_large_image","twitter_misc":{"Gesch\u00e4tzte Lesezeit":"2\u00a0Minuten"},"schema":{"@context":"https:\/\/schema.org","@graph":[{"@type":"WebPage","@id":"https:\/\/www.allinclusivehotels.it\/de\/urlaubsziele\/loano","url":"https:\/\/www.allinclusivehotels.it\/de\/urlaubsziele\/loano","name":"All-Inclusive-Hotels in Loano: Hotel-Angebote f\u00fcr Familien","isPartOf":{"@id":"https:\/\/www.allinclusivehotels.it\/de#website"},"datePublished":"2023-06-26T08:59:48+00:00","dateModified":"2023-06-26T09:00:13+00:00","description":"Suchen Sie nach All-Inclusive-Hotels in Loano? Entdecken Sie die Angebote der gr\u00f6\u00dften Auswahl an All-Inclusive-Hotels in Italien!","breadcrumb":{"@id":"https:\/\/www.allinclusivehotels.it\/de\/urlaubsziele\/loano#breadcrumb"},"inLanguage":"de","potentialAction":[{"@type":"ReadAction","target":["https:\/\/www.allinclusivehotels.it\/de\/urlaubsziele\/loano"]}]},{"@type":"BreadcrumbList","@id":"https:\/\/www.allinclusivehotels.it\/de\/urlaubsziele\/loano#breadcrumb","itemListElement":[{"@type":"ListItem","position":1,"name":"Home","item":"https:\/\/www.allinclusivehotels.it\/de"},{"@type":"ListItem","position":2,"name":"Urlaubsziele","item":"https:\/\/www.allinclusivehotels.it\/de\/urlaubsziele"},{"@type":"ListItem","position":3,"name":"Loano"}]},{"@type":"WebSite","@id":"https:\/\/www.allinclusivehotels.it\/de#website","url":"https:\/\/www.allinclusivehotels.it\/de","name":"All Inclusive Hotels","description":"","publisher":{"@id":"https:\/\/www.allinclusivehotels.it\/de#organization"},"potentialAction":[{"@type":"SearchAction","target":{"@type":"EntryPoint","urlTemplate":"https:\/\/www.allinclusivehotels.it\/de?s={search_term_string}"},"query-input":{"@type":"PropertyValueSpecification","valueRequired":true,"valueName":"search_term_string"}}],"inLanguage":"de"},{"@type":"Organization","@id":"https:\/\/www.allinclusivehotels.it\/de#organization","name":"All Inclusive Hotels","url":"https:\/\/www.allinclusivehotels.it\/de","logo":{"@type":"ImageObject","inLanguage":"de","@id":"https:\/\/www.allinclusivehotels.it\/de#\/schema\/logo\/image\/","url":"","contentUrl":"","caption":"All Inclusive Hotels"},"image":{"@id":"https:\/\/www.allinclusivehotels.it\/de#\/schema\/logo\/image\/"}}]}},"_links":{"self":[{"href":"https:\/\/www.allinclusivehotels.it\/de\/wp-json\/wp\/v2\/pages\/23363","targetHints":{"allow":["GET"]}}],"collection":[{"href":"https:\/\/www.allinclusivehotels.it\/de\/wp-json\/wp\/v2\/pages"}],"about":[{"href":"https:\/\/www.allinclusivehotels.it\/de\/wp-json\/wp\/v2\/types\/page"}],"author":[{"embeddable":true,"href":"https:\/\/www.allinclusivehotels.it\/de\/wp-json\/wp\/v2\/users\/1"}],"replies":[{"embeddable":true,"href":"https:\/\/www.allinclusivehotels.it\/de\/wp-json\/wp\/v2\/comments?post=23363"}],"version-history":[{"count":2,"href":"https:\/\/www.allinclusivehotels.it\/de\/wp-json\/wp\/v2\/pages\/23363\/revisions"}],"predecessor-version":[{"id":25039,"href":"https:\/\/www.allinclusivehotels.it\/de\/wp-json\/wp\/v2\/pages\/23363\/revisions\/25039"}],"up":[{"embeddable":true,"href":"https:\/\/www.allinclusivehotels.it\/de\/wp-json\/wp\/v2\/pages\/16402"}],"wp:attachment":[{"href":"https:\/\/www.allinclusivehotels.it\/de\/wp-json\/wp\/v2\/media?parent=23363"}],"curies":[{"name":"wp","href":"https:\/\/api.w.org\/{rel}","templated":true}]}}