{"id":20562,"date":"2022-06-06T15:35:21","date_gmt":"2022-06-06T13:35:21","guid":{"rendered":"https:\/\/www.allinclusivehotels.it\/hotels\/hotel-mocambo"},"modified":"2022-08-23T16:31:08","modified_gmt":"2022-08-23T14:31:08","slug":"hotel-mocambo","status":"publish","type":"page","link":"https:\/\/www.allinclusivehotels.it\/de\/hotels\/hotel-mocambo","title":{"rendered":"Hotel Mocambo"},"content":{"rendered":"\n<p>Vom <b>Hotel Mocambo<\/b> in <b>San<\/b> <b>Benedetto del Tronto<\/b> sind es <b>30 m zum privaten Sandstrand<\/b>, an dem Schirm, Sonnenbett und Liege f\u00fcr Sie bereitstehen. Auch das sch\u00f6ne <b>Schwimmbad<\/b> des Hotels, mit <b>Unterwassermassage<\/b>, l\u00e4dt zum Baden und Entspannen ein.<\/p>\n\n\n\n<p><\/p>\n\n\n\n<!--more-->\n\n\n\n<p>Unser <b>Animationsteam<\/b> organisiert t\u00e4glich Spiele, Aktivit\u00e4ten und Unterhaltungsabende f\u00fcr die Kinder sowie Wasser- und Fitness-Gymnastik f\u00fcr die Erwachsenen.<\/p>\n\n\n\n<p>Unsere <b>Fahrr\u00e4der<\/b> k\u00f6nnen Sie <b>kostenlos benutzen<\/b>, um in die nahe Stadtmitte zu fahren oder um die &quot;Palmen-Riviera&quot; zu erkunden; Ihr Auto k\u00f6nnen Sie getrost auf einem unserer<b> beiden Parkpl\u00e4tze<\/b> stehen lassen. Wir haben einen <b>Baby-Raum mit K\u00fchlschrank und Kochnische<\/b> f\u00fcr den Brei.<\/p>\n","protected":false},"excerpt":{"rendered":"<p>Vom Hotel Mocambo in San Benedetto del Tronto sind es 30 m zum privaten Sandstrand, &hellip;<\/p>\n","protected":false},"author":1,"featured_media":0,"parent":16476,"menu_order":0,"comment_status":"closed","ping_status":"closed","template":"page-templates\/scheda_hotel.php","meta":{"_acf_changed":false,"footnotes":""},"class_list":["post-20562","page","type-page","status-publish","hentry"],"acf":[],"yoast_head":"<!-- This site is optimized with the Yoast SEO plugin v27.0 - https:\/\/yoast.com\/product\/yoast-seo-wordpress\/ -->\n<title>All-Inclusive-Angebote Hotel Mocambo in San Benedetto del Tronto<\/title>\n<meta name=\"description\" content=\"Lust auf Urlaub? Die All-Inclusive-Angebote und Alles-Inklusive- Urlaubspakete des Hotel Mocambo in San Benedetto del Tronto ansehen!\" \/>\n<meta name=\"robots\" content=\"index, follow, max-snippet:-1, max-image-preview:large, max-video-preview:-1\" \/>\n<link rel=\"canonical\" href=\"https:\/\/www.allinclusivehotels.it\/de\/hotels\/hotel-mocambo\" \/>\n<meta property=\"og:locale\" content=\"de_DE\" \/>\n<meta property=\"og:type\" content=\"article\" \/>\n<meta property=\"og:title\" content=\"All-Inclusive-Angebote Hotel Mocambo in San Benedetto del Tronto\" \/>\n<meta property=\"og:description\" content=\"Lust auf Urlaub? Die All-Inclusive-Angebote und Alles-Inklusive- Urlaubspakete des Hotel Mocambo in San Benedetto del Tronto ansehen!\" \/>\n<meta property=\"og:url\" content=\"https:\/\/www.allinclusivehotels.it\/de\/hotels\/hotel-mocambo\" \/>\n<meta property=\"og:site_name\" content=\"All Inclusive Hotels\" \/>\n<meta property=\"article:modified_time\" content=\"2022-08-23T14:31:08+00:00\" \/>\n<meta name=\"twitter:card\" content=\"summary_large_image\" \/>\n<meta name=\"twitter:label1\" content=\"Gesch\u00e4tzte Lesezeit\" \/>\n\t<meta name=\"twitter:data1\" content=\"1\u00a0Minute\" \/>\n<script type=\"application\/ld+json\" class=\"yoast-schema-graph\">{\"@context\":\"https:\/\/schema.org\",\"@graph\":[{\"@type\":\"WebPage\",\"@id\":\"https:\/\/www.allinclusivehotels.it\/de\/hotels\/hotel-mocambo\",\"url\":\"https:\/\/www.allinclusivehotels.it\/de\/hotels\/hotel-mocambo\",\"name\":\"All-Inclusive-Angebote Hotel Mocambo in San Benedetto del Tronto\",\"isPartOf\":{\"@id\":\"https:\/\/www.allinclusivehotels.it\/de#website\"},\"datePublished\":\"2022-06-06T13:35:21+00:00\",\"dateModified\":\"2022-08-23T14:31:08+00:00\",\"description\":\"Lust auf Urlaub? Die All-Inclusive-Angebote und Alles-Inklusive- Urlaubspakete des Hotel Mocambo in San Benedetto del Tronto ansehen!\",\"breadcrumb\":{\"@id\":\"https:\/\/www.allinclusivehotels.it\/de\/hotels\/hotel-mocambo#breadcrumb\"},\"inLanguage\":\"de\",\"potentialAction\":[{\"@type\":\"ReadAction\",\"target\":[\"https:\/\/www.allinclusivehotels.it\/de\/hotels\/hotel-mocambo\"]}]},{\"@type\":\"BreadcrumbList\",\"@id\":\"https:\/\/www.allinclusivehotels.it\/de\/hotels\/hotel-mocambo#breadcrumb\",\"itemListElement\":[{\"@type\":\"ListItem\",\"position\":1,\"name\":\"Home\",\"item\":\"https:\/\/www.allinclusivehotels.it\/de\"},{\"@type\":\"ListItem\",\"position\":2,\"name\":\"Hotels\",\"item\":\"https:\/\/www.allinclusivehotels.it\/de\/hotels\"},{\"@type\":\"ListItem\",\"position\":3,\"name\":\"Hotel Mocambo\"}]},{\"@type\":\"WebSite\",\"@id\":\"https:\/\/www.allinclusivehotels.it\/de#website\",\"url\":\"https:\/\/www.allinclusivehotels.it\/de\",\"name\":\"All Inclusive Hotels\",\"description\":\"\",\"publisher\":{\"@id\":\"https:\/\/www.allinclusivehotels.it\/de#organization\"},\"potentialAction\":[{\"@type\":\"SearchAction\",\"target\":{\"@type\":\"EntryPoint\",\"urlTemplate\":\"https:\/\/www.allinclusivehotels.it\/de?s={search_term_string}\"},\"query-input\":{\"@type\":\"PropertyValueSpecification\",\"valueRequired\":true,\"valueName\":\"search_term_string\"}}],\"inLanguage\":\"de\"},{\"@type\":\"Organization\",\"@id\":\"https:\/\/www.allinclusivehotels.it\/de#organization\",\"name\":\"All Inclusive Hotels\",\"url\":\"https:\/\/www.allinclusivehotels.it\/de\",\"logo\":{\"@type\":\"ImageObject\",\"inLanguage\":\"de\",\"@id\":\"https:\/\/www.allinclusivehotels.it\/de#\/schema\/logo\/image\/\",\"url\":\"\",\"contentUrl\":\"\",\"caption\":\"All Inclusive Hotels\"},\"image\":{\"@id\":\"https:\/\/www.allinclusivehotels.it\/de#\/schema\/logo\/image\/\"}}]}<\/script>\n<!-- \/ Yoast SEO plugin. -->","yoast_head_json":{"title":"All-Inclusive-Angebote Hotel Mocambo in San Benedetto del Tronto","description":"Lust auf Urlaub? Die All-Inclusive-Angebote und Alles-Inklusive- Urlaubspakete des Hotel Mocambo in San Benedetto del Tronto ansehen!","robots":{"index":"index","follow":"follow","max-snippet":"max-snippet:-1","max-image-preview":"max-image-preview:large","max-video-preview":"max-video-preview:-1"},"canonical":"https:\/\/www.allinclusivehotels.it\/de\/hotels\/hotel-mocambo","og_locale":"de_DE","og_type":"article","og_title":"All-Inclusive-Angebote Hotel Mocambo in San Benedetto del Tronto","og_description":"Lust auf Urlaub? Die All-Inclusive-Angebote und Alles-Inklusive- Urlaubspakete des Hotel Mocambo in San Benedetto del Tronto ansehen!","og_url":"https:\/\/www.allinclusivehotels.it\/de\/hotels\/hotel-mocambo","og_site_name":"All Inclusive Hotels","article_modified_time":"2022-08-23T14:31:08+00:00","twitter_card":"summary_large_image","twitter_misc":{"Gesch\u00e4tzte Lesezeit":"1\u00a0Minute"},"schema":{"@context":"https:\/\/schema.org","@graph":[{"@type":"WebPage","@id":"https:\/\/www.allinclusivehotels.it\/de\/hotels\/hotel-mocambo","url":"https:\/\/www.allinclusivehotels.it\/de\/hotels\/hotel-mocambo","name":"All-Inclusive-Angebote Hotel Mocambo in San Benedetto del Tronto","isPartOf":{"@id":"https:\/\/www.allinclusivehotels.it\/de#website"},"datePublished":"2022-06-06T13:35:21+00:00","dateModified":"2022-08-23T14:31:08+00:00","description":"Lust auf Urlaub? Die All-Inclusive-Angebote und Alles-Inklusive- Urlaubspakete des Hotel Mocambo in San Benedetto del Tronto ansehen!","breadcrumb":{"@id":"https:\/\/www.allinclusivehotels.it\/de\/hotels\/hotel-mocambo#breadcrumb"},"inLanguage":"de","potentialAction":[{"@type":"ReadAction","target":["https:\/\/www.allinclusivehotels.it\/de\/hotels\/hotel-mocambo"]}]},{"@type":"BreadcrumbList","@id":"https:\/\/www.allinclusivehotels.it\/de\/hotels\/hotel-mocambo#breadcrumb","itemListElement":[{"@type":"ListItem","position":1,"name":"Home","item":"https:\/\/www.allinclusivehotels.it\/de"},{"@type":"ListItem","position":2,"name":"Hotels","item":"https:\/\/www.allinclusivehotels.it\/de\/hotels"},{"@type":"ListItem","position":3,"name":"Hotel Mocambo"}]},{"@type":"WebSite","@id":"https:\/\/www.allinclusivehotels.it\/de#website","url":"https:\/\/www.allinclusivehotels.it\/de","name":"All Inclusive Hotels","description":"","publisher":{"@id":"https:\/\/www.allinclusivehotels.it\/de#organization"},"potentialAction":[{"@type":"SearchAction","target":{"@type":"EntryPoint","urlTemplate":"https:\/\/www.allinclusivehotels.it\/de?s={search_term_string}"},"query-input":{"@type":"PropertyValueSpecification","valueRequired":true,"valueName":"search_term_string"}}],"inLanguage":"de"},{"@type":"Organization","@id":"https:\/\/www.allinclusivehotels.it\/de#organization","name":"All Inclusive Hotels","url":"https:\/\/www.allinclusivehotels.it\/de","logo":{"@type":"ImageObject","inLanguage":"de","@id":"https:\/\/www.allinclusivehotels.it\/de#\/schema\/logo\/image\/","url":"","contentUrl":"","caption":"All Inclusive Hotels"},"image":{"@id":"https:\/\/www.allinclusivehotels.it\/de#\/schema\/logo\/image\/"}}]}},"_links":{"self":[{"href":"https:\/\/www.allinclusivehotels.it\/de\/wp-json\/wp\/v2\/pages\/20562","targetHints":{"allow":["GET"]}}],"collection":[{"href":"https:\/\/www.allinclusivehotels.it\/de\/wp-json\/wp\/v2\/pages"}],"about":[{"href":"https:\/\/www.allinclusivehotels.it\/de\/wp-json\/wp\/v2\/types\/page"}],"author":[{"embeddable":true,"href":"https:\/\/www.allinclusivehotels.it\/de\/wp-json\/wp\/v2\/users\/1"}],"replies":[{"embeddable":true,"href":"https:\/\/www.allinclusivehotels.it\/de\/wp-json\/wp\/v2\/comments?post=20562"}],"version-history":[{"count":6,"href":"https:\/\/www.allinclusivehotels.it\/de\/wp-json\/wp\/v2\/pages\/20562\/revisions"}],"predecessor-version":[{"id":22744,"href":"https:\/\/www.allinclusivehotels.it\/de\/wp-json\/wp\/v2\/pages\/20562\/revisions\/22744"}],"up":[{"embeddable":true,"href":"https:\/\/www.allinclusivehotels.it\/de\/wp-json\/wp\/v2\/pages\/16476"}],"wp:attachment":[{"href":"https:\/\/www.allinclusivehotels.it\/de\/wp-json\/wp\/v2\/media?parent=20562"}],"curies":[{"name":"wp","href":"https:\/\/api.w.org\/{rel}","templated":true}]}}