{"id":18303,"date":"2022-04-12T09:28:33","date_gmt":"2022-04-12T07:28:33","guid":{"rendered":"https:\/\/www.allinclusivehotels.it\/hotels\/hotel-mirage"},"modified":"2022-08-23T16:31:07","modified_gmt":"2022-08-23T14:31:07","slug":"hotel-mirage","status":"publish","type":"page","link":"https:\/\/www.allinclusivehotels.it\/de\/hotels\/hotel-mirage","title":{"rendered":"Hotel Mirage"},"content":{"rendered":"\n<p>Das <b>Hotel Mirage<\/b> im kleinen Badeort <b>Lido di Classe<\/b>  liegt am Meer, ganz in der N\u00e4he von Pinienw\u00e4ldern und Naturstr\u00e4nden. Zum Wohlsein der G\u00e4ste gibt es ein <b>Panorama-Schwimmbad <\/b>auf der 3. Etage mit <b>Unterwassermassage<\/b> und Sonnenterrasse, wo auch Lateinamerikanische T\u00e4nze und Morgengymnastik stattfinden, k\u00f6stliche Drinks in der <b>sch\u00f6nen Amerikanischen Bar <\/b>mit Glas-Terrasse und ein gut ausgestattetes <b>Partner-Strandbad.<\/b><\/p>\n\n\n\n<p><\/p>\n\n\n\n<!--more-->\n\n\n\n<p><\/p>\n\n\n\n<p><b>Kinder<\/b> freuen sich \u00fcber eine Spielzone, Animation, Babydance, und viel Spa\u00df in Freizeitparks mit verbilligtem Eintritt, wie Mirabilandia und Italia in Miniatura.<\/p>\n\n\n\n<p>Die <b>K\u00fcche<\/b> bietet feine romagnolische  und neapolitanische Spezialit\u00e4ten in einem hellen, klimatiserten Speisesaal.<\/p>\n\n\n\n<p>Ihren <b>kleinen Hund<\/b> d\u00fcrfen Sie mitbringen!<\/p>\n","protected":false},"excerpt":{"rendered":"<p>Das Hotel Mirage im kleinen Badeort Lido di Classe liegt am Meer, ganz in der &hellip;<\/p>\n","protected":false},"author":1,"featured_media":0,"parent":16476,"menu_order":0,"comment_status":"closed","ping_status":"closed","template":"page-templates\/scheda_hotel.php","meta":{"_acf_changed":false,"footnotes":""},"class_list":["post-18303","page","type-page","status-publish","hentry"],"acf":[],"yoast_head":"<!-- This site is optimized with the Yoast SEO plugin v27.0 - https:\/\/yoast.com\/product\/yoast-seo-wordpress\/ -->\n<title>All-Inclusive-Angebote Hotel Mirage in Lido di Classe<\/title>\n<meta name=\"description\" content=\"Lust auf Urlaub? Die All-Inclusive-Angebote und Alles-Inklusive- Urlaubspakete des Hotel Mirage in Lido di Classe ansehen!\" \/>\n<meta name=\"robots\" content=\"index, follow, max-snippet:-1, max-image-preview:large, max-video-preview:-1\" \/>\n<link rel=\"canonical\" href=\"https:\/\/www.allinclusivehotels.it\/de\/hotels\/hotel-mirage\" \/>\n<meta property=\"og:locale\" content=\"de_DE\" \/>\n<meta property=\"og:type\" content=\"article\" \/>\n<meta property=\"og:title\" content=\"All-Inclusive-Angebote Hotel Mirage in Lido di Classe\" \/>\n<meta property=\"og:description\" content=\"Lust auf Urlaub? Die All-Inclusive-Angebote und Alles-Inklusive- Urlaubspakete des Hotel Mirage in Lido di Classe ansehen!\" \/>\n<meta property=\"og:url\" content=\"https:\/\/www.allinclusivehotels.it\/de\/hotels\/hotel-mirage\" \/>\n<meta property=\"og:site_name\" content=\"All Inclusive Hotels\" \/>\n<meta property=\"article:modified_time\" content=\"2022-08-23T14:31:07+00:00\" \/>\n<meta name=\"twitter:card\" content=\"summary_large_image\" \/>\n<meta name=\"twitter:label1\" content=\"Gesch\u00e4tzte Lesezeit\" \/>\n\t<meta name=\"twitter:data1\" content=\"1\u00a0Minute\" \/>\n<script type=\"application\/ld+json\" class=\"yoast-schema-graph\">{\"@context\":\"https:\/\/schema.org\",\"@graph\":[{\"@type\":\"WebPage\",\"@id\":\"https:\/\/www.allinclusivehotels.it\/de\/hotels\/hotel-mirage\",\"url\":\"https:\/\/www.allinclusivehotels.it\/de\/hotels\/hotel-mirage\",\"name\":\"All-Inclusive-Angebote Hotel Mirage in Lido di Classe\",\"isPartOf\":{\"@id\":\"https:\/\/www.allinclusivehotels.it\/de#website\"},\"datePublished\":\"2022-04-12T07:28:33+00:00\",\"dateModified\":\"2022-08-23T14:31:07+00:00\",\"description\":\"Lust auf Urlaub? Die All-Inclusive-Angebote und Alles-Inklusive- Urlaubspakete des Hotel Mirage in Lido di Classe ansehen!\",\"breadcrumb\":{\"@id\":\"https:\/\/www.allinclusivehotels.it\/de\/hotels\/hotel-mirage#breadcrumb\"},\"inLanguage\":\"de\",\"potentialAction\":[{\"@type\":\"ReadAction\",\"target\":[\"https:\/\/www.allinclusivehotels.it\/de\/hotels\/hotel-mirage\"]}]},{\"@type\":\"BreadcrumbList\",\"@id\":\"https:\/\/www.allinclusivehotels.it\/de\/hotels\/hotel-mirage#breadcrumb\",\"itemListElement\":[{\"@type\":\"ListItem\",\"position\":1,\"name\":\"Home\",\"item\":\"https:\/\/www.allinclusivehotels.it\/de\"},{\"@type\":\"ListItem\",\"position\":2,\"name\":\"Hotels\",\"item\":\"https:\/\/www.allinclusivehotels.it\/de\/hotels\"},{\"@type\":\"ListItem\",\"position\":3,\"name\":\"Hotel Mirage\"}]},{\"@type\":\"WebSite\",\"@id\":\"https:\/\/www.allinclusivehotels.it\/de#website\",\"url\":\"https:\/\/www.allinclusivehotels.it\/de\",\"name\":\"All Inclusive Hotels\",\"description\":\"\",\"publisher\":{\"@id\":\"https:\/\/www.allinclusivehotels.it\/de#organization\"},\"potentialAction\":[{\"@type\":\"SearchAction\",\"target\":{\"@type\":\"EntryPoint\",\"urlTemplate\":\"https:\/\/www.allinclusivehotels.it\/de?s={search_term_string}\"},\"query-input\":{\"@type\":\"PropertyValueSpecification\",\"valueRequired\":true,\"valueName\":\"search_term_string\"}}],\"inLanguage\":\"de\"},{\"@type\":\"Organization\",\"@id\":\"https:\/\/www.allinclusivehotels.it\/de#organization\",\"name\":\"All Inclusive Hotels\",\"url\":\"https:\/\/www.allinclusivehotels.it\/de\",\"logo\":{\"@type\":\"ImageObject\",\"inLanguage\":\"de\",\"@id\":\"https:\/\/www.allinclusivehotels.it\/de#\/schema\/logo\/image\/\",\"url\":\"\",\"contentUrl\":\"\",\"caption\":\"All Inclusive Hotels\"},\"image\":{\"@id\":\"https:\/\/www.allinclusivehotels.it\/de#\/schema\/logo\/image\/\"}}]}<\/script>\n<!-- \/ Yoast SEO plugin. -->","yoast_head_json":{"title":"All-Inclusive-Angebote Hotel Mirage in Lido di Classe","description":"Lust auf Urlaub? Die All-Inclusive-Angebote und Alles-Inklusive- Urlaubspakete des Hotel Mirage in Lido di Classe ansehen!","robots":{"index":"index","follow":"follow","max-snippet":"max-snippet:-1","max-image-preview":"max-image-preview:large","max-video-preview":"max-video-preview:-1"},"canonical":"https:\/\/www.allinclusivehotels.it\/de\/hotels\/hotel-mirage","og_locale":"de_DE","og_type":"article","og_title":"All-Inclusive-Angebote Hotel Mirage in Lido di Classe","og_description":"Lust auf Urlaub? Die All-Inclusive-Angebote und Alles-Inklusive- Urlaubspakete des Hotel Mirage in Lido di Classe ansehen!","og_url":"https:\/\/www.allinclusivehotels.it\/de\/hotels\/hotel-mirage","og_site_name":"All Inclusive Hotels","article_modified_time":"2022-08-23T14:31:07+00:00","twitter_card":"summary_large_image","twitter_misc":{"Gesch\u00e4tzte Lesezeit":"1\u00a0Minute"},"schema":{"@context":"https:\/\/schema.org","@graph":[{"@type":"WebPage","@id":"https:\/\/www.allinclusivehotels.it\/de\/hotels\/hotel-mirage","url":"https:\/\/www.allinclusivehotels.it\/de\/hotels\/hotel-mirage","name":"All-Inclusive-Angebote Hotel Mirage in Lido di Classe","isPartOf":{"@id":"https:\/\/www.allinclusivehotels.it\/de#website"},"datePublished":"2022-04-12T07:28:33+00:00","dateModified":"2022-08-23T14:31:07+00:00","description":"Lust auf Urlaub? Die All-Inclusive-Angebote und Alles-Inklusive- Urlaubspakete des Hotel Mirage in Lido di Classe ansehen!","breadcrumb":{"@id":"https:\/\/www.allinclusivehotels.it\/de\/hotels\/hotel-mirage#breadcrumb"},"inLanguage":"de","potentialAction":[{"@type":"ReadAction","target":["https:\/\/www.allinclusivehotels.it\/de\/hotels\/hotel-mirage"]}]},{"@type":"BreadcrumbList","@id":"https:\/\/www.allinclusivehotels.it\/de\/hotels\/hotel-mirage#breadcrumb","itemListElement":[{"@type":"ListItem","position":1,"name":"Home","item":"https:\/\/www.allinclusivehotels.it\/de"},{"@type":"ListItem","position":2,"name":"Hotels","item":"https:\/\/www.allinclusivehotels.it\/de\/hotels"},{"@type":"ListItem","position":3,"name":"Hotel Mirage"}]},{"@type":"WebSite","@id":"https:\/\/www.allinclusivehotels.it\/de#website","url":"https:\/\/www.allinclusivehotels.it\/de","name":"All Inclusive Hotels","description":"","publisher":{"@id":"https:\/\/www.allinclusivehotels.it\/de#organization"},"potentialAction":[{"@type":"SearchAction","target":{"@type":"EntryPoint","urlTemplate":"https:\/\/www.allinclusivehotels.it\/de?s={search_term_string}"},"query-input":{"@type":"PropertyValueSpecification","valueRequired":true,"valueName":"search_term_string"}}],"inLanguage":"de"},{"@type":"Organization","@id":"https:\/\/www.allinclusivehotels.it\/de#organization","name":"All Inclusive Hotels","url":"https:\/\/www.allinclusivehotels.it\/de","logo":{"@type":"ImageObject","inLanguage":"de","@id":"https:\/\/www.allinclusivehotels.it\/de#\/schema\/logo\/image\/","url":"","contentUrl":"","caption":"All Inclusive Hotels"},"image":{"@id":"https:\/\/www.allinclusivehotels.it\/de#\/schema\/logo\/image\/"}}]}},"_links":{"self":[{"href":"https:\/\/www.allinclusivehotels.it\/de\/wp-json\/wp\/v2\/pages\/18303","targetHints":{"allow":["GET"]}}],"collection":[{"href":"https:\/\/www.allinclusivehotels.it\/de\/wp-json\/wp\/v2\/pages"}],"about":[{"href":"https:\/\/www.allinclusivehotels.it\/de\/wp-json\/wp\/v2\/types\/page"}],"author":[{"embeddable":true,"href":"https:\/\/www.allinclusivehotels.it\/de\/wp-json\/wp\/v2\/users\/1"}],"replies":[{"embeddable":true,"href":"https:\/\/www.allinclusivehotels.it\/de\/wp-json\/wp\/v2\/comments?post=18303"}],"version-history":[{"count":2,"href":"https:\/\/www.allinclusivehotels.it\/de\/wp-json\/wp\/v2\/pages\/18303\/revisions"}],"predecessor-version":[{"id":22741,"href":"https:\/\/www.allinclusivehotels.it\/de\/wp-json\/wp\/v2\/pages\/18303\/revisions\/22741"}],"up":[{"embeddable":true,"href":"https:\/\/www.allinclusivehotels.it\/de\/wp-json\/wp\/v2\/pages\/16476"}],"wp:attachment":[{"href":"https:\/\/www.allinclusivehotels.it\/de\/wp-json\/wp\/v2\/media?parent=18303"}],"curies":[{"name":"wp","href":"https:\/\/api.w.org\/{rel}","templated":true}]}}