{"id":17451,"date":"2022-03-31T09:10:59","date_gmt":"2022-03-31T07:10:59","guid":{"rendered":"https:\/\/www.allinclusivehotels.it\/hotels\/hotel-napoleon"},"modified":"2022-08-23T16:31:07","modified_gmt":"2022-08-23T14:31:07","slug":"hotel-napoleon-2","status":"publish","type":"page","link":"https:\/\/www.allinclusivehotels.it\/de\/hotels\/hotel-napoleon-2","title":{"rendered":"Hotel Napoleon"},"content":{"rendered":"\n<p>Dem Meer gegen\u00fcber im anmutigen Ort <b>Gabicce Mare,<\/b> am Fu\u00df gr\u00fcner H\u00fcgel, l\u00e4dt Sie das <b>Hotel Napoleon<\/b> zu einem sch\u00f6nen, erholsamen Urlaub ein.<\/p>\n\n\n\n<p>Es hat einen <b>direkten Zugang zum<\/b> <b>Partner-Strandbad<\/b> (bequemer ungef\u00e4hrlicher Sandstrand), wo <b>ein Sonnenschirm und 2 Liegen<\/b> f\u00fcr Sie reserviert sind, und auch ein <b>tolles Schwimmbad auf dem Dach. <\/b>Am Abend ist das Gebiet <b>Fu\u00dfg\u00e4ngerzone.<\/b><\/p>\n\n\n\n<p><\/p>\n\n\n\n<!--more-->\n\n\n\n<p><\/p>\n\n\n\n<p>Ihnen steht ein <b>kostenloser Parkplatz <\/b> zur Verf\u00fcgung; auch eine <b>private Garage<\/b> ist vorhanden. Mit <b>kostenlosen Leihfahrr\u00e4dern<\/b> k\u00f6nnen Sie auf angenehmste Weise die Umgebung erkunden. <b>WLAN<\/b> gibt es auch unterm Sonnenschirm am Strand.<\/p>\n\n\n\n<p>Die Kinder haben eine <b>Spielzone<\/b> im Hotel, einen <b>f\u00fcr 3- bis 10-J\u00e4hrige ausger\u00fcsteten Bereich am Strand <\/b>und ein <b>Animationsteam,<\/b> das f\u00fcr Unterhaltung sorgt.<\/p>\n\n\n\n<p>Gelegenheiten, Ihr Wohlbefinden zu steigern, finden Sie im Hotel Napoleon reichlich: das <b>Dachschwimmbad<\/b> hat einen <b>Jacuzzi-Whirlpool<\/b> und eine gro\u00dfe <b>Sonnenterrasse,<\/b> von der der Blick \u00fcber die Bucht bis zum Monte San Bartolo schweift; entspannende <b>Massagen<\/b> und <b>Br\u00e4unung auf der Sonnenbank<\/b> werden geboten; im <b>Fitness-Raum<\/b> k\u00f6nnen Sie sich in Form bringen.<\/p>\n\n\n\n<p>Sie haben auch die M\u00f6glichkeit,<\/p>\n\n\n\n<p>die sch\u00f6ne K\u00fcste zwischen Gabicce und Pesaro auf besonders intensive Weise zu erleben. In Zusammenarbeit mit einem Wassersportverein bieten wir<b> Segelboot-Ausfl\u00fcge <\/b>an: einen halben, einen ganzen Tag oder auch ein Wochenende (Samstag und Sonntag) lang; Sie k\u00f6nnen auch &quot;Kapit\u00e4n f\u00fcr einen Tag&quot; sein und an Mini-Segelkursen teilnehmen.<\/p>\n","protected":false},"excerpt":{"rendered":"<p>Dem Meer gegen\u00fcber im anmutigen Ort Gabicce Mare, am Fu\u00df gr\u00fcner H\u00fcgel, l\u00e4dt Sie das &hellip;<\/p>\n","protected":false},"author":1,"featured_media":0,"parent":16476,"menu_order":0,"comment_status":"closed","ping_status":"closed","template":"page-templates\/scheda_hotel.php","meta":{"_acf_changed":false,"footnotes":""},"class_list":["post-17451","page","type-page","status-publish","hentry"],"acf":[],"yoast_head":"<!-- This site is optimized with the Yoast SEO plugin v27.0 - https:\/\/yoast.com\/product\/yoast-seo-wordpress\/ -->\n<title>All-Inclusive-Angebote Hotel Napoleon in Gabicce<\/title>\n<meta name=\"description\" content=\"Lust auf Urlaub? Die All-Inclusive-Angebote und Alles-Inklusive- Urlaubspakete des Hotel Napoleon in Gabicce ansehen!\" \/>\n<meta name=\"robots\" content=\"index, follow, max-snippet:-1, max-image-preview:large, max-video-preview:-1\" \/>\n<link rel=\"canonical\" href=\"https:\/\/www.allinclusivehotels.it\/de\/hotels\/hotel-napoleon-2\" \/>\n<meta property=\"og:locale\" content=\"de_DE\" \/>\n<meta property=\"og:type\" content=\"article\" \/>\n<meta property=\"og:title\" content=\"All-Inclusive-Angebote Hotel Napoleon in Gabicce\" \/>\n<meta property=\"og:description\" content=\"Lust auf Urlaub? Die All-Inclusive-Angebote und Alles-Inklusive- Urlaubspakete des Hotel Napoleon in Gabicce ansehen!\" \/>\n<meta property=\"og:url\" content=\"https:\/\/www.allinclusivehotels.it\/de\/hotels\/hotel-napoleon-2\" \/>\n<meta property=\"og:site_name\" content=\"All Inclusive Hotels\" \/>\n<meta property=\"article:modified_time\" content=\"2022-08-23T14:31:07+00:00\" \/>\n<meta name=\"twitter:card\" content=\"summary_large_image\" \/>\n<meta name=\"twitter:label1\" content=\"Gesch\u00e4tzte Lesezeit\" \/>\n\t<meta name=\"twitter:data1\" content=\"1\u00a0Minute\" \/>\n<script type=\"application\/ld+json\" class=\"yoast-schema-graph\">{\"@context\":\"https:\/\/schema.org\",\"@graph\":[{\"@type\":\"WebPage\",\"@id\":\"https:\/\/www.allinclusivehotels.it\/de\/hotels\/hotel-napoleon-2\",\"url\":\"https:\/\/www.allinclusivehotels.it\/de\/hotels\/hotel-napoleon-2\",\"name\":\"All-Inclusive-Angebote Hotel Napoleon in Gabicce\",\"isPartOf\":{\"@id\":\"https:\/\/www.allinclusivehotels.it\/de#website\"},\"datePublished\":\"2022-03-31T07:10:59+00:00\",\"dateModified\":\"2022-08-23T14:31:07+00:00\",\"description\":\"Lust auf Urlaub? Die All-Inclusive-Angebote und Alles-Inklusive- Urlaubspakete des Hotel Napoleon in Gabicce ansehen!\",\"breadcrumb\":{\"@id\":\"https:\/\/www.allinclusivehotels.it\/de\/hotels\/hotel-napoleon-2#breadcrumb\"},\"inLanguage\":\"de\",\"potentialAction\":[{\"@type\":\"ReadAction\",\"target\":[\"https:\/\/www.allinclusivehotels.it\/de\/hotels\/hotel-napoleon-2\"]}]},{\"@type\":\"BreadcrumbList\",\"@id\":\"https:\/\/www.allinclusivehotels.it\/de\/hotels\/hotel-napoleon-2#breadcrumb\",\"itemListElement\":[{\"@type\":\"ListItem\",\"position\":1,\"name\":\"Home\",\"item\":\"https:\/\/www.allinclusivehotels.it\/de\"},{\"@type\":\"ListItem\",\"position\":2,\"name\":\"Hotels\",\"item\":\"https:\/\/www.allinclusivehotels.it\/de\/hotels\"},{\"@type\":\"ListItem\",\"position\":3,\"name\":\"Hotel Napoleon\"}]},{\"@type\":\"WebSite\",\"@id\":\"https:\/\/www.allinclusivehotels.it\/de#website\",\"url\":\"https:\/\/www.allinclusivehotels.it\/de\",\"name\":\"All Inclusive Hotels\",\"description\":\"\",\"publisher\":{\"@id\":\"https:\/\/www.allinclusivehotels.it\/de#organization\"},\"potentialAction\":[{\"@type\":\"SearchAction\",\"target\":{\"@type\":\"EntryPoint\",\"urlTemplate\":\"https:\/\/www.allinclusivehotels.it\/de?s={search_term_string}\"},\"query-input\":{\"@type\":\"PropertyValueSpecification\",\"valueRequired\":true,\"valueName\":\"search_term_string\"}}],\"inLanguage\":\"de\"},{\"@type\":\"Organization\",\"@id\":\"https:\/\/www.allinclusivehotels.it\/de#organization\",\"name\":\"All Inclusive Hotels\",\"url\":\"https:\/\/www.allinclusivehotels.it\/de\",\"logo\":{\"@type\":\"ImageObject\",\"inLanguage\":\"de\",\"@id\":\"https:\/\/www.allinclusivehotels.it\/de#\/schema\/logo\/image\/\",\"url\":\"\",\"contentUrl\":\"\",\"caption\":\"All Inclusive Hotels\"},\"image\":{\"@id\":\"https:\/\/www.allinclusivehotels.it\/de#\/schema\/logo\/image\/\"}}]}<\/script>\n<!-- \/ Yoast SEO plugin. -->","yoast_head_json":{"title":"All-Inclusive-Angebote Hotel Napoleon in Gabicce","description":"Lust auf Urlaub? Die All-Inclusive-Angebote und Alles-Inklusive- Urlaubspakete des Hotel Napoleon in Gabicce ansehen!","robots":{"index":"index","follow":"follow","max-snippet":"max-snippet:-1","max-image-preview":"max-image-preview:large","max-video-preview":"max-video-preview:-1"},"canonical":"https:\/\/www.allinclusivehotels.it\/de\/hotels\/hotel-napoleon-2","og_locale":"de_DE","og_type":"article","og_title":"All-Inclusive-Angebote Hotel Napoleon in Gabicce","og_description":"Lust auf Urlaub? Die All-Inclusive-Angebote und Alles-Inklusive- Urlaubspakete des Hotel Napoleon in Gabicce ansehen!","og_url":"https:\/\/www.allinclusivehotels.it\/de\/hotels\/hotel-napoleon-2","og_site_name":"All Inclusive Hotels","article_modified_time":"2022-08-23T14:31:07+00:00","twitter_card":"summary_large_image","twitter_misc":{"Gesch\u00e4tzte Lesezeit":"1\u00a0Minute"},"schema":{"@context":"https:\/\/schema.org","@graph":[{"@type":"WebPage","@id":"https:\/\/www.allinclusivehotels.it\/de\/hotels\/hotel-napoleon-2","url":"https:\/\/www.allinclusivehotels.it\/de\/hotels\/hotel-napoleon-2","name":"All-Inclusive-Angebote Hotel Napoleon in Gabicce","isPartOf":{"@id":"https:\/\/www.allinclusivehotels.it\/de#website"},"datePublished":"2022-03-31T07:10:59+00:00","dateModified":"2022-08-23T14:31:07+00:00","description":"Lust auf Urlaub? Die All-Inclusive-Angebote und Alles-Inklusive- Urlaubspakete des Hotel Napoleon in Gabicce ansehen!","breadcrumb":{"@id":"https:\/\/www.allinclusivehotels.it\/de\/hotels\/hotel-napoleon-2#breadcrumb"},"inLanguage":"de","potentialAction":[{"@type":"ReadAction","target":["https:\/\/www.allinclusivehotels.it\/de\/hotels\/hotel-napoleon-2"]}]},{"@type":"BreadcrumbList","@id":"https:\/\/www.allinclusivehotels.it\/de\/hotels\/hotel-napoleon-2#breadcrumb","itemListElement":[{"@type":"ListItem","position":1,"name":"Home","item":"https:\/\/www.allinclusivehotels.it\/de"},{"@type":"ListItem","position":2,"name":"Hotels","item":"https:\/\/www.allinclusivehotels.it\/de\/hotels"},{"@type":"ListItem","position":3,"name":"Hotel Napoleon"}]},{"@type":"WebSite","@id":"https:\/\/www.allinclusivehotels.it\/de#website","url":"https:\/\/www.allinclusivehotels.it\/de","name":"All Inclusive Hotels","description":"","publisher":{"@id":"https:\/\/www.allinclusivehotels.it\/de#organization"},"potentialAction":[{"@type":"SearchAction","target":{"@type":"EntryPoint","urlTemplate":"https:\/\/www.allinclusivehotels.it\/de?s={search_term_string}"},"query-input":{"@type":"PropertyValueSpecification","valueRequired":true,"valueName":"search_term_string"}}],"inLanguage":"de"},{"@type":"Organization","@id":"https:\/\/www.allinclusivehotels.it\/de#organization","name":"All Inclusive Hotels","url":"https:\/\/www.allinclusivehotels.it\/de","logo":{"@type":"ImageObject","inLanguage":"de","@id":"https:\/\/www.allinclusivehotels.it\/de#\/schema\/logo\/image\/","url":"","contentUrl":"","caption":"All Inclusive Hotels"},"image":{"@id":"https:\/\/www.allinclusivehotels.it\/de#\/schema\/logo\/image\/"}}]}},"_links":{"self":[{"href":"https:\/\/www.allinclusivehotels.it\/de\/wp-json\/wp\/v2\/pages\/17451","targetHints":{"allow":["GET"]}}],"collection":[{"href":"https:\/\/www.allinclusivehotels.it\/de\/wp-json\/wp\/v2\/pages"}],"about":[{"href":"https:\/\/www.allinclusivehotels.it\/de\/wp-json\/wp\/v2\/types\/page"}],"author":[{"embeddable":true,"href":"https:\/\/www.allinclusivehotels.it\/de\/wp-json\/wp\/v2\/users\/1"}],"replies":[{"embeddable":true,"href":"https:\/\/www.allinclusivehotels.it\/de\/wp-json\/wp\/v2\/comments?post=17451"}],"version-history":[{"count":5,"href":"https:\/\/www.allinclusivehotels.it\/de\/wp-json\/wp\/v2\/pages\/17451\/revisions"}],"predecessor-version":[{"id":22739,"href":"https:\/\/www.allinclusivehotels.it\/de\/wp-json\/wp\/v2\/pages\/17451\/revisions\/22739"}],"up":[{"embeddable":true,"href":"https:\/\/www.allinclusivehotels.it\/de\/wp-json\/wp\/v2\/pages\/16476"}],"wp:attachment":[{"href":"https:\/\/www.allinclusivehotels.it\/de\/wp-json\/wp\/v2\/media?parent=17451"}],"curies":[{"name":"wp","href":"https:\/\/api.w.org\/{rel}","templated":true}]}}