{"id":17275,"date":"2022-03-29T13:50:46","date_gmt":"2022-03-29T11:50:46","guid":{"rendered":"https:\/\/www.allinclusivehotels.it\/?page_id=17275"},"modified":"2022-03-29T13:51:17","modified_gmt":"2022-03-29T11:51:17","slug":"varazze","status":"publish","type":"page","link":"https:\/\/www.allinclusivehotels.it\/de\/urlaubsziele\/ligurien\/varazze","title":{"rendered":"Varazze"},"content":{"rendered":"\n<p>Das sch\u00f6ne charakteristische St\u00e4dtchen <strong>Varazze<\/strong> liegt in Ligurien, in der Provinz Savona. Gr\u00fcne, mit typischer Mittelmeervegation bestandene H\u00fcgel rahmen den <strong>goldfarbenen Sandstrand<\/strong> ein. Das Meerwasser ist kristallklar und wurde mehrmals mit der<strong> Blauen Flagge<\/strong> ausgezeichnet.<br><br>Au\u00dfer der sch\u00f6nen Landschaft erhielt Varazze von der Natur auch ein\u00a0 angenehm mildes Klima; kein Wunder, dass es bei Familien mit Kindern, Paaren und Gruppen von Freund*innen ein zu jeder Jahreszeit beliebtes Reiseziel ist. In den <strong>All-Inclusive-Hotels in Varazze<\/strong> finden sie den umfassenden Service f\u00fcr einen erholsamen, sorgenfreien Urlaub.<\/p>\n\n\n\n<!--more-->\n\n\n\n<p>Varazze liegt im <strong>Parco Naturale Regionale del Beigua<\/strong> ; Outdoor-Freunde finden hier ein faszinierendes <strong>bergiges Wandergebiet<\/strong>. Von der Stadtmitte f\u00fchrt ein Spazierweg hinauf zur Wallfahrtskirche <strong>Santuario di Nostra Signora della Guardia;<\/strong> eine herrliche Aussicht aufs Meer belohnt Sie f\u00fcr die M\u00fche.<\/p>\n\n\n\n<p><br>Genie\u00dfen Sie das mediterrane Flair der Altstadt mit ihren Kirchen, historischen Pal\u00e4sten, kleinen Gassen und pastellfarbenen Fassaden.<\/p>\n\n\n\n<p><br>Vom Fu\u00df- und Radweg an der Strandpromenade <strong>Lungomare Europa <\/strong>bewundern Sie auf der einen Seite die typische Vegetation, auf der anderen das blaue ligurische Meer. Am Sporthafen <strong>Marina di Varazze <\/strong>laden charakteristische Lokale zu einer Pause ein. Nachtschw\u00e4rmer treffen sich dort in der <strong>Discoteca Aegua<\/strong>.<\/p>\n","protected":false},"excerpt":{"rendered":"<p>Das sch\u00f6ne charakteristische St\u00e4dtchen Varazze liegt in Ligurien, in der Provinz Savona. Gr\u00fcne, mit typischer &hellip;<\/p>\n","protected":false},"author":1,"featured_media":0,"parent":16918,"menu_order":0,"comment_status":"closed","ping_status":"closed","template":"page-templates\/destinazione.php","meta":{"_acf_changed":false,"footnotes":""},"class_list":["post-17275","page","type-page","status-publish","hentry"],"acf":[],"yoast_head":"<!-- This site is optimized with the Yoast SEO plugin v27.0 - https:\/\/yoast.com\/product\/yoast-seo-wordpress\/ -->\n<title>Varazze - All Inclusive Hotels<\/title>\n<meta name=\"robots\" content=\"index, follow, max-snippet:-1, max-image-preview:large, max-video-preview:-1\" \/>\n<link rel=\"canonical\" href=\"https:\/\/www.allinclusivehotels.it\/de\/urlaubsziele\/ligurien\/varazze\" \/>\n<meta property=\"og:locale\" content=\"de_DE\" \/>\n<meta property=\"og:type\" content=\"article\" \/>\n<meta property=\"og:title\" content=\"Varazze - All Inclusive Hotels\" \/>\n<meta property=\"og:description\" content=\"Das sch\u00f6ne charakteristische St\u00e4dtchen Varazze liegt in Ligurien, in der Provinz Savona. Gr\u00fcne, mit typischer &hellip;\" \/>\n<meta property=\"og:url\" content=\"https:\/\/www.allinclusivehotels.it\/de\/urlaubsziele\/ligurien\/varazze\" \/>\n<meta property=\"og:site_name\" content=\"All Inclusive Hotels\" \/>\n<meta property=\"article:modified_time\" content=\"2022-03-29T11:51:17+00:00\" \/>\n<meta name=\"twitter:card\" content=\"summary_large_image\" \/>\n<meta name=\"twitter:label1\" content=\"Gesch\u00e4tzte Lesezeit\" \/>\n\t<meta name=\"twitter:data1\" content=\"1\u00a0Minute\" \/>\n<script type=\"application\/ld+json\" class=\"yoast-schema-graph\">{\"@context\":\"https:\/\/schema.org\",\"@graph\":[{\"@type\":\"WebPage\",\"@id\":\"https:\/\/www.allinclusivehotels.it\/de\/urlaubsziele\/ligurien\/varazze\",\"url\":\"https:\/\/www.allinclusivehotels.it\/de\/urlaubsziele\/ligurien\/varazze\",\"name\":\"Varazze - All Inclusive Hotels\",\"isPartOf\":{\"@id\":\"https:\/\/www.allinclusivehotels.it\/de#website\"},\"datePublished\":\"2022-03-29T11:50:46+00:00\",\"dateModified\":\"2022-03-29T11:51:17+00:00\",\"breadcrumb\":{\"@id\":\"https:\/\/www.allinclusivehotels.it\/de\/urlaubsziele\/ligurien\/varazze#breadcrumb\"},\"inLanguage\":\"de\",\"potentialAction\":[{\"@type\":\"ReadAction\",\"target\":[\"https:\/\/www.allinclusivehotels.it\/de\/urlaubsziele\/ligurien\/varazze\"]}]},{\"@type\":\"BreadcrumbList\",\"@id\":\"https:\/\/www.allinclusivehotels.it\/de\/urlaubsziele\/ligurien\/varazze#breadcrumb\",\"itemListElement\":[{\"@type\":\"ListItem\",\"position\":1,\"name\":\"Home\",\"item\":\"https:\/\/www.allinclusivehotels.it\/de\"},{\"@type\":\"ListItem\",\"position\":2,\"name\":\"Urlaubsziele\",\"item\":\"https:\/\/www.allinclusivehotels.it\/de\/urlaubsziele\"},{\"@type\":\"ListItem\",\"position\":3,\"name\":\"Ligurien\",\"item\":\"https:\/\/www.allinclusivehotels.it\/de\/urlaubsziele\/ligurien\"},{\"@type\":\"ListItem\",\"position\":4,\"name\":\"Varazze\"}]},{\"@type\":\"WebSite\",\"@id\":\"https:\/\/www.allinclusivehotels.it\/de#website\",\"url\":\"https:\/\/www.allinclusivehotels.it\/de\",\"name\":\"All Inclusive Hotels\",\"description\":\"\",\"publisher\":{\"@id\":\"https:\/\/www.allinclusivehotels.it\/de#organization\"},\"potentialAction\":[{\"@type\":\"SearchAction\",\"target\":{\"@type\":\"EntryPoint\",\"urlTemplate\":\"https:\/\/www.allinclusivehotels.it\/de?s={search_term_string}\"},\"query-input\":{\"@type\":\"PropertyValueSpecification\",\"valueRequired\":true,\"valueName\":\"search_term_string\"}}],\"inLanguage\":\"de\"},{\"@type\":\"Organization\",\"@id\":\"https:\/\/www.allinclusivehotels.it\/de#organization\",\"name\":\"All Inclusive Hotels\",\"url\":\"https:\/\/www.allinclusivehotels.it\/de\",\"logo\":{\"@type\":\"ImageObject\",\"inLanguage\":\"de\",\"@id\":\"https:\/\/www.allinclusivehotels.it\/de#\/schema\/logo\/image\/\",\"url\":\"\",\"contentUrl\":\"\",\"caption\":\"All Inclusive Hotels\"},\"image\":{\"@id\":\"https:\/\/www.allinclusivehotels.it\/de#\/schema\/logo\/image\/\"}}]}<\/script>\n<!-- \/ Yoast SEO plugin. -->","yoast_head_json":{"title":"Varazze - All Inclusive Hotels","robots":{"index":"index","follow":"follow","max-snippet":"max-snippet:-1","max-image-preview":"max-image-preview:large","max-video-preview":"max-video-preview:-1"},"canonical":"https:\/\/www.allinclusivehotels.it\/de\/urlaubsziele\/ligurien\/varazze","og_locale":"de_DE","og_type":"article","og_title":"Varazze - All Inclusive Hotels","og_description":"Das sch\u00f6ne charakteristische St\u00e4dtchen Varazze liegt in Ligurien, in der Provinz Savona. Gr\u00fcne, mit typischer &hellip;","og_url":"https:\/\/www.allinclusivehotels.it\/de\/urlaubsziele\/ligurien\/varazze","og_site_name":"All Inclusive Hotels","article_modified_time":"2022-03-29T11:51:17+00:00","twitter_card":"summary_large_image","twitter_misc":{"Gesch\u00e4tzte Lesezeit":"1\u00a0Minute"},"schema":{"@context":"https:\/\/schema.org","@graph":[{"@type":"WebPage","@id":"https:\/\/www.allinclusivehotels.it\/de\/urlaubsziele\/ligurien\/varazze","url":"https:\/\/www.allinclusivehotels.it\/de\/urlaubsziele\/ligurien\/varazze","name":"Varazze - All Inclusive Hotels","isPartOf":{"@id":"https:\/\/www.allinclusivehotels.it\/de#website"},"datePublished":"2022-03-29T11:50:46+00:00","dateModified":"2022-03-29T11:51:17+00:00","breadcrumb":{"@id":"https:\/\/www.allinclusivehotels.it\/de\/urlaubsziele\/ligurien\/varazze#breadcrumb"},"inLanguage":"de","potentialAction":[{"@type":"ReadAction","target":["https:\/\/www.allinclusivehotels.it\/de\/urlaubsziele\/ligurien\/varazze"]}]},{"@type":"BreadcrumbList","@id":"https:\/\/www.allinclusivehotels.it\/de\/urlaubsziele\/ligurien\/varazze#breadcrumb","itemListElement":[{"@type":"ListItem","position":1,"name":"Home","item":"https:\/\/www.allinclusivehotels.it\/de"},{"@type":"ListItem","position":2,"name":"Urlaubsziele","item":"https:\/\/www.allinclusivehotels.it\/de\/urlaubsziele"},{"@type":"ListItem","position":3,"name":"Ligurien","item":"https:\/\/www.allinclusivehotels.it\/de\/urlaubsziele\/ligurien"},{"@type":"ListItem","position":4,"name":"Varazze"}]},{"@type":"WebSite","@id":"https:\/\/www.allinclusivehotels.it\/de#website","url":"https:\/\/www.allinclusivehotels.it\/de","name":"All Inclusive Hotels","description":"","publisher":{"@id":"https:\/\/www.allinclusivehotels.it\/de#organization"},"potentialAction":[{"@type":"SearchAction","target":{"@type":"EntryPoint","urlTemplate":"https:\/\/www.allinclusivehotels.it\/de?s={search_term_string}"},"query-input":{"@type":"PropertyValueSpecification","valueRequired":true,"valueName":"search_term_string"}}],"inLanguage":"de"},{"@type":"Organization","@id":"https:\/\/www.allinclusivehotels.it\/de#organization","name":"All Inclusive Hotels","url":"https:\/\/www.allinclusivehotels.it\/de","logo":{"@type":"ImageObject","inLanguage":"de","@id":"https:\/\/www.allinclusivehotels.it\/de#\/schema\/logo\/image\/","url":"","contentUrl":"","caption":"All Inclusive Hotels"},"image":{"@id":"https:\/\/www.allinclusivehotels.it\/de#\/schema\/logo\/image\/"}}]}},"_links":{"self":[{"href":"https:\/\/www.allinclusivehotels.it\/de\/wp-json\/wp\/v2\/pages\/17275","targetHints":{"allow":["GET"]}}],"collection":[{"href":"https:\/\/www.allinclusivehotels.it\/de\/wp-json\/wp\/v2\/pages"}],"about":[{"href":"https:\/\/www.allinclusivehotels.it\/de\/wp-json\/wp\/v2\/types\/page"}],"author":[{"embeddable":true,"href":"https:\/\/www.allinclusivehotels.it\/de\/wp-json\/wp\/v2\/users\/1"}],"replies":[{"embeddable":true,"href":"https:\/\/www.allinclusivehotels.it\/de\/wp-json\/wp\/v2\/comments?post=17275"}],"version-history":[{"count":4,"href":"https:\/\/www.allinclusivehotels.it\/de\/wp-json\/wp\/v2\/pages\/17275\/revisions"}],"predecessor-version":[{"id":17280,"href":"https:\/\/www.allinclusivehotels.it\/de\/wp-json\/wp\/v2\/pages\/17275\/revisions\/17280"}],"up":[{"embeddable":true,"href":"https:\/\/www.allinclusivehotels.it\/de\/wp-json\/wp\/v2\/pages\/16918"}],"wp:attachment":[{"href":"https:\/\/www.allinclusivehotels.it\/de\/wp-json\/wp\/v2\/media?parent=17275"}],"curies":[{"name":"wp","href":"https:\/\/api.w.org\/{rel}","templated":true}]}}