{"id":17271,"date":"2022-03-29T13:48:13","date_gmt":"2022-03-29T11:48:13","guid":{"rendered":"https:\/\/www.allinclusivehotels.it\/?page_id=17271"},"modified":"2022-03-29T13:49:17","modified_gmt":"2022-03-29T11:49:17","slug":"pejo","status":"publish","type":"page","link":"https:\/\/www.allinclusivehotels.it\/de\/urlaubsziele\/trentino-und-suedtirol\/pejo","title":{"rendered":"Pejo"},"content":{"rendered":"\n<p>Der kleine Ort<strong> Pejo<\/strong> hat eine anmutige Lage auf ca. 1.200 m H\u00f6he im <strong>Nationalpark Stilfser Joch<\/strong>, ideal f\u00fcr einen erholsamen All-Inclusive-Urlaub in engem Kontakt mit der Natur.<br>Allein die Sinneseindr\u00fccke, der Anblick der Berge, die Stille, die reine Luft bewirken schon <strong>Entspannung <\/strong>und <strong>Wohlgef\u00fchl<\/strong>. F\u00fcr Freunde von <strong>Outdoor-Aktivit\u00e4ten<\/strong> ist das <strong>Tal von Pejo<\/strong> schlichtweg ein idealer Ort. Ein <strong>All-Inclusive-Hotel in Pejo<\/strong> teilt seine profunde Kenntnis der Gegend mit Ihnen und versorgt Sie mit passenden Serviceleistungen, die im Preis enthalten sind.<\/p>\n\n\n\n<!--more-->\n\n\n\n<p><strong>Sch\u00f6ne Wanderungen<\/strong> in der <strong>Umgebung von Pejo<\/strong> f\u00fchren beispielsweise zum von hohen Gipfeln umgebenen See <strong>Lago di Pian Pal\u00f9<\/strong>, zum See <strong>Lago di Covel<\/strong> und zu den nahe gelegenen Wasserf\u00e4llen des Rio Voz, oder, nur f\u00fcr erfahrene Bergwanderer, zur <strong>Mantova-H\u00fctte<\/strong> auf 3.535 m H\u00f6he. Nach der R\u00fcckkehr von so einer fordernden Tour bringt Ihnen ein Besuch der <strong>Thermen von Pejo<\/strong> \u2013 der Ort ist auch f\u00fcr seine Heilquellen bekannt \u2013 wohlige Entspannung.<br><br><strong>Geschichtsinteressierte<\/strong>&nbsp; k\u00f6nnen Wegen durch die Berge folgen, die von den Soldaten des Ersten Weltkriegs benutzt wurden.&nbsp; Den &#8220;Gro\u00dfen Krieg&#8221; thematisiert auch ein Museum im Ortszentrum. Einem friedlicheren Thema kann man im malerischen \u00d6rtchen <strong>Ossana <\/strong>folgen, dem<strong> &#8220;Dorf der 1.000 Weihnachtskrippen&#8221;<\/strong>, mit welchen es sich zu gegebener Zeit schm\u00fcckt. Es liegt 11 km entfernt und hat auch eine sehenswerte Burg.<br><br>Im <strong>All-Inclusive-Hotel in Pejo<\/strong> werden Sie mit <strong>typischer trentiner K\u00fcche <\/strong>verk\u00f6stigt. Noch typischer ist die <strong>K\u00e4serei, die Sie im Ort besichtigen k\u00f6nnen<\/strong>. Es ist die l<strong>etzte, von den beteiligten Landwirten anteilsgem\u00e4\u00df genutzte K\u00e4serei des Trentino,<\/strong> und arbeitet mit historischen Techniken.<\/p>\n","protected":false},"excerpt":{"rendered":"<p>Der kleine Ort Pejo hat eine anmutige Lage auf ca. 1.200 m H\u00f6he im Nationalpark &hellip;<\/p>\n","protected":false},"author":1,"featured_media":0,"parent":16830,"menu_order":0,"comment_status":"closed","ping_status":"closed","template":"page-templates\/destinazione.php","meta":{"_acf_changed":false,"footnotes":""},"class_list":["post-17271","page","type-page","status-publish","hentry"],"acf":[],"yoast_head":"<!-- This site is optimized with the Yoast SEO plugin v27.0 - https:\/\/yoast.com\/product\/yoast-seo-wordpress\/ -->\n<title>Pejo - All Inclusive Hotels<\/title>\n<meta name=\"robots\" content=\"index, follow, max-snippet:-1, max-image-preview:large, max-video-preview:-1\" \/>\n<link rel=\"canonical\" href=\"https:\/\/www.allinclusivehotels.it\/de\/urlaubsziele\/trentino-und-suedtirol\/pejo\" \/>\n<meta property=\"og:locale\" content=\"de_DE\" \/>\n<meta property=\"og:type\" content=\"article\" \/>\n<meta property=\"og:title\" content=\"Pejo - All Inclusive Hotels\" \/>\n<meta property=\"og:description\" content=\"Der kleine Ort Pejo hat eine anmutige Lage auf ca. 1.200 m H\u00f6he im Nationalpark &hellip;\" \/>\n<meta property=\"og:url\" content=\"https:\/\/www.allinclusivehotels.it\/de\/urlaubsziele\/trentino-und-suedtirol\/pejo\" \/>\n<meta property=\"og:site_name\" content=\"All Inclusive Hotels\" \/>\n<meta property=\"article:modified_time\" content=\"2022-03-29T11:49:17+00:00\" \/>\n<meta name=\"twitter:card\" content=\"summary_large_image\" \/>\n<meta name=\"twitter:label1\" content=\"Gesch\u00e4tzte Lesezeit\" \/>\n\t<meta name=\"twitter:data1\" content=\"2\u00a0Minuten\" \/>\n<script type=\"application\/ld+json\" class=\"yoast-schema-graph\">{\"@context\":\"https:\/\/schema.org\",\"@graph\":[{\"@type\":\"WebPage\",\"@id\":\"https:\/\/www.allinclusivehotels.it\/de\/urlaubsziele\/trentino-und-suedtirol\/pejo\",\"url\":\"https:\/\/www.allinclusivehotels.it\/de\/urlaubsziele\/trentino-und-suedtirol\/pejo\",\"name\":\"Pejo - All Inclusive Hotels\",\"isPartOf\":{\"@id\":\"https:\/\/www.allinclusivehotels.it\/de#website\"},\"datePublished\":\"2022-03-29T11:48:13+00:00\",\"dateModified\":\"2022-03-29T11:49:17+00:00\",\"breadcrumb\":{\"@id\":\"https:\/\/www.allinclusivehotels.it\/de\/urlaubsziele\/trentino-und-suedtirol\/pejo#breadcrumb\"},\"inLanguage\":\"de\",\"potentialAction\":[{\"@type\":\"ReadAction\",\"target\":[\"https:\/\/www.allinclusivehotels.it\/de\/urlaubsziele\/trentino-und-suedtirol\/pejo\"]}]},{\"@type\":\"BreadcrumbList\",\"@id\":\"https:\/\/www.allinclusivehotels.it\/de\/urlaubsziele\/trentino-und-suedtirol\/pejo#breadcrumb\",\"itemListElement\":[{\"@type\":\"ListItem\",\"position\":1,\"name\":\"Home\",\"item\":\"https:\/\/www.allinclusivehotels.it\/de\"},{\"@type\":\"ListItem\",\"position\":2,\"name\":\"Urlaubsziele\",\"item\":\"https:\/\/www.allinclusivehotels.it\/de\/urlaubsziele\"},{\"@type\":\"ListItem\",\"position\":3,\"name\":\"Trentino und S\u00fcdtirol\",\"item\":\"https:\/\/www.allinclusivehotels.it\/de\/urlaubsziele\/trentino-und-suedtirol\"},{\"@type\":\"ListItem\",\"position\":4,\"name\":\"Pejo\"}]},{\"@type\":\"WebSite\",\"@id\":\"https:\/\/www.allinclusivehotels.it\/de#website\",\"url\":\"https:\/\/www.allinclusivehotels.it\/de\",\"name\":\"All Inclusive Hotels\",\"description\":\"\",\"publisher\":{\"@id\":\"https:\/\/www.allinclusivehotels.it\/de#organization\"},\"potentialAction\":[{\"@type\":\"SearchAction\",\"target\":{\"@type\":\"EntryPoint\",\"urlTemplate\":\"https:\/\/www.allinclusivehotels.it\/de?s={search_term_string}\"},\"query-input\":{\"@type\":\"PropertyValueSpecification\",\"valueRequired\":true,\"valueName\":\"search_term_string\"}}],\"inLanguage\":\"de\"},{\"@type\":\"Organization\",\"@id\":\"https:\/\/www.allinclusivehotels.it\/de#organization\",\"name\":\"All Inclusive Hotels\",\"url\":\"https:\/\/www.allinclusivehotels.it\/de\",\"logo\":{\"@type\":\"ImageObject\",\"inLanguage\":\"de\",\"@id\":\"https:\/\/www.allinclusivehotels.it\/de#\/schema\/logo\/image\/\",\"url\":\"\",\"contentUrl\":\"\",\"caption\":\"All Inclusive Hotels\"},\"image\":{\"@id\":\"https:\/\/www.allinclusivehotels.it\/de#\/schema\/logo\/image\/\"}}]}<\/script>\n<!-- \/ Yoast SEO plugin. -->","yoast_head_json":{"title":"Pejo - All Inclusive Hotels","robots":{"index":"index","follow":"follow","max-snippet":"max-snippet:-1","max-image-preview":"max-image-preview:large","max-video-preview":"max-video-preview:-1"},"canonical":"https:\/\/www.allinclusivehotels.it\/de\/urlaubsziele\/trentino-und-suedtirol\/pejo","og_locale":"de_DE","og_type":"article","og_title":"Pejo - All Inclusive Hotels","og_description":"Der kleine Ort Pejo hat eine anmutige Lage auf ca. 1.200 m H\u00f6he im Nationalpark &hellip;","og_url":"https:\/\/www.allinclusivehotels.it\/de\/urlaubsziele\/trentino-und-suedtirol\/pejo","og_site_name":"All Inclusive Hotels","article_modified_time":"2022-03-29T11:49:17+00:00","twitter_card":"summary_large_image","twitter_misc":{"Gesch\u00e4tzte Lesezeit":"2\u00a0Minuten"},"schema":{"@context":"https:\/\/schema.org","@graph":[{"@type":"WebPage","@id":"https:\/\/www.allinclusivehotels.it\/de\/urlaubsziele\/trentino-und-suedtirol\/pejo","url":"https:\/\/www.allinclusivehotels.it\/de\/urlaubsziele\/trentino-und-suedtirol\/pejo","name":"Pejo - All Inclusive Hotels","isPartOf":{"@id":"https:\/\/www.allinclusivehotels.it\/de#website"},"datePublished":"2022-03-29T11:48:13+00:00","dateModified":"2022-03-29T11:49:17+00:00","breadcrumb":{"@id":"https:\/\/www.allinclusivehotels.it\/de\/urlaubsziele\/trentino-und-suedtirol\/pejo#breadcrumb"},"inLanguage":"de","potentialAction":[{"@type":"ReadAction","target":["https:\/\/www.allinclusivehotels.it\/de\/urlaubsziele\/trentino-und-suedtirol\/pejo"]}]},{"@type":"BreadcrumbList","@id":"https:\/\/www.allinclusivehotels.it\/de\/urlaubsziele\/trentino-und-suedtirol\/pejo#breadcrumb","itemListElement":[{"@type":"ListItem","position":1,"name":"Home","item":"https:\/\/www.allinclusivehotels.it\/de"},{"@type":"ListItem","position":2,"name":"Urlaubsziele","item":"https:\/\/www.allinclusivehotels.it\/de\/urlaubsziele"},{"@type":"ListItem","position":3,"name":"Trentino und S\u00fcdtirol","item":"https:\/\/www.allinclusivehotels.it\/de\/urlaubsziele\/trentino-und-suedtirol"},{"@type":"ListItem","position":4,"name":"Pejo"}]},{"@type":"WebSite","@id":"https:\/\/www.allinclusivehotels.it\/de#website","url":"https:\/\/www.allinclusivehotels.it\/de","name":"All Inclusive Hotels","description":"","publisher":{"@id":"https:\/\/www.allinclusivehotels.it\/de#organization"},"potentialAction":[{"@type":"SearchAction","target":{"@type":"EntryPoint","urlTemplate":"https:\/\/www.allinclusivehotels.it\/de?s={search_term_string}"},"query-input":{"@type":"PropertyValueSpecification","valueRequired":true,"valueName":"search_term_string"}}],"inLanguage":"de"},{"@type":"Organization","@id":"https:\/\/www.allinclusivehotels.it\/de#organization","name":"All Inclusive Hotels","url":"https:\/\/www.allinclusivehotels.it\/de","logo":{"@type":"ImageObject","inLanguage":"de","@id":"https:\/\/www.allinclusivehotels.it\/de#\/schema\/logo\/image\/","url":"","contentUrl":"","caption":"All Inclusive Hotels"},"image":{"@id":"https:\/\/www.allinclusivehotels.it\/de#\/schema\/logo\/image\/"}}]}},"_links":{"self":[{"href":"https:\/\/www.allinclusivehotels.it\/de\/wp-json\/wp\/v2\/pages\/17271","targetHints":{"allow":["GET"]}}],"collection":[{"href":"https:\/\/www.allinclusivehotels.it\/de\/wp-json\/wp\/v2\/pages"}],"about":[{"href":"https:\/\/www.allinclusivehotels.it\/de\/wp-json\/wp\/v2\/types\/page"}],"author":[{"embeddable":true,"href":"https:\/\/www.allinclusivehotels.it\/de\/wp-json\/wp\/v2\/users\/1"}],"replies":[{"embeddable":true,"href":"https:\/\/www.allinclusivehotels.it\/de\/wp-json\/wp\/v2\/comments?post=17271"}],"version-history":[{"count":3,"href":"https:\/\/www.allinclusivehotels.it\/de\/wp-json\/wp\/v2\/pages\/17271\/revisions"}],"predecessor-version":[{"id":17274,"href":"https:\/\/www.allinclusivehotels.it\/de\/wp-json\/wp\/v2\/pages\/17271\/revisions\/17274"}],"up":[{"embeddable":true,"href":"https:\/\/www.allinclusivehotels.it\/de\/wp-json\/wp\/v2\/pages\/16830"}],"wp:attachment":[{"href":"https:\/\/www.allinclusivehotels.it\/de\/wp-json\/wp\/v2\/media?parent=17271"}],"curies":[{"name":"wp","href":"https:\/\/api.w.org\/{rel}","templated":true}]}}