{"id":17184,"date":"2022-03-29T08:59:14","date_gmt":"2022-03-29T06:59:14","guid":{"rendered":"https:\/\/www.allinclusivehotels.it\/hotels\/hotel-tritone"},"modified":"2022-08-23T16:31:06","modified_gmt":"2022-08-23T14:31:06","slug":"hotel-tritone","status":"publish","type":"page","link":"https:\/\/www.allinclusivehotels.it\/de\/hotels\/hotel-tritone","title":{"rendered":"Hotel Tritone"},"content":{"rendered":"\n<p>Das <b>Hotel Tritone <\/b>in <b>Senigallia<\/b> an der Adria liegt dem Meer gegen\u00fcber, am ber\u00fchmten &quot;Samtstrand&quot;, dessen Sand sich besonders weich und warm anf\u00fchlt. Freuen Sie sich auf Entspannung pur: k\u00f6stliche Aperitife <b>in der bioklimatischen Pergola,<\/b> Meer und Sonne im <b>Partnerstrandbad vor dem Hotel.<\/b><\/p>\n\n\n\n<p><\/p>\n\n\n\n<!--more-->\n\n\n\n<p><\/p>\n\n\n\n<p><b>Ger\u00e4umige Gemeinschaftsbereiche<\/b> und <b>schallisolierte<\/b> Zimmer mit <b>Sommier-Betten<\/b> lassen keinen Stress aufkommen.<\/p>\n\n\n\n<p>Vergessen Sie Ihr Auto im <b>video\u00fcberwachten Privatparkplatz; kostenlos<\/b> f\u00fcr alle G\u00e4ste. Die Stadt oder die Umgebung mit <b>unseren Fahrr\u00e4dern<\/b> zu erkunden, ist viel angenehmer.<\/p>\n\n\n\n<p>Au\u00dfer baden wollen Sie auch was Interessantes sehen? Kulturelle und landschaftliche <b>Sehensw\u00fcrdigkeiten<\/b> sind <b>ganz in der N\u00e4he: <\/b> die Altstadt von Senigallia, Museen, historische St\u00e4dtchen und Burgen im Umland, H\u00fcgellandschaft mit bezaubernden Panoramen.<\/p>\n","protected":false},"excerpt":{"rendered":"<p>Das Hotel Tritone in Senigallia an der Adria liegt dem Meer gegen\u00fcber, am ber\u00fchmten &quot;Samtstrand&quot;, &hellip;<\/p>\n","protected":false},"author":1,"featured_media":0,"parent":16476,"menu_order":0,"comment_status":"closed","ping_status":"closed","template":"page-templates\/scheda_hotel.php","meta":{"_acf_changed":false,"footnotes":""},"class_list":["post-17184","page","type-page","status-publish","hentry"],"acf":[],"yoast_head":"<!-- This site is optimized with the Yoast SEO plugin v27.0 - https:\/\/yoast.com\/product\/yoast-seo-wordpress\/ -->\n<title>All-Inclusive-Angebote Hotel Tritone in Senigallia<\/title>\n<meta name=\"description\" content=\"Lust auf Urlaub? Die All-Inclusive-Angebote und Alles-Inklusive- Urlaubspakete des Hotel Tritone in Senigallia ansehen!\" \/>\n<meta name=\"robots\" content=\"index, follow, max-snippet:-1, max-image-preview:large, max-video-preview:-1\" \/>\n<link rel=\"canonical\" href=\"https:\/\/www.allinclusivehotels.it\/de\/hotels\/hotel-tritone\" \/>\n<meta property=\"og:locale\" content=\"de_DE\" \/>\n<meta property=\"og:type\" content=\"article\" \/>\n<meta property=\"og:title\" content=\"All-Inclusive-Angebote Hotel Tritone in Senigallia\" \/>\n<meta property=\"og:description\" content=\"Lust auf Urlaub? Die All-Inclusive-Angebote und Alles-Inklusive- Urlaubspakete des Hotel Tritone in Senigallia ansehen!\" \/>\n<meta property=\"og:url\" content=\"https:\/\/www.allinclusivehotels.it\/de\/hotels\/hotel-tritone\" \/>\n<meta property=\"og:site_name\" content=\"All Inclusive Hotels\" \/>\n<meta property=\"article:modified_time\" content=\"2022-08-23T14:31:06+00:00\" \/>\n<meta name=\"twitter:card\" content=\"summary_large_image\" \/>\n<meta name=\"twitter:label1\" content=\"Gesch\u00e4tzte Lesezeit\" \/>\n\t<meta name=\"twitter:data1\" content=\"1\u00a0Minute\" \/>\n<script type=\"application\/ld+json\" class=\"yoast-schema-graph\">{\"@context\":\"https:\/\/schema.org\",\"@graph\":[{\"@type\":\"WebPage\",\"@id\":\"https:\/\/www.allinclusivehotels.it\/de\/hotels\/hotel-tritone\",\"url\":\"https:\/\/www.allinclusivehotels.it\/de\/hotels\/hotel-tritone\",\"name\":\"All-Inclusive-Angebote Hotel Tritone in Senigallia\",\"isPartOf\":{\"@id\":\"https:\/\/www.allinclusivehotels.it\/de#website\"},\"datePublished\":\"2022-03-29T06:59:14+00:00\",\"dateModified\":\"2022-08-23T14:31:06+00:00\",\"description\":\"Lust auf Urlaub? Die All-Inclusive-Angebote und Alles-Inklusive- Urlaubspakete des Hotel Tritone in Senigallia ansehen!\",\"breadcrumb\":{\"@id\":\"https:\/\/www.allinclusivehotels.it\/de\/hotels\/hotel-tritone#breadcrumb\"},\"inLanguage\":\"de\",\"potentialAction\":[{\"@type\":\"ReadAction\",\"target\":[\"https:\/\/www.allinclusivehotels.it\/de\/hotels\/hotel-tritone\"]}]},{\"@type\":\"BreadcrumbList\",\"@id\":\"https:\/\/www.allinclusivehotels.it\/de\/hotels\/hotel-tritone#breadcrumb\",\"itemListElement\":[{\"@type\":\"ListItem\",\"position\":1,\"name\":\"Home\",\"item\":\"https:\/\/www.allinclusivehotels.it\/de\"},{\"@type\":\"ListItem\",\"position\":2,\"name\":\"Hotels\",\"item\":\"https:\/\/www.allinclusivehotels.it\/de\/hotels\"},{\"@type\":\"ListItem\",\"position\":3,\"name\":\"Hotel Tritone\"}]},{\"@type\":\"WebSite\",\"@id\":\"https:\/\/www.allinclusivehotels.it\/de#website\",\"url\":\"https:\/\/www.allinclusivehotels.it\/de\",\"name\":\"All Inclusive Hotels\",\"description\":\"\",\"publisher\":{\"@id\":\"https:\/\/www.allinclusivehotels.it\/de#organization\"},\"potentialAction\":[{\"@type\":\"SearchAction\",\"target\":{\"@type\":\"EntryPoint\",\"urlTemplate\":\"https:\/\/www.allinclusivehotels.it\/de?s={search_term_string}\"},\"query-input\":{\"@type\":\"PropertyValueSpecification\",\"valueRequired\":true,\"valueName\":\"search_term_string\"}}],\"inLanguage\":\"de\"},{\"@type\":\"Organization\",\"@id\":\"https:\/\/www.allinclusivehotels.it\/de#organization\",\"name\":\"All Inclusive Hotels\",\"url\":\"https:\/\/www.allinclusivehotels.it\/de\",\"logo\":{\"@type\":\"ImageObject\",\"inLanguage\":\"de\",\"@id\":\"https:\/\/www.allinclusivehotels.it\/de#\/schema\/logo\/image\/\",\"url\":\"\",\"contentUrl\":\"\",\"caption\":\"All Inclusive Hotels\"},\"image\":{\"@id\":\"https:\/\/www.allinclusivehotels.it\/de#\/schema\/logo\/image\/\"}}]}<\/script>\n<!-- \/ Yoast SEO plugin. -->","yoast_head_json":{"title":"All-Inclusive-Angebote Hotel Tritone in Senigallia","description":"Lust auf Urlaub? Die All-Inclusive-Angebote und Alles-Inklusive- Urlaubspakete des Hotel Tritone in Senigallia ansehen!","robots":{"index":"index","follow":"follow","max-snippet":"max-snippet:-1","max-image-preview":"max-image-preview:large","max-video-preview":"max-video-preview:-1"},"canonical":"https:\/\/www.allinclusivehotels.it\/de\/hotels\/hotel-tritone","og_locale":"de_DE","og_type":"article","og_title":"All-Inclusive-Angebote Hotel Tritone in Senigallia","og_description":"Lust auf Urlaub? Die All-Inclusive-Angebote und Alles-Inklusive- Urlaubspakete des Hotel Tritone in Senigallia ansehen!","og_url":"https:\/\/www.allinclusivehotels.it\/de\/hotels\/hotel-tritone","og_site_name":"All Inclusive Hotels","article_modified_time":"2022-08-23T14:31:06+00:00","twitter_card":"summary_large_image","twitter_misc":{"Gesch\u00e4tzte Lesezeit":"1\u00a0Minute"},"schema":{"@context":"https:\/\/schema.org","@graph":[{"@type":"WebPage","@id":"https:\/\/www.allinclusivehotels.it\/de\/hotels\/hotel-tritone","url":"https:\/\/www.allinclusivehotels.it\/de\/hotels\/hotel-tritone","name":"All-Inclusive-Angebote Hotel Tritone in Senigallia","isPartOf":{"@id":"https:\/\/www.allinclusivehotels.it\/de#website"},"datePublished":"2022-03-29T06:59:14+00:00","dateModified":"2022-08-23T14:31:06+00:00","description":"Lust auf Urlaub? Die All-Inclusive-Angebote und Alles-Inklusive- Urlaubspakete des Hotel Tritone in Senigallia ansehen!","breadcrumb":{"@id":"https:\/\/www.allinclusivehotels.it\/de\/hotels\/hotel-tritone#breadcrumb"},"inLanguage":"de","potentialAction":[{"@type":"ReadAction","target":["https:\/\/www.allinclusivehotels.it\/de\/hotels\/hotel-tritone"]}]},{"@type":"BreadcrumbList","@id":"https:\/\/www.allinclusivehotels.it\/de\/hotels\/hotel-tritone#breadcrumb","itemListElement":[{"@type":"ListItem","position":1,"name":"Home","item":"https:\/\/www.allinclusivehotels.it\/de"},{"@type":"ListItem","position":2,"name":"Hotels","item":"https:\/\/www.allinclusivehotels.it\/de\/hotels"},{"@type":"ListItem","position":3,"name":"Hotel Tritone"}]},{"@type":"WebSite","@id":"https:\/\/www.allinclusivehotels.it\/de#website","url":"https:\/\/www.allinclusivehotels.it\/de","name":"All Inclusive Hotels","description":"","publisher":{"@id":"https:\/\/www.allinclusivehotels.it\/de#organization"},"potentialAction":[{"@type":"SearchAction","target":{"@type":"EntryPoint","urlTemplate":"https:\/\/www.allinclusivehotels.it\/de?s={search_term_string}"},"query-input":{"@type":"PropertyValueSpecification","valueRequired":true,"valueName":"search_term_string"}}],"inLanguage":"de"},{"@type":"Organization","@id":"https:\/\/www.allinclusivehotels.it\/de#organization","name":"All Inclusive Hotels","url":"https:\/\/www.allinclusivehotels.it\/de","logo":{"@type":"ImageObject","inLanguage":"de","@id":"https:\/\/www.allinclusivehotels.it\/de#\/schema\/logo\/image\/","url":"","contentUrl":"","caption":"All Inclusive Hotels"},"image":{"@id":"https:\/\/www.allinclusivehotels.it\/de#\/schema\/logo\/image\/"}}]}},"_links":{"self":[{"href":"https:\/\/www.allinclusivehotels.it\/de\/wp-json\/wp\/v2\/pages\/17184","targetHints":{"allow":["GET"]}}],"collection":[{"href":"https:\/\/www.allinclusivehotels.it\/de\/wp-json\/wp\/v2\/pages"}],"about":[{"href":"https:\/\/www.allinclusivehotels.it\/de\/wp-json\/wp\/v2\/types\/page"}],"author":[{"embeddable":true,"href":"https:\/\/www.allinclusivehotels.it\/de\/wp-json\/wp\/v2\/users\/1"}],"replies":[{"embeddable":true,"href":"https:\/\/www.allinclusivehotels.it\/de\/wp-json\/wp\/v2\/comments?post=17184"}],"version-history":[{"count":2,"href":"https:\/\/www.allinclusivehotels.it\/de\/wp-json\/wp\/v2\/pages\/17184\/revisions"}],"predecessor-version":[{"id":22738,"href":"https:\/\/www.allinclusivehotels.it\/de\/wp-json\/wp\/v2\/pages\/17184\/revisions\/22738"}],"up":[{"embeddable":true,"href":"https:\/\/www.allinclusivehotels.it\/de\/wp-json\/wp\/v2\/pages\/16476"}],"wp:attachment":[{"href":"https:\/\/www.allinclusivehotels.it\/de\/wp-json\/wp\/v2\/media?parent=17184"}],"curies":[{"name":"wp","href":"https:\/\/api.w.org\/{rel}","templated":true}]}}