{"id":16933,"date":"2022-03-28T10:51:05","date_gmt":"2022-03-28T08:51:05","guid":{"rendered":"https:\/\/www.allinclusivehotels.it\/?page_id=16933"},"modified":"2022-03-28T10:52:13","modified_gmt":"2022-03-28T08:52:13","slug":"hotel-rosa-degli-angeli","status":"publish","type":"page","link":"https:\/\/www.allinclusivehotels.it\/de\/hotels\/hotel-rosa-degli-angeli","title":{"rendered":"Hotel Rosa degli Angeli"},"content":{"rendered":"\n<p>Im Herzen des <strong>Nationalparks Stilfser Joch,<\/strong> im Ort <strong>Pejo Fonti<\/strong>, sind Sie im <strong>Hotel Rosa degli Angeli<\/strong> herzlich willkommen. Die reine Luft, die Stille der Berge und das Murmeln des Quellwassers begleiten Sie w\u00e4hrend Ihres Urlaubs in der herrlichen Landschaft. In der N\u00e4he liegen die <strong>Thermen von Pejo <\/strong>und die Aufstiegsanlagen von<strong> Pejo 3000; <\/strong>das Hotel ist ein idealer Ausgangspunkt f\u00fcr Wanderungen, Spazierg\u00e4nge, Radtouren und Wintersport.<\/p>\n\n\n\n<!--more-->\n\n\n\n<p>Die <strong>Kinder<\/strong> erleben im Hotel Rosa degli Angeli den ganzen Tag lang viel Spa\u00df, daf\u00fcr sorgt unser <strong>Animationsteam<\/strong> mit einem<strong> an verschiedene Altersgruppen angepassten Programm<\/strong>: <strong>gef\u00fchrte Wanderungen<\/strong> und <strong>Besichtigungen<\/strong> f\u00fcr die Gr\u00f6\u00dferen, <strong>Mini-Club<\/strong> mit anregenden Aktivit\u00e4ten und Bewegungsspielen f\u00fcr die Kleinen. Eine <strong>Spielzone im Hotel <\/strong>und eine <strong>im Freien <\/strong>stehen immer zur Verf\u00fcgung. Nach einem Tag voller Bewegung tut <strong>Entspannung<\/strong> gut; im <strong>Schwimmbad<\/strong> mit <strong>Unterwassermassage, Wasserkaskade<\/strong> und <strong>Geysiren<\/strong>, und im <strong>Wellness-Center<\/strong>, mit Sauna, T\u00fcrkischem Bad, Erlebnisdusche und Eisbrunnen.<br>Jeder entspannt zu seiner Zeit: von 15:00 bis 17:00 Uhr nur die Erwachsenen (die Kinder sind noch mit der Animation besch\u00e4ftigt), von 17:00 bis 19:00 Uhr d\u00fcrfen die Kleinen auch mit rein und im sicheren Kinderbecken baden.<br><br><strong>Fahren Sie gerne Rad? <\/strong>Bringen Sie es mit! Wir sind auch ein <strong>&#8220;Bike-Hotel&#8221;, mit Werkstatt, Platz f\u00fcr die Reinigung, sicheren Abstellraum und Shop f\u00fcr Fahrradzubeh\u00f6r.<\/strong><\/p>\n","protected":false},"excerpt":{"rendered":"<p>Im Herzen des Nationalparks Stilfser Joch, im Ort Pejo Fonti, sind Sie im Hotel Rosa &hellip;<\/p>\n","protected":false},"author":1,"featured_media":0,"parent":16476,"menu_order":0,"comment_status":"closed","ping_status":"closed","template":"page-templates\/scheda_hotel.php","meta":{"_acf_changed":false,"footnotes":""},"class_list":["post-16933","page","type-page","status-publish","hentry"],"acf":[],"yoast_head":"<!-- This site is optimized with the Yoast SEO plugin v27.0 - https:\/\/yoast.com\/product\/yoast-seo-wordpress\/ -->\n<title>Hotel Rosa degli Angeli - All Inclusive Hotels<\/title>\n<meta name=\"robots\" content=\"index, follow, max-snippet:-1, max-image-preview:large, max-video-preview:-1\" \/>\n<link rel=\"canonical\" href=\"https:\/\/www.allinclusivehotels.it\/de\/hotels\/hotel-rosa-degli-angeli\" \/>\n<meta property=\"og:locale\" content=\"de_DE\" \/>\n<meta property=\"og:type\" content=\"article\" \/>\n<meta property=\"og:title\" content=\"Hotel Rosa degli Angeli - All Inclusive Hotels\" \/>\n<meta property=\"og:description\" content=\"Im Herzen des Nationalparks Stilfser Joch, im Ort Pejo Fonti, sind Sie im Hotel Rosa &hellip;\" \/>\n<meta property=\"og:url\" content=\"https:\/\/www.allinclusivehotels.it\/de\/hotels\/hotel-rosa-degli-angeli\" \/>\n<meta property=\"og:site_name\" content=\"All Inclusive Hotels\" \/>\n<meta property=\"article:modified_time\" content=\"2022-03-28T08:52:13+00:00\" \/>\n<meta name=\"twitter:card\" content=\"summary_large_image\" \/>\n<meta name=\"twitter:label1\" content=\"Gesch\u00e4tzte Lesezeit\" \/>\n\t<meta name=\"twitter:data1\" content=\"2\u00a0Minuten\" \/>\n<script type=\"application\/ld+json\" class=\"yoast-schema-graph\">{\"@context\":\"https:\/\/schema.org\",\"@graph\":[{\"@type\":\"WebPage\",\"@id\":\"https:\/\/www.allinclusivehotels.it\/de\/hotels\/hotel-rosa-degli-angeli\",\"url\":\"https:\/\/www.allinclusivehotels.it\/de\/hotels\/hotel-rosa-degli-angeli\",\"name\":\"Hotel Rosa degli Angeli - All Inclusive Hotels\",\"isPartOf\":{\"@id\":\"https:\/\/www.allinclusivehotels.it\/de#website\"},\"datePublished\":\"2022-03-28T08:51:05+00:00\",\"dateModified\":\"2022-03-28T08:52:13+00:00\",\"breadcrumb\":{\"@id\":\"https:\/\/www.allinclusivehotels.it\/de\/hotels\/hotel-rosa-degli-angeli#breadcrumb\"},\"inLanguage\":\"de\",\"potentialAction\":[{\"@type\":\"ReadAction\",\"target\":[\"https:\/\/www.allinclusivehotels.it\/de\/hotels\/hotel-rosa-degli-angeli\"]}]},{\"@type\":\"BreadcrumbList\",\"@id\":\"https:\/\/www.allinclusivehotels.it\/de\/hotels\/hotel-rosa-degli-angeli#breadcrumb\",\"itemListElement\":[{\"@type\":\"ListItem\",\"position\":1,\"name\":\"Home\",\"item\":\"https:\/\/www.allinclusivehotels.it\/de\"},{\"@type\":\"ListItem\",\"position\":2,\"name\":\"Hotels\",\"item\":\"https:\/\/www.allinclusivehotels.it\/de\/hotels\"},{\"@type\":\"ListItem\",\"position\":3,\"name\":\"Hotel Rosa degli Angeli\"}]},{\"@type\":\"WebSite\",\"@id\":\"https:\/\/www.allinclusivehotels.it\/de#website\",\"url\":\"https:\/\/www.allinclusivehotels.it\/de\",\"name\":\"All Inclusive Hotels\",\"description\":\"\",\"publisher\":{\"@id\":\"https:\/\/www.allinclusivehotels.it\/de#organization\"},\"potentialAction\":[{\"@type\":\"SearchAction\",\"target\":{\"@type\":\"EntryPoint\",\"urlTemplate\":\"https:\/\/www.allinclusivehotels.it\/de?s={search_term_string}\"},\"query-input\":{\"@type\":\"PropertyValueSpecification\",\"valueRequired\":true,\"valueName\":\"search_term_string\"}}],\"inLanguage\":\"de\"},{\"@type\":\"Organization\",\"@id\":\"https:\/\/www.allinclusivehotels.it\/de#organization\",\"name\":\"All Inclusive Hotels\",\"url\":\"https:\/\/www.allinclusivehotels.it\/de\",\"logo\":{\"@type\":\"ImageObject\",\"inLanguage\":\"de\",\"@id\":\"https:\/\/www.allinclusivehotels.it\/de#\/schema\/logo\/image\/\",\"url\":\"\",\"contentUrl\":\"\",\"caption\":\"All Inclusive Hotels\"},\"image\":{\"@id\":\"https:\/\/www.allinclusivehotels.it\/de#\/schema\/logo\/image\/\"}}]}<\/script>\n<!-- \/ Yoast SEO plugin. -->","yoast_head_json":{"title":"Hotel Rosa degli Angeli - All Inclusive Hotels","robots":{"index":"index","follow":"follow","max-snippet":"max-snippet:-1","max-image-preview":"max-image-preview:large","max-video-preview":"max-video-preview:-1"},"canonical":"https:\/\/www.allinclusivehotels.it\/de\/hotels\/hotel-rosa-degli-angeli","og_locale":"de_DE","og_type":"article","og_title":"Hotel Rosa degli Angeli - All Inclusive Hotels","og_description":"Im Herzen des Nationalparks Stilfser Joch, im Ort Pejo Fonti, sind Sie im Hotel Rosa &hellip;","og_url":"https:\/\/www.allinclusivehotels.it\/de\/hotels\/hotel-rosa-degli-angeli","og_site_name":"All Inclusive Hotels","article_modified_time":"2022-03-28T08:52:13+00:00","twitter_card":"summary_large_image","twitter_misc":{"Gesch\u00e4tzte Lesezeit":"2\u00a0Minuten"},"schema":{"@context":"https:\/\/schema.org","@graph":[{"@type":"WebPage","@id":"https:\/\/www.allinclusivehotels.it\/de\/hotels\/hotel-rosa-degli-angeli","url":"https:\/\/www.allinclusivehotels.it\/de\/hotels\/hotel-rosa-degli-angeli","name":"Hotel Rosa degli Angeli - All Inclusive Hotels","isPartOf":{"@id":"https:\/\/www.allinclusivehotels.it\/de#website"},"datePublished":"2022-03-28T08:51:05+00:00","dateModified":"2022-03-28T08:52:13+00:00","breadcrumb":{"@id":"https:\/\/www.allinclusivehotels.it\/de\/hotels\/hotel-rosa-degli-angeli#breadcrumb"},"inLanguage":"de","potentialAction":[{"@type":"ReadAction","target":["https:\/\/www.allinclusivehotels.it\/de\/hotels\/hotel-rosa-degli-angeli"]}]},{"@type":"BreadcrumbList","@id":"https:\/\/www.allinclusivehotels.it\/de\/hotels\/hotel-rosa-degli-angeli#breadcrumb","itemListElement":[{"@type":"ListItem","position":1,"name":"Home","item":"https:\/\/www.allinclusivehotels.it\/de"},{"@type":"ListItem","position":2,"name":"Hotels","item":"https:\/\/www.allinclusivehotels.it\/de\/hotels"},{"@type":"ListItem","position":3,"name":"Hotel Rosa degli Angeli"}]},{"@type":"WebSite","@id":"https:\/\/www.allinclusivehotels.it\/de#website","url":"https:\/\/www.allinclusivehotels.it\/de","name":"All Inclusive Hotels","description":"","publisher":{"@id":"https:\/\/www.allinclusivehotels.it\/de#organization"},"potentialAction":[{"@type":"SearchAction","target":{"@type":"EntryPoint","urlTemplate":"https:\/\/www.allinclusivehotels.it\/de?s={search_term_string}"},"query-input":{"@type":"PropertyValueSpecification","valueRequired":true,"valueName":"search_term_string"}}],"inLanguage":"de"},{"@type":"Organization","@id":"https:\/\/www.allinclusivehotels.it\/de#organization","name":"All Inclusive Hotels","url":"https:\/\/www.allinclusivehotels.it\/de","logo":{"@type":"ImageObject","inLanguage":"de","@id":"https:\/\/www.allinclusivehotels.it\/de#\/schema\/logo\/image\/","url":"","contentUrl":"","caption":"All Inclusive Hotels"},"image":{"@id":"https:\/\/www.allinclusivehotels.it\/de#\/schema\/logo\/image\/"}}]}},"_links":{"self":[{"href":"https:\/\/www.allinclusivehotels.it\/de\/wp-json\/wp\/v2\/pages\/16933","targetHints":{"allow":["GET"]}}],"collection":[{"href":"https:\/\/www.allinclusivehotels.it\/de\/wp-json\/wp\/v2\/pages"}],"about":[{"href":"https:\/\/www.allinclusivehotels.it\/de\/wp-json\/wp\/v2\/types\/page"}],"author":[{"embeddable":true,"href":"https:\/\/www.allinclusivehotels.it\/de\/wp-json\/wp\/v2\/users\/1"}],"replies":[{"embeddable":true,"href":"https:\/\/www.allinclusivehotels.it\/de\/wp-json\/wp\/v2\/comments?post=16933"}],"version-history":[{"count":2,"href":"https:\/\/www.allinclusivehotels.it\/de\/wp-json\/wp\/v2\/pages\/16933\/revisions"}],"predecessor-version":[{"id":16935,"href":"https:\/\/www.allinclusivehotels.it\/de\/wp-json\/wp\/v2\/pages\/16933\/revisions\/16935"}],"up":[{"embeddable":true,"href":"https:\/\/www.allinclusivehotels.it\/de\/wp-json\/wp\/v2\/pages\/16476"}],"wp:attachment":[{"href":"https:\/\/www.allinclusivehotels.it\/de\/wp-json\/wp\/v2\/media?parent=16933"}],"curies":[{"name":"wp","href":"https:\/\/api.w.org\/{rel}","templated":true}]}}