{"id":16925,"date":"2022-03-28T10:43:35","date_gmt":"2022-03-28T08:43:35","guid":{"rendered":"https:\/\/www.allinclusivehotels.it\/?page_id=16925"},"modified":"2026-03-05T13:11:40","modified_gmt":"2026-03-05T12:11:40","slug":"hotel-gambrinus","status":"publish","type":"page","link":"https:\/\/www.allinclusivehotels.it\/de\/hotels\/hotel-gambrinus","title":{"rendered":"Hotel Gambrinus &#8211; Valentini Family Village"},"content":{"rendered":"\n<p>Das <strong>Hotel Gambrinus<\/strong> in <strong>Bellaria Igea Marina<\/strong> ist daf\u00fcr ger\u00fcstet, seinen gro\u00dfen, kleinen und ganz kleinen G\u00e4sten viel Spa\u00df und Freude zu bereiten, mit kompetenter Betreung, Animation,&nbsp; Spielzone und organisierten Freizeitaktivit\u00e4ten, in idealer Umgebung &#8211; <strong>Privatstrand mit direktem Zugang<\/strong> und <strong>Schwimmbad<\/strong> am Hotel.<\/p>\n\n\n\n<!--more-->\n\n\n\n<p>Das<strong> Animationsteam<\/strong> organisiert den ganzen Tag lang <strong>&nbsp;Spiele und spannende Aktivit\u00e4ten <\/strong>f\u00fcr <strong>Kinder ab 4 Jahren<\/strong>, wie Karaoke, Koch-Experimente, Schatzsuche usw., <strong>am Strand und im Hotel. <\/strong>F\u00fcr die Kleinen gibt es ferner eine <strong>Baby Bag<\/strong> mit etwas Gutem f\u00fcr den kleinen Hunger zwischendurch, <strong>Nachmittagsimbiss, Spielplatz, flachen Kinderpool, Kindersitze f\u00fcrs Fahrrad, Kindermen\u00fcs mit flexiblen Essenszeiten, Babysitter und Kinderarzt. <\/strong>&nbsp;An der&nbsp; <strong>Food&amp;Fun Corner<\/strong> bekommen sie am Tag leckere Fruchts\u00e4fte und vor dem Schlafengehen etwas S\u00fc\u00dfes \u2013 Krapfen, Eis, Popcorn, Bonbons oder Granita.<br><br>Und wenn Ihr Kind kleiner als 4 Jahre ist, wird es in unserer <strong>Kinderkrippe im Hotel <\/strong>von ausgebildeten Erzieher*innen iebevoll und kompetent betreut, mit stimulierenden, f\u00f6rdernden Spielen. Mama und Papa k\u00f6nnen mal Pause machen und sich am <strong>Strand<\/strong> oder im <strong>Schwimmbad<\/strong> zu entspannen.<\/p>\n\n\n\n<p>Am Morgen st\u00e4rken Sie sich mit einem <strong>herzhaften und s\u00fc\u00dfen Fr\u00fchst\u00fcck am reichhaltigen Buffet<\/strong> \u2013 Kuchen, Crepes, Pfannkuchen, frisch gepresste S\u00e4fte, Eier mit Speck und vieles mehr.&nbsp; <strong>Mittags<\/strong> und<strong> abends<\/strong> Men\u00fcwahl mit traditioneller romagnolischer K\u00fcche, bequem am Tisch serviert, von dem Sie das Meer sehen. Jede Woche ein charakteristischer <strong>Themen-Abend.<\/strong><strong>Zur Abwechslung<\/strong> k\u00f6nnen Sie im Restaurant&nbsp; <strong><em>L\u00e0s\u2019 chi g\u00f4da<\/em> <\/strong>die <strong>romagnolische Spezialit\u00e4t <\/strong>schlechthin, das belegte Fladenbrot <strong>Piadina<\/strong>, in allen Varianten kosten, und <strong>ofenfrische Pizza<\/strong>. Jeden Montag haben die Kinder die Gelegenheit, auch das Mittag &#8211; und Abendessen in Gesellschaft in Gesellschaft der Animateur*innen zu genie\u00dfen.<\/p>\n","protected":false},"excerpt":{"rendered":"<p>Das Hotel Gambrinus in Bellaria Igea Marina ist daf\u00fcr ger\u00fcstet, seinen gro\u00dfen, kleinen und ganz &hellip;<\/p>\n","protected":false},"author":1,"featured_media":0,"parent":16476,"menu_order":0,"comment_status":"closed","ping_status":"closed","template":"page-templates\/scheda_hotel.php","meta":{"_acf_changed":false,"footnotes":""},"class_list":["post-16925","page","type-page","status-publish","hentry"],"acf":[],"yoast_head":"<!-- This site is optimized with the Yoast SEO plugin v27.0 - https:\/\/yoast.com\/product\/yoast-seo-wordpress\/ -->\n<title>Hotel Gambrinus - Valentini Family Village - All Inclusive Hotels<\/title>\n<meta name=\"robots\" content=\"index, follow, max-snippet:-1, max-image-preview:large, max-video-preview:-1\" \/>\n<link rel=\"canonical\" href=\"https:\/\/www.allinclusivehotels.it\/de\/hotels\/hotel-gambrinus\" \/>\n<meta property=\"og:locale\" content=\"de_DE\" \/>\n<meta property=\"og:type\" content=\"article\" \/>\n<meta property=\"og:title\" content=\"Hotel Gambrinus - Valentini Family Village - All Inclusive Hotels\" \/>\n<meta property=\"og:description\" content=\"Das Hotel Gambrinus in Bellaria Igea Marina ist daf\u00fcr ger\u00fcstet, seinen gro\u00dfen, kleinen und ganz &hellip;\" \/>\n<meta property=\"og:url\" content=\"https:\/\/www.allinclusivehotels.it\/de\/hotels\/hotel-gambrinus\" \/>\n<meta property=\"og:site_name\" content=\"All Inclusive Hotels\" \/>\n<meta property=\"article:modified_time\" content=\"2026-03-05T12:11:40+00:00\" \/>\n<meta name=\"twitter:card\" content=\"summary_large_image\" \/>\n<meta name=\"twitter:label1\" content=\"Gesch\u00e4tzte Lesezeit\" \/>\n\t<meta name=\"twitter:data1\" content=\"2\u00a0Minuten\" \/>\n<script type=\"application\/ld+json\" class=\"yoast-schema-graph\">{\"@context\":\"https:\/\/schema.org\",\"@graph\":[{\"@type\":\"WebPage\",\"@id\":\"https:\/\/www.allinclusivehotels.it\/de\/hotels\/hotel-gambrinus\",\"url\":\"https:\/\/www.allinclusivehotels.it\/de\/hotels\/hotel-gambrinus\",\"name\":\"Hotel Gambrinus - Valentini Family Village - All Inclusive Hotels\",\"isPartOf\":{\"@id\":\"https:\/\/www.allinclusivehotels.it\/de#website\"},\"datePublished\":\"2022-03-28T08:43:35+00:00\",\"dateModified\":\"2026-03-05T12:11:40+00:00\",\"breadcrumb\":{\"@id\":\"https:\/\/www.allinclusivehotels.it\/de\/hotels\/hotel-gambrinus#breadcrumb\"},\"inLanguage\":\"de\",\"potentialAction\":[{\"@type\":\"ReadAction\",\"target\":[\"https:\/\/www.allinclusivehotels.it\/de\/hotels\/hotel-gambrinus\"]}]},{\"@type\":\"BreadcrumbList\",\"@id\":\"https:\/\/www.allinclusivehotels.it\/de\/hotels\/hotel-gambrinus#breadcrumb\",\"itemListElement\":[{\"@type\":\"ListItem\",\"position\":1,\"name\":\"Home\",\"item\":\"https:\/\/www.allinclusivehotels.it\/de\"},{\"@type\":\"ListItem\",\"position\":2,\"name\":\"Hotels\",\"item\":\"https:\/\/www.allinclusivehotels.it\/de\/hotels\"},{\"@type\":\"ListItem\",\"position\":3,\"name\":\"Hotel Gambrinus &#8211; Valentini Family Village\"}]},{\"@type\":\"WebSite\",\"@id\":\"https:\/\/www.allinclusivehotels.it\/de#website\",\"url\":\"https:\/\/www.allinclusivehotels.it\/de\",\"name\":\"All Inclusive Hotels\",\"description\":\"\",\"publisher\":{\"@id\":\"https:\/\/www.allinclusivehotels.it\/de#organization\"},\"potentialAction\":[{\"@type\":\"SearchAction\",\"target\":{\"@type\":\"EntryPoint\",\"urlTemplate\":\"https:\/\/www.allinclusivehotels.it\/de?s={search_term_string}\"},\"query-input\":{\"@type\":\"PropertyValueSpecification\",\"valueRequired\":true,\"valueName\":\"search_term_string\"}}],\"inLanguage\":\"de\"},{\"@type\":\"Organization\",\"@id\":\"https:\/\/www.allinclusivehotels.it\/de#organization\",\"name\":\"All Inclusive Hotels\",\"url\":\"https:\/\/www.allinclusivehotels.it\/de\",\"logo\":{\"@type\":\"ImageObject\",\"inLanguage\":\"de\",\"@id\":\"https:\/\/www.allinclusivehotels.it\/de#\/schema\/logo\/image\/\",\"url\":\"\",\"contentUrl\":\"\",\"caption\":\"All Inclusive Hotels\"},\"image\":{\"@id\":\"https:\/\/www.allinclusivehotels.it\/de#\/schema\/logo\/image\/\"}}]}<\/script>\n<!-- \/ Yoast SEO plugin. -->","yoast_head_json":{"title":"Hotel Gambrinus - Valentini Family Village - All Inclusive Hotels","robots":{"index":"index","follow":"follow","max-snippet":"max-snippet:-1","max-image-preview":"max-image-preview:large","max-video-preview":"max-video-preview:-1"},"canonical":"https:\/\/www.allinclusivehotels.it\/de\/hotels\/hotel-gambrinus","og_locale":"de_DE","og_type":"article","og_title":"Hotel Gambrinus - Valentini Family Village - All Inclusive Hotels","og_description":"Das Hotel Gambrinus in Bellaria Igea Marina ist daf\u00fcr ger\u00fcstet, seinen gro\u00dfen, kleinen und ganz &hellip;","og_url":"https:\/\/www.allinclusivehotels.it\/de\/hotels\/hotel-gambrinus","og_site_name":"All Inclusive Hotels","article_modified_time":"2026-03-05T12:11:40+00:00","twitter_card":"summary_large_image","twitter_misc":{"Gesch\u00e4tzte Lesezeit":"2\u00a0Minuten"},"schema":{"@context":"https:\/\/schema.org","@graph":[{"@type":"WebPage","@id":"https:\/\/www.allinclusivehotels.it\/de\/hotels\/hotel-gambrinus","url":"https:\/\/www.allinclusivehotels.it\/de\/hotels\/hotel-gambrinus","name":"Hotel Gambrinus - Valentini Family Village - All Inclusive Hotels","isPartOf":{"@id":"https:\/\/www.allinclusivehotels.it\/de#website"},"datePublished":"2022-03-28T08:43:35+00:00","dateModified":"2026-03-05T12:11:40+00:00","breadcrumb":{"@id":"https:\/\/www.allinclusivehotels.it\/de\/hotels\/hotel-gambrinus#breadcrumb"},"inLanguage":"de","potentialAction":[{"@type":"ReadAction","target":["https:\/\/www.allinclusivehotels.it\/de\/hotels\/hotel-gambrinus"]}]},{"@type":"BreadcrumbList","@id":"https:\/\/www.allinclusivehotels.it\/de\/hotels\/hotel-gambrinus#breadcrumb","itemListElement":[{"@type":"ListItem","position":1,"name":"Home","item":"https:\/\/www.allinclusivehotels.it\/de"},{"@type":"ListItem","position":2,"name":"Hotels","item":"https:\/\/www.allinclusivehotels.it\/de\/hotels"},{"@type":"ListItem","position":3,"name":"Hotel Gambrinus &#8211; Valentini Family Village"}]},{"@type":"WebSite","@id":"https:\/\/www.allinclusivehotels.it\/de#website","url":"https:\/\/www.allinclusivehotels.it\/de","name":"All Inclusive Hotels","description":"","publisher":{"@id":"https:\/\/www.allinclusivehotels.it\/de#organization"},"potentialAction":[{"@type":"SearchAction","target":{"@type":"EntryPoint","urlTemplate":"https:\/\/www.allinclusivehotels.it\/de?s={search_term_string}"},"query-input":{"@type":"PropertyValueSpecification","valueRequired":true,"valueName":"search_term_string"}}],"inLanguage":"de"},{"@type":"Organization","@id":"https:\/\/www.allinclusivehotels.it\/de#organization","name":"All Inclusive Hotels","url":"https:\/\/www.allinclusivehotels.it\/de","logo":{"@type":"ImageObject","inLanguage":"de","@id":"https:\/\/www.allinclusivehotels.it\/de#\/schema\/logo\/image\/","url":"","contentUrl":"","caption":"All Inclusive Hotels"},"image":{"@id":"https:\/\/www.allinclusivehotels.it\/de#\/schema\/logo\/image\/"}}]}},"_links":{"self":[{"href":"https:\/\/www.allinclusivehotels.it\/de\/wp-json\/wp\/v2\/pages\/16925","targetHints":{"allow":["GET"]}}],"collection":[{"href":"https:\/\/www.allinclusivehotels.it\/de\/wp-json\/wp\/v2\/pages"}],"about":[{"href":"https:\/\/www.allinclusivehotels.it\/de\/wp-json\/wp\/v2\/types\/page"}],"author":[{"embeddable":true,"href":"https:\/\/www.allinclusivehotels.it\/de\/wp-json\/wp\/v2\/users\/1"}],"replies":[{"embeddable":true,"href":"https:\/\/www.allinclusivehotels.it\/de\/wp-json\/wp\/v2\/comments?post=16925"}],"version-history":[{"count":6,"href":"https:\/\/www.allinclusivehotels.it\/de\/wp-json\/wp\/v2\/pages\/16925\/revisions"}],"predecessor-version":[{"id":51456,"href":"https:\/\/www.allinclusivehotels.it\/de\/wp-json\/wp\/v2\/pages\/16925\/revisions\/51456"}],"up":[{"embeddable":true,"href":"https:\/\/www.allinclusivehotels.it\/de\/wp-json\/wp\/v2\/pages\/16476"}],"wp:attachment":[{"href":"https:\/\/www.allinclusivehotels.it\/de\/wp-json\/wp\/v2\/media?parent=16925"}],"curies":[{"name":"wp","href":"https:\/\/api.w.org\/{rel}","templated":true}]}}