{"id":16921,"date":"2022-03-28T10:40:20","date_gmt":"2022-03-28T08:40:20","guid":{"rendered":"https:\/\/www.allinclusivehotels.it\/?page_id=16921"},"modified":"2022-06-09T13:59:28","modified_gmt":"2022-06-09T11:59:28","slug":"cala-rosa-club-hotel","status":"publish","type":"page","link":"https:\/\/www.allinclusivehotels.it\/de\/hotels\/cala-rosa-club-hotel","title":{"rendered":"Cala Rosa Club Hotel"},"content":{"rendered":"\n<p>Das <strong>Cala Rosa Club Hotel <\/strong>hat eine einmalige Lage inmitten eines gr\u00fcnen Gartens mit typischer Mittelmeer-Flora und Schwimmbad. Die Aussicht auf das blaue Meer des <strong>Golfs von Asinara <\/strong>ist umwerfend; mit wenigen Schritten oder mit unserem Shuttle-Service erreichen Sie schnell sowohl den <strong>Privatstrand<\/strong> als auch den ber\u00fchmten Strand<strong> La Pelosa<\/strong>, mit feinstem wei\u00dfen Sand und kristallklarem Wasser.<\/p>\n\n\n\n<!--more-->\n\n\n\n<p>Auch unseren <strong>kleinen G\u00e4sten <\/strong>bieten wir Au\u00dfergew\u00f6hnliches: Animation am Strand und im Hotel, Kinder-Pool, Mini-Club, Spielzonen, Kindermen\u00fcs, Kinderausr\u00fcstung im Zimmer und Restaurant, Kinderarzt-Dienst, Babysitter, kleines Theater, Baby-Dance.&nbsp; Am Abend <strong>Vergn\u00fcgen f\u00fcr alle<\/strong> mit<strong> Shows <\/strong>unseres Animationsteams im Theater und <strong>Live-Musik a<\/strong>uf der Bar-Terrasse.<\/p>\n\n\n\n<p>Vom Fr\u00fchst\u00fcck bis zum Abendessen k\u00f6nnen Sie am vielseitigen betreuten Buffet auch <strong>typische Gerichte<\/strong> versuchen. Die K\u00fcche verarbeitet <strong>lokale Produkte<\/strong> und nimmt <strong>besondere R\u00fccksicht auf G\u00e4ste mit Unvertr\u00e4glichkeiten. <\/strong>Am w\u00f6chentlichen <strong>Sardischen Abend <\/strong>&nbsp;lernen&nbsp; Sie von den Vorspeisen bis zu den Desserts die Spezialit\u00e4ten der Insel kennen.<\/p>\n\n\n\n<p>Wenn Sie den Strand bis zur letzten Minute auskosten wollen, k\u00f6nnen Sie dort auch zu Mittag essen, mit einem leckeren <strong>Lunch-Paket<\/strong> von uns. Genussvolle<strong> Entspannung<\/strong> auch in <strong>Schwimmbad <\/strong>und <strong>Wellness-Center<\/strong>.&nbsp; <strong>Aktivit\u00e4ten:<\/strong> Erkundung des <strong>Naturparks Insel Asinara<\/strong>;&nbsp; zu Fu\u00df, mit Mini-Zug, per Rad oder per Jeep; M\u00f6glichkeiten zu Schnorcheln, Windsurf und Segeln; <strong>Leihr\u00e4der gibt es kostenlos<\/strong> vom Hotel.<\/p>\n","protected":false},"excerpt":{"rendered":"<p>Das Cala Rosa Club Hotel hat eine einmalige Lage inmitten eines gr\u00fcnen Gartens mit typischer &hellip;<\/p>\n","protected":false},"author":1,"featured_media":0,"parent":16476,"menu_order":0,"comment_status":"closed","ping_status":"closed","template":"page-templates\/scheda_hotel.php","meta":{"_acf_changed":false,"footnotes":""},"class_list":["post-16921","page","type-page","status-publish","hentry"],"acf":[],"yoast_head":"<!-- This site is optimized with the Yoast SEO plugin v27.0 - https:\/\/yoast.com\/product\/yoast-seo-wordpress\/ -->\n<title>All Inclusive Angebote Cala Rosa Club Hotel Stintino in Sardinien<\/title>\n<meta name=\"description\" content=\"Lust auf Urlaub? Entdecken Sie die All-Inclusive-Angebote und Pakete des Cala Rosa Club Hotels in Stintino!\" \/>\n<meta name=\"robots\" content=\"index, follow, max-snippet:-1, max-image-preview:large, max-video-preview:-1\" \/>\n<link rel=\"canonical\" href=\"https:\/\/www.allinclusivehotels.it\/de\/hotels\/cala-rosa-club-hotel\" \/>\n<meta property=\"og:locale\" content=\"de_DE\" \/>\n<meta property=\"og:type\" content=\"article\" \/>\n<meta property=\"og:title\" content=\"All Inclusive Angebote Cala Rosa Club Hotel Stintino in Sardinien\" \/>\n<meta property=\"og:description\" content=\"Lust auf Urlaub? Entdecken Sie die All-Inclusive-Angebote und Pakete des Cala Rosa Club Hotels in Stintino!\" \/>\n<meta property=\"og:url\" content=\"https:\/\/www.allinclusivehotels.it\/de\/hotels\/cala-rosa-club-hotel\" \/>\n<meta property=\"og:site_name\" content=\"All Inclusive Hotels\" \/>\n<meta property=\"article:modified_time\" content=\"2022-06-09T11:59:28+00:00\" \/>\n<meta name=\"twitter:card\" content=\"summary_large_image\" \/>\n<meta name=\"twitter:label1\" content=\"Gesch\u00e4tzte Lesezeit\" \/>\n\t<meta name=\"twitter:data1\" content=\"2\u00a0Minuten\" \/>\n<script type=\"application\/ld+json\" class=\"yoast-schema-graph\">{\"@context\":\"https:\/\/schema.org\",\"@graph\":[{\"@type\":\"WebPage\",\"@id\":\"https:\/\/www.allinclusivehotels.it\/de\/hotels\/cala-rosa-club-hotel\",\"url\":\"https:\/\/www.allinclusivehotels.it\/de\/hotels\/cala-rosa-club-hotel\",\"name\":\"All Inclusive Angebote Cala Rosa Club Hotel Stintino in Sardinien\",\"isPartOf\":{\"@id\":\"https:\/\/www.allinclusivehotels.it\/de#website\"},\"datePublished\":\"2022-03-28T08:40:20+00:00\",\"dateModified\":\"2022-06-09T11:59:28+00:00\",\"description\":\"Lust auf Urlaub? Entdecken Sie die All-Inclusive-Angebote und Pakete des Cala Rosa Club Hotels in Stintino!\",\"breadcrumb\":{\"@id\":\"https:\/\/www.allinclusivehotels.it\/de\/hotels\/cala-rosa-club-hotel#breadcrumb\"},\"inLanguage\":\"de\",\"potentialAction\":[{\"@type\":\"ReadAction\",\"target\":[\"https:\/\/www.allinclusivehotels.it\/de\/hotels\/cala-rosa-club-hotel\"]}]},{\"@type\":\"BreadcrumbList\",\"@id\":\"https:\/\/www.allinclusivehotels.it\/de\/hotels\/cala-rosa-club-hotel#breadcrumb\",\"itemListElement\":[{\"@type\":\"ListItem\",\"position\":1,\"name\":\"Home\",\"item\":\"https:\/\/www.allinclusivehotels.it\/de\"},{\"@type\":\"ListItem\",\"position\":2,\"name\":\"Hotels\",\"item\":\"https:\/\/www.allinclusivehotels.it\/de\/hotels\"},{\"@type\":\"ListItem\",\"position\":3,\"name\":\"Cala Rosa Club Hotel\"}]},{\"@type\":\"WebSite\",\"@id\":\"https:\/\/www.allinclusivehotels.it\/de#website\",\"url\":\"https:\/\/www.allinclusivehotels.it\/de\",\"name\":\"All Inclusive Hotels\",\"description\":\"\",\"publisher\":{\"@id\":\"https:\/\/www.allinclusivehotels.it\/de#organization\"},\"potentialAction\":[{\"@type\":\"SearchAction\",\"target\":{\"@type\":\"EntryPoint\",\"urlTemplate\":\"https:\/\/www.allinclusivehotels.it\/de?s={search_term_string}\"},\"query-input\":{\"@type\":\"PropertyValueSpecification\",\"valueRequired\":true,\"valueName\":\"search_term_string\"}}],\"inLanguage\":\"de\"},{\"@type\":\"Organization\",\"@id\":\"https:\/\/www.allinclusivehotels.it\/de#organization\",\"name\":\"All Inclusive Hotels\",\"url\":\"https:\/\/www.allinclusivehotels.it\/de\",\"logo\":{\"@type\":\"ImageObject\",\"inLanguage\":\"de\",\"@id\":\"https:\/\/www.allinclusivehotels.it\/de#\/schema\/logo\/image\/\",\"url\":\"\",\"contentUrl\":\"\",\"caption\":\"All Inclusive Hotels\"},\"image\":{\"@id\":\"https:\/\/www.allinclusivehotels.it\/de#\/schema\/logo\/image\/\"}}]}<\/script>\n<!-- \/ Yoast SEO plugin. -->","yoast_head_json":{"title":"All Inclusive Angebote Cala Rosa Club Hotel Stintino in Sardinien","description":"Lust auf Urlaub? Entdecken Sie die All-Inclusive-Angebote und Pakete des Cala Rosa Club Hotels in Stintino!","robots":{"index":"index","follow":"follow","max-snippet":"max-snippet:-1","max-image-preview":"max-image-preview:large","max-video-preview":"max-video-preview:-1"},"canonical":"https:\/\/www.allinclusivehotels.it\/de\/hotels\/cala-rosa-club-hotel","og_locale":"de_DE","og_type":"article","og_title":"All Inclusive Angebote Cala Rosa Club Hotel Stintino in Sardinien","og_description":"Lust auf Urlaub? Entdecken Sie die All-Inclusive-Angebote und Pakete des Cala Rosa Club Hotels in Stintino!","og_url":"https:\/\/www.allinclusivehotels.it\/de\/hotels\/cala-rosa-club-hotel","og_site_name":"All Inclusive Hotels","article_modified_time":"2022-06-09T11:59:28+00:00","twitter_card":"summary_large_image","twitter_misc":{"Gesch\u00e4tzte Lesezeit":"2\u00a0Minuten"},"schema":{"@context":"https:\/\/schema.org","@graph":[{"@type":"WebPage","@id":"https:\/\/www.allinclusivehotels.it\/de\/hotels\/cala-rosa-club-hotel","url":"https:\/\/www.allinclusivehotels.it\/de\/hotels\/cala-rosa-club-hotel","name":"All Inclusive Angebote Cala Rosa Club Hotel Stintino in Sardinien","isPartOf":{"@id":"https:\/\/www.allinclusivehotels.it\/de#website"},"datePublished":"2022-03-28T08:40:20+00:00","dateModified":"2022-06-09T11:59:28+00:00","description":"Lust auf Urlaub? Entdecken Sie die All-Inclusive-Angebote und Pakete des Cala Rosa Club Hotels in Stintino!","breadcrumb":{"@id":"https:\/\/www.allinclusivehotels.it\/de\/hotels\/cala-rosa-club-hotel#breadcrumb"},"inLanguage":"de","potentialAction":[{"@type":"ReadAction","target":["https:\/\/www.allinclusivehotels.it\/de\/hotels\/cala-rosa-club-hotel"]}]},{"@type":"BreadcrumbList","@id":"https:\/\/www.allinclusivehotels.it\/de\/hotels\/cala-rosa-club-hotel#breadcrumb","itemListElement":[{"@type":"ListItem","position":1,"name":"Home","item":"https:\/\/www.allinclusivehotels.it\/de"},{"@type":"ListItem","position":2,"name":"Hotels","item":"https:\/\/www.allinclusivehotels.it\/de\/hotels"},{"@type":"ListItem","position":3,"name":"Cala Rosa Club Hotel"}]},{"@type":"WebSite","@id":"https:\/\/www.allinclusivehotels.it\/de#website","url":"https:\/\/www.allinclusivehotels.it\/de","name":"All Inclusive Hotels","description":"","publisher":{"@id":"https:\/\/www.allinclusivehotels.it\/de#organization"},"potentialAction":[{"@type":"SearchAction","target":{"@type":"EntryPoint","urlTemplate":"https:\/\/www.allinclusivehotels.it\/de?s={search_term_string}"},"query-input":{"@type":"PropertyValueSpecification","valueRequired":true,"valueName":"search_term_string"}}],"inLanguage":"de"},{"@type":"Organization","@id":"https:\/\/www.allinclusivehotels.it\/de#organization","name":"All Inclusive Hotels","url":"https:\/\/www.allinclusivehotels.it\/de","logo":{"@type":"ImageObject","inLanguage":"de","@id":"https:\/\/www.allinclusivehotels.it\/de#\/schema\/logo\/image\/","url":"","contentUrl":"","caption":"All Inclusive Hotels"},"image":{"@id":"https:\/\/www.allinclusivehotels.it\/de#\/schema\/logo\/image\/"}}]}},"_links":{"self":[{"href":"https:\/\/www.allinclusivehotels.it\/de\/wp-json\/wp\/v2\/pages\/16921","targetHints":{"allow":["GET"]}}],"collection":[{"href":"https:\/\/www.allinclusivehotels.it\/de\/wp-json\/wp\/v2\/pages"}],"about":[{"href":"https:\/\/www.allinclusivehotels.it\/de\/wp-json\/wp\/v2\/types\/page"}],"author":[{"embeddable":true,"href":"https:\/\/www.allinclusivehotels.it\/de\/wp-json\/wp\/v2\/users\/1"}],"replies":[{"embeddable":true,"href":"https:\/\/www.allinclusivehotels.it\/de\/wp-json\/wp\/v2\/comments?post=16921"}],"version-history":[{"count":4,"href":"https:\/\/www.allinclusivehotels.it\/de\/wp-json\/wp\/v2\/pages\/16921\/revisions"}],"predecessor-version":[{"id":20713,"href":"https:\/\/www.allinclusivehotels.it\/de\/wp-json\/wp\/v2\/pages\/16921\/revisions\/20713"}],"up":[{"embeddable":true,"href":"https:\/\/www.allinclusivehotels.it\/de\/wp-json\/wp\/v2\/pages\/16476"}],"wp:attachment":[{"href":"https:\/\/www.allinclusivehotels.it\/de\/wp-json\/wp\/v2\/media?parent=16921"}],"curies":[{"name":"wp","href":"https:\/\/api.w.org\/{rel}","templated":true}]}}