{"id":16918,"date":"2022-03-28T10:38:28","date_gmt":"2022-03-28T08:38:28","guid":{"rendered":"https:\/\/www.allinclusivehotels.it\/?page_id=16918"},"modified":"2022-06-09T09:53:30","modified_gmt":"2022-06-09T07:53:30","slug":"ligurien","status":"publish","type":"page","link":"https:\/\/www.allinclusivehotels.it\/de\/urlaubsziele\/ligurien","title":{"rendered":"Ligurien"},"content":{"rendered":"\n<p><strong>Urlaub in Ligurien<\/strong> verbindet Erholung am Strand mit Wandern, Kultur und Wein-Kulinarik. Das zwischen Meer und Bergen eingeklemmte Land &nbsp;hat f\u00fcr alle viel Faszinierendes zu bieten, egal ob Sie als <strong>Paar<\/strong>, mit der <strong>Familie<\/strong> oder mit <strong>Freund*innen<\/strong> unterwegs sind.<br>Im kristallklaren Meer vor Ligurien liegt das <strong>&#8220;Santuario dei Cetacei&#8221;, &#8220;Zufluchtsort der Wale&#8221;<\/strong>, ein gesch\u00fctztes Gebiet.&nbsp; Von Juni bis September k\u00f6nnen Sie an Bootstouren teilnehmen, um dort Wale, Delfine, Schwertwale und Schildkr\u00f6ten zu beobachten.<\/p>\n\n\n\n<!--more-->\n\n\n\n<p>Wenn Sie gerne <strong>Outdoor-Aktivit\u00e4ten<\/strong> in der freien Natur betreiben, ist Ligurien Ihr Land: Wege an der K\u00fcste hoch \u00fcber dem Meer erm\u00f6glichen <strong>Wandern und Nordic Walking<\/strong> mit Kino-Effekt,<strong> 1.200 km Radwege<\/strong> erschlie\u00dfen die Region und verbinden sie mit dem Piemont und mit Frankreich, an der K\u00fcste werden Segeln und Windsurf praktiziert, auch Golf- und Tennispl\u00e4tze fehlen nicht.<br>Ligurien ist reich an St\u00e4tten der <strong>Kunst,<\/strong> <strong>Kultur und Geschichte:<\/strong> die ber\u00fchmten <strong>Cinque Terre<\/strong>, an die Steilk\u00fcste geklebte St\u00e4dtchen, sch\u00f6n wie ein romantisches Gem\u00e4lde; die alte Hafenstadt <strong>Genua <\/strong>&nbsp;mit engen steilen Gassen und historischen Pal\u00e4sten; <strong>Sanremo, <\/strong>Austragunsort des bekanntesten italienischen Songwettbewerbs; die Bergd\u00f6rfer <strong>Dolceacqua und Trioria, <\/strong>in denen man sich ins Mittelalter zur\u00fcckversetzt f\u00fchlt; schlie\u00dflich die malerischen alten Hafenst\u00e4dtchen <strong>Portofino<\/strong>, <strong>Portovenere<\/strong> und <strong>Tellaro, <\/strong>wahre Perlen an der Steilk\u00fcste.<\/p>\n\n\n\n<p>Ein <strong>All-Inclusive-Urlaub in Ligurien<\/strong> ist die komfortabelste Art, die vielen sch\u00f6nen und interessanten Seiten dieser Region zu erleben.<\/p>\n","protected":false},"excerpt":{"rendered":"<p>Urlaub in Ligurien verbindet Erholung am Strand mit Wandern, Kultur und Wein-Kulinarik. Das zwischen Meer &hellip;<\/p>\n","protected":false},"author":1,"featured_media":0,"parent":16402,"menu_order":0,"comment_status":"closed","ping_status":"closed","template":"page-templates\/destinazione.php","meta":{"_acf_changed":false,"footnotes":""},"class_list":["post-16918","page","type-page","status-publish","hentry"],"acf":[],"yoast_head":"<!-- This site is optimized with the Yoast SEO plugin v27.0 - https:\/\/yoast.com\/product\/yoast-seo-wordpress\/ -->\n<title>All Inclusive Urlaub in Ligurien | Die besten All Inclusive Hotels<\/title>\n<meta name=\"description\" content=\"Suchen Sie einen All Inclusive Urlaub in Ligurien? Entdecken Sie die gr\u00f6\u00dfte Auswahl an All-Inclusive-Hotels in Italien!\" \/>\n<meta name=\"robots\" content=\"index, follow, max-snippet:-1, max-image-preview:large, max-video-preview:-1\" \/>\n<link rel=\"canonical\" href=\"https:\/\/www.allinclusivehotels.it\/de\/urlaubsziele\/ligurien\" \/>\n<meta property=\"og:locale\" content=\"de_DE\" \/>\n<meta property=\"og:type\" content=\"article\" \/>\n<meta property=\"og:title\" content=\"All Inclusive Urlaub in Ligurien | Die besten All Inclusive Hotels\" \/>\n<meta property=\"og:description\" content=\"Suchen Sie einen All Inclusive Urlaub in Ligurien? Entdecken Sie die gr\u00f6\u00dfte Auswahl an All-Inclusive-Hotels in Italien!\" \/>\n<meta property=\"og:url\" content=\"https:\/\/www.allinclusivehotels.it\/de\/urlaubsziele\/ligurien\" \/>\n<meta property=\"og:site_name\" content=\"All Inclusive Hotels\" \/>\n<meta property=\"article:modified_time\" content=\"2022-06-09T07:53:30+00:00\" \/>\n<meta name=\"twitter:card\" content=\"summary_large_image\" \/>\n<meta name=\"twitter:label1\" content=\"Gesch\u00e4tzte Lesezeit\" \/>\n\t<meta name=\"twitter:data1\" content=\"2\u00a0Minuten\" \/>\n<script type=\"application\/ld+json\" class=\"yoast-schema-graph\">{\"@context\":\"https:\/\/schema.org\",\"@graph\":[{\"@type\":\"WebPage\",\"@id\":\"https:\/\/www.allinclusivehotels.it\/de\/urlaubsziele\/ligurien\",\"url\":\"https:\/\/www.allinclusivehotels.it\/de\/urlaubsziele\/ligurien\",\"name\":\"All Inclusive Urlaub in Ligurien | Die besten All Inclusive Hotels\",\"isPartOf\":{\"@id\":\"https:\/\/www.allinclusivehotels.it\/de#website\"},\"datePublished\":\"2022-03-28T08:38:28+00:00\",\"dateModified\":\"2022-06-09T07:53:30+00:00\",\"description\":\"Suchen Sie einen All Inclusive Urlaub in Ligurien? Entdecken Sie die gr\u00f6\u00dfte Auswahl an All-Inclusive-Hotels in Italien!\",\"breadcrumb\":{\"@id\":\"https:\/\/www.allinclusivehotels.it\/de\/urlaubsziele\/ligurien#breadcrumb\"},\"inLanguage\":\"de\",\"potentialAction\":[{\"@type\":\"ReadAction\",\"target\":[\"https:\/\/www.allinclusivehotels.it\/de\/urlaubsziele\/ligurien\"]}]},{\"@type\":\"BreadcrumbList\",\"@id\":\"https:\/\/www.allinclusivehotels.it\/de\/urlaubsziele\/ligurien#breadcrumb\",\"itemListElement\":[{\"@type\":\"ListItem\",\"position\":1,\"name\":\"Home\",\"item\":\"https:\/\/www.allinclusivehotels.it\/de\"},{\"@type\":\"ListItem\",\"position\":2,\"name\":\"Urlaubsziele\",\"item\":\"https:\/\/www.allinclusivehotels.it\/de\/urlaubsziele\"},{\"@type\":\"ListItem\",\"position\":3,\"name\":\"Ligurien\"}]},{\"@type\":\"WebSite\",\"@id\":\"https:\/\/www.allinclusivehotels.it\/de#website\",\"url\":\"https:\/\/www.allinclusivehotels.it\/de\",\"name\":\"All Inclusive Hotels\",\"description\":\"\",\"publisher\":{\"@id\":\"https:\/\/www.allinclusivehotels.it\/de#organization\"},\"potentialAction\":[{\"@type\":\"SearchAction\",\"target\":{\"@type\":\"EntryPoint\",\"urlTemplate\":\"https:\/\/www.allinclusivehotels.it\/de?s={search_term_string}\"},\"query-input\":{\"@type\":\"PropertyValueSpecification\",\"valueRequired\":true,\"valueName\":\"search_term_string\"}}],\"inLanguage\":\"de\"},{\"@type\":\"Organization\",\"@id\":\"https:\/\/www.allinclusivehotels.it\/de#organization\",\"name\":\"All Inclusive Hotels\",\"url\":\"https:\/\/www.allinclusivehotels.it\/de\",\"logo\":{\"@type\":\"ImageObject\",\"inLanguage\":\"de\",\"@id\":\"https:\/\/www.allinclusivehotels.it\/de#\/schema\/logo\/image\/\",\"url\":\"\",\"contentUrl\":\"\",\"caption\":\"All Inclusive Hotels\"},\"image\":{\"@id\":\"https:\/\/www.allinclusivehotels.it\/de#\/schema\/logo\/image\/\"}}]}<\/script>\n<!-- \/ Yoast SEO plugin. -->","yoast_head_json":{"title":"All Inclusive Urlaub in Ligurien | Die besten All Inclusive Hotels","description":"Suchen Sie einen All Inclusive Urlaub in Ligurien? Entdecken Sie die gr\u00f6\u00dfte Auswahl an All-Inclusive-Hotels in Italien!","robots":{"index":"index","follow":"follow","max-snippet":"max-snippet:-1","max-image-preview":"max-image-preview:large","max-video-preview":"max-video-preview:-1"},"canonical":"https:\/\/www.allinclusivehotels.it\/de\/urlaubsziele\/ligurien","og_locale":"de_DE","og_type":"article","og_title":"All Inclusive Urlaub in Ligurien | Die besten All Inclusive Hotels","og_description":"Suchen Sie einen All Inclusive Urlaub in Ligurien? Entdecken Sie die gr\u00f6\u00dfte Auswahl an All-Inclusive-Hotels in Italien!","og_url":"https:\/\/www.allinclusivehotels.it\/de\/urlaubsziele\/ligurien","og_site_name":"All Inclusive Hotels","article_modified_time":"2022-06-09T07:53:30+00:00","twitter_card":"summary_large_image","twitter_misc":{"Gesch\u00e4tzte Lesezeit":"2\u00a0Minuten"},"schema":{"@context":"https:\/\/schema.org","@graph":[{"@type":"WebPage","@id":"https:\/\/www.allinclusivehotels.it\/de\/urlaubsziele\/ligurien","url":"https:\/\/www.allinclusivehotels.it\/de\/urlaubsziele\/ligurien","name":"All Inclusive Urlaub in Ligurien | Die besten All Inclusive Hotels","isPartOf":{"@id":"https:\/\/www.allinclusivehotels.it\/de#website"},"datePublished":"2022-03-28T08:38:28+00:00","dateModified":"2022-06-09T07:53:30+00:00","description":"Suchen Sie einen All Inclusive Urlaub in Ligurien? Entdecken Sie die gr\u00f6\u00dfte Auswahl an All-Inclusive-Hotels in Italien!","breadcrumb":{"@id":"https:\/\/www.allinclusivehotels.it\/de\/urlaubsziele\/ligurien#breadcrumb"},"inLanguage":"de","potentialAction":[{"@type":"ReadAction","target":["https:\/\/www.allinclusivehotels.it\/de\/urlaubsziele\/ligurien"]}]},{"@type":"BreadcrumbList","@id":"https:\/\/www.allinclusivehotels.it\/de\/urlaubsziele\/ligurien#breadcrumb","itemListElement":[{"@type":"ListItem","position":1,"name":"Home","item":"https:\/\/www.allinclusivehotels.it\/de"},{"@type":"ListItem","position":2,"name":"Urlaubsziele","item":"https:\/\/www.allinclusivehotels.it\/de\/urlaubsziele"},{"@type":"ListItem","position":3,"name":"Ligurien"}]},{"@type":"WebSite","@id":"https:\/\/www.allinclusivehotels.it\/de#website","url":"https:\/\/www.allinclusivehotels.it\/de","name":"All Inclusive Hotels","description":"","publisher":{"@id":"https:\/\/www.allinclusivehotels.it\/de#organization"},"potentialAction":[{"@type":"SearchAction","target":{"@type":"EntryPoint","urlTemplate":"https:\/\/www.allinclusivehotels.it\/de?s={search_term_string}"},"query-input":{"@type":"PropertyValueSpecification","valueRequired":true,"valueName":"search_term_string"}}],"inLanguage":"de"},{"@type":"Organization","@id":"https:\/\/www.allinclusivehotels.it\/de#organization","name":"All Inclusive Hotels","url":"https:\/\/www.allinclusivehotels.it\/de","logo":{"@type":"ImageObject","inLanguage":"de","@id":"https:\/\/www.allinclusivehotels.it\/de#\/schema\/logo\/image\/","url":"","contentUrl":"","caption":"All Inclusive Hotels"},"image":{"@id":"https:\/\/www.allinclusivehotels.it\/de#\/schema\/logo\/image\/"}}]}},"_links":{"self":[{"href":"https:\/\/www.allinclusivehotels.it\/de\/wp-json\/wp\/v2\/pages\/16918","targetHints":{"allow":["GET"]}}],"collection":[{"href":"https:\/\/www.allinclusivehotels.it\/de\/wp-json\/wp\/v2\/pages"}],"about":[{"href":"https:\/\/www.allinclusivehotels.it\/de\/wp-json\/wp\/v2\/types\/page"}],"author":[{"embeddable":true,"href":"https:\/\/www.allinclusivehotels.it\/de\/wp-json\/wp\/v2\/users\/1"}],"replies":[{"embeddable":true,"href":"https:\/\/www.allinclusivehotels.it\/de\/wp-json\/wp\/v2\/comments?post=16918"}],"version-history":[{"count":4,"href":"https:\/\/www.allinclusivehotels.it\/de\/wp-json\/wp\/v2\/pages\/16918\/revisions"}],"predecessor-version":[{"id":20675,"href":"https:\/\/www.allinclusivehotels.it\/de\/wp-json\/wp\/v2\/pages\/16918\/revisions\/20675"}],"up":[{"embeddable":true,"href":"https:\/\/www.allinclusivehotels.it\/de\/wp-json\/wp\/v2\/pages\/16402"}],"wp:attachment":[{"href":"https:\/\/www.allinclusivehotels.it\/de\/wp-json\/wp\/v2\/media?parent=16918"}],"curies":[{"name":"wp","href":"https:\/\/api.w.org\/{rel}","templated":true}]}}