{"id":16914,"date":"2022-03-28T10:37:03","date_gmt":"2022-03-28T08:37:03","guid":{"rendered":"https:\/\/www.allinclusivehotels.it\/?page_id=16914"},"modified":"2022-03-28T10:37:04","modified_gmt":"2022-03-28T08:37:04","slug":"diano-marina","status":"publish","type":"page","link":"https:\/\/www.allinclusivehotels.it\/de\/urlaubsziele\/diano-marina","title":{"rendered":"Diano Marina"},"content":{"rendered":"\n<p>Der <strong>Golf von Diano<\/strong> ist eine anmutige Bucht, die mit t\u00fcrkisblauem Meer und einem <strong>3 km langen Sandstrand<\/strong>, an dem alle <strong>Komforteinrichtungen vorhanden sind<\/strong>, zu erholsamem Badeurlaub einl\u00e4dt.<br>Der <strong>lebhafte Ort Diano Marina<\/strong> ist das ganze Jahr \u00fcber ein beliebtes Reiseziel;\u00a0 Dank dem ausgesprochen milden Klima ist das Wetter fast immer angenehm. Die <strong>All-Inclusive-Hotels von Diano Marina<\/strong> empfehlen sich Familien mit Kindern, Paaren und kleinen Gruppen von Freund*innen f\u00fcr einen sorgenfreien Urlaub mit hervorragenden Serviceleistungen, die im Preis schon enthalten sind.<\/p>\n\n\n\n<!--more-->\n\n\n\n<p><br>Fahren Sie gerne Rad? In Diano Marina beginnt der 24 km lange <strong>Radweg<\/strong> <strong><em>Ciclabile del Ponente Ligure<\/em><\/strong>, auf dem Sie, mit &#8220;herrlichen Aussichten&#8221; an der K\u00fcste entlang bis nach San Remo fahren k\u00f6nnen, auf einer ehemaligen Eisenbahntrasse.<br>In der <strong>Umgebung von Diano Marina<\/strong> verlaufen zwischen dem Meer und dem typischen &#8220;Macchia Mediterranea&#8221;-Wald <strong>sch\u00f6ne Wege f\u00fcr Wanderungen, Nordic Walking und Mountainbike-Fahrten.<\/strong><br>In der<strong> Fu\u00dfg\u00e4ngerzone im Stadtzentrum von Diano Marina<\/strong> wechseln Handwerkerl\u00e4den mit modischen Boutiquen; Shopping-Lust kann sich auf unterschiedliche Objekte richten.<br>Oder Sie machen in der autofreien Zone einfach einen Spaziergang mit den Kindern und g\u00f6nnen sich ein Eis, einen Kaffe oder ein k\u00fchles Getr\u00e4nk.<br>Interessante Einblicke in die <strong>lokale Geschichte g<\/strong>ew\u00e4hrt das <strong>st\u00e4dtische Museum <em>Museo Civico MARM.<\/em><\/strong><\/p>\n","protected":false},"excerpt":{"rendered":"<p>Der Golf von Diano ist eine anmutige Bucht, die mit t\u00fcrkisblauem Meer und einem 3 &hellip;<\/p>\n","protected":false},"author":1,"featured_media":0,"parent":16402,"menu_order":0,"comment_status":"closed","ping_status":"closed","template":"page-templates\/destinazione.php","meta":{"_acf_changed":false,"footnotes":""},"class_list":["post-16914","page","type-page","status-publish","hentry"],"acf":[],"yoast_head":"<!-- This site is optimized with the Yoast SEO plugin v27.0 - https:\/\/yoast.com\/product\/yoast-seo-wordpress\/ -->\n<title>Diano Marina - All Inclusive Hotels<\/title>\n<meta name=\"robots\" content=\"index, follow, max-snippet:-1, max-image-preview:large, max-video-preview:-1\" \/>\n<link rel=\"canonical\" href=\"https:\/\/www.allinclusivehotels.it\/de\/urlaubsziele\/diano-marina\" \/>\n<meta property=\"og:locale\" content=\"de_DE\" \/>\n<meta property=\"og:type\" content=\"article\" \/>\n<meta property=\"og:title\" content=\"Diano Marina - All Inclusive Hotels\" \/>\n<meta property=\"og:description\" content=\"Der Golf von Diano ist eine anmutige Bucht, die mit t\u00fcrkisblauem Meer und einem 3 &hellip;\" \/>\n<meta property=\"og:url\" content=\"https:\/\/www.allinclusivehotels.it\/de\/urlaubsziele\/diano-marina\" \/>\n<meta property=\"og:site_name\" content=\"All Inclusive Hotels\" \/>\n<meta property=\"article:modified_time\" content=\"2022-03-28T08:37:04+00:00\" \/>\n<meta name=\"twitter:card\" content=\"summary_large_image\" \/>\n<meta name=\"twitter:label1\" content=\"Gesch\u00e4tzte Lesezeit\" \/>\n\t<meta name=\"twitter:data1\" content=\"2\u00a0Minuten\" \/>\n<script type=\"application\/ld+json\" class=\"yoast-schema-graph\">{\"@context\":\"https:\/\/schema.org\",\"@graph\":[{\"@type\":\"WebPage\",\"@id\":\"https:\/\/www.allinclusivehotels.it\/de\/urlaubsziele\/diano-marina\",\"url\":\"https:\/\/www.allinclusivehotels.it\/de\/urlaubsziele\/diano-marina\",\"name\":\"Diano Marina - All Inclusive Hotels\",\"isPartOf\":{\"@id\":\"https:\/\/www.allinclusivehotels.it\/de#website\"},\"datePublished\":\"2022-03-28T08:37:03+00:00\",\"dateModified\":\"2022-03-28T08:37:04+00:00\",\"breadcrumb\":{\"@id\":\"https:\/\/www.allinclusivehotels.it\/de\/urlaubsziele\/diano-marina#breadcrumb\"},\"inLanguage\":\"de\",\"potentialAction\":[{\"@type\":\"ReadAction\",\"target\":[\"https:\/\/www.allinclusivehotels.it\/de\/urlaubsziele\/diano-marina\"]}]},{\"@type\":\"BreadcrumbList\",\"@id\":\"https:\/\/www.allinclusivehotels.it\/de\/urlaubsziele\/diano-marina#breadcrumb\",\"itemListElement\":[{\"@type\":\"ListItem\",\"position\":1,\"name\":\"Home\",\"item\":\"https:\/\/www.allinclusivehotels.it\/de\"},{\"@type\":\"ListItem\",\"position\":2,\"name\":\"Urlaubsziele\",\"item\":\"https:\/\/www.allinclusivehotels.it\/de\/urlaubsziele\"},{\"@type\":\"ListItem\",\"position\":3,\"name\":\"Diano Marina\"}]},{\"@type\":\"WebSite\",\"@id\":\"https:\/\/www.allinclusivehotels.it\/de#website\",\"url\":\"https:\/\/www.allinclusivehotels.it\/de\",\"name\":\"All Inclusive Hotels\",\"description\":\"\",\"publisher\":{\"@id\":\"https:\/\/www.allinclusivehotels.it\/de#organization\"},\"potentialAction\":[{\"@type\":\"SearchAction\",\"target\":{\"@type\":\"EntryPoint\",\"urlTemplate\":\"https:\/\/www.allinclusivehotels.it\/de?s={search_term_string}\"},\"query-input\":{\"@type\":\"PropertyValueSpecification\",\"valueRequired\":true,\"valueName\":\"search_term_string\"}}],\"inLanguage\":\"de\"},{\"@type\":\"Organization\",\"@id\":\"https:\/\/www.allinclusivehotels.it\/de#organization\",\"name\":\"All Inclusive Hotels\",\"url\":\"https:\/\/www.allinclusivehotels.it\/de\",\"logo\":{\"@type\":\"ImageObject\",\"inLanguage\":\"de\",\"@id\":\"https:\/\/www.allinclusivehotels.it\/de#\/schema\/logo\/image\/\",\"url\":\"\",\"contentUrl\":\"\",\"caption\":\"All Inclusive Hotels\"},\"image\":{\"@id\":\"https:\/\/www.allinclusivehotels.it\/de#\/schema\/logo\/image\/\"}}]}<\/script>\n<!-- \/ Yoast SEO plugin. -->","yoast_head_json":{"title":"Diano Marina - All Inclusive Hotels","robots":{"index":"index","follow":"follow","max-snippet":"max-snippet:-1","max-image-preview":"max-image-preview:large","max-video-preview":"max-video-preview:-1"},"canonical":"https:\/\/www.allinclusivehotels.it\/de\/urlaubsziele\/diano-marina","og_locale":"de_DE","og_type":"article","og_title":"Diano Marina - All Inclusive Hotels","og_description":"Der Golf von Diano ist eine anmutige Bucht, die mit t\u00fcrkisblauem Meer und einem 3 &hellip;","og_url":"https:\/\/www.allinclusivehotels.it\/de\/urlaubsziele\/diano-marina","og_site_name":"All Inclusive Hotels","article_modified_time":"2022-03-28T08:37:04+00:00","twitter_card":"summary_large_image","twitter_misc":{"Gesch\u00e4tzte Lesezeit":"2\u00a0Minuten"},"schema":{"@context":"https:\/\/schema.org","@graph":[{"@type":"WebPage","@id":"https:\/\/www.allinclusivehotels.it\/de\/urlaubsziele\/diano-marina","url":"https:\/\/www.allinclusivehotels.it\/de\/urlaubsziele\/diano-marina","name":"Diano Marina - All Inclusive Hotels","isPartOf":{"@id":"https:\/\/www.allinclusivehotels.it\/de#website"},"datePublished":"2022-03-28T08:37:03+00:00","dateModified":"2022-03-28T08:37:04+00:00","breadcrumb":{"@id":"https:\/\/www.allinclusivehotels.it\/de\/urlaubsziele\/diano-marina#breadcrumb"},"inLanguage":"de","potentialAction":[{"@type":"ReadAction","target":["https:\/\/www.allinclusivehotels.it\/de\/urlaubsziele\/diano-marina"]}]},{"@type":"BreadcrumbList","@id":"https:\/\/www.allinclusivehotels.it\/de\/urlaubsziele\/diano-marina#breadcrumb","itemListElement":[{"@type":"ListItem","position":1,"name":"Home","item":"https:\/\/www.allinclusivehotels.it\/de"},{"@type":"ListItem","position":2,"name":"Urlaubsziele","item":"https:\/\/www.allinclusivehotels.it\/de\/urlaubsziele"},{"@type":"ListItem","position":3,"name":"Diano Marina"}]},{"@type":"WebSite","@id":"https:\/\/www.allinclusivehotels.it\/de#website","url":"https:\/\/www.allinclusivehotels.it\/de","name":"All Inclusive Hotels","description":"","publisher":{"@id":"https:\/\/www.allinclusivehotels.it\/de#organization"},"potentialAction":[{"@type":"SearchAction","target":{"@type":"EntryPoint","urlTemplate":"https:\/\/www.allinclusivehotels.it\/de?s={search_term_string}"},"query-input":{"@type":"PropertyValueSpecification","valueRequired":true,"valueName":"search_term_string"}}],"inLanguage":"de"},{"@type":"Organization","@id":"https:\/\/www.allinclusivehotels.it\/de#organization","name":"All Inclusive Hotels","url":"https:\/\/www.allinclusivehotels.it\/de","logo":{"@type":"ImageObject","inLanguage":"de","@id":"https:\/\/www.allinclusivehotels.it\/de#\/schema\/logo\/image\/","url":"","contentUrl":"","caption":"All Inclusive Hotels"},"image":{"@id":"https:\/\/www.allinclusivehotels.it\/de#\/schema\/logo\/image\/"}}]}},"_links":{"self":[{"href":"https:\/\/www.allinclusivehotels.it\/de\/wp-json\/wp\/v2\/pages\/16914","targetHints":{"allow":["GET"]}}],"collection":[{"href":"https:\/\/www.allinclusivehotels.it\/de\/wp-json\/wp\/v2\/pages"}],"about":[{"href":"https:\/\/www.allinclusivehotels.it\/de\/wp-json\/wp\/v2\/types\/page"}],"author":[{"embeddable":true,"href":"https:\/\/www.allinclusivehotels.it\/de\/wp-json\/wp\/v2\/users\/1"}],"replies":[{"embeddable":true,"href":"https:\/\/www.allinclusivehotels.it\/de\/wp-json\/wp\/v2\/comments?post=16914"}],"version-history":[{"count":2,"href":"https:\/\/www.allinclusivehotels.it\/de\/wp-json\/wp\/v2\/pages\/16914\/revisions"}],"predecessor-version":[{"id":16917,"href":"https:\/\/www.allinclusivehotels.it\/de\/wp-json\/wp\/v2\/pages\/16914\/revisions\/16917"}],"up":[{"embeddable":true,"href":"https:\/\/www.allinclusivehotels.it\/de\/wp-json\/wp\/v2\/pages\/16402"}],"wp:attachment":[{"href":"https:\/\/www.allinclusivehotels.it\/de\/wp-json\/wp\/v2\/media?parent=16914"}],"curies":[{"name":"wp","href":"https:\/\/api.w.org\/{rel}","templated":true}]}}