{"id":16903,"date":"2022-03-28T10:34:09","date_gmt":"2022-03-28T08:34:09","guid":{"rendered":"https:\/\/www.allinclusivehotels.it\/hotels\/hotel-promenade"},"modified":"2022-07-01T10:15:05","modified_gmt":"2022-07-01T08:15:05","slug":"hotel-promenade","status":"publish","type":"page","link":"https:\/\/www.allinclusivehotels.it\/de\/hotels\/hotel-promenade","title":{"rendered":"Hotel Promenade"},"content":{"rendered":"\n<p>Das Team des <b>Hotel Promenade<\/b> in <b>Gabicce Mare<\/b> wartet darauf, Sie aufzunehmen; erleben Sie bei uns eine rundum sch\u00f6ne, entspannte Zeit am Meer, einen Steinwurf vom Naturpark Monte San Bartolo. 5 Minuten zu Fu\u00df trennen Sie von unserem <b>Partner-Strandbad, <\/b>genau so nah ist auch das einladende Ortszentrum von Gabicce mit seinen Lokalen und Gesch\u00e4ften.<\/p>\n\n\n\n<!--more-->\n\n\n\n<p><b>Am Strand<\/b> organisieren die <b>Animateur*innen<\/b> Spiele und kreative Aktivit\u00e4ten f\u00fcr die <b>Kinder<\/b>; Gesellschaftsspiele, eine kleine Bibliothek und Spielbereiche stehen auch zur Verf\u00fcgung. Auch am Hotel ist ein <b>Spielplatz<\/b>, und der<b> Mini-Club<\/b> k\u00fcmmert sich um die 3- bis 10-J\u00e4hrigen, wozu auch ein fr\u00f6hlicher <b>Nachmittagsimbiss<\/b> geh\u00f6rt.<\/p>\n\n\n\n<p>Am <b>gro\u00dfen Fr\u00fchst\u00fccksbuffet<\/b> finden Sie  Herzhaftes und S\u00fc\u00dfes f\u00fcr den Start in einen sch\u00f6nen Tag. Das Mittagessen gibt es auf Anfrage auch als <b>Lunchpaket<\/b> zum Mitnehmen an den Strand oder bei Ausfl\u00fcgen. Abends erwarten Sie<b> feine Fleisch- und Fischgerichte<\/b> plus <b>Buffet;<\/b> regelm\u00e4\u00dfig auch <b>Aperitife<\/b> und <b>typische Festabende<\/b> mit Spezialit\u00e4ten der Romagna. Die Bed\u00fcrfnisse unserer kleinen G\u00e4ste ber\u00fccksichtigen wir mit schmackhaften <b>Kindermen\u00fcs <\/b>aus nat\u00fcrlichen Zutaten.<\/p>\n\n\n\n<p>Die Lage des Hotels bietet sich an f\u00fcr Ausfl\u00fcge zu den malerischen historischen St\u00e4dtchen auf den H\u00fcgeln des Hinterlands und f\u00fcr <b>Outdoor-Aktivit\u00e4ten<\/b> wie Wandern, Nordic Walking, Boots- oder Kanufahrten.<\/p>\n\n\n\n<p>Das Hotel stellt kostenlos <b>Fahrr\u00e4der<\/b> zur Verf\u00fcgung, auch mit <b>Kindersitz.<\/b><\/p>\n","protected":false},"excerpt":{"rendered":"<p>Das Team des Hotel Promenade in Gabicce Mare wartet darauf, Sie aufzunehmen; erleben Sie bei &hellip;<\/p>\n","protected":false},"author":1,"featured_media":7553,"parent":16476,"menu_order":0,"comment_status":"closed","ping_status":"closed","template":"page-templates\/scheda_hotel.php","meta":{"_acf_changed":false,"footnotes":""},"class_list":["post-16903","page","type-page","status-publish","has-post-thumbnail","hentry"],"acf":[],"yoast_head":"<!-- This site is optimized with the Yoast SEO plugin v27.0 - https:\/\/yoast.com\/product\/yoast-seo-wordpress\/ -->\n<title>Hotel Promenade - All Inclusive Hotels<\/title>\n<meta name=\"robots\" content=\"index, follow, max-snippet:-1, max-image-preview:large, max-video-preview:-1\" \/>\n<link rel=\"canonical\" href=\"https:\/\/www.allinclusivehotels.it\/de\/hotels\/hotel-promenade\" \/>\n<meta property=\"og:locale\" content=\"de_DE\" \/>\n<meta property=\"og:type\" content=\"article\" \/>\n<meta property=\"og:title\" content=\"Hotel Promenade - All Inclusive Hotels\" \/>\n<meta property=\"og:description\" content=\"Das Team des Hotel Promenade in Gabicce Mare wartet darauf, Sie aufzunehmen; erleben Sie bei &hellip;\" \/>\n<meta property=\"og:url\" content=\"https:\/\/www.allinclusivehotels.it\/de\/hotels\/hotel-promenade\" \/>\n<meta property=\"og:site_name\" content=\"All Inclusive Hotels\" \/>\n<meta property=\"article:modified_time\" content=\"2022-07-01T08:15:05+00:00\" \/>\n<meta property=\"og:image\" content=\"https:\/\/www.allinclusivehotels.it\/wp-content\/uploads\/2022\/02\/Esterno.jpg\" \/>\n\t<meta property=\"og:image:width\" content=\"1200\" \/>\n\t<meta property=\"og:image:height\" content=\"800\" \/>\n\t<meta property=\"og:image:type\" content=\"image\/jpeg\" \/>\n<meta name=\"twitter:card\" content=\"summary_large_image\" \/>\n<meta name=\"twitter:label1\" content=\"Gesch\u00e4tzte Lesezeit\" \/>\n\t<meta name=\"twitter:data1\" content=\"2\u00a0Minuten\" \/>\n<script type=\"application\/ld+json\" class=\"yoast-schema-graph\">{\"@context\":\"https:\/\/schema.org\",\"@graph\":[{\"@type\":\"WebPage\",\"@id\":\"https:\/\/www.allinclusivehotels.it\/de\/hotels\/hotel-promenade\",\"url\":\"https:\/\/www.allinclusivehotels.it\/de\/hotels\/hotel-promenade\",\"name\":\"Hotel Promenade - All Inclusive Hotels\",\"isPartOf\":{\"@id\":\"https:\/\/www.allinclusivehotels.it\/de#website\"},\"primaryImageOfPage\":{\"@id\":\"https:\/\/www.allinclusivehotels.it\/de\/hotels\/hotel-promenade#primaryimage\"},\"image\":{\"@id\":\"https:\/\/www.allinclusivehotels.it\/de\/hotels\/hotel-promenade#primaryimage\"},\"thumbnailUrl\":\"https:\/\/www.allinclusivehotels.it\/wp-content\/uploads\/2022\/02\/Esterno.jpg\",\"datePublished\":\"2022-03-28T08:34:09+00:00\",\"dateModified\":\"2022-07-01T08:15:05+00:00\",\"breadcrumb\":{\"@id\":\"https:\/\/www.allinclusivehotels.it\/de\/hotels\/hotel-promenade#breadcrumb\"},\"inLanguage\":\"de\",\"potentialAction\":[{\"@type\":\"ReadAction\",\"target\":[\"https:\/\/www.allinclusivehotels.it\/de\/hotels\/hotel-promenade\"]}]},{\"@type\":\"ImageObject\",\"inLanguage\":\"de\",\"@id\":\"https:\/\/www.allinclusivehotels.it\/de\/hotels\/hotel-promenade#primaryimage\",\"url\":\"https:\/\/www.allinclusivehotels.it\/wp-content\/uploads\/2022\/02\/Esterno.jpg\",\"contentUrl\":\"https:\/\/www.allinclusivehotels.it\/wp-content\/uploads\/2022\/02\/Esterno.jpg\",\"width\":1200,\"height\":800},{\"@type\":\"BreadcrumbList\",\"@id\":\"https:\/\/www.allinclusivehotels.it\/de\/hotels\/hotel-promenade#breadcrumb\",\"itemListElement\":[{\"@type\":\"ListItem\",\"position\":1,\"name\":\"Home\",\"item\":\"https:\/\/www.allinclusivehotels.it\/de\"},{\"@type\":\"ListItem\",\"position\":2,\"name\":\"Hotels\",\"item\":\"https:\/\/www.allinclusivehotels.it\/de\/hotels\"},{\"@type\":\"ListItem\",\"position\":3,\"name\":\"Hotel Promenade\"}]},{\"@type\":\"WebSite\",\"@id\":\"https:\/\/www.allinclusivehotels.it\/de#website\",\"url\":\"https:\/\/www.allinclusivehotels.it\/de\",\"name\":\"All Inclusive Hotels\",\"description\":\"\",\"publisher\":{\"@id\":\"https:\/\/www.allinclusivehotels.it\/de#organization\"},\"potentialAction\":[{\"@type\":\"SearchAction\",\"target\":{\"@type\":\"EntryPoint\",\"urlTemplate\":\"https:\/\/www.allinclusivehotels.it\/de?s={search_term_string}\"},\"query-input\":{\"@type\":\"PropertyValueSpecification\",\"valueRequired\":true,\"valueName\":\"search_term_string\"}}],\"inLanguage\":\"de\"},{\"@type\":\"Organization\",\"@id\":\"https:\/\/www.allinclusivehotels.it\/de#organization\",\"name\":\"All Inclusive Hotels\",\"url\":\"https:\/\/www.allinclusivehotels.it\/de\",\"logo\":{\"@type\":\"ImageObject\",\"inLanguage\":\"de\",\"@id\":\"https:\/\/www.allinclusivehotels.it\/de#\/schema\/logo\/image\/\",\"url\":\"\",\"contentUrl\":\"\",\"caption\":\"All Inclusive Hotels\"},\"image\":{\"@id\":\"https:\/\/www.allinclusivehotels.it\/de#\/schema\/logo\/image\/\"}}]}<\/script>\n<!-- \/ Yoast SEO plugin. -->","yoast_head_json":{"title":"Hotel Promenade - All Inclusive Hotels","robots":{"index":"index","follow":"follow","max-snippet":"max-snippet:-1","max-image-preview":"max-image-preview:large","max-video-preview":"max-video-preview:-1"},"canonical":"https:\/\/www.allinclusivehotels.it\/de\/hotels\/hotel-promenade","og_locale":"de_DE","og_type":"article","og_title":"Hotel Promenade - All Inclusive Hotels","og_description":"Das Team des Hotel Promenade in Gabicce Mare wartet darauf, Sie aufzunehmen; erleben Sie bei &hellip;","og_url":"https:\/\/www.allinclusivehotels.it\/de\/hotels\/hotel-promenade","og_site_name":"All Inclusive Hotels","article_modified_time":"2022-07-01T08:15:05+00:00","og_image":[{"width":1200,"height":800,"url":"https:\/\/www.allinclusivehotels.it\/wp-content\/uploads\/2022\/02\/Esterno.jpg","type":"image\/jpeg"}],"twitter_card":"summary_large_image","twitter_misc":{"Gesch\u00e4tzte Lesezeit":"2\u00a0Minuten"},"schema":{"@context":"https:\/\/schema.org","@graph":[{"@type":"WebPage","@id":"https:\/\/www.allinclusivehotels.it\/de\/hotels\/hotel-promenade","url":"https:\/\/www.allinclusivehotels.it\/de\/hotels\/hotel-promenade","name":"Hotel Promenade - All Inclusive Hotels","isPartOf":{"@id":"https:\/\/www.allinclusivehotels.it\/de#website"},"primaryImageOfPage":{"@id":"https:\/\/www.allinclusivehotels.it\/de\/hotels\/hotel-promenade#primaryimage"},"image":{"@id":"https:\/\/www.allinclusivehotels.it\/de\/hotels\/hotel-promenade#primaryimage"},"thumbnailUrl":"https:\/\/www.allinclusivehotels.it\/wp-content\/uploads\/2022\/02\/Esterno.jpg","datePublished":"2022-03-28T08:34:09+00:00","dateModified":"2022-07-01T08:15:05+00:00","breadcrumb":{"@id":"https:\/\/www.allinclusivehotels.it\/de\/hotels\/hotel-promenade#breadcrumb"},"inLanguage":"de","potentialAction":[{"@type":"ReadAction","target":["https:\/\/www.allinclusivehotels.it\/de\/hotels\/hotel-promenade"]}]},{"@type":"ImageObject","inLanguage":"de","@id":"https:\/\/www.allinclusivehotels.it\/de\/hotels\/hotel-promenade#primaryimage","url":"https:\/\/www.allinclusivehotels.it\/wp-content\/uploads\/2022\/02\/Esterno.jpg","contentUrl":"https:\/\/www.allinclusivehotels.it\/wp-content\/uploads\/2022\/02\/Esterno.jpg","width":1200,"height":800},{"@type":"BreadcrumbList","@id":"https:\/\/www.allinclusivehotels.it\/de\/hotels\/hotel-promenade#breadcrumb","itemListElement":[{"@type":"ListItem","position":1,"name":"Home","item":"https:\/\/www.allinclusivehotels.it\/de"},{"@type":"ListItem","position":2,"name":"Hotels","item":"https:\/\/www.allinclusivehotels.it\/de\/hotels"},{"@type":"ListItem","position":3,"name":"Hotel Promenade"}]},{"@type":"WebSite","@id":"https:\/\/www.allinclusivehotels.it\/de#website","url":"https:\/\/www.allinclusivehotels.it\/de","name":"All Inclusive Hotels","description":"","publisher":{"@id":"https:\/\/www.allinclusivehotels.it\/de#organization"},"potentialAction":[{"@type":"SearchAction","target":{"@type":"EntryPoint","urlTemplate":"https:\/\/www.allinclusivehotels.it\/de?s={search_term_string}"},"query-input":{"@type":"PropertyValueSpecification","valueRequired":true,"valueName":"search_term_string"}}],"inLanguage":"de"},{"@type":"Organization","@id":"https:\/\/www.allinclusivehotels.it\/de#organization","name":"All Inclusive Hotels","url":"https:\/\/www.allinclusivehotels.it\/de","logo":{"@type":"ImageObject","inLanguage":"de","@id":"https:\/\/www.allinclusivehotels.it\/de#\/schema\/logo\/image\/","url":"","contentUrl":"","caption":"All Inclusive Hotels"},"image":{"@id":"https:\/\/www.allinclusivehotels.it\/de#\/schema\/logo\/image\/"}}]}},"_links":{"self":[{"href":"https:\/\/www.allinclusivehotels.it\/de\/wp-json\/wp\/v2\/pages\/16903","targetHints":{"allow":["GET"]}}],"collection":[{"href":"https:\/\/www.allinclusivehotels.it\/de\/wp-json\/wp\/v2\/pages"}],"about":[{"href":"https:\/\/www.allinclusivehotels.it\/de\/wp-json\/wp\/v2\/types\/page"}],"author":[{"embeddable":true,"href":"https:\/\/www.allinclusivehotels.it\/de\/wp-json\/wp\/v2\/users\/1"}],"replies":[{"embeddable":true,"href":"https:\/\/www.allinclusivehotels.it\/de\/wp-json\/wp\/v2\/comments?post=16903"}],"version-history":[{"count":2,"href":"https:\/\/www.allinclusivehotels.it\/de\/wp-json\/wp\/v2\/pages\/16903\/revisions"}],"predecessor-version":[{"id":21312,"href":"https:\/\/www.allinclusivehotels.it\/de\/wp-json\/wp\/v2\/pages\/16903\/revisions\/21312"}],"up":[{"embeddable":true,"href":"https:\/\/www.allinclusivehotels.it\/de\/wp-json\/wp\/v2\/pages\/16476"}],"wp:featuredmedia":[{"embeddable":true,"href":"https:\/\/www.allinclusivehotels.it\/de\/wp-json\/wp\/v2\/media\/7553"}],"wp:attachment":[{"href":"https:\/\/www.allinclusivehotels.it\/de\/wp-json\/wp\/v2\/media?parent=16903"}],"curies":[{"name":"wp","href":"https:\/\/api.w.org\/{rel}","templated":true}]}}