{"id":16900,"date":"2022-03-28T10:34:08","date_gmt":"2022-03-28T08:34:08","guid":{"rendered":"https:\/\/www.allinclusivehotels.it\/silvi-marina"},"modified":"2022-07-01T11:06:09","modified_gmt":"2022-07-01T09:06:09","slug":"silvi-marina","status":"publish","type":"page","link":"https:\/\/www.allinclusivehotels.it\/de\/silvi-marina","title":{"rendered":"Silvi Marina"},"content":{"rendered":"\n<p>Der Badeort <b>Silvi Marina <\/b>in der Provinz Teramo liegt am Fu\u00df gr\u00fcner H\u00fcgel an einem langen wei\u00dfen Sandstrand vor der blauen Adria. In einem <b>All-Inclusive-Hotel in Silvi Marina <\/b>finden Sie die besten Voraussetzungen, die Vorz\u00fcge des Gebiets unbeschwert zu genie\u00dfen.<\/p>\n\n\n\n<!--more-->\n\n\n\n<p>Der Ort zeichnet sich durch sch\u00f6ne Pinien-Best\u00e4nde und den ca. 6 km langen Strand aus feinem wei\u00dfen Sand aus. Er f\u00e4llt ganz sanft ins Meer ab, ideal f\u00fcr Kinder. F\u00fcr das saubere Meer und die Qualit\u00e4t der Service-Einrichtungen erhielt Silvi Marina mehrmals die <b>europ\u00e4ische Blaue Flagge. <\/b>Mit einem Spaziergang am Strand entlang kann man den Turm  <b>Torre di Cerrano <\/b>erreichen, der einst dem K\u00f6nigreich Neapel zur \u00dcberwachung der K\u00fcste diente.<\/p>\n\n\n\n<p>Auf einem H\u00fcgeln landeinw\u00e4rts liegt der <b>mittelalterliche Kern des Ortes, &#8220;Silvi Alta&#8221;<\/b>, von dem aus man ein herrliches Panorama bewundern kann, vom Meer bis zum fast 3.000 m hohen Gran Sasso. Im Ort gibt es sehenswerte historische Geb\u00e4ude, wie die Kirchen <i>San Salvatore<\/i> und<i> San Rocco.<\/i><\/p>\n\n\n\n<p>Silvi Marina hat auch ein ansehnliches Nachtleben. Gegen Abend \u00f6ffnen Pubs und Diskotheken ihre T\u00fcren, bis in die Morgenstunden findet man fr\u00f6hliche Geselligkeit.<\/p>\n\n\n\n<p>Zu den <b>gastronomischen Spezialit\u00e4ten von Silvi Marina<\/b> z\u00e4hlen gegrilltes Lamm, die bekannten abruzzesischen <b>&#8220;Arrosticini&#8221; \u2013 <\/b>Spie\u00dfchen mit Schaffleisch, und Risotto mit frischen Meeresfr\u00fcchten.<\/p>\n","protected":false},"excerpt":{"rendered":"<p>Der Badeort Silvi Marina in der Provinz Teramo liegt am Fu\u00df gr\u00fcner H\u00fcgel an einem &hellip;<\/p>\n","protected":false},"author":1,"featured_media":0,"parent":0,"menu_order":0,"comment_status":"closed","ping_status":"closed","template":"page-templates\/destinazione.php","meta":{"_acf_changed":false,"footnotes":""},"class_list":["post-16900","page","type-page","status-publish","hentry"],"acf":[],"yoast_head":"<!-- This site is optimized with the Yoast SEO plugin v27.0 - https:\/\/yoast.com\/product\/yoast-seo-wordpress\/ -->\n<title>Silvi Marina - All Inclusive Hotels<\/title>\n<meta name=\"robots\" content=\"index, follow, max-snippet:-1, max-image-preview:large, max-video-preview:-1\" \/>\n<link rel=\"canonical\" href=\"https:\/\/www.allinclusivehotels.it\/de\/silvi-marina\" \/>\n<meta property=\"og:locale\" content=\"de_DE\" \/>\n<meta property=\"og:type\" content=\"article\" \/>\n<meta property=\"og:title\" content=\"Silvi Marina - All Inclusive Hotels\" \/>\n<meta property=\"og:description\" content=\"Der Badeort Silvi Marina in der Provinz Teramo liegt am Fu\u00df gr\u00fcner H\u00fcgel an einem &hellip;\" \/>\n<meta property=\"og:url\" content=\"https:\/\/www.allinclusivehotels.it\/de\/silvi-marina\" \/>\n<meta property=\"og:site_name\" content=\"All Inclusive Hotels\" \/>\n<meta property=\"article:modified_time\" content=\"2022-07-01T09:06:09+00:00\" \/>\n<meta name=\"twitter:card\" content=\"summary_large_image\" \/>\n<meta name=\"twitter:label1\" content=\"Gesch\u00e4tzte Lesezeit\" \/>\n\t<meta name=\"twitter:data1\" content=\"2\u00a0Minuten\" \/>\n<script type=\"application\/ld+json\" class=\"yoast-schema-graph\">{\"@context\":\"https:\/\/schema.org\",\"@graph\":[{\"@type\":\"WebPage\",\"@id\":\"https:\/\/www.allinclusivehotels.it\/de\/silvi-marina\",\"url\":\"https:\/\/www.allinclusivehotels.it\/de\/silvi-marina\",\"name\":\"Silvi Marina - All Inclusive Hotels\",\"isPartOf\":{\"@id\":\"https:\/\/www.allinclusivehotels.it\/de#website\"},\"datePublished\":\"2022-03-28T08:34:08+00:00\",\"dateModified\":\"2022-07-01T09:06:09+00:00\",\"breadcrumb\":{\"@id\":\"https:\/\/www.allinclusivehotels.it\/de\/silvi-marina#breadcrumb\"},\"inLanguage\":\"de\",\"potentialAction\":[{\"@type\":\"ReadAction\",\"target\":[\"https:\/\/www.allinclusivehotels.it\/de\/silvi-marina\"]}]},{\"@type\":\"BreadcrumbList\",\"@id\":\"https:\/\/www.allinclusivehotels.it\/de\/silvi-marina#breadcrumb\",\"itemListElement\":[{\"@type\":\"ListItem\",\"position\":1,\"name\":\"Home\",\"item\":\"https:\/\/www.allinclusivehotels.it\/de\"},{\"@type\":\"ListItem\",\"position\":2,\"name\":\"Silvi Marina\"}]},{\"@type\":\"WebSite\",\"@id\":\"https:\/\/www.allinclusivehotels.it\/de#website\",\"url\":\"https:\/\/www.allinclusivehotels.it\/de\",\"name\":\"All Inclusive Hotels\",\"description\":\"\",\"publisher\":{\"@id\":\"https:\/\/www.allinclusivehotels.it\/de#organization\"},\"potentialAction\":[{\"@type\":\"SearchAction\",\"target\":{\"@type\":\"EntryPoint\",\"urlTemplate\":\"https:\/\/www.allinclusivehotels.it\/de?s={search_term_string}\"},\"query-input\":{\"@type\":\"PropertyValueSpecification\",\"valueRequired\":true,\"valueName\":\"search_term_string\"}}],\"inLanguage\":\"de\"},{\"@type\":\"Organization\",\"@id\":\"https:\/\/www.allinclusivehotels.it\/de#organization\",\"name\":\"All Inclusive Hotels\",\"url\":\"https:\/\/www.allinclusivehotels.it\/de\",\"logo\":{\"@type\":\"ImageObject\",\"inLanguage\":\"de\",\"@id\":\"https:\/\/www.allinclusivehotels.it\/de#\/schema\/logo\/image\/\",\"url\":\"\",\"contentUrl\":\"\",\"caption\":\"All Inclusive Hotels\"},\"image\":{\"@id\":\"https:\/\/www.allinclusivehotels.it\/de#\/schema\/logo\/image\/\"}}]}<\/script>\n<!-- \/ Yoast SEO plugin. -->","yoast_head_json":{"title":"Silvi Marina - All Inclusive Hotels","robots":{"index":"index","follow":"follow","max-snippet":"max-snippet:-1","max-image-preview":"max-image-preview:large","max-video-preview":"max-video-preview:-1"},"canonical":"https:\/\/www.allinclusivehotels.it\/de\/silvi-marina","og_locale":"de_DE","og_type":"article","og_title":"Silvi Marina - All Inclusive Hotels","og_description":"Der Badeort Silvi Marina in der Provinz Teramo liegt am Fu\u00df gr\u00fcner H\u00fcgel an einem &hellip;","og_url":"https:\/\/www.allinclusivehotels.it\/de\/silvi-marina","og_site_name":"All Inclusive Hotels","article_modified_time":"2022-07-01T09:06:09+00:00","twitter_card":"summary_large_image","twitter_misc":{"Gesch\u00e4tzte Lesezeit":"2\u00a0Minuten"},"schema":{"@context":"https:\/\/schema.org","@graph":[{"@type":"WebPage","@id":"https:\/\/www.allinclusivehotels.it\/de\/silvi-marina","url":"https:\/\/www.allinclusivehotels.it\/de\/silvi-marina","name":"Silvi Marina - All Inclusive Hotels","isPartOf":{"@id":"https:\/\/www.allinclusivehotels.it\/de#website"},"datePublished":"2022-03-28T08:34:08+00:00","dateModified":"2022-07-01T09:06:09+00:00","breadcrumb":{"@id":"https:\/\/www.allinclusivehotels.it\/de\/silvi-marina#breadcrumb"},"inLanguage":"de","potentialAction":[{"@type":"ReadAction","target":["https:\/\/www.allinclusivehotels.it\/de\/silvi-marina"]}]},{"@type":"BreadcrumbList","@id":"https:\/\/www.allinclusivehotels.it\/de\/silvi-marina#breadcrumb","itemListElement":[{"@type":"ListItem","position":1,"name":"Home","item":"https:\/\/www.allinclusivehotels.it\/de"},{"@type":"ListItem","position":2,"name":"Silvi Marina"}]},{"@type":"WebSite","@id":"https:\/\/www.allinclusivehotels.it\/de#website","url":"https:\/\/www.allinclusivehotels.it\/de","name":"All Inclusive Hotels","description":"","publisher":{"@id":"https:\/\/www.allinclusivehotels.it\/de#organization"},"potentialAction":[{"@type":"SearchAction","target":{"@type":"EntryPoint","urlTemplate":"https:\/\/www.allinclusivehotels.it\/de?s={search_term_string}"},"query-input":{"@type":"PropertyValueSpecification","valueRequired":true,"valueName":"search_term_string"}}],"inLanguage":"de"},{"@type":"Organization","@id":"https:\/\/www.allinclusivehotels.it\/de#organization","name":"All Inclusive Hotels","url":"https:\/\/www.allinclusivehotels.it\/de","logo":{"@type":"ImageObject","inLanguage":"de","@id":"https:\/\/www.allinclusivehotels.it\/de#\/schema\/logo\/image\/","url":"","contentUrl":"","caption":"All Inclusive Hotels"},"image":{"@id":"https:\/\/www.allinclusivehotels.it\/de#\/schema\/logo\/image\/"}}]}},"_links":{"self":[{"href":"https:\/\/www.allinclusivehotels.it\/de\/wp-json\/wp\/v2\/pages\/16900","targetHints":{"allow":["GET"]}}],"collection":[{"href":"https:\/\/www.allinclusivehotels.it\/de\/wp-json\/wp\/v2\/pages"}],"about":[{"href":"https:\/\/www.allinclusivehotels.it\/de\/wp-json\/wp\/v2\/types\/page"}],"author":[{"embeddable":true,"href":"https:\/\/www.allinclusivehotels.it\/de\/wp-json\/wp\/v2\/users\/1"}],"replies":[{"embeddable":true,"href":"https:\/\/www.allinclusivehotels.it\/de\/wp-json\/wp\/v2\/comments?post=16900"}],"version-history":[{"count":4,"href":"https:\/\/www.allinclusivehotels.it\/de\/wp-json\/wp\/v2\/pages\/16900\/revisions"}],"predecessor-version":[{"id":21344,"href":"https:\/\/www.allinclusivehotels.it\/de\/wp-json\/wp\/v2\/pages\/16900\/revisions\/21344"}],"wp:attachment":[{"href":"https:\/\/www.allinclusivehotels.it\/de\/wp-json\/wp\/v2\/media?parent=16900"}],"curies":[{"name":"wp","href":"https:\/\/api.w.org\/{rel}","templated":true}]}}