{"id":16898,"date":"2022-03-28T10:34:08","date_gmt":"2022-03-28T08:34:08","guid":{"rendered":"https:\/\/www.allinclusivehotels.it\/san-benedetto-del-tronto"},"modified":"2022-07-01T11:05:33","modified_gmt":"2022-07-01T09:05:33","slug":"san-benedetto-del-tronto","status":"publish","type":"page","link":"https:\/\/www.allinclusivehotels.it\/de\/san-benedetto-del-tronto","title":{"rendered":"San Benedetto del Tronto"},"content":{"rendered":"\n<p>Das lebhafte St\u00e4dtchen <b>San Benedetto del Tronto<\/b>, in der Provinz Ascoli Piceno, ist das s\u00fcdlichste und auch das <b>renommierteste Seebad der Region Marken<\/b>. In einem <b>All-Inclusive-Hotel in San Benedetto<\/b> werden Sie einen herrlich erholsamen Badeurlaub erleben, dank vielen im Preis enthaltenen Serviceleistungen.<\/p>\n\n\n\n<!--more-->\n\n\n\n<p>San Benedetto del Tronto bietet sch\u00f6ne, komfortabel ausger\u00fcstete<b> Str\u00e4nde<\/b>, hervorragende <b>traditionelle K\u00fcche<\/b> und <b>historische Sehensw\u00fcrdigkeiten<\/b>.<\/p>\n\n\n\n<p>Der <b>feinsandige Strand<\/b> ist von <b>Palmen und Oleanderb\u00e4umen<\/b> ges\u00e4umt. Das klare saubere Meer, mehrfach mit der <b>Blauen Flagge <\/b>ausgezeichnet, wird nur ganz allm\u00e4hlich tiefer und erlaubt s<b>orgloses Baden mit Kindern.<\/b><\/p>\n\n\n\n<p>Die 6 km lange <b>Strandpromenade <\/b>ist der Brennpunkt des Urlaubslebens in San Benedetto; Sie finden dort gepflegte G\u00e4rten, Fitness-Anlagen, Ruhezonen, interessante Gesch\u00e4fte, einladende Lokale und Werke bekannter zeitgen\u00f6ssischer K\u00fcnstler. Auch ein <b>Radweg<\/b> verl\u00e4uft parallel zum Strand.<\/p>\n\n\n\n<p>San Benedetto ist eine gr\u00fcne Stadt mit <b>thematischen G\u00e4rten<\/b>, die Palmen, Zitrusfr\u00fcchten oder Rosen gewidmet sind. An <b>Sehensw\u00fcrdigkeiten<\/b> gibt es unter anderen die Kathedrale Santa Maria della Marina, den historischen Leuchtturm, den mittelalterlichen Wehrturm <i>Torrione dei Gualtieri<\/i>, das Fischer-Denkmal, das Denkmal der M\u00f6we Jonathan und das Fischerei-Museum.<\/p>\n\n\n\n<p>An der M\u00fcndung des Flusses Tronto beherbergt das <b>Naturschutzgebiet <i>Riserva della Sentina<\/i><\/b><i> <\/i>vor allem Wasserv\u00f6gel und selten gewordene Pflanzen.<\/p>\n\n\n\n<p>Auch<b> Gaumen und Magen<\/b> wollen ihre Urlaubserlebnisse. Kosten Sie die ber\u00fchmten, gef\u00fcllten und panierten Ascolanischen Oliven, Sellerie-Granatapfel-Salat, m\u00e4rkische Rouladen (Involtini), Kichererbsensuppe mit Schweinefleisch, Platterbsen-Suppe, Adria-Fisch und Sfrappe (S\u00fc\u00dfgeb\u00e4ck).<\/p>\n","protected":false},"excerpt":{"rendered":"<p>Das lebhafte St\u00e4dtchen San Benedetto del Tronto, in der Provinz Ascoli Piceno, ist das s\u00fcdlichste &hellip;<\/p>\n","protected":false},"author":1,"featured_media":0,"parent":0,"menu_order":0,"comment_status":"closed","ping_status":"closed","template":"page-templates\/destinazione.php","meta":{"_acf_changed":false,"footnotes":""},"class_list":["post-16898","page","type-page","status-publish","hentry"],"acf":[],"yoast_head":"<!-- This site is optimized with the Yoast SEO plugin v27.0 - https:\/\/yoast.com\/product\/yoast-seo-wordpress\/ -->\n<title>San Benedetto del Tronto - All Inclusive Hotels<\/title>\n<meta name=\"robots\" content=\"index, follow, max-snippet:-1, max-image-preview:large, max-video-preview:-1\" \/>\n<link rel=\"canonical\" href=\"https:\/\/www.allinclusivehotels.it\/de\/san-benedetto-del-tronto\" \/>\n<meta property=\"og:locale\" content=\"de_DE\" \/>\n<meta property=\"og:type\" content=\"article\" \/>\n<meta property=\"og:title\" content=\"San Benedetto del Tronto - All Inclusive Hotels\" \/>\n<meta property=\"og:description\" content=\"Das lebhafte St\u00e4dtchen San Benedetto del Tronto, in der Provinz Ascoli Piceno, ist das s\u00fcdlichste &hellip;\" \/>\n<meta property=\"og:url\" content=\"https:\/\/www.allinclusivehotels.it\/de\/san-benedetto-del-tronto\" \/>\n<meta property=\"og:site_name\" content=\"All Inclusive Hotels\" \/>\n<meta property=\"article:modified_time\" content=\"2022-07-01T09:05:33+00:00\" \/>\n<meta name=\"twitter:card\" content=\"summary_large_image\" \/>\n<meta name=\"twitter:label1\" content=\"Gesch\u00e4tzte Lesezeit\" \/>\n\t<meta name=\"twitter:data1\" content=\"2\u00a0Minuten\" \/>\n<script type=\"application\/ld+json\" class=\"yoast-schema-graph\">{\"@context\":\"https:\/\/schema.org\",\"@graph\":[{\"@type\":\"WebPage\",\"@id\":\"https:\/\/www.allinclusivehotels.it\/de\/san-benedetto-del-tronto\",\"url\":\"https:\/\/www.allinclusivehotels.it\/de\/san-benedetto-del-tronto\",\"name\":\"San Benedetto del Tronto - All Inclusive Hotels\",\"isPartOf\":{\"@id\":\"https:\/\/www.allinclusivehotels.it\/de#website\"},\"datePublished\":\"2022-03-28T08:34:08+00:00\",\"dateModified\":\"2022-07-01T09:05:33+00:00\",\"breadcrumb\":{\"@id\":\"https:\/\/www.allinclusivehotels.it\/de\/san-benedetto-del-tronto#breadcrumb\"},\"inLanguage\":\"de\",\"potentialAction\":[{\"@type\":\"ReadAction\",\"target\":[\"https:\/\/www.allinclusivehotels.it\/de\/san-benedetto-del-tronto\"]}]},{\"@type\":\"BreadcrumbList\",\"@id\":\"https:\/\/www.allinclusivehotels.it\/de\/san-benedetto-del-tronto#breadcrumb\",\"itemListElement\":[{\"@type\":\"ListItem\",\"position\":1,\"name\":\"Home\",\"item\":\"https:\/\/www.allinclusivehotels.it\/de\"},{\"@type\":\"ListItem\",\"position\":2,\"name\":\"San Benedetto del Tronto\"}]},{\"@type\":\"WebSite\",\"@id\":\"https:\/\/www.allinclusivehotels.it\/de#website\",\"url\":\"https:\/\/www.allinclusivehotels.it\/de\",\"name\":\"All Inclusive Hotels\",\"description\":\"\",\"publisher\":{\"@id\":\"https:\/\/www.allinclusivehotels.it\/de#organization\"},\"potentialAction\":[{\"@type\":\"SearchAction\",\"target\":{\"@type\":\"EntryPoint\",\"urlTemplate\":\"https:\/\/www.allinclusivehotels.it\/de?s={search_term_string}\"},\"query-input\":{\"@type\":\"PropertyValueSpecification\",\"valueRequired\":true,\"valueName\":\"search_term_string\"}}],\"inLanguage\":\"de\"},{\"@type\":\"Organization\",\"@id\":\"https:\/\/www.allinclusivehotels.it\/de#organization\",\"name\":\"All Inclusive Hotels\",\"url\":\"https:\/\/www.allinclusivehotels.it\/de\",\"logo\":{\"@type\":\"ImageObject\",\"inLanguage\":\"de\",\"@id\":\"https:\/\/www.allinclusivehotels.it\/de#\/schema\/logo\/image\/\",\"url\":\"\",\"contentUrl\":\"\",\"caption\":\"All Inclusive Hotels\"},\"image\":{\"@id\":\"https:\/\/www.allinclusivehotels.it\/de#\/schema\/logo\/image\/\"}}]}<\/script>\n<!-- \/ Yoast SEO plugin. -->","yoast_head_json":{"title":"San Benedetto del Tronto - All Inclusive Hotels","robots":{"index":"index","follow":"follow","max-snippet":"max-snippet:-1","max-image-preview":"max-image-preview:large","max-video-preview":"max-video-preview:-1"},"canonical":"https:\/\/www.allinclusivehotels.it\/de\/san-benedetto-del-tronto","og_locale":"de_DE","og_type":"article","og_title":"San Benedetto del Tronto - All Inclusive Hotels","og_description":"Das lebhafte St\u00e4dtchen San Benedetto del Tronto, in der Provinz Ascoli Piceno, ist das s\u00fcdlichste &hellip;","og_url":"https:\/\/www.allinclusivehotels.it\/de\/san-benedetto-del-tronto","og_site_name":"All Inclusive Hotels","article_modified_time":"2022-07-01T09:05:33+00:00","twitter_card":"summary_large_image","twitter_misc":{"Gesch\u00e4tzte Lesezeit":"2\u00a0Minuten"},"schema":{"@context":"https:\/\/schema.org","@graph":[{"@type":"WebPage","@id":"https:\/\/www.allinclusivehotels.it\/de\/san-benedetto-del-tronto","url":"https:\/\/www.allinclusivehotels.it\/de\/san-benedetto-del-tronto","name":"San Benedetto del Tronto - All Inclusive Hotels","isPartOf":{"@id":"https:\/\/www.allinclusivehotels.it\/de#website"},"datePublished":"2022-03-28T08:34:08+00:00","dateModified":"2022-07-01T09:05:33+00:00","breadcrumb":{"@id":"https:\/\/www.allinclusivehotels.it\/de\/san-benedetto-del-tronto#breadcrumb"},"inLanguage":"de","potentialAction":[{"@type":"ReadAction","target":["https:\/\/www.allinclusivehotels.it\/de\/san-benedetto-del-tronto"]}]},{"@type":"BreadcrumbList","@id":"https:\/\/www.allinclusivehotels.it\/de\/san-benedetto-del-tronto#breadcrumb","itemListElement":[{"@type":"ListItem","position":1,"name":"Home","item":"https:\/\/www.allinclusivehotels.it\/de"},{"@type":"ListItem","position":2,"name":"San Benedetto del Tronto"}]},{"@type":"WebSite","@id":"https:\/\/www.allinclusivehotels.it\/de#website","url":"https:\/\/www.allinclusivehotels.it\/de","name":"All Inclusive Hotels","description":"","publisher":{"@id":"https:\/\/www.allinclusivehotels.it\/de#organization"},"potentialAction":[{"@type":"SearchAction","target":{"@type":"EntryPoint","urlTemplate":"https:\/\/www.allinclusivehotels.it\/de?s={search_term_string}"},"query-input":{"@type":"PropertyValueSpecification","valueRequired":true,"valueName":"search_term_string"}}],"inLanguage":"de"},{"@type":"Organization","@id":"https:\/\/www.allinclusivehotels.it\/de#organization","name":"All Inclusive Hotels","url":"https:\/\/www.allinclusivehotels.it\/de","logo":{"@type":"ImageObject","inLanguage":"de","@id":"https:\/\/www.allinclusivehotels.it\/de#\/schema\/logo\/image\/","url":"","contentUrl":"","caption":"All Inclusive Hotels"},"image":{"@id":"https:\/\/www.allinclusivehotels.it\/de#\/schema\/logo\/image\/"}}]}},"_links":{"self":[{"href":"https:\/\/www.allinclusivehotels.it\/de\/wp-json\/wp\/v2\/pages\/16898","targetHints":{"allow":["GET"]}}],"collection":[{"href":"https:\/\/www.allinclusivehotels.it\/de\/wp-json\/wp\/v2\/pages"}],"about":[{"href":"https:\/\/www.allinclusivehotels.it\/de\/wp-json\/wp\/v2\/types\/page"}],"author":[{"embeddable":true,"href":"https:\/\/www.allinclusivehotels.it\/de\/wp-json\/wp\/v2\/users\/1"}],"replies":[{"embeddable":true,"href":"https:\/\/www.allinclusivehotels.it\/de\/wp-json\/wp\/v2\/comments?post=16898"}],"version-history":[{"count":6,"href":"https:\/\/www.allinclusivehotels.it\/de\/wp-json\/wp\/v2\/pages\/16898\/revisions"}],"predecessor-version":[{"id":21343,"href":"https:\/\/www.allinclusivehotels.it\/de\/wp-json\/wp\/v2\/pages\/16898\/revisions\/21343"}],"wp:attachment":[{"href":"https:\/\/www.allinclusivehotels.it\/de\/wp-json\/wp\/v2\/media?parent=16898"}],"curies":[{"name":"wp","href":"https:\/\/api.w.org\/{rel}","templated":true}]}}