{"id":16894,"date":"2022-03-28T10:34:05","date_gmt":"2022-03-28T08:34:05","guid":{"rendered":"https:\/\/www.allinclusivehotels.it\/hotels\/hotel-president"},"modified":"2025-02-12T12:34:51","modified_gmt":"2025-02-12T11:34:51","slug":"hotel-president","status":"publish","type":"page","link":"https:\/\/www.allinclusivehotels.it\/de\/hotels\/hotel-president","title":{"rendered":"Hotel President"},"content":{"rendered":"\n<p>Das <b>Hotel President <\/b>liegt in einem ruhigen, gr\u00fcnen Gebiet von <b>San Benedetto del Tronto<\/b>, nah am Ortszentrum und<b> 150 m vom Strand<\/b>, wo Sie einen Sonnenschirm, eine Liege und einen Liegestuhl haben, um ganz entspannt die sch\u00f6ne Adria zu genie\u00dfen. Am Strand ist auch ein <strong>Kinderspielplatz <\/strong>und einen <strong>Animationsservice<\/strong>.<\/p>\n\n\n\n<p>Im Hotel gibt es <b>am Abend Animation<\/b> f\u00fcr die kleinen G\u00e4ste.<\/p>\n\n\n\n<!--more-->\n\n\n\n<p>Unsere K\u00fcche verw\u00f6hnt Sie mit<b> stets frisch zubereiteten Fleisch- und Fischgerichten<\/b>, einem <b>vielseitigen Vorspeisen- und Gem\u00fcsebuffet <\/b>und <b>hausgemachten S\u00fc\u00dfspeisen. Glutenfreie <\/b>und <b>vegetarische Gerichte <\/b>gibt es auf Anfrage. Wenn Sie lieber am Strand zu Mittag essen wollen, bekommen Sie von uns ein leckeres<b> Lunch-Paket<\/b>. Unsere K\u00f6che bereiten auch <b>personalisierte Kindermen\u00fcs zu.<\/b><\/p>\n\n\n\n<p>Die zentrale Lage des Hotel President erleichtert interessante Exkursionen, etwa mit den Fischkuttern aufs Meer oder Entdeckungstouren ins urige Landesinnere. Mit den kostenlosen <b>Hotelfahrr\u00e4dern<\/b> verschiedener Gr\u00f6\u00dfe, auch mit <b>Kindersitz,<\/b> k\u00f6nnen Sie sch\u00f6ne Ausfl\u00fcge am Strand entlang, zu Parkanlagen oder historischen Sehensw\u00fcrdigkeiten unternehmen.<\/p>\n\n\n\n<p>In der Umgebung gibt es sch\u00f6ne Vergn\u00fcgungsparks f\u00fcr Kinder.<\/p>\n","protected":false},"excerpt":{"rendered":"<p>Das Hotel President liegt in einem ruhigen, gr\u00fcnen Gebiet von San Benedetto del Tronto, nah &hellip;<\/p>\n","protected":false},"author":1,"featured_media":0,"parent":16476,"menu_order":0,"comment_status":"closed","ping_status":"closed","template":"page-templates\/scheda_hotel.php","meta":{"_acf_changed":false,"footnotes":""},"class_list":["post-16894","page","type-page","status-publish","hentry"],"acf":[],"yoast_head":"<!-- This site is optimized with the Yoast SEO plugin v27.0 - https:\/\/yoast.com\/product\/yoast-seo-wordpress\/ -->\n<title>Hotel President - All Inclusive Hotels<\/title>\n<meta name=\"robots\" content=\"index, follow, max-snippet:-1, max-image-preview:large, max-video-preview:-1\" \/>\n<link rel=\"canonical\" href=\"https:\/\/www.allinclusivehotels.it\/de\/hotels\/hotel-president\" \/>\n<meta property=\"og:locale\" content=\"de_DE\" \/>\n<meta property=\"og:type\" content=\"article\" \/>\n<meta property=\"og:title\" content=\"Hotel President - All Inclusive Hotels\" \/>\n<meta property=\"og:description\" content=\"Das Hotel President liegt in einem ruhigen, gr\u00fcnen Gebiet von San Benedetto del Tronto, nah &hellip;\" \/>\n<meta property=\"og:url\" content=\"https:\/\/www.allinclusivehotels.it\/de\/hotels\/hotel-president\" \/>\n<meta property=\"og:site_name\" content=\"All Inclusive Hotels\" \/>\n<meta property=\"article:modified_time\" content=\"2025-02-12T11:34:51+00:00\" \/>\n<meta name=\"twitter:card\" content=\"summary_large_image\" \/>\n<meta name=\"twitter:label1\" content=\"Gesch\u00e4tzte Lesezeit\" \/>\n\t<meta name=\"twitter:data1\" content=\"1\u00a0Minute\" \/>\n<script type=\"application\/ld+json\" class=\"yoast-schema-graph\">{\"@context\":\"https:\/\/schema.org\",\"@graph\":[{\"@type\":\"WebPage\",\"@id\":\"https:\/\/www.allinclusivehotels.it\/de\/hotels\/hotel-president\",\"url\":\"https:\/\/www.allinclusivehotels.it\/de\/hotels\/hotel-president\",\"name\":\"Hotel President - All Inclusive Hotels\",\"isPartOf\":{\"@id\":\"https:\/\/www.allinclusivehotels.it\/de#website\"},\"datePublished\":\"2022-03-28T08:34:05+00:00\",\"dateModified\":\"2025-02-12T11:34:51+00:00\",\"breadcrumb\":{\"@id\":\"https:\/\/www.allinclusivehotels.it\/de\/hotels\/hotel-president#breadcrumb\"},\"inLanguage\":\"de\",\"potentialAction\":[{\"@type\":\"ReadAction\",\"target\":[\"https:\/\/www.allinclusivehotels.it\/de\/hotels\/hotel-president\"]}]},{\"@type\":\"BreadcrumbList\",\"@id\":\"https:\/\/www.allinclusivehotels.it\/de\/hotels\/hotel-president#breadcrumb\",\"itemListElement\":[{\"@type\":\"ListItem\",\"position\":1,\"name\":\"Home\",\"item\":\"https:\/\/www.allinclusivehotels.it\/de\"},{\"@type\":\"ListItem\",\"position\":2,\"name\":\"Hotels\",\"item\":\"https:\/\/www.allinclusivehotels.it\/de\/hotels\"},{\"@type\":\"ListItem\",\"position\":3,\"name\":\"Hotel President\"}]},{\"@type\":\"WebSite\",\"@id\":\"https:\/\/www.allinclusivehotels.it\/de#website\",\"url\":\"https:\/\/www.allinclusivehotels.it\/de\",\"name\":\"All Inclusive Hotels\",\"description\":\"\",\"publisher\":{\"@id\":\"https:\/\/www.allinclusivehotels.it\/de#organization\"},\"potentialAction\":[{\"@type\":\"SearchAction\",\"target\":{\"@type\":\"EntryPoint\",\"urlTemplate\":\"https:\/\/www.allinclusivehotels.it\/de?s={search_term_string}\"},\"query-input\":{\"@type\":\"PropertyValueSpecification\",\"valueRequired\":true,\"valueName\":\"search_term_string\"}}],\"inLanguage\":\"de\"},{\"@type\":\"Organization\",\"@id\":\"https:\/\/www.allinclusivehotels.it\/de#organization\",\"name\":\"All Inclusive Hotels\",\"url\":\"https:\/\/www.allinclusivehotels.it\/de\",\"logo\":{\"@type\":\"ImageObject\",\"inLanguage\":\"de\",\"@id\":\"https:\/\/www.allinclusivehotels.it\/de#\/schema\/logo\/image\/\",\"url\":\"\",\"contentUrl\":\"\",\"caption\":\"All Inclusive Hotels\"},\"image\":{\"@id\":\"https:\/\/www.allinclusivehotels.it\/de#\/schema\/logo\/image\/\"}}]}<\/script>\n<!-- \/ Yoast SEO plugin. -->","yoast_head_json":{"title":"Hotel President - All Inclusive Hotels","robots":{"index":"index","follow":"follow","max-snippet":"max-snippet:-1","max-image-preview":"max-image-preview:large","max-video-preview":"max-video-preview:-1"},"canonical":"https:\/\/www.allinclusivehotels.it\/de\/hotels\/hotel-president","og_locale":"de_DE","og_type":"article","og_title":"Hotel President - All Inclusive Hotels","og_description":"Das Hotel President liegt in einem ruhigen, gr\u00fcnen Gebiet von San Benedetto del Tronto, nah &hellip;","og_url":"https:\/\/www.allinclusivehotels.it\/de\/hotels\/hotel-president","og_site_name":"All Inclusive Hotels","article_modified_time":"2025-02-12T11:34:51+00:00","twitter_card":"summary_large_image","twitter_misc":{"Gesch\u00e4tzte Lesezeit":"1\u00a0Minute"},"schema":{"@context":"https:\/\/schema.org","@graph":[{"@type":"WebPage","@id":"https:\/\/www.allinclusivehotels.it\/de\/hotels\/hotel-president","url":"https:\/\/www.allinclusivehotels.it\/de\/hotels\/hotel-president","name":"Hotel President - All Inclusive Hotels","isPartOf":{"@id":"https:\/\/www.allinclusivehotels.it\/de#website"},"datePublished":"2022-03-28T08:34:05+00:00","dateModified":"2025-02-12T11:34:51+00:00","breadcrumb":{"@id":"https:\/\/www.allinclusivehotels.it\/de\/hotels\/hotel-president#breadcrumb"},"inLanguage":"de","potentialAction":[{"@type":"ReadAction","target":["https:\/\/www.allinclusivehotels.it\/de\/hotels\/hotel-president"]}]},{"@type":"BreadcrumbList","@id":"https:\/\/www.allinclusivehotels.it\/de\/hotels\/hotel-president#breadcrumb","itemListElement":[{"@type":"ListItem","position":1,"name":"Home","item":"https:\/\/www.allinclusivehotels.it\/de"},{"@type":"ListItem","position":2,"name":"Hotels","item":"https:\/\/www.allinclusivehotels.it\/de\/hotels"},{"@type":"ListItem","position":3,"name":"Hotel President"}]},{"@type":"WebSite","@id":"https:\/\/www.allinclusivehotels.it\/de#website","url":"https:\/\/www.allinclusivehotels.it\/de","name":"All Inclusive Hotels","description":"","publisher":{"@id":"https:\/\/www.allinclusivehotels.it\/de#organization"},"potentialAction":[{"@type":"SearchAction","target":{"@type":"EntryPoint","urlTemplate":"https:\/\/www.allinclusivehotels.it\/de?s={search_term_string}"},"query-input":{"@type":"PropertyValueSpecification","valueRequired":true,"valueName":"search_term_string"}}],"inLanguage":"de"},{"@type":"Organization","@id":"https:\/\/www.allinclusivehotels.it\/de#organization","name":"All Inclusive Hotels","url":"https:\/\/www.allinclusivehotels.it\/de","logo":{"@type":"ImageObject","inLanguage":"de","@id":"https:\/\/www.allinclusivehotels.it\/de#\/schema\/logo\/image\/","url":"","contentUrl":"","caption":"All Inclusive Hotels"},"image":{"@id":"https:\/\/www.allinclusivehotels.it\/de#\/schema\/logo\/image\/"}}]}},"_links":{"self":[{"href":"https:\/\/www.allinclusivehotels.it\/de\/wp-json\/wp\/v2\/pages\/16894","targetHints":{"allow":["GET"]}}],"collection":[{"href":"https:\/\/www.allinclusivehotels.it\/de\/wp-json\/wp\/v2\/pages"}],"about":[{"href":"https:\/\/www.allinclusivehotels.it\/de\/wp-json\/wp\/v2\/types\/page"}],"author":[{"embeddable":true,"href":"https:\/\/www.allinclusivehotels.it\/de\/wp-json\/wp\/v2\/users\/1"}],"replies":[{"embeddable":true,"href":"https:\/\/www.allinclusivehotels.it\/de\/wp-json\/wp\/v2\/comments?post=16894"}],"version-history":[{"count":4,"href":"https:\/\/www.allinclusivehotels.it\/de\/wp-json\/wp\/v2\/pages\/16894\/revisions"}],"predecessor-version":[{"id":42432,"href":"https:\/\/www.allinclusivehotels.it\/de\/wp-json\/wp\/v2\/pages\/16894\/revisions\/42432"}],"up":[{"embeddable":true,"href":"https:\/\/www.allinclusivehotels.it\/de\/wp-json\/wp\/v2\/pages\/16476"}],"wp:attachment":[{"href":"https:\/\/www.allinclusivehotels.it\/de\/wp-json\/wp\/v2\/media?parent=16894"}],"curies":[{"name":"wp","href":"https:\/\/api.w.org\/{rel}","templated":true}]}}