{"id":16892,"date":"2022-03-28T10:34:03","date_gmt":"2022-03-28T08:34:03","guid":{"rendered":"https:\/\/www.allinclusivehotels.it\/hotels\/meridiana-familynature-hotel"},"modified":"2022-07-01T10:31:49","modified_gmt":"2022-07-01T08:31:49","slug":"meridiana-familynature-hotel","status":"publish","type":"page","link":"https:\/\/www.allinclusivehotels.it\/de\/hotels\/meridiana-familynature-hotel","title":{"rendered":"Meridiana Family&#038;Nature Hotel"},"content":{"rendered":"\n<p>Das <b>Meridiana Family&amp;Nature Hotel<\/b> in Marina Romea ist Ihr Quartier f\u00fcr<b> gr\u00fcnen Urlaub im Po-Delta-Naturpark<\/b>, einem der wichtigsten Feuchtgebiete Europas. Au\u00dfer einem <b>Partner-Strandbad, <\/b>das Sie mit einem Spaziergang durch Pinienwald erreichen, hat das Hotel einen gro\u00dfen <b>Garten<\/b> mit Schwimmbad und einen exklusiven <b>Kinderstrand,<\/b> mit <b>Spielplatz.<\/b><\/p>\n\n\n\n<!--more-->\n\n\n\n<p>F\u00fcr die kleinen G\u00e4ste gibt es <b>t\u00e4glich 12<\/b> <b>Stunden Animation<\/b> am Strand und im Hotel \u2013 nach Alter unterteilt in Baby-Club, Mini-Club und Junior-Club,<b> tolle Shows <\/b>am Abend, f\u00fcr Kinder aufbereitete <b>Revivals <\/b>und <b>Baby-Dance<\/b>. Es gibt eine gro\u00dfe Spielothek, einen <b>Hort f\u00fcr Kleinkinder<\/b> zwischen 6 und 36 Monaten, einen<b> ausger\u00fcsteten Spielraum<\/b> f\u00fcr 3- bis 12-J\u00e4hrige und ein <b>Kino,<\/b> von 10 bis 22 Uhr ge\u00f6ffnet. Eine <b>Babyk\u00fcche zur Zubereitung von Kindernahrung<\/b> steht rund um die Uhr zur Verf\u00fcgung.<\/p>\n\n\n\n<p>Die <b>Geschmackserlebnisse<\/b> im Meridiana Family&amp;Nature Hotel sind von der lokalen Tradition und den nat\u00fcrlichen Gegebenheiten des Gebiets gepr\u00e4gt. Dank <b>Show-Cooking<\/b> und gepflegter Pr\u00e4sentation essen die Augen mit.<\/p>\n\n\n\n<p>Der Tag beginnt mit einem <b>energiereichen Fr\u00fchst\u00fcck<\/b> \u2013 Wurstwaren, K\u00e4se, S\u00fc\u00dfes,  hausgemachtes Geb\u00e4ck und vieles mehr. <b>Zum Mittag- und Abendessen<\/b> verarbeiten wir vorzugsweise <b>Produkte kleiner lokaler Erzeuger<\/b> \u2013 wir achten auf <b>Nachhaltigkeit <\/b>und &#8220;echten&#8221; Geschmack -, auch zu leckeren vegetarischen Gerichten. Ein <b>weinkulinarischer Abend,<\/b> an dem  Erzeuger und Handwerker mitwirken ist der <b>Esskultur der Romagna<\/b> gewidmet.<\/p>\n\n\n\n<p>F\u00fcr die Kinder gibt es das <b>Baby Ristorante Brucaliffo <\/b>mit speziellem Buffet und Gesellschaft der <b>Animateur*innen.<\/b><\/p>\n\n\n\n<p>Sie haben <b>drei  All-Inclusive- Leistungspakte <\/b>zur Auswahl:<\/p>\n\n\n\n<ul class=\"wp-block-list\"><li><b>Klassisch<\/b>, mit Strand, Schwimmbad, Parkplatz, Animation, Open Bar<\/li><li><b>Plus \u2013 <\/b>zus\u00e4tzlich alkoholische Getr\u00e4nke ohne Beschr\u00e4nkung, Strandlaken, eine Wellness-Behandlung, Zimmer-Aufr\u00e4umen am Nachmittag<\/li><li><b>Free,<\/b> die preisg\u00fcnstigste Formel, mit allen All-Inclusive-Leistungen au\u00dfer dem Strand, den Sie frei w\u00e4hlen k\u00f6nnen<\/li><\/ul>\n\n\n\n<p>Sie k\u00f6nnen an organisierten <b>Erlebnissen<\/b> teilnehmen: <b>\u00f6kologische Tage, Yoga, Trekking, Radtouren, Bootsausfl\u00fcge,<\/b> ein renommierter Naturfotograf zeigt Ihnen im Po-Delta, <b>wie man den Sonnenuntergang fotografiert.<\/b><\/p>\n","protected":false},"excerpt":{"rendered":"<p>Das Meridiana Family&amp;Nature Hotel in Marina Romea ist Ihr Quartier f\u00fcr gr\u00fcnen Urlaub im Po-Delta-Naturpark, &hellip;<\/p>\n","protected":false},"author":1,"featured_media":0,"parent":16476,"menu_order":0,"comment_status":"closed","ping_status":"closed","template":"page-templates\/scheda_hotel.php","meta":{"_acf_changed":false,"footnotes":""},"class_list":["post-16892","page","type-page","status-publish","hentry"],"acf":[],"yoast_head":"<!-- This site is optimized with the Yoast SEO plugin v27.6 - https:\/\/yoast.com\/product\/yoast-seo-wordpress\/ -->\n<title>Meridiana Family&amp;Nature Hotel - All Inclusive Hotels<\/title>\n<meta name=\"robots\" content=\"index, follow, max-snippet:-1, max-image-preview:large, max-video-preview:-1\" \/>\n<link rel=\"canonical\" href=\"https:\/\/www.allinclusivehotels.it\/de\/hotels\/meridiana-familynature-hotel\" \/>\n<meta property=\"og:locale\" content=\"de_DE\" \/>\n<meta property=\"og:type\" content=\"article\" \/>\n<meta property=\"og:title\" content=\"Meridiana Family&amp;Nature Hotel - All Inclusive Hotels\" \/>\n<meta property=\"og:description\" content=\"Das Meridiana Family&amp;Nature Hotel in Marina Romea ist Ihr Quartier f\u00fcr gr\u00fcnen Urlaub im Po-Delta-Naturpark, &hellip;\" \/>\n<meta property=\"og:url\" content=\"https:\/\/www.allinclusivehotels.it\/de\/hotels\/meridiana-familynature-hotel\" \/>\n<meta property=\"og:site_name\" content=\"All Inclusive Hotels\" \/>\n<meta property=\"article:modified_time\" content=\"2022-07-01T08:31:49+00:00\" \/>\n<meta name=\"twitter:card\" content=\"summary_large_image\" \/>\n<meta name=\"twitter:label1\" content=\"Gesch\u00e4tzte Lesezeit\" \/>\n\t<meta name=\"twitter:data1\" content=\"2\u00a0Minuten\" \/>\n<script type=\"application\/ld+json\" class=\"yoast-schema-graph\">{\"@context\":\"https:\\\/\\\/schema.org\",\"@graph\":[{\"@type\":\"WebPage\",\"@id\":\"https:\\\/\\\/www.allinclusivehotels.it\\\/de\\\/hotels\\\/meridiana-familynature-hotel\",\"url\":\"https:\\\/\\\/www.allinclusivehotels.it\\\/de\\\/hotels\\\/meridiana-familynature-hotel\",\"name\":\"Meridiana Family&Nature Hotel - All Inclusive Hotels\",\"isPartOf\":{\"@id\":\"https:\\\/\\\/www.allinclusivehotels.it\\\/de#website\"},\"datePublished\":\"2022-03-28T08:34:03+00:00\",\"dateModified\":\"2022-07-01T08:31:49+00:00\",\"breadcrumb\":{\"@id\":\"https:\\\/\\\/www.allinclusivehotels.it\\\/de\\\/hotels\\\/meridiana-familynature-hotel#breadcrumb\"},\"inLanguage\":\"de\",\"potentialAction\":[{\"@type\":\"ReadAction\",\"target\":[\"https:\\\/\\\/www.allinclusivehotels.it\\\/de\\\/hotels\\\/meridiana-familynature-hotel\"]}]},{\"@type\":\"BreadcrumbList\",\"@id\":\"https:\\\/\\\/www.allinclusivehotels.it\\\/de\\\/hotels\\\/meridiana-familynature-hotel#breadcrumb\",\"itemListElement\":[{\"@type\":\"ListItem\",\"position\":1,\"name\":\"Home\",\"item\":\"https:\\\/\\\/www.allinclusivehotels.it\\\/de\"},{\"@type\":\"ListItem\",\"position\":2,\"name\":\"Hotels\",\"item\":\"https:\\\/\\\/www.allinclusivehotels.it\\\/de\\\/hotels\"},{\"@type\":\"ListItem\",\"position\":3,\"name\":\"Meridiana Family&#038;Nature Hotel\"}]},{\"@type\":\"WebSite\",\"@id\":\"https:\\\/\\\/www.allinclusivehotels.it\\\/de#website\",\"url\":\"https:\\\/\\\/www.allinclusivehotels.it\\\/de\",\"name\":\"All Inclusive Hotels\",\"description\":\"\",\"publisher\":{\"@id\":\"https:\\\/\\\/www.allinclusivehotels.it\\\/de#organization\"},\"potentialAction\":[{\"@type\":\"SearchAction\",\"target\":{\"@type\":\"EntryPoint\",\"urlTemplate\":\"https:\\\/\\\/www.allinclusivehotels.it\\\/de?s={search_term_string}\"},\"query-input\":{\"@type\":\"PropertyValueSpecification\",\"valueRequired\":true,\"valueName\":\"search_term_string\"}}],\"inLanguage\":\"de\"},{\"@type\":\"Organization\",\"@id\":\"https:\\\/\\\/www.allinclusivehotels.it\\\/de#organization\",\"name\":\"All Inclusive Hotels\",\"url\":\"https:\\\/\\\/www.allinclusivehotels.it\\\/de\",\"logo\":{\"@type\":\"ImageObject\",\"inLanguage\":\"de\",\"@id\":\"https:\\\/\\\/www.allinclusivehotels.it\\\/de#\\\/schema\\\/logo\\\/image\\\/\",\"url\":\"\",\"contentUrl\":\"\",\"caption\":\"All Inclusive Hotels\"},\"image\":{\"@id\":\"https:\\\/\\\/www.allinclusivehotels.it\\\/de#\\\/schema\\\/logo\\\/image\\\/\"}}]}<\/script>\n<!-- \/ Yoast SEO plugin. -->","yoast_head_json":{"title":"Meridiana Family&Nature Hotel - All Inclusive Hotels","robots":{"index":"index","follow":"follow","max-snippet":"max-snippet:-1","max-image-preview":"max-image-preview:large","max-video-preview":"max-video-preview:-1"},"canonical":"https:\/\/www.allinclusivehotels.it\/de\/hotels\/meridiana-familynature-hotel","og_locale":"de_DE","og_type":"article","og_title":"Meridiana Family&Nature Hotel - All Inclusive Hotels","og_description":"Das Meridiana Family&amp;Nature Hotel in Marina Romea ist Ihr Quartier f\u00fcr gr\u00fcnen Urlaub im Po-Delta-Naturpark, &hellip;","og_url":"https:\/\/www.allinclusivehotels.it\/de\/hotels\/meridiana-familynature-hotel","og_site_name":"All Inclusive Hotels","article_modified_time":"2022-07-01T08:31:49+00:00","twitter_card":"summary_large_image","twitter_misc":{"Gesch\u00e4tzte Lesezeit":"2\u00a0Minuten"},"schema":{"@context":"https:\/\/schema.org","@graph":[{"@type":"WebPage","@id":"https:\/\/www.allinclusivehotels.it\/de\/hotels\/meridiana-familynature-hotel","url":"https:\/\/www.allinclusivehotels.it\/de\/hotels\/meridiana-familynature-hotel","name":"Meridiana Family&Nature Hotel - All Inclusive Hotels","isPartOf":{"@id":"https:\/\/www.allinclusivehotels.it\/de#website"},"datePublished":"2022-03-28T08:34:03+00:00","dateModified":"2022-07-01T08:31:49+00:00","breadcrumb":{"@id":"https:\/\/www.allinclusivehotels.it\/de\/hotels\/meridiana-familynature-hotel#breadcrumb"},"inLanguage":"de","potentialAction":[{"@type":"ReadAction","target":["https:\/\/www.allinclusivehotels.it\/de\/hotels\/meridiana-familynature-hotel"]}]},{"@type":"BreadcrumbList","@id":"https:\/\/www.allinclusivehotels.it\/de\/hotels\/meridiana-familynature-hotel#breadcrumb","itemListElement":[{"@type":"ListItem","position":1,"name":"Home","item":"https:\/\/www.allinclusivehotels.it\/de"},{"@type":"ListItem","position":2,"name":"Hotels","item":"https:\/\/www.allinclusivehotels.it\/de\/hotels"},{"@type":"ListItem","position":3,"name":"Meridiana Family&#038;Nature Hotel"}]},{"@type":"WebSite","@id":"https:\/\/www.allinclusivehotels.it\/de#website","url":"https:\/\/www.allinclusivehotels.it\/de","name":"All Inclusive Hotels","description":"","publisher":{"@id":"https:\/\/www.allinclusivehotels.it\/de#organization"},"potentialAction":[{"@type":"SearchAction","target":{"@type":"EntryPoint","urlTemplate":"https:\/\/www.allinclusivehotels.it\/de?s={search_term_string}"},"query-input":{"@type":"PropertyValueSpecification","valueRequired":true,"valueName":"search_term_string"}}],"inLanguage":"de"},{"@type":"Organization","@id":"https:\/\/www.allinclusivehotels.it\/de#organization","name":"All Inclusive Hotels","url":"https:\/\/www.allinclusivehotels.it\/de","logo":{"@type":"ImageObject","inLanguage":"de","@id":"https:\/\/www.allinclusivehotels.it\/de#\/schema\/logo\/image\/","url":"","contentUrl":"","caption":"All Inclusive Hotels"},"image":{"@id":"https:\/\/www.allinclusivehotels.it\/de#\/schema\/logo\/image\/"}}]}},"_links":{"self":[{"href":"https:\/\/www.allinclusivehotels.it\/de\/wp-json\/wp\/v2\/pages\/16892","targetHints":{"allow":["GET"]}}],"collection":[{"href":"https:\/\/www.allinclusivehotels.it\/de\/wp-json\/wp\/v2\/pages"}],"about":[{"href":"https:\/\/www.allinclusivehotels.it\/de\/wp-json\/wp\/v2\/types\/page"}],"author":[{"embeddable":true,"href":"https:\/\/www.allinclusivehotels.it\/de\/wp-json\/wp\/v2\/users\/1"}],"replies":[{"embeddable":true,"href":"https:\/\/www.allinclusivehotels.it\/de\/wp-json\/wp\/v2\/comments?post=16892"}],"version-history":[{"count":4,"href":"https:\/\/www.allinclusivehotels.it\/de\/wp-json\/wp\/v2\/pages\/16892\/revisions"}],"predecessor-version":[{"id":21331,"href":"https:\/\/www.allinclusivehotels.it\/de\/wp-json\/wp\/v2\/pages\/16892\/revisions\/21331"}],"up":[{"embeddable":true,"href":"https:\/\/www.allinclusivehotels.it\/de\/wp-json\/wp\/v2\/pages\/16476"}],"wp:attachment":[{"href":"https:\/\/www.allinclusivehotels.it\/de\/wp-json\/wp\/v2\/media?parent=16892"}],"curies":[{"name":"wp","href":"https:\/\/api.w.org\/{rel}","templated":true}]}}