{"id":16870,"date":"2022-03-28T10:10:00","date_gmt":"2022-03-28T08:10:00","guid":{"rendered":"https:\/\/www.allinclusivehotels.it\/hotels\/hotel-bagli"},"modified":"2022-07-01T09:13:31","modified_gmt":"2022-07-01T07:13:31","slug":"hotel-bagli","status":"publish","type":"page","link":"https:\/\/www.allinclusivehotels.it\/de\/hotels\/hotel-bagli","title":{"rendered":"Hotel Bagli"},"content":{"rendered":"\n<p>Das <b>Hotel Bagli<\/b> in Rivazzurra di Rimini liegt <b>150 m von seinem Partner-Strandbad<\/b>, wo Ihnen <b>ein Sonnenschirm und zwei Liegen<\/b> zur Verf\u00fcgung stehen, und <b>Animation f\u00fcr Erwachsene und Kinder <\/b>stattfindet, mit Spielen, Turnieren und Tanz von 9:30 bis 12:00 und von 16:00 bis 18:00 Uhr.<\/p>\n\n\n\n<!--more-->\n\n\n\n<p>Im Hotel vergn\u00fcgen sich die Kinder mit dem <b>Mini-Club von 13:00 bis 14:30 und von 19:30 bis 21:00 Uhr.<\/b><\/p>\n\n\n\n<p>Es  gibt auch eine <b>Spielzone im Hotel<\/b> und Kinderausr\u00fcstung, wie Hochst\u00fchle, Besteck, Flaschenw\u00e4rmer, Kinderbettchen und mehr.<\/p>\n\n\n\n<p>Ein <b>sonniges Schwimmbad mit Kinderzone,<\/b> eine beliebte <b>Cocktailbar<\/b> und eine gro\u00dfe <b>Aussichtsterrasse<\/b> sind auch da.<\/p>\n\n\n\n<p>Das <b>gastronomisches Erlebnis<\/b> bei uns, mit <b>Mittelmeerk\u00fcche<\/b> und <b>regionalen Spezialit\u00e4ten<\/b>, wird Sie \u00fcberzeugen, vom Fr\u00fchst\u00fcck mit s\u00fc\u00dfen und herzhaften Leckereien bis zum <b>Mittag- und Abendessen, mit drei stets wechselnden Men\u00fcs<\/b> zur Auswahl, sowie guten Gerichten speziell f\u00fcr kleine G\u00e4ste. Eine <b>Baby-K\u00fcche<\/b> steht Eltern kleiner Kinder <b>jederzeit zur Verf\u00fcgung.<\/b><\/p>\n\n\n\n<p>Ein <b>Parkplatz<\/b>, im Preis enthalten, wird <b>garantiert,<\/b> mit Transferservice zu einer etwas entfernten Parkzone.<\/p>\n\n\n\n<p>Fahrr\u00e4der, einschlie\u00dflich Helme und Kindersitze, stehen gratis zur Verf\u00fcgung. <b>Haustiere<\/b> sind im Hotel und am Strand <b>willkommen.<\/b><\/p>\n","protected":false},"excerpt":{"rendered":"<p>Das Hotel Bagli in Rivazzurra di Rimini liegt 150 m von seinem Partner-Strandbad, wo Ihnen &hellip;<\/p>\n","protected":false},"author":1,"featured_media":0,"parent":16476,"menu_order":0,"comment_status":"closed","ping_status":"closed","template":"page-templates\/scheda_hotel.php","meta":{"_acf_changed":false,"footnotes":""},"class_list":["post-16870","page","type-page","status-publish","hentry"],"acf":[],"yoast_head":"<!-- This site is optimized with the Yoast SEO plugin v27.0 - https:\/\/yoast.com\/product\/yoast-seo-wordpress\/ -->\n<title>Hotel Bagli - All Inclusive Hotels<\/title>\n<meta name=\"robots\" content=\"index, follow, max-snippet:-1, max-image-preview:large, max-video-preview:-1\" \/>\n<link rel=\"canonical\" href=\"https:\/\/www.allinclusivehotels.it\/de\/hotels\/hotel-bagli\" \/>\n<meta property=\"og:locale\" content=\"de_DE\" \/>\n<meta property=\"og:type\" content=\"article\" \/>\n<meta property=\"og:title\" content=\"Hotel Bagli - All Inclusive Hotels\" \/>\n<meta property=\"og:description\" content=\"Das Hotel Bagli in Rivazzurra di Rimini liegt 150 m von seinem Partner-Strandbad, wo Ihnen &hellip;\" \/>\n<meta property=\"og:url\" content=\"https:\/\/www.allinclusivehotels.it\/de\/hotels\/hotel-bagli\" \/>\n<meta property=\"og:site_name\" content=\"All Inclusive Hotels\" \/>\n<meta property=\"article:modified_time\" content=\"2022-07-01T07:13:31+00:00\" \/>\n<meta name=\"twitter:card\" content=\"summary_large_image\" \/>\n<meta name=\"twitter:label1\" content=\"Gesch\u00e4tzte Lesezeit\" \/>\n\t<meta name=\"twitter:data1\" content=\"1\u00a0Minute\" \/>\n<script type=\"application\/ld+json\" class=\"yoast-schema-graph\">{\"@context\":\"https:\/\/schema.org\",\"@graph\":[{\"@type\":\"WebPage\",\"@id\":\"https:\/\/www.allinclusivehotels.it\/de\/hotels\/hotel-bagli\",\"url\":\"https:\/\/www.allinclusivehotels.it\/de\/hotels\/hotel-bagli\",\"name\":\"Hotel Bagli - All Inclusive Hotels\",\"isPartOf\":{\"@id\":\"https:\/\/www.allinclusivehotels.it\/de#website\"},\"datePublished\":\"2022-03-28T08:10:00+00:00\",\"dateModified\":\"2022-07-01T07:13:31+00:00\",\"breadcrumb\":{\"@id\":\"https:\/\/www.allinclusivehotels.it\/de\/hotels\/hotel-bagli#breadcrumb\"},\"inLanguage\":\"de\",\"potentialAction\":[{\"@type\":\"ReadAction\",\"target\":[\"https:\/\/www.allinclusivehotels.it\/de\/hotels\/hotel-bagli\"]}]},{\"@type\":\"BreadcrumbList\",\"@id\":\"https:\/\/www.allinclusivehotels.it\/de\/hotels\/hotel-bagli#breadcrumb\",\"itemListElement\":[{\"@type\":\"ListItem\",\"position\":1,\"name\":\"Home\",\"item\":\"https:\/\/www.allinclusivehotels.it\/de\"},{\"@type\":\"ListItem\",\"position\":2,\"name\":\"Hotels\",\"item\":\"https:\/\/www.allinclusivehotels.it\/de\/hotels\"},{\"@type\":\"ListItem\",\"position\":3,\"name\":\"Hotel Bagli\"}]},{\"@type\":\"WebSite\",\"@id\":\"https:\/\/www.allinclusivehotels.it\/de#website\",\"url\":\"https:\/\/www.allinclusivehotels.it\/de\",\"name\":\"All Inclusive Hotels\",\"description\":\"\",\"publisher\":{\"@id\":\"https:\/\/www.allinclusivehotels.it\/de#organization\"},\"potentialAction\":[{\"@type\":\"SearchAction\",\"target\":{\"@type\":\"EntryPoint\",\"urlTemplate\":\"https:\/\/www.allinclusivehotels.it\/de?s={search_term_string}\"},\"query-input\":{\"@type\":\"PropertyValueSpecification\",\"valueRequired\":true,\"valueName\":\"search_term_string\"}}],\"inLanguage\":\"de\"},{\"@type\":\"Organization\",\"@id\":\"https:\/\/www.allinclusivehotels.it\/de#organization\",\"name\":\"All Inclusive Hotels\",\"url\":\"https:\/\/www.allinclusivehotels.it\/de\",\"logo\":{\"@type\":\"ImageObject\",\"inLanguage\":\"de\",\"@id\":\"https:\/\/www.allinclusivehotels.it\/de#\/schema\/logo\/image\/\",\"url\":\"\",\"contentUrl\":\"\",\"caption\":\"All Inclusive Hotels\"},\"image\":{\"@id\":\"https:\/\/www.allinclusivehotels.it\/de#\/schema\/logo\/image\/\"}}]}<\/script>\n<!-- \/ Yoast SEO plugin. -->","yoast_head_json":{"title":"Hotel Bagli - All Inclusive Hotels","robots":{"index":"index","follow":"follow","max-snippet":"max-snippet:-1","max-image-preview":"max-image-preview:large","max-video-preview":"max-video-preview:-1"},"canonical":"https:\/\/www.allinclusivehotels.it\/de\/hotels\/hotel-bagli","og_locale":"de_DE","og_type":"article","og_title":"Hotel Bagli - All Inclusive Hotels","og_description":"Das Hotel Bagli in Rivazzurra di Rimini liegt 150 m von seinem Partner-Strandbad, wo Ihnen &hellip;","og_url":"https:\/\/www.allinclusivehotels.it\/de\/hotels\/hotel-bagli","og_site_name":"All Inclusive Hotels","article_modified_time":"2022-07-01T07:13:31+00:00","twitter_card":"summary_large_image","twitter_misc":{"Gesch\u00e4tzte Lesezeit":"1\u00a0Minute"},"schema":{"@context":"https:\/\/schema.org","@graph":[{"@type":"WebPage","@id":"https:\/\/www.allinclusivehotels.it\/de\/hotels\/hotel-bagli","url":"https:\/\/www.allinclusivehotels.it\/de\/hotels\/hotel-bagli","name":"Hotel Bagli - All Inclusive Hotels","isPartOf":{"@id":"https:\/\/www.allinclusivehotels.it\/de#website"},"datePublished":"2022-03-28T08:10:00+00:00","dateModified":"2022-07-01T07:13:31+00:00","breadcrumb":{"@id":"https:\/\/www.allinclusivehotels.it\/de\/hotels\/hotel-bagli#breadcrumb"},"inLanguage":"de","potentialAction":[{"@type":"ReadAction","target":["https:\/\/www.allinclusivehotels.it\/de\/hotels\/hotel-bagli"]}]},{"@type":"BreadcrumbList","@id":"https:\/\/www.allinclusivehotels.it\/de\/hotels\/hotel-bagli#breadcrumb","itemListElement":[{"@type":"ListItem","position":1,"name":"Home","item":"https:\/\/www.allinclusivehotels.it\/de"},{"@type":"ListItem","position":2,"name":"Hotels","item":"https:\/\/www.allinclusivehotels.it\/de\/hotels"},{"@type":"ListItem","position":3,"name":"Hotel Bagli"}]},{"@type":"WebSite","@id":"https:\/\/www.allinclusivehotels.it\/de#website","url":"https:\/\/www.allinclusivehotels.it\/de","name":"All Inclusive Hotels","description":"","publisher":{"@id":"https:\/\/www.allinclusivehotels.it\/de#organization"},"potentialAction":[{"@type":"SearchAction","target":{"@type":"EntryPoint","urlTemplate":"https:\/\/www.allinclusivehotels.it\/de?s={search_term_string}"},"query-input":{"@type":"PropertyValueSpecification","valueRequired":true,"valueName":"search_term_string"}}],"inLanguage":"de"},{"@type":"Organization","@id":"https:\/\/www.allinclusivehotels.it\/de#organization","name":"All Inclusive Hotels","url":"https:\/\/www.allinclusivehotels.it\/de","logo":{"@type":"ImageObject","inLanguage":"de","@id":"https:\/\/www.allinclusivehotels.it\/de#\/schema\/logo\/image\/","url":"","contentUrl":"","caption":"All Inclusive Hotels"},"image":{"@id":"https:\/\/www.allinclusivehotels.it\/de#\/schema\/logo\/image\/"}}]}},"_links":{"self":[{"href":"https:\/\/www.allinclusivehotels.it\/de\/wp-json\/wp\/v2\/pages\/16870","targetHints":{"allow":["GET"]}}],"collection":[{"href":"https:\/\/www.allinclusivehotels.it\/de\/wp-json\/wp\/v2\/pages"}],"about":[{"href":"https:\/\/www.allinclusivehotels.it\/de\/wp-json\/wp\/v2\/types\/page"}],"author":[{"embeddable":true,"href":"https:\/\/www.allinclusivehotels.it\/de\/wp-json\/wp\/v2\/users\/1"}],"replies":[{"embeddable":true,"href":"https:\/\/www.allinclusivehotels.it\/de\/wp-json\/wp\/v2\/comments?post=16870"}],"version-history":[{"count":4,"href":"https:\/\/www.allinclusivehotels.it\/de\/wp-json\/wp\/v2\/pages\/16870\/revisions"}],"predecessor-version":[{"id":21265,"href":"https:\/\/www.allinclusivehotels.it\/de\/wp-json\/wp\/v2\/pages\/16870\/revisions\/21265"}],"up":[{"embeddable":true,"href":"https:\/\/www.allinclusivehotels.it\/de\/wp-json\/wp\/v2\/pages\/16476"}],"wp:attachment":[{"href":"https:\/\/www.allinclusivehotels.it\/de\/wp-json\/wp\/v2\/media?parent=16870"}],"curies":[{"name":"wp","href":"https:\/\/api.w.org\/{rel}","templated":true}]}}