{"id":16858,"date":"2022-03-28T10:09:57","date_gmt":"2022-03-28T08:09:57","guid":{"rendered":"https:\/\/www.allinclusivehotels.it\/urlaubsziele\/tesero"},"modified":"2022-07-01T11:38:47","modified_gmt":"2022-07-01T09:38:47","slug":"tesero","status":"publish","type":"page","link":"https:\/\/www.allinclusivehotels.it\/de\/urlaubsziele\/tesero","title":{"rendered":"Tesero"},"content":{"rendered":"\n<p><b>Tesero <\/b>ist ein anmutiges St\u00e4dtchen im <b>Fleimstal<\/b>, ein herrliches Gebiet f\u00fcr Aktivit\u00e4ten in der freien Natur, im Sommer und im Winter. Wandern, Skilaufen, Angeln, Bergtouren auf den Latemar, Einkehren auf der Alm. Gro\u00df ist die Zahl der M\u00f6glichkeiten f\u00fcr alle, vom trainierten Sportler bis zur Familie mit kleinen Kindern, die Ihnen in einem <b>All-Inclusive-Hotel in Tesero<\/b> geboten werden, umgeben von herzlicher Gastfreundlichkeit. Erleben einen rundum unbeschwerten <b>All-Inclusive-Urlaub!<\/b><\/p>\n\n\n\n<!--more-->\n\n\n\n<p>Nicht alle wissen, dass es in <b>Tesero<\/b> eine besondere <b>Weihnachtstradition<\/b> gibt: eine Ausstellung kunstvoll gestalteter Krippenszenen in den Gassen des Ortes namens <b>\u201cTesero e i suoi presepi&#8221; <\/b>und ein gro\u00dfes &#8220;wanderndes&#8221; Krippenspiel, das sogar im Vatikan zu Gast war. In der warmen Jahreszeit beherbergen die H\u00f6fe des Ortes die Veranstaltung <b>\u201cLe corte de Tiezer\u201d<\/b>, mit Inszenierung historischer Berufe, Live-Musik und weingastronomischen Angeboten.<\/p>\n\n\n\n<p>Tesero hat eine bedeutende <b>Handwerkstradition<\/b>, insbesondere in der M\u00f6belschreinerei und im Musikintrumentenbau. Die Umgebung  bietet sich f\u00fcr <b>Radtouren, Nordic Walking, Reiten<\/b> an, das nahe  <b>Latemar-Massiv<\/b> ist ein Paradies f\u00fcr <b>Wanderer und Bergsteiger<\/b>,  das gleichnamige <b>Ski-Center<\/b> hat <b>45 km Pisten<\/b>. Besuchen Sie auch den inspirierenden &#8220;h\u00f6chsten <b>Kunstpark<\/b> der Welt&#8221;: &#8220;<b>RespirArt&#8221;<\/b> in<b> Pampeago!<\/b><\/p>\n","protected":false},"excerpt":{"rendered":"<p>Tesero ist ein anmutiges St\u00e4dtchen im Fleimstal, ein herrliches Gebiet f\u00fcr Aktivit\u00e4ten in der freien &hellip;<\/p>\n","protected":false},"author":1,"featured_media":0,"parent":16402,"menu_order":0,"comment_status":"closed","ping_status":"closed","template":"page-templates\/destinazione.php","meta":{"_acf_changed":false,"footnotes":""},"class_list":["post-16858","page","type-page","status-publish","hentry"],"acf":[],"yoast_head":"<!-- This site is optimized with the Yoast SEO plugin v27.0 - https:\/\/yoast.com\/product\/yoast-seo-wordpress\/ -->\n<title>Tesero - All Inclusive Hotels<\/title>\n<meta name=\"robots\" content=\"index, follow, max-snippet:-1, max-image-preview:large, max-video-preview:-1\" \/>\n<link rel=\"canonical\" href=\"https:\/\/www.allinclusivehotels.it\/de\/urlaubsziele\/tesero\" \/>\n<meta property=\"og:locale\" content=\"de_DE\" \/>\n<meta property=\"og:type\" content=\"article\" \/>\n<meta property=\"og:title\" content=\"Tesero - All Inclusive Hotels\" \/>\n<meta property=\"og:description\" content=\"Tesero ist ein anmutiges St\u00e4dtchen im Fleimstal, ein herrliches Gebiet f\u00fcr Aktivit\u00e4ten in der freien &hellip;\" \/>\n<meta property=\"og:url\" content=\"https:\/\/www.allinclusivehotels.it\/de\/urlaubsziele\/tesero\" \/>\n<meta property=\"og:site_name\" content=\"All Inclusive Hotels\" \/>\n<meta property=\"article:modified_time\" content=\"2022-07-01T09:38:47+00:00\" \/>\n<meta name=\"twitter:card\" content=\"summary_large_image\" \/>\n<meta name=\"twitter:label1\" content=\"Gesch\u00e4tzte Lesezeit\" \/>\n\t<meta name=\"twitter:data1\" content=\"1\u00a0Minute\" \/>\n<script type=\"application\/ld+json\" class=\"yoast-schema-graph\">{\"@context\":\"https:\/\/schema.org\",\"@graph\":[{\"@type\":\"WebPage\",\"@id\":\"https:\/\/www.allinclusivehotels.it\/de\/urlaubsziele\/tesero\",\"url\":\"https:\/\/www.allinclusivehotels.it\/de\/urlaubsziele\/tesero\",\"name\":\"Tesero - All Inclusive Hotels\",\"isPartOf\":{\"@id\":\"https:\/\/www.allinclusivehotels.it\/de#website\"},\"datePublished\":\"2022-03-28T08:09:57+00:00\",\"dateModified\":\"2022-07-01T09:38:47+00:00\",\"breadcrumb\":{\"@id\":\"https:\/\/www.allinclusivehotels.it\/de\/urlaubsziele\/tesero#breadcrumb\"},\"inLanguage\":\"de\",\"potentialAction\":[{\"@type\":\"ReadAction\",\"target\":[\"https:\/\/www.allinclusivehotels.it\/de\/urlaubsziele\/tesero\"]}]},{\"@type\":\"BreadcrumbList\",\"@id\":\"https:\/\/www.allinclusivehotels.it\/de\/urlaubsziele\/tesero#breadcrumb\",\"itemListElement\":[{\"@type\":\"ListItem\",\"position\":1,\"name\":\"Home\",\"item\":\"https:\/\/www.allinclusivehotels.it\/de\"},{\"@type\":\"ListItem\",\"position\":2,\"name\":\"Urlaubsziele\",\"item\":\"https:\/\/www.allinclusivehotels.it\/de\/urlaubsziele\"},{\"@type\":\"ListItem\",\"position\":3,\"name\":\"Tesero\"}]},{\"@type\":\"WebSite\",\"@id\":\"https:\/\/www.allinclusivehotels.it\/de#website\",\"url\":\"https:\/\/www.allinclusivehotels.it\/de\",\"name\":\"All Inclusive Hotels\",\"description\":\"\",\"publisher\":{\"@id\":\"https:\/\/www.allinclusivehotels.it\/de#organization\"},\"potentialAction\":[{\"@type\":\"SearchAction\",\"target\":{\"@type\":\"EntryPoint\",\"urlTemplate\":\"https:\/\/www.allinclusivehotels.it\/de?s={search_term_string}\"},\"query-input\":{\"@type\":\"PropertyValueSpecification\",\"valueRequired\":true,\"valueName\":\"search_term_string\"}}],\"inLanguage\":\"de\"},{\"@type\":\"Organization\",\"@id\":\"https:\/\/www.allinclusivehotels.it\/de#organization\",\"name\":\"All Inclusive Hotels\",\"url\":\"https:\/\/www.allinclusivehotels.it\/de\",\"logo\":{\"@type\":\"ImageObject\",\"inLanguage\":\"de\",\"@id\":\"https:\/\/www.allinclusivehotels.it\/de#\/schema\/logo\/image\/\",\"url\":\"\",\"contentUrl\":\"\",\"caption\":\"All Inclusive Hotels\"},\"image\":{\"@id\":\"https:\/\/www.allinclusivehotels.it\/de#\/schema\/logo\/image\/\"}}]}<\/script>\n<!-- \/ Yoast SEO plugin. -->","yoast_head_json":{"title":"Tesero - All Inclusive Hotels","robots":{"index":"index","follow":"follow","max-snippet":"max-snippet:-1","max-image-preview":"max-image-preview:large","max-video-preview":"max-video-preview:-1"},"canonical":"https:\/\/www.allinclusivehotels.it\/de\/urlaubsziele\/tesero","og_locale":"de_DE","og_type":"article","og_title":"Tesero - All Inclusive Hotels","og_description":"Tesero ist ein anmutiges St\u00e4dtchen im Fleimstal, ein herrliches Gebiet f\u00fcr Aktivit\u00e4ten in der freien &hellip;","og_url":"https:\/\/www.allinclusivehotels.it\/de\/urlaubsziele\/tesero","og_site_name":"All Inclusive Hotels","article_modified_time":"2022-07-01T09:38:47+00:00","twitter_card":"summary_large_image","twitter_misc":{"Gesch\u00e4tzte Lesezeit":"1\u00a0Minute"},"schema":{"@context":"https:\/\/schema.org","@graph":[{"@type":"WebPage","@id":"https:\/\/www.allinclusivehotels.it\/de\/urlaubsziele\/tesero","url":"https:\/\/www.allinclusivehotels.it\/de\/urlaubsziele\/tesero","name":"Tesero - All Inclusive Hotels","isPartOf":{"@id":"https:\/\/www.allinclusivehotels.it\/de#website"},"datePublished":"2022-03-28T08:09:57+00:00","dateModified":"2022-07-01T09:38:47+00:00","breadcrumb":{"@id":"https:\/\/www.allinclusivehotels.it\/de\/urlaubsziele\/tesero#breadcrumb"},"inLanguage":"de","potentialAction":[{"@type":"ReadAction","target":["https:\/\/www.allinclusivehotels.it\/de\/urlaubsziele\/tesero"]}]},{"@type":"BreadcrumbList","@id":"https:\/\/www.allinclusivehotels.it\/de\/urlaubsziele\/tesero#breadcrumb","itemListElement":[{"@type":"ListItem","position":1,"name":"Home","item":"https:\/\/www.allinclusivehotels.it\/de"},{"@type":"ListItem","position":2,"name":"Urlaubsziele","item":"https:\/\/www.allinclusivehotels.it\/de\/urlaubsziele"},{"@type":"ListItem","position":3,"name":"Tesero"}]},{"@type":"WebSite","@id":"https:\/\/www.allinclusivehotels.it\/de#website","url":"https:\/\/www.allinclusivehotels.it\/de","name":"All Inclusive Hotels","description":"","publisher":{"@id":"https:\/\/www.allinclusivehotels.it\/de#organization"},"potentialAction":[{"@type":"SearchAction","target":{"@type":"EntryPoint","urlTemplate":"https:\/\/www.allinclusivehotels.it\/de?s={search_term_string}"},"query-input":{"@type":"PropertyValueSpecification","valueRequired":true,"valueName":"search_term_string"}}],"inLanguage":"de"},{"@type":"Organization","@id":"https:\/\/www.allinclusivehotels.it\/de#organization","name":"All Inclusive Hotels","url":"https:\/\/www.allinclusivehotels.it\/de","logo":{"@type":"ImageObject","inLanguage":"de","@id":"https:\/\/www.allinclusivehotels.it\/de#\/schema\/logo\/image\/","url":"","contentUrl":"","caption":"All Inclusive Hotels"},"image":{"@id":"https:\/\/www.allinclusivehotels.it\/de#\/schema\/logo\/image\/"}}]}},"_links":{"self":[{"href":"https:\/\/www.allinclusivehotels.it\/de\/wp-json\/wp\/v2\/pages\/16858","targetHints":{"allow":["GET"]}}],"collection":[{"href":"https:\/\/www.allinclusivehotels.it\/de\/wp-json\/wp\/v2\/pages"}],"about":[{"href":"https:\/\/www.allinclusivehotels.it\/de\/wp-json\/wp\/v2\/types\/page"}],"author":[{"embeddable":true,"href":"https:\/\/www.allinclusivehotels.it\/de\/wp-json\/wp\/v2\/users\/1"}],"replies":[{"embeddable":true,"href":"https:\/\/www.allinclusivehotels.it\/de\/wp-json\/wp\/v2\/comments?post=16858"}],"version-history":[{"count":4,"href":"https:\/\/www.allinclusivehotels.it\/de\/wp-json\/wp\/v2\/pages\/16858\/revisions"}],"predecessor-version":[{"id":21382,"href":"https:\/\/www.allinclusivehotels.it\/de\/wp-json\/wp\/v2\/pages\/16858\/revisions\/21382"}],"up":[{"embeddable":true,"href":"https:\/\/www.allinclusivehotels.it\/de\/wp-json\/wp\/v2\/pages\/16402"}],"wp:attachment":[{"href":"https:\/\/www.allinclusivehotels.it\/de\/wp-json\/wp\/v2\/media?parent=16858"}],"curies":[{"name":"wp","href":"https:\/\/api.w.org\/{rel}","templated":true}]}}