{"id":16856,"date":"2022-03-28T10:09:57","date_gmt":"2022-03-28T08:09:57","guid":{"rendered":"https:\/\/www.allinclusivehotels.it\/hotels\/rio-stava-family-resort-spa"},"modified":"2022-07-01T10:36:05","modified_gmt":"2022-07-01T08:36:05","slug":"rio-stava-family-resort-spa","status":"publish","type":"page","link":"https:\/\/www.allinclusivehotels.it\/de\/hotels\/rio-stava-family-resort-spa","title":{"rendered":"Rio Stava Family Resort &#038; Spa"},"content":{"rendered":"\n<p>Im <b>Rio Stava Family Resort &amp; Spa <\/b>in <b>Tesero <\/b>erleben Familien einen Urlaub voller Vergn\u00fcgen und Wellness-Erlebnisse. <b>Im 1.500 m\u00b2 gro\u00dfen Spa<\/b> finden Sie ein T\u00fcrkisches Bad, verschiedene Sauna-Arten, Unterwassermasage-Grotte und Ruhezonen. Es gibt auch ein <b>Schwimmbad f\u00fcr Kinder und eines f\u00fcr Erwachsene, verbunden mit dem Masssage-Becken im Freien<\/b>. Auch die Kinder bekommen Massagen und Behandlungen, wie Mama und Papa.<\/p>\n\n\n\n<!--more-->\n\n\n\n<p>Die Anlage  liegt in einem <b>10.000 m\u00b2 gro\u00dfen Garten<\/b> mit Spielzonen und <b>Bio-Badesee<\/b>. Es gibt auch bunte Spielr\u00e4ume. In ihnen und im Freien organisiert die Animation<b> spielerische Aktivit\u00e4ten f\u00fcr Kinder ab 2 Jahren.<\/b><\/p>\n\n\n\n<p>Der Mini-Club ist<b> jeden Tag 8 Stunden aktiv, mit Spielen, kreativen<\/b>  Aktivit\u00e4ten und abendlichen Auff\u00fchrungen. Gepolsterte Spielzimmer f\u00fcr Kleinkinder und multimediale f\u00fcr Heranwachsende. <b>Organisierte Familienausfl\u00fcge in die Natur<\/b> im Sommer und im Winter.<\/p>\n\n\n\n<p>Die Bewirtungsformel des Hotels lautet <b>Gourmet-3\/4 Pension soft all inclusive<\/b> und beinhaltet alkoholfreie Getr\u00e4nke. Am Super-Fr\u00fchst\u00fccksbuffet finden Sie verschiedene Brotsorten, H\u00f6rnchen und Kuchen, Marmeladen, lokale Wurstwaren und K\u00e4sesorten, Eier, Joghurt, Bio-Ecke und frisches Obst. <b>Von 15:00 bis 17:30 Uhr ist Brotzeit<\/b> mit Appetith\u00e4ppchen, Pizza, Fladenbrot und Kuchen, alles hausgemacht. Zum Abendessen w\u00e4hlen Sie unter <b>4 Men\u00fcs mit lokalen Spezialit\u00e4ten<\/b>, begleitet von einem vielseitigen Buffet mit Vorspeisen, Gem\u00fcse, Salaten, K\u00e4se und Obst.<\/p>\n\n\n\n<p><b>Die Kinder genie\u00dfen eigens f\u00fcr sie konzipierte Men\u00fcs zusammen mit den Animateur*innen<\/b>. F\u00fcr Babys bereitet das K\u00fcchenteam Brei, Br\u00fche und P\u00fcrees zu.<\/p>\n","protected":false},"excerpt":{"rendered":"<p>Im Rio Stava Family Resort &amp; Spa in Tesero erleben Familien einen Urlaub voller Vergn\u00fcgen &hellip;<\/p>\n","protected":false},"author":1,"featured_media":0,"parent":16476,"menu_order":0,"comment_status":"closed","ping_status":"closed","template":"page-templates\/scheda_hotel.php","meta":{"_acf_changed":false,"footnotes":""},"class_list":["post-16856","page","type-page","status-publish","hentry"],"acf":[],"yoast_head":"<!-- This site is optimized with the Yoast SEO plugin v27.0 - https:\/\/yoast.com\/product\/yoast-seo-wordpress\/ -->\n<title>Rio Stava Family Resort &amp; Spa - All Inclusive Hotels<\/title>\n<meta name=\"robots\" content=\"index, follow, max-snippet:-1, max-image-preview:large, max-video-preview:-1\" \/>\n<link rel=\"canonical\" href=\"https:\/\/www.allinclusivehotels.it\/de\/hotels\/rio-stava-family-resort-spa\" \/>\n<meta property=\"og:locale\" content=\"de_DE\" \/>\n<meta property=\"og:type\" content=\"article\" \/>\n<meta property=\"og:title\" content=\"Rio Stava Family Resort &amp; Spa - All Inclusive Hotels\" \/>\n<meta property=\"og:description\" content=\"Im Rio Stava Family Resort &amp; Spa in Tesero erleben Familien einen Urlaub voller Vergn\u00fcgen &hellip;\" \/>\n<meta property=\"og:url\" content=\"https:\/\/www.allinclusivehotels.it\/de\/hotels\/rio-stava-family-resort-spa\" \/>\n<meta property=\"og:site_name\" content=\"All Inclusive Hotels\" \/>\n<meta property=\"article:modified_time\" content=\"2022-07-01T08:36:05+00:00\" \/>\n<meta name=\"twitter:card\" content=\"summary_large_image\" \/>\n<meta name=\"twitter:label1\" content=\"Gesch\u00e4tzte Lesezeit\" \/>\n\t<meta name=\"twitter:data1\" content=\"2\u00a0Minuten\" \/>\n<script type=\"application\/ld+json\" class=\"yoast-schema-graph\">{\"@context\":\"https:\/\/schema.org\",\"@graph\":[{\"@type\":\"WebPage\",\"@id\":\"https:\/\/www.allinclusivehotels.it\/de\/hotels\/rio-stava-family-resort-spa\",\"url\":\"https:\/\/www.allinclusivehotels.it\/de\/hotels\/rio-stava-family-resort-spa\",\"name\":\"Rio Stava Family Resort & Spa - All Inclusive Hotels\",\"isPartOf\":{\"@id\":\"https:\/\/www.allinclusivehotels.it\/de#website\"},\"datePublished\":\"2022-03-28T08:09:57+00:00\",\"dateModified\":\"2022-07-01T08:36:05+00:00\",\"breadcrumb\":{\"@id\":\"https:\/\/www.allinclusivehotels.it\/de\/hotels\/rio-stava-family-resort-spa#breadcrumb\"},\"inLanguage\":\"de\",\"potentialAction\":[{\"@type\":\"ReadAction\",\"target\":[\"https:\/\/www.allinclusivehotels.it\/de\/hotels\/rio-stava-family-resort-spa\"]}]},{\"@type\":\"BreadcrumbList\",\"@id\":\"https:\/\/www.allinclusivehotels.it\/de\/hotels\/rio-stava-family-resort-spa#breadcrumb\",\"itemListElement\":[{\"@type\":\"ListItem\",\"position\":1,\"name\":\"Home\",\"item\":\"https:\/\/www.allinclusivehotels.it\/de\"},{\"@type\":\"ListItem\",\"position\":2,\"name\":\"Hotels\",\"item\":\"https:\/\/www.allinclusivehotels.it\/de\/hotels\"},{\"@type\":\"ListItem\",\"position\":3,\"name\":\"Rio Stava Family Resort &#038; Spa\"}]},{\"@type\":\"WebSite\",\"@id\":\"https:\/\/www.allinclusivehotels.it\/de#website\",\"url\":\"https:\/\/www.allinclusivehotels.it\/de\",\"name\":\"All Inclusive Hotels\",\"description\":\"\",\"publisher\":{\"@id\":\"https:\/\/www.allinclusivehotels.it\/de#organization\"},\"potentialAction\":[{\"@type\":\"SearchAction\",\"target\":{\"@type\":\"EntryPoint\",\"urlTemplate\":\"https:\/\/www.allinclusivehotels.it\/de?s={search_term_string}\"},\"query-input\":{\"@type\":\"PropertyValueSpecification\",\"valueRequired\":true,\"valueName\":\"search_term_string\"}}],\"inLanguage\":\"de\"},{\"@type\":\"Organization\",\"@id\":\"https:\/\/www.allinclusivehotels.it\/de#organization\",\"name\":\"All Inclusive Hotels\",\"url\":\"https:\/\/www.allinclusivehotels.it\/de\",\"logo\":{\"@type\":\"ImageObject\",\"inLanguage\":\"de\",\"@id\":\"https:\/\/www.allinclusivehotels.it\/de#\/schema\/logo\/image\/\",\"url\":\"\",\"contentUrl\":\"\",\"caption\":\"All Inclusive Hotels\"},\"image\":{\"@id\":\"https:\/\/www.allinclusivehotels.it\/de#\/schema\/logo\/image\/\"}}]}<\/script>\n<!-- \/ Yoast SEO plugin. -->","yoast_head_json":{"title":"Rio Stava Family Resort & Spa - All Inclusive Hotels","robots":{"index":"index","follow":"follow","max-snippet":"max-snippet:-1","max-image-preview":"max-image-preview:large","max-video-preview":"max-video-preview:-1"},"canonical":"https:\/\/www.allinclusivehotels.it\/de\/hotels\/rio-stava-family-resort-spa","og_locale":"de_DE","og_type":"article","og_title":"Rio Stava Family Resort & Spa - All Inclusive Hotels","og_description":"Im Rio Stava Family Resort &amp; Spa in Tesero erleben Familien einen Urlaub voller Vergn\u00fcgen &hellip;","og_url":"https:\/\/www.allinclusivehotels.it\/de\/hotels\/rio-stava-family-resort-spa","og_site_name":"All Inclusive Hotels","article_modified_time":"2022-07-01T08:36:05+00:00","twitter_card":"summary_large_image","twitter_misc":{"Gesch\u00e4tzte Lesezeit":"2\u00a0Minuten"},"schema":{"@context":"https:\/\/schema.org","@graph":[{"@type":"WebPage","@id":"https:\/\/www.allinclusivehotels.it\/de\/hotels\/rio-stava-family-resort-spa","url":"https:\/\/www.allinclusivehotels.it\/de\/hotels\/rio-stava-family-resort-spa","name":"Rio Stava Family Resort & Spa - All Inclusive Hotels","isPartOf":{"@id":"https:\/\/www.allinclusivehotels.it\/de#website"},"datePublished":"2022-03-28T08:09:57+00:00","dateModified":"2022-07-01T08:36:05+00:00","breadcrumb":{"@id":"https:\/\/www.allinclusivehotels.it\/de\/hotels\/rio-stava-family-resort-spa#breadcrumb"},"inLanguage":"de","potentialAction":[{"@type":"ReadAction","target":["https:\/\/www.allinclusivehotels.it\/de\/hotels\/rio-stava-family-resort-spa"]}]},{"@type":"BreadcrumbList","@id":"https:\/\/www.allinclusivehotels.it\/de\/hotels\/rio-stava-family-resort-spa#breadcrumb","itemListElement":[{"@type":"ListItem","position":1,"name":"Home","item":"https:\/\/www.allinclusivehotels.it\/de"},{"@type":"ListItem","position":2,"name":"Hotels","item":"https:\/\/www.allinclusivehotels.it\/de\/hotels"},{"@type":"ListItem","position":3,"name":"Rio Stava Family Resort &#038; Spa"}]},{"@type":"WebSite","@id":"https:\/\/www.allinclusivehotels.it\/de#website","url":"https:\/\/www.allinclusivehotels.it\/de","name":"All Inclusive Hotels","description":"","publisher":{"@id":"https:\/\/www.allinclusivehotels.it\/de#organization"},"potentialAction":[{"@type":"SearchAction","target":{"@type":"EntryPoint","urlTemplate":"https:\/\/www.allinclusivehotels.it\/de?s={search_term_string}"},"query-input":{"@type":"PropertyValueSpecification","valueRequired":true,"valueName":"search_term_string"}}],"inLanguage":"de"},{"@type":"Organization","@id":"https:\/\/www.allinclusivehotels.it\/de#organization","name":"All Inclusive Hotels","url":"https:\/\/www.allinclusivehotels.it\/de","logo":{"@type":"ImageObject","inLanguage":"de","@id":"https:\/\/www.allinclusivehotels.it\/de#\/schema\/logo\/image\/","url":"","contentUrl":"","caption":"All Inclusive Hotels"},"image":{"@id":"https:\/\/www.allinclusivehotels.it\/de#\/schema\/logo\/image\/"}}]}},"_links":{"self":[{"href":"https:\/\/www.allinclusivehotels.it\/de\/wp-json\/wp\/v2\/pages\/16856","targetHints":{"allow":["GET"]}}],"collection":[{"href":"https:\/\/www.allinclusivehotels.it\/de\/wp-json\/wp\/v2\/pages"}],"about":[{"href":"https:\/\/www.allinclusivehotels.it\/de\/wp-json\/wp\/v2\/types\/page"}],"author":[{"embeddable":true,"href":"https:\/\/www.allinclusivehotels.it\/de\/wp-json\/wp\/v2\/users\/1"}],"replies":[{"embeddable":true,"href":"https:\/\/www.allinclusivehotels.it\/de\/wp-json\/wp\/v2\/comments?post=16856"}],"version-history":[{"count":2,"href":"https:\/\/www.allinclusivehotels.it\/de\/wp-json\/wp\/v2\/pages\/16856\/revisions"}],"predecessor-version":[{"id":21336,"href":"https:\/\/www.allinclusivehotels.it\/de\/wp-json\/wp\/v2\/pages\/16856\/revisions\/21336"}],"up":[{"embeddable":true,"href":"https:\/\/www.allinclusivehotels.it\/de\/wp-json\/wp\/v2\/pages\/16476"}],"wp:attachment":[{"href":"https:\/\/www.allinclusivehotels.it\/de\/wp-json\/wp\/v2\/media?parent=16856"}],"curies":[{"name":"wp","href":"https:\/\/api.w.org\/{rel}","templated":true}]}}