{"id":16854,"date":"2022-03-28T10:09:56","date_gmt":"2022-03-28T08:09:56","guid":{"rendered":"https:\/\/www.allinclusivehotels.it\/urlaubsziele\/vigo-di-fassa"},"modified":"2022-07-01T11:41:59","modified_gmt":"2022-07-01T09:41:59","slug":"vigo-di-fassa","status":"publish","type":"page","link":"https:\/\/www.allinclusivehotels.it\/de\/urlaubsziele\/vigo-di-fassa","title":{"rendered":"Vigo di Fassa"},"content":{"rendered":"\n<p>Der kleine ruhige Ort Vigo di Fassa am Fu\u00df des ber\u00fchmten <b>Rosengarten-Massivs <\/b> (Dolomiten) ist ein Zentrum  der ladinischen Sprachgruppe. Aus Stein und Holz gebaute H\u00e4user kennzeichnen den Ort, der auch dem Ring &#8220;I borghi pi\u00f9 belli d&#8217;Italia&#8221; (Sch\u00f6nste St\u00e4dtchen Italiens) angeh\u00f6rt.  Die <b>All-Inclusive-Hotels in Vigo di Fassa bieten <\/b> Ausfl\u00fcge und  Aktivit\u00e4ten in der Natur, traditionelle Trentiner K\u00fcche und Entspannung f\u00fcr die ganze Familie.<\/p>\n\n\n\n<!--more-->\n\n\n\n<p>Im <b>Museo Ladin de Fascia <\/b>erfahren Sie Interessantes \u00fcber Geschichte und Kultur der Ladiner, sehenswert sind auch die Kirche <b>Pieve di San Giovanni<\/b>, und die in den Dolomiten vorkommenden Minerale im <b>Museo Mineralogico Monzoni.<\/b><\/p>\n\n\n\n<p><b>Im Sommer <\/b>ist <b>Vigo di Fassa<\/b> Ausgangspunkt <b>herrlicher Ausfl\u00fcge<\/b> . Fahren Sie mit der Seilbahn auf das Hochplateau  <b>Ciamped\u00ece, <\/b>Sie finden dort einen sch\u00f6nen Natur-Spielplatz f\u00fcr Kinder und viele Pfade mit umwerfenden Ausblicken. Wenn Sie Gelegenheit dazu haben, besuchen Sie die Veranstaltung  <b>Entorn Vich, <\/b>mit ladinischen Spezialit\u00e4ten und Musik.<\/p>\n\n\n\n<p>Auch im <b>Winter<\/b> ist <b>Vigo<\/b> di Fassa der perfekte Ort f\u00fcr Outdoor-Aktivit\u00e4ten. In der Ortsmitte geht die Seilbahn ab zur <b>Ski Area Catinaccio-Rosengarten<\/b>, mit 13 km Pisten, gro\u00dfem <b>Babypark mit Skischule und Miniclub<\/b> &#8220;Tananai&#8221;. Fortgeschrittene Skifahrer k\u00f6nnen sich an der <b>Thoeni-Piste<\/b> versuchen, auf der schon Alberto Tomba trainierte.<\/p>\n","protected":false},"excerpt":{"rendered":"<p>Der kleine ruhige Ort Vigo di Fassa am Fu\u00df des ber\u00fchmten Rosengarten-Massivs (Dolomiten) ist ein &hellip;<\/p>\n","protected":false},"author":1,"featured_media":0,"parent":16402,"menu_order":0,"comment_status":"closed","ping_status":"closed","template":"page-templates\/destinazione.php","meta":{"_acf_changed":false,"footnotes":""},"class_list":["post-16854","page","type-page","status-publish","hentry"],"acf":[],"yoast_head":"<!-- This site is optimized with the Yoast SEO plugin v27.0 - https:\/\/yoast.com\/product\/yoast-seo-wordpress\/ -->\n<title>Vigo di Fassa - All Inclusive Hotels<\/title>\n<meta name=\"robots\" content=\"index, follow, max-snippet:-1, max-image-preview:large, max-video-preview:-1\" \/>\n<link rel=\"canonical\" href=\"https:\/\/www.allinclusivehotels.it\/de\/urlaubsziele\/vigo-di-fassa\" \/>\n<meta property=\"og:locale\" content=\"de_DE\" \/>\n<meta property=\"og:type\" content=\"article\" \/>\n<meta property=\"og:title\" content=\"Vigo di Fassa - All Inclusive Hotels\" \/>\n<meta property=\"og:description\" content=\"Der kleine ruhige Ort Vigo di Fassa am Fu\u00df des ber\u00fchmten Rosengarten-Massivs (Dolomiten) ist ein &hellip;\" \/>\n<meta property=\"og:url\" content=\"https:\/\/www.allinclusivehotels.it\/de\/urlaubsziele\/vigo-di-fassa\" \/>\n<meta property=\"og:site_name\" content=\"All Inclusive Hotels\" \/>\n<meta property=\"article:modified_time\" content=\"2022-07-01T09:41:59+00:00\" \/>\n<meta name=\"twitter:card\" content=\"summary_large_image\" \/>\n<meta name=\"twitter:label1\" content=\"Gesch\u00e4tzte Lesezeit\" \/>\n\t<meta name=\"twitter:data1\" content=\"2\u00a0Minuten\" \/>\n<script type=\"application\/ld+json\" class=\"yoast-schema-graph\">{\"@context\":\"https:\/\/schema.org\",\"@graph\":[{\"@type\":\"WebPage\",\"@id\":\"https:\/\/www.allinclusivehotels.it\/de\/urlaubsziele\/vigo-di-fassa\",\"url\":\"https:\/\/www.allinclusivehotels.it\/de\/urlaubsziele\/vigo-di-fassa\",\"name\":\"Vigo di Fassa - All Inclusive Hotels\",\"isPartOf\":{\"@id\":\"https:\/\/www.allinclusivehotels.it\/de#website\"},\"datePublished\":\"2022-03-28T08:09:56+00:00\",\"dateModified\":\"2022-07-01T09:41:59+00:00\",\"breadcrumb\":{\"@id\":\"https:\/\/www.allinclusivehotels.it\/de\/urlaubsziele\/vigo-di-fassa#breadcrumb\"},\"inLanguage\":\"de\",\"potentialAction\":[{\"@type\":\"ReadAction\",\"target\":[\"https:\/\/www.allinclusivehotels.it\/de\/urlaubsziele\/vigo-di-fassa\"]}]},{\"@type\":\"BreadcrumbList\",\"@id\":\"https:\/\/www.allinclusivehotels.it\/de\/urlaubsziele\/vigo-di-fassa#breadcrumb\",\"itemListElement\":[{\"@type\":\"ListItem\",\"position\":1,\"name\":\"Home\",\"item\":\"https:\/\/www.allinclusivehotels.it\/de\"},{\"@type\":\"ListItem\",\"position\":2,\"name\":\"Urlaubsziele\",\"item\":\"https:\/\/www.allinclusivehotels.it\/de\/urlaubsziele\"},{\"@type\":\"ListItem\",\"position\":3,\"name\":\"Vigo di Fassa\"}]},{\"@type\":\"WebSite\",\"@id\":\"https:\/\/www.allinclusivehotels.it\/de#website\",\"url\":\"https:\/\/www.allinclusivehotels.it\/de\",\"name\":\"All Inclusive Hotels\",\"description\":\"\",\"publisher\":{\"@id\":\"https:\/\/www.allinclusivehotels.it\/de#organization\"},\"potentialAction\":[{\"@type\":\"SearchAction\",\"target\":{\"@type\":\"EntryPoint\",\"urlTemplate\":\"https:\/\/www.allinclusivehotels.it\/de?s={search_term_string}\"},\"query-input\":{\"@type\":\"PropertyValueSpecification\",\"valueRequired\":true,\"valueName\":\"search_term_string\"}}],\"inLanguage\":\"de\"},{\"@type\":\"Organization\",\"@id\":\"https:\/\/www.allinclusivehotels.it\/de#organization\",\"name\":\"All Inclusive Hotels\",\"url\":\"https:\/\/www.allinclusivehotels.it\/de\",\"logo\":{\"@type\":\"ImageObject\",\"inLanguage\":\"de\",\"@id\":\"https:\/\/www.allinclusivehotels.it\/de#\/schema\/logo\/image\/\",\"url\":\"\",\"contentUrl\":\"\",\"caption\":\"All Inclusive Hotels\"},\"image\":{\"@id\":\"https:\/\/www.allinclusivehotels.it\/de#\/schema\/logo\/image\/\"}}]}<\/script>\n<!-- \/ Yoast SEO plugin. -->","yoast_head_json":{"title":"Vigo di Fassa - All Inclusive Hotels","robots":{"index":"index","follow":"follow","max-snippet":"max-snippet:-1","max-image-preview":"max-image-preview:large","max-video-preview":"max-video-preview:-1"},"canonical":"https:\/\/www.allinclusivehotels.it\/de\/urlaubsziele\/vigo-di-fassa","og_locale":"de_DE","og_type":"article","og_title":"Vigo di Fassa - All Inclusive Hotels","og_description":"Der kleine ruhige Ort Vigo di Fassa am Fu\u00df des ber\u00fchmten Rosengarten-Massivs (Dolomiten) ist ein &hellip;","og_url":"https:\/\/www.allinclusivehotels.it\/de\/urlaubsziele\/vigo-di-fassa","og_site_name":"All Inclusive Hotels","article_modified_time":"2022-07-01T09:41:59+00:00","twitter_card":"summary_large_image","twitter_misc":{"Gesch\u00e4tzte Lesezeit":"2\u00a0Minuten"},"schema":{"@context":"https:\/\/schema.org","@graph":[{"@type":"WebPage","@id":"https:\/\/www.allinclusivehotels.it\/de\/urlaubsziele\/vigo-di-fassa","url":"https:\/\/www.allinclusivehotels.it\/de\/urlaubsziele\/vigo-di-fassa","name":"Vigo di Fassa - All Inclusive Hotels","isPartOf":{"@id":"https:\/\/www.allinclusivehotels.it\/de#website"},"datePublished":"2022-03-28T08:09:56+00:00","dateModified":"2022-07-01T09:41:59+00:00","breadcrumb":{"@id":"https:\/\/www.allinclusivehotels.it\/de\/urlaubsziele\/vigo-di-fassa#breadcrumb"},"inLanguage":"de","potentialAction":[{"@type":"ReadAction","target":["https:\/\/www.allinclusivehotels.it\/de\/urlaubsziele\/vigo-di-fassa"]}]},{"@type":"BreadcrumbList","@id":"https:\/\/www.allinclusivehotels.it\/de\/urlaubsziele\/vigo-di-fassa#breadcrumb","itemListElement":[{"@type":"ListItem","position":1,"name":"Home","item":"https:\/\/www.allinclusivehotels.it\/de"},{"@type":"ListItem","position":2,"name":"Urlaubsziele","item":"https:\/\/www.allinclusivehotels.it\/de\/urlaubsziele"},{"@type":"ListItem","position":3,"name":"Vigo di Fassa"}]},{"@type":"WebSite","@id":"https:\/\/www.allinclusivehotels.it\/de#website","url":"https:\/\/www.allinclusivehotels.it\/de","name":"All Inclusive Hotels","description":"","publisher":{"@id":"https:\/\/www.allinclusivehotels.it\/de#organization"},"potentialAction":[{"@type":"SearchAction","target":{"@type":"EntryPoint","urlTemplate":"https:\/\/www.allinclusivehotels.it\/de?s={search_term_string}"},"query-input":{"@type":"PropertyValueSpecification","valueRequired":true,"valueName":"search_term_string"}}],"inLanguage":"de"},{"@type":"Organization","@id":"https:\/\/www.allinclusivehotels.it\/de#organization","name":"All Inclusive Hotels","url":"https:\/\/www.allinclusivehotels.it\/de","logo":{"@type":"ImageObject","inLanguage":"de","@id":"https:\/\/www.allinclusivehotels.it\/de#\/schema\/logo\/image\/","url":"","contentUrl":"","caption":"All Inclusive Hotels"},"image":{"@id":"https:\/\/www.allinclusivehotels.it\/de#\/schema\/logo\/image\/"}}]}},"_links":{"self":[{"href":"https:\/\/www.allinclusivehotels.it\/de\/wp-json\/wp\/v2\/pages\/16854","targetHints":{"allow":["GET"]}}],"collection":[{"href":"https:\/\/www.allinclusivehotels.it\/de\/wp-json\/wp\/v2\/pages"}],"about":[{"href":"https:\/\/www.allinclusivehotels.it\/de\/wp-json\/wp\/v2\/types\/page"}],"author":[{"embeddable":true,"href":"https:\/\/www.allinclusivehotels.it\/de\/wp-json\/wp\/v2\/users\/1"}],"replies":[{"embeddable":true,"href":"https:\/\/www.allinclusivehotels.it\/de\/wp-json\/wp\/v2\/comments?post=16854"}],"version-history":[{"count":4,"href":"https:\/\/www.allinclusivehotels.it\/de\/wp-json\/wp\/v2\/pages\/16854\/revisions"}],"predecessor-version":[{"id":21387,"href":"https:\/\/www.allinclusivehotels.it\/de\/wp-json\/wp\/v2\/pages\/16854\/revisions\/21387"}],"up":[{"embeddable":true,"href":"https:\/\/www.allinclusivehotels.it\/de\/wp-json\/wp\/v2\/pages\/16402"}],"wp:attachment":[{"href":"https:\/\/www.allinclusivehotels.it\/de\/wp-json\/wp\/v2\/media?parent=16854"}],"curies":[{"name":"wp","href":"https:\/\/api.w.org\/{rel}","templated":true}]}}