{"id":16840,"date":"2022-03-28T10:09:50","date_gmt":"2022-03-28T08:09:50","guid":{"rendered":"https:\/\/www.allinclusivehotels.it\/hotels\/hotel-smeraldo-2"},"modified":"2022-07-01T10:21:07","modified_gmt":"2022-07-01T08:21:07","slug":"hotel-smeraldo-2","status":"publish","type":"page","link":"https:\/\/www.allinclusivehotels.it\/de\/hotels\/hotel-smeraldo-2","title":{"rendered":"Hotel Smeraldo"},"content":{"rendered":"\n<p>Das <b>Hotel Smeraldo in Giulianova<\/b> liegt seinem feinsandigen <b>Privatstrand gegen\u00fcber<\/b>, der nicht durch Steinbarrieren vom offenen Meer getrennt ist. Es gibt dort nur 5 Reihen von weit auseinander stehenden Sonnenschirmen, Spielzonen, Volleyball- und Beachtennispl\u00e4tze, Bocciabahn und Tischtennisplatten. Wenn es zu hei\u00df wird, spendet ein Pinienhain Schatten. Das Hotel hat <b>drei Schwimmb\u00e4der <\/b>mit einer <b>gro\u00dfen Sonnenterrasse,<\/b> Unterwassermassage, Kaskaden,  einen nur 45 cm tiefen <b>Wasserpark <\/b>f\u00fcr Kinder mit <b>Spielanlage und Rutschbahnen.<\/b><\/p>\n\n\n\n<!--more-->\n\n\n\n<p>Profi-<b>Animateur*innen <\/b>unterhalten Ihre Kinder <b>am Strand und im Hotel<\/b> mit kreativen Aktivit\u00e4ten, Spielen, Turnieren, Aperitif mit Disney-Figuren, Baby-Dance und abendlichen Auff\u00fchrungen. Im Hotel gibt es einen buntes <b>Spielzimmer f\u00fcr kleine Kinder,<\/b> <b>Billard-Raum,<\/b> einen gro\u00dfen <b>Garten<\/b> und ein <b>Fitness-Center<\/b>.<\/p>\n\n\n\n<p>Der Tag beginnt mit einem <b>kr\u00e4ftigen Fr\u00fchst\u00fcck <\/b>mit Meerblick \u2013 warum nicht im Garten? Mittags und abends immer auch <b>hausgemachte Pasta<\/b>, <b>drei Men\u00fcs mit Fleisch und Fisch<\/b> zur Auswahl, am Tisch serviert, dazu ein vielseitiges <b>Gem\u00fcsebuffet.<\/b> G\u00e4ste mit<b> Lebensmittelunvertr\u00e4glichkeiten<\/b> finden ein f\u00fcr sie gedachtes Fr\u00fchst\u00fccksbuffet und eine Auswahl von 4 Men\u00fcs f\u00fcr das Mittag- und Abendessen vor. F\u00fcr unsere kleinen G\u00e4ste gibt es t\u00e4glich <b>hochwertige Kindermen\u00fcs<\/b>, f\u00fcr die ganz kleinen <b>p\u00fcriertes Gem\u00fcse, Breie, frische Scholle<\/b> und mehr.<\/p>\n","protected":false},"excerpt":{"rendered":"<p>Das Hotel Smeraldo in Giulianova liegt seinem feinsandigen Privatstrand gegen\u00fcber, der nicht durch Steinbarrieren vom &hellip;<\/p>\n","protected":false},"author":1,"featured_media":0,"parent":16476,"menu_order":0,"comment_status":"closed","ping_status":"closed","template":"page-templates\/scheda_hotel.php","meta":{"_acf_changed":false,"footnotes":""},"class_list":["post-16840","page","type-page","status-publish","hentry"],"acf":[],"yoast_head":"<!-- This site is optimized with the Yoast SEO plugin v27.0 - https:\/\/yoast.com\/product\/yoast-seo-wordpress\/ -->\n<title>Hotel Smeraldo - All Inclusive Hotels<\/title>\n<meta name=\"robots\" content=\"index, follow, max-snippet:-1, max-image-preview:large, max-video-preview:-1\" \/>\n<link rel=\"canonical\" href=\"https:\/\/www.allinclusivehotels.it\/de\/hotels\/hotel-smeraldo-2\" \/>\n<meta property=\"og:locale\" content=\"de_DE\" \/>\n<meta property=\"og:type\" content=\"article\" \/>\n<meta property=\"og:title\" content=\"Hotel Smeraldo - All Inclusive Hotels\" \/>\n<meta property=\"og:description\" content=\"Das Hotel Smeraldo in Giulianova liegt seinem feinsandigen Privatstrand gegen\u00fcber, der nicht durch Steinbarrieren vom &hellip;\" \/>\n<meta property=\"og:url\" content=\"https:\/\/www.allinclusivehotels.it\/de\/hotels\/hotel-smeraldo-2\" \/>\n<meta property=\"og:site_name\" content=\"All Inclusive Hotels\" \/>\n<meta property=\"article:modified_time\" content=\"2022-07-01T08:21:07+00:00\" \/>\n<meta name=\"twitter:card\" content=\"summary_large_image\" \/>\n<meta name=\"twitter:label1\" content=\"Gesch\u00e4tzte Lesezeit\" \/>\n\t<meta name=\"twitter:data1\" content=\"1\u00a0Minute\" \/>\n<script type=\"application\/ld+json\" class=\"yoast-schema-graph\">{\"@context\":\"https:\/\/schema.org\",\"@graph\":[{\"@type\":\"WebPage\",\"@id\":\"https:\/\/www.allinclusivehotels.it\/de\/hotels\/hotel-smeraldo-2\",\"url\":\"https:\/\/www.allinclusivehotels.it\/de\/hotels\/hotel-smeraldo-2\",\"name\":\"Hotel Smeraldo - All Inclusive Hotels\",\"isPartOf\":{\"@id\":\"https:\/\/www.allinclusivehotels.it\/de#website\"},\"datePublished\":\"2022-03-28T08:09:50+00:00\",\"dateModified\":\"2022-07-01T08:21:07+00:00\",\"breadcrumb\":{\"@id\":\"https:\/\/www.allinclusivehotels.it\/de\/hotels\/hotel-smeraldo-2#breadcrumb\"},\"inLanguage\":\"de\",\"potentialAction\":[{\"@type\":\"ReadAction\",\"target\":[\"https:\/\/www.allinclusivehotels.it\/de\/hotels\/hotel-smeraldo-2\"]}]},{\"@type\":\"BreadcrumbList\",\"@id\":\"https:\/\/www.allinclusivehotels.it\/de\/hotels\/hotel-smeraldo-2#breadcrumb\",\"itemListElement\":[{\"@type\":\"ListItem\",\"position\":1,\"name\":\"Home\",\"item\":\"https:\/\/www.allinclusivehotels.it\/de\"},{\"@type\":\"ListItem\",\"position\":2,\"name\":\"Hotels\",\"item\":\"https:\/\/www.allinclusivehotels.it\/de\/hotels\"},{\"@type\":\"ListItem\",\"position\":3,\"name\":\"Hotel Smeraldo\"}]},{\"@type\":\"WebSite\",\"@id\":\"https:\/\/www.allinclusivehotels.it\/de#website\",\"url\":\"https:\/\/www.allinclusivehotels.it\/de\",\"name\":\"All Inclusive Hotels\",\"description\":\"\",\"publisher\":{\"@id\":\"https:\/\/www.allinclusivehotels.it\/de#organization\"},\"potentialAction\":[{\"@type\":\"SearchAction\",\"target\":{\"@type\":\"EntryPoint\",\"urlTemplate\":\"https:\/\/www.allinclusivehotels.it\/de?s={search_term_string}\"},\"query-input\":{\"@type\":\"PropertyValueSpecification\",\"valueRequired\":true,\"valueName\":\"search_term_string\"}}],\"inLanguage\":\"de\"},{\"@type\":\"Organization\",\"@id\":\"https:\/\/www.allinclusivehotels.it\/de#organization\",\"name\":\"All Inclusive Hotels\",\"url\":\"https:\/\/www.allinclusivehotels.it\/de\",\"logo\":{\"@type\":\"ImageObject\",\"inLanguage\":\"de\",\"@id\":\"https:\/\/www.allinclusivehotels.it\/de#\/schema\/logo\/image\/\",\"url\":\"\",\"contentUrl\":\"\",\"caption\":\"All Inclusive Hotels\"},\"image\":{\"@id\":\"https:\/\/www.allinclusivehotels.it\/de#\/schema\/logo\/image\/\"}}]}<\/script>\n<!-- \/ Yoast SEO plugin. -->","yoast_head_json":{"title":"Hotel Smeraldo - All Inclusive Hotels","robots":{"index":"index","follow":"follow","max-snippet":"max-snippet:-1","max-image-preview":"max-image-preview:large","max-video-preview":"max-video-preview:-1"},"canonical":"https:\/\/www.allinclusivehotels.it\/de\/hotels\/hotel-smeraldo-2","og_locale":"de_DE","og_type":"article","og_title":"Hotel Smeraldo - All Inclusive Hotels","og_description":"Das Hotel Smeraldo in Giulianova liegt seinem feinsandigen Privatstrand gegen\u00fcber, der nicht durch Steinbarrieren vom &hellip;","og_url":"https:\/\/www.allinclusivehotels.it\/de\/hotels\/hotel-smeraldo-2","og_site_name":"All Inclusive Hotels","article_modified_time":"2022-07-01T08:21:07+00:00","twitter_card":"summary_large_image","twitter_misc":{"Gesch\u00e4tzte Lesezeit":"1\u00a0Minute"},"schema":{"@context":"https:\/\/schema.org","@graph":[{"@type":"WebPage","@id":"https:\/\/www.allinclusivehotels.it\/de\/hotels\/hotel-smeraldo-2","url":"https:\/\/www.allinclusivehotels.it\/de\/hotels\/hotel-smeraldo-2","name":"Hotel Smeraldo - All Inclusive Hotels","isPartOf":{"@id":"https:\/\/www.allinclusivehotels.it\/de#website"},"datePublished":"2022-03-28T08:09:50+00:00","dateModified":"2022-07-01T08:21:07+00:00","breadcrumb":{"@id":"https:\/\/www.allinclusivehotels.it\/de\/hotels\/hotel-smeraldo-2#breadcrumb"},"inLanguage":"de","potentialAction":[{"@type":"ReadAction","target":["https:\/\/www.allinclusivehotels.it\/de\/hotels\/hotel-smeraldo-2"]}]},{"@type":"BreadcrumbList","@id":"https:\/\/www.allinclusivehotels.it\/de\/hotels\/hotel-smeraldo-2#breadcrumb","itemListElement":[{"@type":"ListItem","position":1,"name":"Home","item":"https:\/\/www.allinclusivehotels.it\/de"},{"@type":"ListItem","position":2,"name":"Hotels","item":"https:\/\/www.allinclusivehotels.it\/de\/hotels"},{"@type":"ListItem","position":3,"name":"Hotel Smeraldo"}]},{"@type":"WebSite","@id":"https:\/\/www.allinclusivehotels.it\/de#website","url":"https:\/\/www.allinclusivehotels.it\/de","name":"All Inclusive Hotels","description":"","publisher":{"@id":"https:\/\/www.allinclusivehotels.it\/de#organization"},"potentialAction":[{"@type":"SearchAction","target":{"@type":"EntryPoint","urlTemplate":"https:\/\/www.allinclusivehotels.it\/de?s={search_term_string}"},"query-input":{"@type":"PropertyValueSpecification","valueRequired":true,"valueName":"search_term_string"}}],"inLanguage":"de"},{"@type":"Organization","@id":"https:\/\/www.allinclusivehotels.it\/de#organization","name":"All Inclusive Hotels","url":"https:\/\/www.allinclusivehotels.it\/de","logo":{"@type":"ImageObject","inLanguage":"de","@id":"https:\/\/www.allinclusivehotels.it\/de#\/schema\/logo\/image\/","url":"","contentUrl":"","caption":"All Inclusive Hotels"},"image":{"@id":"https:\/\/www.allinclusivehotels.it\/de#\/schema\/logo\/image\/"}}]}},"_links":{"self":[{"href":"https:\/\/www.allinclusivehotels.it\/de\/wp-json\/wp\/v2\/pages\/16840","targetHints":{"allow":["GET"]}}],"collection":[{"href":"https:\/\/www.allinclusivehotels.it\/de\/wp-json\/wp\/v2\/pages"}],"about":[{"href":"https:\/\/www.allinclusivehotels.it\/de\/wp-json\/wp\/v2\/types\/page"}],"author":[{"embeddable":true,"href":"https:\/\/www.allinclusivehotels.it\/de\/wp-json\/wp\/v2\/users\/1"}],"replies":[{"embeddable":true,"href":"https:\/\/www.allinclusivehotels.it\/de\/wp-json\/wp\/v2\/comments?post=16840"}],"version-history":[{"count":2,"href":"https:\/\/www.allinclusivehotels.it\/de\/wp-json\/wp\/v2\/pages\/16840\/revisions"}],"predecessor-version":[{"id":21320,"href":"https:\/\/www.allinclusivehotels.it\/de\/wp-json\/wp\/v2\/pages\/16840\/revisions\/21320"}],"up":[{"embeddable":true,"href":"https:\/\/www.allinclusivehotels.it\/de\/wp-json\/wp\/v2\/pages\/16476"}],"wp:attachment":[{"href":"https:\/\/www.allinclusivehotels.it\/de\/wp-json\/wp\/v2\/media?parent=16840"}],"curies":[{"name":"wp","href":"https:\/\/api.w.org\/{rel}","templated":true}]}}