{"id":16828,"date":"2022-03-28T10:09:48","date_gmt":"2022-03-28T08:09:48","guid":{"rendered":"https:\/\/www.allinclusivehotels.it\/urlaubsziele\/andalo"},"modified":"2022-07-01T11:15:38","modified_gmt":"2022-07-01T09:15:38","slug":"andalo","status":"publish","type":"page","link":"https:\/\/www.allinclusivehotels.it\/de\/urlaubsziele\/andalo","title":{"rendered":"Andalo"},"content":{"rendered":"\n<p><b>Andalo<\/b> ist ein lebhaftes St\u00e4dtchen auf dem <b>Hochplateau von Pin\u00e8<\/b> im Trentino, eine Gebirgsgegend, in der man zu jeder Jahreszeit einen herrlichen Urlaub verbingen kann. Die <b>All-Iclusive-Hotels von Andal\u00f2 <\/b>verb\u00fcrgen sich f\u00fcr besten Service mit exzellenter Wein-Gastronomie auf der Basis lokaler Produkte, sportlichen Aktivit\u00e4ten im Sommer und im Winter und Naturerlebnissen f\u00fcr die ganze Familie.<\/p>\n\n\n\n<!--more-->\n\n\n\n<p>7 km von Andalo entfernt liegt der, gem\u00e4\u00df einigen Umfragen, &#8220;sch\u00f6nste See Italiens&#8221;, <b>der Molvenosee<\/b>, wo man im Sommer auch baden kann. Er ist unbedingt einen Besuch wert.<\/p>\n\n\n\n<p>Mitten in Andalo bietet der Wasserpark <b>AcquaIN Park <\/b>das ganze Jahr \u00fcber nasses Vergn\u00fcgen. Er hat ein <b>flaches Gummibecken f\u00fcr kleine Kinder, <\/b>eine abenteuerliche <b>Rutschbahn<\/b>, einen zauberhaften Whirlpool im Freien mit Dolomiten-Blick, ein <b>halbolympisches Becken<\/b> f\u00fcr Schwimmer und einen <b>Spa&amp;Wellness-Bereich.<\/b><\/p>\n\n\n\n<p>Wintersportbegeisterte haben <b>50 km Pisten<\/b> aller Schwierigkeitsgrade im <b>Snowpark<\/b> zur Verf\u00fcgung. Andalo ist auch ein perfekter Ausgangspunkt f\u00fcr <b>Langlauf<\/b>, <b>Ski-Bergsteigen<\/b> und romantische <b>Schneeschuh-Touren<\/b>.<\/p>\n\n\n\n<p>Im Ort bietet die Schlittschuhbahn  <b>Andalo Life Pattinaggio <\/b>weiteres winterliches Vergn\u00fcgen.<\/p>\n\n\n\n<p>10 km von Andalo entfernt liegt der <b>Tierpark Spormaggiore,<\/b> wo man in naturnahen Gehegen W\u00f6lfe, B\u00e4ren, F\u00fcchse, Luchse und Uhus beobachten kann.<\/p>\n","protected":false},"excerpt":{"rendered":"<p>Andalo ist ein lebhaftes St\u00e4dtchen auf dem Hochplateau von Pin\u00e8 im Trentino, eine Gebirgsgegend, in &hellip;<\/p>\n","protected":false},"author":1,"featured_media":0,"parent":16402,"menu_order":0,"comment_status":"closed","ping_status":"closed","template":"page-templates\/destinazione.php","meta":{"_acf_changed":false,"footnotes":""},"class_list":["post-16828","page","type-page","status-publish","hentry"],"acf":[],"yoast_head":"<!-- This site is optimized with the Yoast SEO plugin v27.0 - https:\/\/yoast.com\/product\/yoast-seo-wordpress\/ -->\n<title>Andalo - All Inclusive Hotels<\/title>\n<meta name=\"robots\" content=\"index, follow, max-snippet:-1, max-image-preview:large, max-video-preview:-1\" \/>\n<link rel=\"canonical\" href=\"https:\/\/www.allinclusivehotels.it\/de\/urlaubsziele\/andalo\" \/>\n<meta property=\"og:locale\" content=\"de_DE\" \/>\n<meta property=\"og:type\" content=\"article\" \/>\n<meta property=\"og:title\" content=\"Andalo - All Inclusive Hotels\" \/>\n<meta property=\"og:description\" content=\"Andalo ist ein lebhaftes St\u00e4dtchen auf dem Hochplateau von Pin\u00e8 im Trentino, eine Gebirgsgegend, in &hellip;\" \/>\n<meta property=\"og:url\" content=\"https:\/\/www.allinclusivehotels.it\/de\/urlaubsziele\/andalo\" \/>\n<meta property=\"og:site_name\" content=\"All Inclusive Hotels\" \/>\n<meta property=\"article:modified_time\" content=\"2022-07-01T09:15:38+00:00\" \/>\n<meta name=\"twitter:card\" content=\"summary_large_image\" \/>\n<meta name=\"twitter:label1\" content=\"Gesch\u00e4tzte Lesezeit\" \/>\n\t<meta name=\"twitter:data1\" content=\"1\u00a0Minute\" \/>\n<script type=\"application\/ld+json\" class=\"yoast-schema-graph\">{\"@context\":\"https:\/\/schema.org\",\"@graph\":[{\"@type\":\"WebPage\",\"@id\":\"https:\/\/www.allinclusivehotels.it\/de\/urlaubsziele\/andalo\",\"url\":\"https:\/\/www.allinclusivehotels.it\/de\/urlaubsziele\/andalo\",\"name\":\"Andalo - All Inclusive Hotels\",\"isPartOf\":{\"@id\":\"https:\/\/www.allinclusivehotels.it\/de#website\"},\"datePublished\":\"2022-03-28T08:09:48+00:00\",\"dateModified\":\"2022-07-01T09:15:38+00:00\",\"breadcrumb\":{\"@id\":\"https:\/\/www.allinclusivehotels.it\/de\/urlaubsziele\/andalo#breadcrumb\"},\"inLanguage\":\"de\",\"potentialAction\":[{\"@type\":\"ReadAction\",\"target\":[\"https:\/\/www.allinclusivehotels.it\/de\/urlaubsziele\/andalo\"]}]},{\"@type\":\"BreadcrumbList\",\"@id\":\"https:\/\/www.allinclusivehotels.it\/de\/urlaubsziele\/andalo#breadcrumb\",\"itemListElement\":[{\"@type\":\"ListItem\",\"position\":1,\"name\":\"Home\",\"item\":\"https:\/\/www.allinclusivehotels.it\/de\"},{\"@type\":\"ListItem\",\"position\":2,\"name\":\"Urlaubsziele\",\"item\":\"https:\/\/www.allinclusivehotels.it\/de\/urlaubsziele\"},{\"@type\":\"ListItem\",\"position\":3,\"name\":\"Andalo\"}]},{\"@type\":\"WebSite\",\"@id\":\"https:\/\/www.allinclusivehotels.it\/de#website\",\"url\":\"https:\/\/www.allinclusivehotels.it\/de\",\"name\":\"All Inclusive Hotels\",\"description\":\"\",\"publisher\":{\"@id\":\"https:\/\/www.allinclusivehotels.it\/de#organization\"},\"potentialAction\":[{\"@type\":\"SearchAction\",\"target\":{\"@type\":\"EntryPoint\",\"urlTemplate\":\"https:\/\/www.allinclusivehotels.it\/de?s={search_term_string}\"},\"query-input\":{\"@type\":\"PropertyValueSpecification\",\"valueRequired\":true,\"valueName\":\"search_term_string\"}}],\"inLanguage\":\"de\"},{\"@type\":\"Organization\",\"@id\":\"https:\/\/www.allinclusivehotels.it\/de#organization\",\"name\":\"All Inclusive Hotels\",\"url\":\"https:\/\/www.allinclusivehotels.it\/de\",\"logo\":{\"@type\":\"ImageObject\",\"inLanguage\":\"de\",\"@id\":\"https:\/\/www.allinclusivehotels.it\/de#\/schema\/logo\/image\/\",\"url\":\"\",\"contentUrl\":\"\",\"caption\":\"All Inclusive Hotels\"},\"image\":{\"@id\":\"https:\/\/www.allinclusivehotels.it\/de#\/schema\/logo\/image\/\"}}]}<\/script>\n<!-- \/ Yoast SEO plugin. -->","yoast_head_json":{"title":"Andalo - All Inclusive Hotels","robots":{"index":"index","follow":"follow","max-snippet":"max-snippet:-1","max-image-preview":"max-image-preview:large","max-video-preview":"max-video-preview:-1"},"canonical":"https:\/\/www.allinclusivehotels.it\/de\/urlaubsziele\/andalo","og_locale":"de_DE","og_type":"article","og_title":"Andalo - All Inclusive Hotels","og_description":"Andalo ist ein lebhaftes St\u00e4dtchen auf dem Hochplateau von Pin\u00e8 im Trentino, eine Gebirgsgegend, in &hellip;","og_url":"https:\/\/www.allinclusivehotels.it\/de\/urlaubsziele\/andalo","og_site_name":"All Inclusive Hotels","article_modified_time":"2022-07-01T09:15:38+00:00","twitter_card":"summary_large_image","twitter_misc":{"Gesch\u00e4tzte Lesezeit":"1\u00a0Minute"},"schema":{"@context":"https:\/\/schema.org","@graph":[{"@type":"WebPage","@id":"https:\/\/www.allinclusivehotels.it\/de\/urlaubsziele\/andalo","url":"https:\/\/www.allinclusivehotels.it\/de\/urlaubsziele\/andalo","name":"Andalo - All Inclusive Hotels","isPartOf":{"@id":"https:\/\/www.allinclusivehotels.it\/de#website"},"datePublished":"2022-03-28T08:09:48+00:00","dateModified":"2022-07-01T09:15:38+00:00","breadcrumb":{"@id":"https:\/\/www.allinclusivehotels.it\/de\/urlaubsziele\/andalo#breadcrumb"},"inLanguage":"de","potentialAction":[{"@type":"ReadAction","target":["https:\/\/www.allinclusivehotels.it\/de\/urlaubsziele\/andalo"]}]},{"@type":"BreadcrumbList","@id":"https:\/\/www.allinclusivehotels.it\/de\/urlaubsziele\/andalo#breadcrumb","itemListElement":[{"@type":"ListItem","position":1,"name":"Home","item":"https:\/\/www.allinclusivehotels.it\/de"},{"@type":"ListItem","position":2,"name":"Urlaubsziele","item":"https:\/\/www.allinclusivehotels.it\/de\/urlaubsziele"},{"@type":"ListItem","position":3,"name":"Andalo"}]},{"@type":"WebSite","@id":"https:\/\/www.allinclusivehotels.it\/de#website","url":"https:\/\/www.allinclusivehotels.it\/de","name":"All Inclusive Hotels","description":"","publisher":{"@id":"https:\/\/www.allinclusivehotels.it\/de#organization"},"potentialAction":[{"@type":"SearchAction","target":{"@type":"EntryPoint","urlTemplate":"https:\/\/www.allinclusivehotels.it\/de?s={search_term_string}"},"query-input":{"@type":"PropertyValueSpecification","valueRequired":true,"valueName":"search_term_string"}}],"inLanguage":"de"},{"@type":"Organization","@id":"https:\/\/www.allinclusivehotels.it\/de#organization","name":"All Inclusive Hotels","url":"https:\/\/www.allinclusivehotels.it\/de","logo":{"@type":"ImageObject","inLanguage":"de","@id":"https:\/\/www.allinclusivehotels.it\/de#\/schema\/logo\/image\/","url":"","contentUrl":"","caption":"All Inclusive Hotels"},"image":{"@id":"https:\/\/www.allinclusivehotels.it\/de#\/schema\/logo\/image\/"}}]}},"_links":{"self":[{"href":"https:\/\/www.allinclusivehotels.it\/de\/wp-json\/wp\/v2\/pages\/16828","targetHints":{"allow":["GET"]}}],"collection":[{"href":"https:\/\/www.allinclusivehotels.it\/de\/wp-json\/wp\/v2\/pages"}],"about":[{"href":"https:\/\/www.allinclusivehotels.it\/de\/wp-json\/wp\/v2\/types\/page"}],"author":[{"embeddable":true,"href":"https:\/\/www.allinclusivehotels.it\/de\/wp-json\/wp\/v2\/users\/1"}],"replies":[{"embeddable":true,"href":"https:\/\/www.allinclusivehotels.it\/de\/wp-json\/wp\/v2\/comments?post=16828"}],"version-history":[{"count":4,"href":"https:\/\/www.allinclusivehotels.it\/de\/wp-json\/wp\/v2\/pages\/16828\/revisions"}],"predecessor-version":[{"id":21354,"href":"https:\/\/www.allinclusivehotels.it\/de\/wp-json\/wp\/v2\/pages\/16828\/revisions\/21354"}],"up":[{"embeddable":true,"href":"https:\/\/www.allinclusivehotels.it\/de\/wp-json\/wp\/v2\/pages\/16402"}],"wp:attachment":[{"href":"https:\/\/www.allinclusivehotels.it\/de\/wp-json\/wp\/v2\/media?parent=16828"}],"curies":[{"name":"wp","href":"https:\/\/api.w.org\/{rel}","templated":true}]}}