{"id":16818,"date":"2022-03-28T10:09:45","date_gmt":"2022-03-28T08:09:45","guid":{"rendered":"https:\/\/www.allinclusivehotels.it\/last-minute-angebote-italien"},"modified":"2022-07-01T11:03:57","modified_gmt":"2022-07-01T09:03:57","slug":"last-minute-angebote-italien","status":"publish","type":"page","link":"https:\/\/www.allinclusivehotels.it\/de\/last-minute-angebote-italien","title":{"rendered":"Last-Minute-Angebote Italien"},"content":{"rendered":"\n<p>Die <b>Last-Minute-Angebote all inclusive <\/b>sind Gelegenheiten f\u00fcr Kurzentschlossene, einen besonders preisg\u00fcnstigen Urlaub in Italien zu verbringen. Im Sommer und im Winter, auch zu besonders gefragten Zeiten wie August oder Jahreswechsel, immer besteht die M\u00f6glichkeit, f\u00fcr die gew\u00fcnschte Art von Urlaub ein passendes <b>All-Inclusive-Angebot <\/b>zu finden.<\/p>\n\n\n\n<!--more-->\n\n\n\n<p>Unsere <b>All-Inclusive-Angebote Meer<\/b>, beispielsweise sind Gelegenheiten, an einige der sch\u00f6nsten Badeorte Italiens zu fahren, oft mit Sonderrabatten f\u00fcr Familien, Gruppen oder Paare.<\/p>\n\n\n\n<p>Die <b>All-Inclusive-Urlaubspakete Italien<\/b> haben oft Sonderpreise f\u00fcr Urlauber \u00fcber 60, Rabatte f\u00fcr Kinder, sogar mit Gratis-Aufenthalt, und f\u00fcr Aktiv-Urlauber, die ihren Lieblingssport betreiben wollen.<\/p>\n\n\n\n<p><b>Last-Minute-Angebote all inclusive<\/b> gibt es auch f\u00fcr Bergurlaub, Exkursionen in Naturparks, Touren mit dem Fahrrad oder zu Pferde, und Rafting auf Fl\u00fcssen.<\/p>\n","protected":false},"excerpt":{"rendered":"<p>Die Last-Minute-Angebote all inclusive sind Gelegenheiten f\u00fcr Kurzentschlossene, einen besonders preisg\u00fcnstigen Urlaub in Italien zu &hellip;<\/p>\n","protected":false},"author":1,"featured_media":0,"parent":0,"menu_order":0,"comment_status":"closed","ping_status":"closed","template":"page-templates\/scheda_periodo.php","meta":{"_acf_changed":false,"footnotes":""},"class_list":["post-16818","page","type-page","status-publish","hentry"],"acf":[],"yoast_head":"<!-- This site is optimized with the Yoast SEO plugin v27.0 - https:\/\/yoast.com\/product\/yoast-seo-wordpress\/ -->\n<title>Last Minute All Inclusive in Italien | Hotels am Meer und in den Bergen<\/title>\n<meta name=\"description\" content=\"Suchen Sie Last Minute Angebote in Italien? Entdecken die besten All-Inclusive-Hotels nach Reiseziel, Zeitraum oder Art des Urlaubs\" \/>\n<meta name=\"robots\" content=\"index, follow, max-snippet:-1, max-image-preview:large, max-video-preview:-1\" \/>\n<link rel=\"canonical\" href=\"https:\/\/www.allinclusivehotels.it\/de\/last-minute-angebote-italien\" \/>\n<meta property=\"og:locale\" content=\"de_DE\" \/>\n<meta property=\"og:type\" content=\"article\" \/>\n<meta property=\"og:title\" content=\"Last Minute All Inclusive in Italien | Hotels am Meer und in den Bergen\" \/>\n<meta property=\"og:description\" content=\"Suchen Sie Last Minute Angebote in Italien? Entdecken die besten All-Inclusive-Hotels nach Reiseziel, Zeitraum oder Art des Urlaubs\" \/>\n<meta property=\"og:url\" content=\"https:\/\/www.allinclusivehotels.it\/de\/last-minute-angebote-italien\" \/>\n<meta property=\"og:site_name\" content=\"All Inclusive Hotels\" \/>\n<meta property=\"article:modified_time\" content=\"2022-07-01T09:03:57+00:00\" \/>\n<meta name=\"twitter:card\" content=\"summary_large_image\" \/>\n<meta name=\"twitter:label1\" content=\"Gesch\u00e4tzte Lesezeit\" \/>\n\t<meta name=\"twitter:data1\" content=\"1\u00a0Minute\" \/>\n<script type=\"application\/ld+json\" class=\"yoast-schema-graph\">{\"@context\":\"https:\/\/schema.org\",\"@graph\":[{\"@type\":\"WebPage\",\"@id\":\"https:\/\/www.allinclusivehotels.it\/de\/last-minute-angebote-italien\",\"url\":\"https:\/\/www.allinclusivehotels.it\/de\/last-minute-angebote-italien\",\"name\":\"Last Minute All Inclusive in Italien | Hotels am Meer und in den Bergen\",\"isPartOf\":{\"@id\":\"https:\/\/www.allinclusivehotels.it\/de#website\"},\"datePublished\":\"2022-03-28T08:09:45+00:00\",\"dateModified\":\"2022-07-01T09:03:57+00:00\",\"description\":\"Suchen Sie Last Minute Angebote in Italien? Entdecken die besten All-Inclusive-Hotels nach Reiseziel, Zeitraum oder Art des Urlaubs\",\"breadcrumb\":{\"@id\":\"https:\/\/www.allinclusivehotels.it\/de\/last-minute-angebote-italien#breadcrumb\"},\"inLanguage\":\"de\",\"potentialAction\":[{\"@type\":\"ReadAction\",\"target\":[\"https:\/\/www.allinclusivehotels.it\/de\/last-minute-angebote-italien\"]}]},{\"@type\":\"BreadcrumbList\",\"@id\":\"https:\/\/www.allinclusivehotels.it\/de\/last-minute-angebote-italien#breadcrumb\",\"itemListElement\":[{\"@type\":\"ListItem\",\"position\":1,\"name\":\"Home\",\"item\":\"https:\/\/www.allinclusivehotels.it\/de\"},{\"@type\":\"ListItem\",\"position\":2,\"name\":\"Last-Minute-Angebote Italien\"}]},{\"@type\":\"WebSite\",\"@id\":\"https:\/\/www.allinclusivehotels.it\/de#website\",\"url\":\"https:\/\/www.allinclusivehotels.it\/de\",\"name\":\"All Inclusive Hotels\",\"description\":\"\",\"publisher\":{\"@id\":\"https:\/\/www.allinclusivehotels.it\/de#organization\"},\"potentialAction\":[{\"@type\":\"SearchAction\",\"target\":{\"@type\":\"EntryPoint\",\"urlTemplate\":\"https:\/\/www.allinclusivehotels.it\/de?s={search_term_string}\"},\"query-input\":{\"@type\":\"PropertyValueSpecification\",\"valueRequired\":true,\"valueName\":\"search_term_string\"}}],\"inLanguage\":\"de\"},{\"@type\":\"Organization\",\"@id\":\"https:\/\/www.allinclusivehotels.it\/de#organization\",\"name\":\"All Inclusive Hotels\",\"url\":\"https:\/\/www.allinclusivehotels.it\/de\",\"logo\":{\"@type\":\"ImageObject\",\"inLanguage\":\"de\",\"@id\":\"https:\/\/www.allinclusivehotels.it\/de#\/schema\/logo\/image\/\",\"url\":\"\",\"contentUrl\":\"\",\"caption\":\"All Inclusive Hotels\"},\"image\":{\"@id\":\"https:\/\/www.allinclusivehotels.it\/de#\/schema\/logo\/image\/\"}}]}<\/script>\n<!-- \/ Yoast SEO plugin. -->","yoast_head_json":{"title":"Last Minute All Inclusive in Italien | Hotels am Meer und in den Bergen","description":"Suchen Sie Last Minute Angebote in Italien? Entdecken die besten All-Inclusive-Hotels nach Reiseziel, Zeitraum oder Art des Urlaubs","robots":{"index":"index","follow":"follow","max-snippet":"max-snippet:-1","max-image-preview":"max-image-preview:large","max-video-preview":"max-video-preview:-1"},"canonical":"https:\/\/www.allinclusivehotels.it\/de\/last-minute-angebote-italien","og_locale":"de_DE","og_type":"article","og_title":"Last Minute All Inclusive in Italien | Hotels am Meer und in den Bergen","og_description":"Suchen Sie Last Minute Angebote in Italien? Entdecken die besten All-Inclusive-Hotels nach Reiseziel, Zeitraum oder Art des Urlaubs","og_url":"https:\/\/www.allinclusivehotels.it\/de\/last-minute-angebote-italien","og_site_name":"All Inclusive Hotels","article_modified_time":"2022-07-01T09:03:57+00:00","twitter_card":"summary_large_image","twitter_misc":{"Gesch\u00e4tzte Lesezeit":"1\u00a0Minute"},"schema":{"@context":"https:\/\/schema.org","@graph":[{"@type":"WebPage","@id":"https:\/\/www.allinclusivehotels.it\/de\/last-minute-angebote-italien","url":"https:\/\/www.allinclusivehotels.it\/de\/last-minute-angebote-italien","name":"Last Minute All Inclusive in Italien | Hotels am Meer und in den Bergen","isPartOf":{"@id":"https:\/\/www.allinclusivehotels.it\/de#website"},"datePublished":"2022-03-28T08:09:45+00:00","dateModified":"2022-07-01T09:03:57+00:00","description":"Suchen Sie Last Minute Angebote in Italien? Entdecken die besten All-Inclusive-Hotels nach Reiseziel, Zeitraum oder Art des Urlaubs","breadcrumb":{"@id":"https:\/\/www.allinclusivehotels.it\/de\/last-minute-angebote-italien#breadcrumb"},"inLanguage":"de","potentialAction":[{"@type":"ReadAction","target":["https:\/\/www.allinclusivehotels.it\/de\/last-minute-angebote-italien"]}]},{"@type":"BreadcrumbList","@id":"https:\/\/www.allinclusivehotels.it\/de\/last-minute-angebote-italien#breadcrumb","itemListElement":[{"@type":"ListItem","position":1,"name":"Home","item":"https:\/\/www.allinclusivehotels.it\/de"},{"@type":"ListItem","position":2,"name":"Last-Minute-Angebote Italien"}]},{"@type":"WebSite","@id":"https:\/\/www.allinclusivehotels.it\/de#website","url":"https:\/\/www.allinclusivehotels.it\/de","name":"All Inclusive Hotels","description":"","publisher":{"@id":"https:\/\/www.allinclusivehotels.it\/de#organization"},"potentialAction":[{"@type":"SearchAction","target":{"@type":"EntryPoint","urlTemplate":"https:\/\/www.allinclusivehotels.it\/de?s={search_term_string}"},"query-input":{"@type":"PropertyValueSpecification","valueRequired":true,"valueName":"search_term_string"}}],"inLanguage":"de"},{"@type":"Organization","@id":"https:\/\/www.allinclusivehotels.it\/de#organization","name":"All Inclusive Hotels","url":"https:\/\/www.allinclusivehotels.it\/de","logo":{"@type":"ImageObject","inLanguage":"de","@id":"https:\/\/www.allinclusivehotels.it\/de#\/schema\/logo\/image\/","url":"","contentUrl":"","caption":"All Inclusive Hotels"},"image":{"@id":"https:\/\/www.allinclusivehotels.it\/de#\/schema\/logo\/image\/"}}]}},"_links":{"self":[{"href":"https:\/\/www.allinclusivehotels.it\/de\/wp-json\/wp\/v2\/pages\/16818","targetHints":{"allow":["GET"]}}],"collection":[{"href":"https:\/\/www.allinclusivehotels.it\/de\/wp-json\/wp\/v2\/pages"}],"about":[{"href":"https:\/\/www.allinclusivehotels.it\/de\/wp-json\/wp\/v2\/types\/page"}],"author":[{"embeddable":true,"href":"https:\/\/www.allinclusivehotels.it\/de\/wp-json\/wp\/v2\/users\/1"}],"replies":[{"embeddable":true,"href":"https:\/\/www.allinclusivehotels.it\/de\/wp-json\/wp\/v2\/comments?post=16818"}],"version-history":[{"count":6,"href":"https:\/\/www.allinclusivehotels.it\/de\/wp-json\/wp\/v2\/pages\/16818\/revisions"}],"predecessor-version":[{"id":21341,"href":"https:\/\/www.allinclusivehotels.it\/de\/wp-json\/wp\/v2\/pages\/16818\/revisions\/21341"}],"wp:attachment":[{"href":"https:\/\/www.allinclusivehotels.it\/de\/wp-json\/wp\/v2\/media?parent=16818"}],"curies":[{"name":"wp","href":"https:\/\/api.w.org\/{rel}","templated":true}]}}