{"id":16812,"date":"2022-03-28T10:09:42","date_gmt":"2022-03-28T08:09:42","guid":{"rendered":"https:\/\/www.allinclusivehotels.it\/hotels\/imperial-family-beach-hotel"},"modified":"2025-06-23T15:39:53","modified_gmt":"2025-06-23T13:39:53","slug":"una-hotels-imperial-beach-hotel-fano","status":"publish","type":"page","link":"https:\/\/www.allinclusivehotels.it\/de\/hotels\/una-hotels-imperial-beach-hotel-fano","title":{"rendered":"UNA HOTELS Imperial Beach Hotel Fano"},"content":{"rendered":"\n<p>Im <b>UNA HOTELS Imperial Beach Hotel Fano in Marott<\/b><strong>a<\/strong> bietet die Familie Colomboni ihren G\u00e4sten ein &#8220;Zuhause&#8221; am Meer, seit 1971. <b>Hochwertige Ausstattung<\/b>, <b>professioneller Service <\/b>und die jedem entgegenkommende <b>f\u00fcrsorgliche Gastfreundlichkeit<\/b> sind daf\u00fcr die Grundlagen.<\/p>\n\n\n\n<!--more-->\n\n\n\n<p>Am <b>Privatstrand <\/b>haben Sie Ihren <b>Sonnenschirm und 2 Liegen<\/b>, mit Abstand zu den anderen, eine einladende Bar und viel Spa\u00df mit der <b>Animation<\/b>, welche sich, zusammen mit einem <b>Maskottchen<\/b>, in erster Linie <b>um die kleinen G\u00e4ste k\u00fcmmert<\/b>. F\u00fcr diese gibt es auch praktische Ausr\u00fcstung im Zimmer und Saal, Brei, Kindermen\u00fcs, Mahlzeiten mit dem Animationsteam, und Spielzonen drinnen und drau\u00dfen.<\/p>\n\n\n\n<p>Entspannung und Vergn\u00fcgen finden Sie auch im  <b>Schwimmbad mit Massaged\u00fcsen<\/b>, umgeben von 4.000 m\u00b2 Parkgel\u00e4nde.<\/p>\n\n\n\n<p>Und Sie k\u00f6nnen sich auf <b>t\u00e4gliche<\/b> <b>wein-gastronomische Gen\u00fcsse <\/b>freuen, mit feinen regionalen Gerichten auf der Basis <b>lokaler Produkte<\/b> und <b>hausgemachten Konditorwaren.<\/b><\/p>\n","protected":false},"excerpt":{"rendered":"<p>Im UNA HOTELS Imperial Beach Hotel Fano in Marotta bietet die Familie Colomboni ihren G\u00e4sten &hellip;<\/p>\n","protected":false},"author":1,"featured_media":0,"parent":16476,"menu_order":0,"comment_status":"closed","ping_status":"closed","template":"page-templates\/scheda_hotel.php","meta":{"_acf_changed":false,"footnotes":""},"class_list":["post-16812","page","type-page","status-publish","hentry"],"acf":[],"yoast_head":"<!-- This site is optimized with the Yoast SEO plugin v27.0 - https:\/\/yoast.com\/product\/yoast-seo-wordpress\/ -->\n<title>UNA HOTELS Imperial Beach Hotel Fano - All Inclusive Hotels<\/title>\n<meta name=\"robots\" content=\"index, follow, max-snippet:-1, max-image-preview:large, max-video-preview:-1\" \/>\n<link rel=\"canonical\" href=\"https:\/\/www.allinclusivehotels.it\/de\/hotels\/una-hotels-imperial-beach-hotel-fano\" \/>\n<meta property=\"og:locale\" content=\"de_DE\" \/>\n<meta property=\"og:type\" content=\"article\" \/>\n<meta property=\"og:title\" content=\"UNA HOTELS Imperial Beach Hotel Fano - All Inclusive Hotels\" \/>\n<meta property=\"og:description\" content=\"Im UNA HOTELS Imperial Beach Hotel Fano in Marotta bietet die Familie Colomboni ihren G\u00e4sten &hellip;\" \/>\n<meta property=\"og:url\" content=\"https:\/\/www.allinclusivehotels.it\/de\/hotels\/una-hotels-imperial-beach-hotel-fano\" \/>\n<meta property=\"og:site_name\" content=\"All Inclusive Hotels\" \/>\n<meta property=\"article:modified_time\" content=\"2025-06-23T13:39:53+00:00\" \/>\n<meta name=\"twitter:card\" content=\"summary_large_image\" \/>\n<meta name=\"twitter:label1\" content=\"Gesch\u00e4tzte Lesezeit\" \/>\n\t<meta name=\"twitter:data1\" content=\"1\u00a0Minute\" \/>\n<script type=\"application\/ld+json\" class=\"yoast-schema-graph\">{\"@context\":\"https:\/\/schema.org\",\"@graph\":[{\"@type\":\"WebPage\",\"@id\":\"https:\/\/www.allinclusivehotels.it\/de\/hotels\/una-hotels-imperial-beach-hotel-fano\",\"url\":\"https:\/\/www.allinclusivehotels.it\/de\/hotels\/una-hotels-imperial-beach-hotel-fano\",\"name\":\"UNA HOTELS Imperial Beach Hotel Fano - All Inclusive Hotels\",\"isPartOf\":{\"@id\":\"https:\/\/www.allinclusivehotels.it\/de#website\"},\"datePublished\":\"2022-03-28T08:09:42+00:00\",\"dateModified\":\"2025-06-23T13:39:53+00:00\",\"breadcrumb\":{\"@id\":\"https:\/\/www.allinclusivehotels.it\/de\/hotels\/una-hotels-imperial-beach-hotel-fano#breadcrumb\"},\"inLanguage\":\"de\",\"potentialAction\":[{\"@type\":\"ReadAction\",\"target\":[\"https:\/\/www.allinclusivehotels.it\/de\/hotels\/una-hotels-imperial-beach-hotel-fano\"]}]},{\"@type\":\"BreadcrumbList\",\"@id\":\"https:\/\/www.allinclusivehotels.it\/de\/hotels\/una-hotels-imperial-beach-hotel-fano#breadcrumb\",\"itemListElement\":[{\"@type\":\"ListItem\",\"position\":1,\"name\":\"Home\",\"item\":\"https:\/\/www.allinclusivehotels.it\/de\"},{\"@type\":\"ListItem\",\"position\":2,\"name\":\"Hotels\",\"item\":\"https:\/\/www.allinclusivehotels.it\/de\/hotels\"},{\"@type\":\"ListItem\",\"position\":3,\"name\":\"UNA HOTELS Imperial Beach Hotel Fano\"}]},{\"@type\":\"WebSite\",\"@id\":\"https:\/\/www.allinclusivehotels.it\/de#website\",\"url\":\"https:\/\/www.allinclusivehotels.it\/de\",\"name\":\"All Inclusive Hotels\",\"description\":\"\",\"publisher\":{\"@id\":\"https:\/\/www.allinclusivehotels.it\/de#organization\"},\"potentialAction\":[{\"@type\":\"SearchAction\",\"target\":{\"@type\":\"EntryPoint\",\"urlTemplate\":\"https:\/\/www.allinclusivehotels.it\/de?s={search_term_string}\"},\"query-input\":{\"@type\":\"PropertyValueSpecification\",\"valueRequired\":true,\"valueName\":\"search_term_string\"}}],\"inLanguage\":\"de\"},{\"@type\":\"Organization\",\"@id\":\"https:\/\/www.allinclusivehotels.it\/de#organization\",\"name\":\"All Inclusive Hotels\",\"url\":\"https:\/\/www.allinclusivehotels.it\/de\",\"logo\":{\"@type\":\"ImageObject\",\"inLanguage\":\"de\",\"@id\":\"https:\/\/www.allinclusivehotels.it\/de#\/schema\/logo\/image\/\",\"url\":\"\",\"contentUrl\":\"\",\"caption\":\"All Inclusive Hotels\"},\"image\":{\"@id\":\"https:\/\/www.allinclusivehotels.it\/de#\/schema\/logo\/image\/\"}}]}<\/script>\n<!-- \/ Yoast SEO plugin. -->","yoast_head_json":{"title":"UNA HOTELS Imperial Beach Hotel Fano - All Inclusive Hotels","robots":{"index":"index","follow":"follow","max-snippet":"max-snippet:-1","max-image-preview":"max-image-preview:large","max-video-preview":"max-video-preview:-1"},"canonical":"https:\/\/www.allinclusivehotels.it\/de\/hotels\/una-hotels-imperial-beach-hotel-fano","og_locale":"de_DE","og_type":"article","og_title":"UNA HOTELS Imperial Beach Hotel Fano - All Inclusive Hotels","og_description":"Im UNA HOTELS Imperial Beach Hotel Fano in Marotta bietet die Familie Colomboni ihren G\u00e4sten &hellip;","og_url":"https:\/\/www.allinclusivehotels.it\/de\/hotels\/una-hotels-imperial-beach-hotel-fano","og_site_name":"All Inclusive Hotels","article_modified_time":"2025-06-23T13:39:53+00:00","twitter_card":"summary_large_image","twitter_misc":{"Gesch\u00e4tzte Lesezeit":"1\u00a0Minute"},"schema":{"@context":"https:\/\/schema.org","@graph":[{"@type":"WebPage","@id":"https:\/\/www.allinclusivehotels.it\/de\/hotels\/una-hotels-imperial-beach-hotel-fano","url":"https:\/\/www.allinclusivehotels.it\/de\/hotels\/una-hotels-imperial-beach-hotel-fano","name":"UNA HOTELS Imperial Beach Hotel Fano - All Inclusive Hotels","isPartOf":{"@id":"https:\/\/www.allinclusivehotels.it\/de#website"},"datePublished":"2022-03-28T08:09:42+00:00","dateModified":"2025-06-23T13:39:53+00:00","breadcrumb":{"@id":"https:\/\/www.allinclusivehotels.it\/de\/hotels\/una-hotels-imperial-beach-hotel-fano#breadcrumb"},"inLanguage":"de","potentialAction":[{"@type":"ReadAction","target":["https:\/\/www.allinclusivehotels.it\/de\/hotels\/una-hotels-imperial-beach-hotel-fano"]}]},{"@type":"BreadcrumbList","@id":"https:\/\/www.allinclusivehotels.it\/de\/hotels\/una-hotels-imperial-beach-hotel-fano#breadcrumb","itemListElement":[{"@type":"ListItem","position":1,"name":"Home","item":"https:\/\/www.allinclusivehotels.it\/de"},{"@type":"ListItem","position":2,"name":"Hotels","item":"https:\/\/www.allinclusivehotels.it\/de\/hotels"},{"@type":"ListItem","position":3,"name":"UNA HOTELS Imperial Beach Hotel Fano"}]},{"@type":"WebSite","@id":"https:\/\/www.allinclusivehotels.it\/de#website","url":"https:\/\/www.allinclusivehotels.it\/de","name":"All Inclusive Hotels","description":"","publisher":{"@id":"https:\/\/www.allinclusivehotels.it\/de#organization"},"potentialAction":[{"@type":"SearchAction","target":{"@type":"EntryPoint","urlTemplate":"https:\/\/www.allinclusivehotels.it\/de?s={search_term_string}"},"query-input":{"@type":"PropertyValueSpecification","valueRequired":true,"valueName":"search_term_string"}}],"inLanguage":"de"},{"@type":"Organization","@id":"https:\/\/www.allinclusivehotels.it\/de#organization","name":"All Inclusive Hotels","url":"https:\/\/www.allinclusivehotels.it\/de","logo":{"@type":"ImageObject","inLanguage":"de","@id":"https:\/\/www.allinclusivehotels.it\/de#\/schema\/logo\/image\/","url":"","contentUrl":"","caption":"All Inclusive Hotels"},"image":{"@id":"https:\/\/www.allinclusivehotels.it\/de#\/schema\/logo\/image\/"}}]}},"_links":{"self":[{"href":"https:\/\/www.allinclusivehotels.it\/de\/wp-json\/wp\/v2\/pages\/16812","targetHints":{"allow":["GET"]}}],"collection":[{"href":"https:\/\/www.allinclusivehotels.it\/de\/wp-json\/wp\/v2\/pages"}],"about":[{"href":"https:\/\/www.allinclusivehotels.it\/de\/wp-json\/wp\/v2\/types\/page"}],"author":[{"embeddable":true,"href":"https:\/\/www.allinclusivehotels.it\/de\/wp-json\/wp\/v2\/users\/1"}],"replies":[{"embeddable":true,"href":"https:\/\/www.allinclusivehotels.it\/de\/wp-json\/wp\/v2\/comments?post=16812"}],"version-history":[{"count":10,"href":"https:\/\/www.allinclusivehotels.it\/de\/wp-json\/wp\/v2\/pages\/16812\/revisions"}],"predecessor-version":[{"id":46234,"href":"https:\/\/www.allinclusivehotels.it\/de\/wp-json\/wp\/v2\/pages\/16812\/revisions\/46234"}],"up":[{"embeddable":true,"href":"https:\/\/www.allinclusivehotels.it\/de\/wp-json\/wp\/v2\/pages\/16476"}],"wp:attachment":[{"href":"https:\/\/www.allinclusivehotels.it\/de\/wp-json\/wp\/v2\/media?parent=16812"}],"curies":[{"name":"wp","href":"https:\/\/api.w.org\/{rel}","templated":true}]}}