{"id":16802,"date":"2022-03-28T10:09:36","date_gmt":"2022-03-28T08:09:36","guid":{"rendered":"https:\/\/www.allinclusivehotels.it\/hotels\/hotel-astoria"},"modified":"2022-06-30T16:18:20","modified_gmt":"2022-06-30T14:18:20","slug":"hotel-astoria","status":"publish","type":"page","link":"https:\/\/www.allinclusivehotels.it\/de\/hotels\/hotel-astoria","title":{"rendered":"Hotel Astoria"},"content":{"rendered":"\n<p>Das <b>Hotel Astoria in Cattolica<\/b> liegt direkt an seinem <b>Partner-Strandbad<\/b>, ohne Stra\u00dfe dazwischen. F\u00fcr Entspannung und Vergn\u00fcgen stehen Ihnen und Ihren Kindern dort <b>ein Sonnenschirm und zwei Liegen, zwei beheizte Schwimmb\u00e4der<\/b> mit Unterwassermassage, <b>Spielzonen<\/b> und <b>Animation<\/b> zur Verf\u00fcgung. Wenn Sie am Strand auch zu Mittag essen wollen, bekommen Sie von unserer K\u00fcche ein leckeres <b>Lunchpaket.<\/b><\/p>\n\n\n\n<!--more-->\n\n\n\n<p>Das Hotel hat eine <b>sch\u00f6ne Terrasse mit Meerblick, wo das Fr\u00fchst\u00fcck serviert wird<\/b>, und einen <b>Garten<\/b>. F\u00fcr die <b>kleinen G\u00e4ste <\/b>gibt es <b>Unterhaltung w\u00e4hrend des Mittag- und des Abendessens<\/b>, eine Ecke mit Babynahrung, Kinderwagen und Ausr\u00fcstung im Zimmer.<\/p>\n\n\n\n<p><b>Fr\u00fchst\u00fccksbuffet von 7:30 bis 10:00 Uhr <\/b>mit hausgemachtem S\u00fc\u00dfgeb\u00e4ck, Aufschnitt, Eiern, knusprigen Br\u00f6tchen und &#8220;leichten&#8221; Speisen f\u00fcr Linienbewusste. Mittags und abends  k\u00f6stliche und gesunde <b>mediterrane K\u00fcche<\/b>: leckere Vorspeisen, 3 Men\u00fcs auf Fleisch- und Fischbasis zur Wahl und Konditorwaren zum Abschluss. Jede Woche typisch romagnolischer Schlemmerabend und  Fisch-Barbecue im Garten. Die Lage des <b>Hotels Astoria<\/b> gleich an der Fu\u00dfg\u00e4ngerzone ist ideal f\u00fcr abendliche Spazierg\u00e4nge und gleichzeitig<b> sehr ruhig.<\/b><\/p>\n","protected":false},"excerpt":{"rendered":"<p>Das Hotel Astoria in Cattolica liegt direkt an seinem Partner-Strandbad, ohne Stra\u00dfe dazwischen. F\u00fcr Entspannung &hellip;<\/p>\n","protected":false},"author":1,"featured_media":0,"parent":16476,"menu_order":0,"comment_status":"closed","ping_status":"closed","template":"page-templates\/scheda_hotel.php","meta":{"_acf_changed":false,"footnotes":""},"class_list":["post-16802","page","type-page","status-publish","hentry"],"acf":[],"yoast_head":"<!-- This site is optimized with the Yoast SEO plugin v27.0 - https:\/\/yoast.com\/product\/yoast-seo-wordpress\/ -->\n<title>Hotel Astoria - All Inclusive Hotels<\/title>\n<meta name=\"robots\" content=\"index, follow, max-snippet:-1, max-image-preview:large, max-video-preview:-1\" \/>\n<link rel=\"canonical\" href=\"https:\/\/www.allinclusivehotels.it\/de\/hotels\/hotel-astoria\" \/>\n<meta property=\"og:locale\" content=\"de_DE\" \/>\n<meta property=\"og:type\" content=\"article\" \/>\n<meta property=\"og:title\" content=\"Hotel Astoria - All Inclusive Hotels\" \/>\n<meta property=\"og:description\" content=\"Das Hotel Astoria in Cattolica liegt direkt an seinem Partner-Strandbad, ohne Stra\u00dfe dazwischen. F\u00fcr Entspannung &hellip;\" \/>\n<meta property=\"og:url\" content=\"https:\/\/www.allinclusivehotels.it\/de\/hotels\/hotel-astoria\" \/>\n<meta property=\"og:site_name\" content=\"All Inclusive Hotels\" \/>\n<meta property=\"article:modified_time\" content=\"2022-06-30T14:18:20+00:00\" \/>\n<meta name=\"twitter:card\" content=\"summary_large_image\" \/>\n<meta name=\"twitter:label1\" content=\"Gesch\u00e4tzte Lesezeit\" \/>\n\t<meta name=\"twitter:data1\" content=\"1\u00a0Minute\" \/>\n<script type=\"application\/ld+json\" class=\"yoast-schema-graph\">{\"@context\":\"https:\/\/schema.org\",\"@graph\":[{\"@type\":\"WebPage\",\"@id\":\"https:\/\/www.allinclusivehotels.it\/de\/hotels\/hotel-astoria\",\"url\":\"https:\/\/www.allinclusivehotels.it\/de\/hotels\/hotel-astoria\",\"name\":\"Hotel Astoria - All Inclusive Hotels\",\"isPartOf\":{\"@id\":\"https:\/\/www.allinclusivehotels.it\/de#website\"},\"datePublished\":\"2022-03-28T08:09:36+00:00\",\"dateModified\":\"2022-06-30T14:18:20+00:00\",\"breadcrumb\":{\"@id\":\"https:\/\/www.allinclusivehotels.it\/de\/hotels\/hotel-astoria#breadcrumb\"},\"inLanguage\":\"de\",\"potentialAction\":[{\"@type\":\"ReadAction\",\"target\":[\"https:\/\/www.allinclusivehotels.it\/de\/hotels\/hotel-astoria\"]}]},{\"@type\":\"BreadcrumbList\",\"@id\":\"https:\/\/www.allinclusivehotels.it\/de\/hotels\/hotel-astoria#breadcrumb\",\"itemListElement\":[{\"@type\":\"ListItem\",\"position\":1,\"name\":\"Home\",\"item\":\"https:\/\/www.allinclusivehotels.it\/de\"},{\"@type\":\"ListItem\",\"position\":2,\"name\":\"Hotels\",\"item\":\"https:\/\/www.allinclusivehotels.it\/de\/hotels\"},{\"@type\":\"ListItem\",\"position\":3,\"name\":\"Hotel Astoria\"}]},{\"@type\":\"WebSite\",\"@id\":\"https:\/\/www.allinclusivehotels.it\/de#website\",\"url\":\"https:\/\/www.allinclusivehotels.it\/de\",\"name\":\"All Inclusive Hotels\",\"description\":\"\",\"publisher\":{\"@id\":\"https:\/\/www.allinclusivehotels.it\/de#organization\"},\"potentialAction\":[{\"@type\":\"SearchAction\",\"target\":{\"@type\":\"EntryPoint\",\"urlTemplate\":\"https:\/\/www.allinclusivehotels.it\/de?s={search_term_string}\"},\"query-input\":{\"@type\":\"PropertyValueSpecification\",\"valueRequired\":true,\"valueName\":\"search_term_string\"}}],\"inLanguage\":\"de\"},{\"@type\":\"Organization\",\"@id\":\"https:\/\/www.allinclusivehotels.it\/de#organization\",\"name\":\"All Inclusive Hotels\",\"url\":\"https:\/\/www.allinclusivehotels.it\/de\",\"logo\":{\"@type\":\"ImageObject\",\"inLanguage\":\"de\",\"@id\":\"https:\/\/www.allinclusivehotels.it\/de#\/schema\/logo\/image\/\",\"url\":\"\",\"contentUrl\":\"\",\"caption\":\"All Inclusive Hotels\"},\"image\":{\"@id\":\"https:\/\/www.allinclusivehotels.it\/de#\/schema\/logo\/image\/\"}}]}<\/script>\n<!-- \/ Yoast SEO plugin. -->","yoast_head_json":{"title":"Hotel Astoria - All Inclusive Hotels","robots":{"index":"index","follow":"follow","max-snippet":"max-snippet:-1","max-image-preview":"max-image-preview:large","max-video-preview":"max-video-preview:-1"},"canonical":"https:\/\/www.allinclusivehotels.it\/de\/hotels\/hotel-astoria","og_locale":"de_DE","og_type":"article","og_title":"Hotel Astoria - All Inclusive Hotels","og_description":"Das Hotel Astoria in Cattolica liegt direkt an seinem Partner-Strandbad, ohne Stra\u00dfe dazwischen. F\u00fcr Entspannung &hellip;","og_url":"https:\/\/www.allinclusivehotels.it\/de\/hotels\/hotel-astoria","og_site_name":"All Inclusive Hotels","article_modified_time":"2022-06-30T14:18:20+00:00","twitter_card":"summary_large_image","twitter_misc":{"Gesch\u00e4tzte Lesezeit":"1\u00a0Minute"},"schema":{"@context":"https:\/\/schema.org","@graph":[{"@type":"WebPage","@id":"https:\/\/www.allinclusivehotels.it\/de\/hotels\/hotel-astoria","url":"https:\/\/www.allinclusivehotels.it\/de\/hotels\/hotel-astoria","name":"Hotel Astoria - All Inclusive Hotels","isPartOf":{"@id":"https:\/\/www.allinclusivehotels.it\/de#website"},"datePublished":"2022-03-28T08:09:36+00:00","dateModified":"2022-06-30T14:18:20+00:00","breadcrumb":{"@id":"https:\/\/www.allinclusivehotels.it\/de\/hotels\/hotel-astoria#breadcrumb"},"inLanguage":"de","potentialAction":[{"@type":"ReadAction","target":["https:\/\/www.allinclusivehotels.it\/de\/hotels\/hotel-astoria"]}]},{"@type":"BreadcrumbList","@id":"https:\/\/www.allinclusivehotels.it\/de\/hotels\/hotel-astoria#breadcrumb","itemListElement":[{"@type":"ListItem","position":1,"name":"Home","item":"https:\/\/www.allinclusivehotels.it\/de"},{"@type":"ListItem","position":2,"name":"Hotels","item":"https:\/\/www.allinclusivehotels.it\/de\/hotels"},{"@type":"ListItem","position":3,"name":"Hotel Astoria"}]},{"@type":"WebSite","@id":"https:\/\/www.allinclusivehotels.it\/de#website","url":"https:\/\/www.allinclusivehotels.it\/de","name":"All Inclusive Hotels","description":"","publisher":{"@id":"https:\/\/www.allinclusivehotels.it\/de#organization"},"potentialAction":[{"@type":"SearchAction","target":{"@type":"EntryPoint","urlTemplate":"https:\/\/www.allinclusivehotels.it\/de?s={search_term_string}"},"query-input":{"@type":"PropertyValueSpecification","valueRequired":true,"valueName":"search_term_string"}}],"inLanguage":"de"},{"@type":"Organization","@id":"https:\/\/www.allinclusivehotels.it\/de#organization","name":"All Inclusive Hotels","url":"https:\/\/www.allinclusivehotels.it\/de","logo":{"@type":"ImageObject","inLanguage":"de","@id":"https:\/\/www.allinclusivehotels.it\/de#\/schema\/logo\/image\/","url":"","contentUrl":"","caption":"All Inclusive Hotels"},"image":{"@id":"https:\/\/www.allinclusivehotels.it\/de#\/schema\/logo\/image\/"}}]}},"_links":{"self":[{"href":"https:\/\/www.allinclusivehotels.it\/de\/wp-json\/wp\/v2\/pages\/16802","targetHints":{"allow":["GET"]}}],"collection":[{"href":"https:\/\/www.allinclusivehotels.it\/de\/wp-json\/wp\/v2\/pages"}],"about":[{"href":"https:\/\/www.allinclusivehotels.it\/de\/wp-json\/wp\/v2\/types\/page"}],"author":[{"embeddable":true,"href":"https:\/\/www.allinclusivehotels.it\/de\/wp-json\/wp\/v2\/users\/1"}],"replies":[{"embeddable":true,"href":"https:\/\/www.allinclusivehotels.it\/de\/wp-json\/wp\/v2\/comments?post=16802"}],"version-history":[{"count":4,"href":"https:\/\/www.allinclusivehotels.it\/de\/wp-json\/wp\/v2\/pages\/16802\/revisions"}],"predecessor-version":[{"id":21262,"href":"https:\/\/www.allinclusivehotels.it\/de\/wp-json\/wp\/v2\/pages\/16802\/revisions\/21262"}],"up":[{"embeddable":true,"href":"https:\/\/www.allinclusivehotels.it\/de\/wp-json\/wp\/v2\/pages\/16476"}],"wp:attachment":[{"href":"https:\/\/www.allinclusivehotels.it\/de\/wp-json\/wp\/v2\/media?parent=16802"}],"curies":[{"name":"wp","href":"https:\/\/api.w.org\/{rel}","templated":true}]}}