{"id":16773,"date":"2022-03-28T10:09:25","date_gmt":"2022-03-28T08:09:25","guid":{"rendered":"https:\/\/www.allinclusivehotels.it\/hotels\/hotel-bisanzio"},"modified":"2022-07-01T09:17:17","modified_gmt":"2022-07-01T07:17:17","slug":"hotel-bisanzio","status":"publish","type":"page","link":"https:\/\/www.allinclusivehotels.it\/de\/hotels\/hotel-bisanzio","title":{"rendered":"Hotel Bisanzio"},"content":{"rendered":"\n<p>Das <b>gem\u00fctliche, famili\u00e4re Hotel <\/b>liegt <b>direkt am Strand<\/b>; keine Stra\u00dfe ist dazwischen. Wir befinden uns <b>im Herzen von Cesenatico<\/b>, wenige Meter von der Shopping-Zone und vom historischen Hafenkanal. Lassen Sie das Auto auf unserem Parkplatz und beginnen Sie mit dem Urlaub! Am Strand sind <b>ein Sonnenschirm und 2 Liegen reserviert<\/b>, und ein <b>Schwimmbad<\/b> haben wir auch. Um das Vergn\u00fcgen der Kleinen k\u00fcmmert sich ein <b>Animationsteam<\/b>, auch w\u00e4hrend der Mahlzeiten; Sie haben mehr Ruhe, die <b>Spezialit\u00e4ten<\/b> unseres K\u00fcchenchefs zu genie\u00dfen. T\u00e4glich um 16:00 Uhr gibt es einen <b>Imbiss<\/b>, denn am Meer braucht man Energie.<\/p>\n\n\n\n<!--more-->\n\n\n\n<p>Die Romagna ist f\u00fcr ihre gute K\u00fcche bekannt, wir m\u00f6chten Ihnen zeigen, dass dieser Ruhm begr\u00fcndet ist! Sie haben stets <b>mehrere feine Fleisch- und Fischgerichte zur Auswahl,<\/b> mittags und abends. Ein besonderer Abend ist der<b> Verkostung typischer regionaler Produkte gewidmet.<\/b><\/p>\n\n\n\n<p>F\u00fcr Ihre Kinder haben wir spezielle Men\u00fcs und bereiten p\u00fcriertes Gem\u00fcse,  kleine Nudeln und Br\u00fche zu. Wir bieten auch <b>glutenfreie, vegetarische und vegane Gerichte. <\/b>Die Zimmer sind ger\u00e4umig und hell, einige liegen frontal zum Meer, andere seitlich, aber alle haben einen Balkon, von dem man sie Adria sieht.<\/p>\n\n\n\n<p>Kleine <b>Haustiere<\/b> sind in unserem Hotel willkommen.<\/p>\n","protected":false},"excerpt":{"rendered":"<p>Das gem\u00fctliche, famili\u00e4re Hotel liegt direkt am Strand; keine Stra\u00dfe ist dazwischen. Wir befinden uns &hellip;<\/p>\n","protected":false},"author":1,"featured_media":0,"parent":16476,"menu_order":0,"comment_status":"closed","ping_status":"closed","template":"page-templates\/scheda_hotel.php","meta":{"_acf_changed":false,"footnotes":""},"class_list":["post-16773","page","type-page","status-publish","hentry"],"acf":[],"yoast_head":"<!-- This site is optimized with the Yoast SEO plugin v27.0 - https:\/\/yoast.com\/product\/yoast-seo-wordpress\/ -->\n<title>Hotel Bisanzio - All Inclusive Hotels<\/title>\n<meta name=\"robots\" content=\"index, follow, max-snippet:-1, max-image-preview:large, max-video-preview:-1\" \/>\n<link rel=\"canonical\" href=\"https:\/\/www.allinclusivehotels.it\/de\/hotels\/hotel-bisanzio\" \/>\n<meta property=\"og:locale\" content=\"de_DE\" \/>\n<meta property=\"og:type\" content=\"article\" \/>\n<meta property=\"og:title\" content=\"Hotel Bisanzio - All Inclusive Hotels\" \/>\n<meta property=\"og:description\" content=\"Das gem\u00fctliche, famili\u00e4re Hotel liegt direkt am Strand; keine Stra\u00dfe ist dazwischen. Wir befinden uns &hellip;\" \/>\n<meta property=\"og:url\" content=\"https:\/\/www.allinclusivehotels.it\/de\/hotels\/hotel-bisanzio\" \/>\n<meta property=\"og:site_name\" content=\"All Inclusive Hotels\" \/>\n<meta property=\"article:modified_time\" content=\"2022-07-01T07:17:17+00:00\" \/>\n<meta name=\"twitter:card\" content=\"summary_large_image\" \/>\n<meta name=\"twitter:label1\" content=\"Gesch\u00e4tzte Lesezeit\" \/>\n\t<meta name=\"twitter:data1\" content=\"1\u00a0Minute\" \/>\n<script type=\"application\/ld+json\" class=\"yoast-schema-graph\">{\"@context\":\"https:\/\/schema.org\",\"@graph\":[{\"@type\":\"WebPage\",\"@id\":\"https:\/\/www.allinclusivehotels.it\/de\/hotels\/hotel-bisanzio\",\"url\":\"https:\/\/www.allinclusivehotels.it\/de\/hotels\/hotel-bisanzio\",\"name\":\"Hotel Bisanzio - All Inclusive Hotels\",\"isPartOf\":{\"@id\":\"https:\/\/www.allinclusivehotels.it\/de#website\"},\"datePublished\":\"2022-03-28T08:09:25+00:00\",\"dateModified\":\"2022-07-01T07:17:17+00:00\",\"breadcrumb\":{\"@id\":\"https:\/\/www.allinclusivehotels.it\/de\/hotels\/hotel-bisanzio#breadcrumb\"},\"inLanguage\":\"de\",\"potentialAction\":[{\"@type\":\"ReadAction\",\"target\":[\"https:\/\/www.allinclusivehotels.it\/de\/hotels\/hotel-bisanzio\"]}]},{\"@type\":\"BreadcrumbList\",\"@id\":\"https:\/\/www.allinclusivehotels.it\/de\/hotels\/hotel-bisanzio#breadcrumb\",\"itemListElement\":[{\"@type\":\"ListItem\",\"position\":1,\"name\":\"Home\",\"item\":\"https:\/\/www.allinclusivehotels.it\/de\"},{\"@type\":\"ListItem\",\"position\":2,\"name\":\"Hotels\",\"item\":\"https:\/\/www.allinclusivehotels.it\/de\/hotels\"},{\"@type\":\"ListItem\",\"position\":3,\"name\":\"Hotel Bisanzio\"}]},{\"@type\":\"WebSite\",\"@id\":\"https:\/\/www.allinclusivehotels.it\/de#website\",\"url\":\"https:\/\/www.allinclusivehotels.it\/de\",\"name\":\"All Inclusive Hotels\",\"description\":\"\",\"publisher\":{\"@id\":\"https:\/\/www.allinclusivehotels.it\/de#organization\"},\"potentialAction\":[{\"@type\":\"SearchAction\",\"target\":{\"@type\":\"EntryPoint\",\"urlTemplate\":\"https:\/\/www.allinclusivehotels.it\/de?s={search_term_string}\"},\"query-input\":{\"@type\":\"PropertyValueSpecification\",\"valueRequired\":true,\"valueName\":\"search_term_string\"}}],\"inLanguage\":\"de\"},{\"@type\":\"Organization\",\"@id\":\"https:\/\/www.allinclusivehotels.it\/de#organization\",\"name\":\"All Inclusive Hotels\",\"url\":\"https:\/\/www.allinclusivehotels.it\/de\",\"logo\":{\"@type\":\"ImageObject\",\"inLanguage\":\"de\",\"@id\":\"https:\/\/www.allinclusivehotels.it\/de#\/schema\/logo\/image\/\",\"url\":\"\",\"contentUrl\":\"\",\"caption\":\"All Inclusive Hotels\"},\"image\":{\"@id\":\"https:\/\/www.allinclusivehotels.it\/de#\/schema\/logo\/image\/\"}}]}<\/script>\n<!-- \/ Yoast SEO plugin. -->","yoast_head_json":{"title":"Hotel Bisanzio - All Inclusive Hotels","robots":{"index":"index","follow":"follow","max-snippet":"max-snippet:-1","max-image-preview":"max-image-preview:large","max-video-preview":"max-video-preview:-1"},"canonical":"https:\/\/www.allinclusivehotels.it\/de\/hotels\/hotel-bisanzio","og_locale":"de_DE","og_type":"article","og_title":"Hotel Bisanzio - All Inclusive Hotels","og_description":"Das gem\u00fctliche, famili\u00e4re Hotel liegt direkt am Strand; keine Stra\u00dfe ist dazwischen. Wir befinden uns &hellip;","og_url":"https:\/\/www.allinclusivehotels.it\/de\/hotels\/hotel-bisanzio","og_site_name":"All Inclusive Hotels","article_modified_time":"2022-07-01T07:17:17+00:00","twitter_card":"summary_large_image","twitter_misc":{"Gesch\u00e4tzte Lesezeit":"1\u00a0Minute"},"schema":{"@context":"https:\/\/schema.org","@graph":[{"@type":"WebPage","@id":"https:\/\/www.allinclusivehotels.it\/de\/hotels\/hotel-bisanzio","url":"https:\/\/www.allinclusivehotels.it\/de\/hotels\/hotel-bisanzio","name":"Hotel Bisanzio - All Inclusive Hotels","isPartOf":{"@id":"https:\/\/www.allinclusivehotels.it\/de#website"},"datePublished":"2022-03-28T08:09:25+00:00","dateModified":"2022-07-01T07:17:17+00:00","breadcrumb":{"@id":"https:\/\/www.allinclusivehotels.it\/de\/hotels\/hotel-bisanzio#breadcrumb"},"inLanguage":"de","potentialAction":[{"@type":"ReadAction","target":["https:\/\/www.allinclusivehotels.it\/de\/hotels\/hotel-bisanzio"]}]},{"@type":"BreadcrumbList","@id":"https:\/\/www.allinclusivehotels.it\/de\/hotels\/hotel-bisanzio#breadcrumb","itemListElement":[{"@type":"ListItem","position":1,"name":"Home","item":"https:\/\/www.allinclusivehotels.it\/de"},{"@type":"ListItem","position":2,"name":"Hotels","item":"https:\/\/www.allinclusivehotels.it\/de\/hotels"},{"@type":"ListItem","position":3,"name":"Hotel Bisanzio"}]},{"@type":"WebSite","@id":"https:\/\/www.allinclusivehotels.it\/de#website","url":"https:\/\/www.allinclusivehotels.it\/de","name":"All Inclusive Hotels","description":"","publisher":{"@id":"https:\/\/www.allinclusivehotels.it\/de#organization"},"potentialAction":[{"@type":"SearchAction","target":{"@type":"EntryPoint","urlTemplate":"https:\/\/www.allinclusivehotels.it\/de?s={search_term_string}"},"query-input":{"@type":"PropertyValueSpecification","valueRequired":true,"valueName":"search_term_string"}}],"inLanguage":"de"},{"@type":"Organization","@id":"https:\/\/www.allinclusivehotels.it\/de#organization","name":"All Inclusive Hotels","url":"https:\/\/www.allinclusivehotels.it\/de","logo":{"@type":"ImageObject","inLanguage":"de","@id":"https:\/\/www.allinclusivehotels.it\/de#\/schema\/logo\/image\/","url":"","contentUrl":"","caption":"All Inclusive Hotels"},"image":{"@id":"https:\/\/www.allinclusivehotels.it\/de#\/schema\/logo\/image\/"}}]}},"_links":{"self":[{"href":"https:\/\/www.allinclusivehotels.it\/de\/wp-json\/wp\/v2\/pages\/16773","targetHints":{"allow":["GET"]}}],"collection":[{"href":"https:\/\/www.allinclusivehotels.it\/de\/wp-json\/wp\/v2\/pages"}],"about":[{"href":"https:\/\/www.allinclusivehotels.it\/de\/wp-json\/wp\/v2\/types\/page"}],"author":[{"embeddable":true,"href":"https:\/\/www.allinclusivehotels.it\/de\/wp-json\/wp\/v2\/users\/1"}],"replies":[{"embeddable":true,"href":"https:\/\/www.allinclusivehotels.it\/de\/wp-json\/wp\/v2\/comments?post=16773"}],"version-history":[{"count":4,"href":"https:\/\/www.allinclusivehotels.it\/de\/wp-json\/wp\/v2\/pages\/16773\/revisions"}],"predecessor-version":[{"id":21269,"href":"https:\/\/www.allinclusivehotels.it\/de\/wp-json\/wp\/v2\/pages\/16773\/revisions\/21269"}],"up":[{"embeddable":true,"href":"https:\/\/www.allinclusivehotels.it\/de\/wp-json\/wp\/v2\/pages\/16476"}],"wp:attachment":[{"href":"https:\/\/www.allinclusivehotels.it\/de\/wp-json\/wp\/v2\/media?parent=16773"}],"curies":[{"name":"wp","href":"https:\/\/api.w.org\/{rel}","templated":true}]}}