{"id":16771,"date":"2022-03-28T10:09:25","date_gmt":"2022-03-28T08:09:25","guid":{"rendered":"https:\/\/www.allinclusivehotels.it\/hotels\/hotel-des-bains"},"modified":"2022-07-01T09:34:12","modified_gmt":"2022-07-01T07:34:12","slug":"hotel-des-bains","status":"publish","type":"page","link":"https:\/\/www.allinclusivehotels.it\/de\/hotels\/hotel-des-bains","title":{"rendered":"Hotel Des Bains"},"content":{"rendered":"\n<p>Schon seit 1935 sch\u00e4tzen Urlaubsg\u00e4ste  die typische romagnolische Gastfreundlichkeit im <b>Hotel Des Bains. <\/b>Es liegt <b>wenige Schritte vom Meer<\/b> und von den Brunnen der <b>Piazza delle Fontane,<\/b> <b>ganz Cattolica<\/b> ist bequem zu Fu\u00df oder mit den zur Verf\u00fcgung stehenden <b>Fahrr\u00e4dern <\/b>zu erreichen. Am<b> Privatstrand <\/b> &#8220;Les Bains 89&#8221; warten <b>2 Liegen und ein Sonnenschirm<\/b> und viele Spiele f\u00fcr Kinder auf Sie. Wenn Sie ein Schwimmbad m\u00f6chten, finden Sie es im Strandbad Nr. 90-93, f\u00fcr Erwachsene und Kinder.<\/p>\n\n\n\n<!--more-->\n\n\n\n<p>Kein sch\u00f6ner Urlaub ohne gutes Essen; deshalb gibt es jeden Morgen viel Herzhaftes und viel S\u00fc\u00dfes \u2013 hausgemachte Kuchen \u2013 am Fr\u00fchst\u00fccksbuffet. Mittags und abends haben Sie die Wahl unter <b>3 Men\u00fcs mit Fleisch, Fisch und vegetarischen Gerichten<\/b>, <b>Getr\u00e4nke<\/b> dazu sind <b>inbegriffen.<\/b><\/p>\n\n\n\n<p>Im Winter 2020\/21 wurde das Hotel renoviert und umgebaut: gr\u00f6\u00dfere Sonnenterrasse, <b>zwei neue Suiten mit Meerblick <\/b>und Versch\u00f6nerung der gro\u00dfen Bar-Terrasse an der Promenade.<\/p>\n\n\n\n<p><b>Kleine Haustiere<\/b> sind im Hotel <b>willkommen.<\/b><\/p>\n","protected":false},"excerpt":{"rendered":"<p>Schon seit 1935 sch\u00e4tzen Urlaubsg\u00e4ste die typische romagnolische Gastfreundlichkeit im Hotel Des Bains. Es liegt &hellip;<\/p>\n","protected":false},"author":1,"featured_media":0,"parent":16476,"menu_order":0,"comment_status":"closed","ping_status":"closed","template":"page-templates\/scheda_hotel.php","meta":{"_acf_changed":false,"footnotes":""},"class_list":["post-16771","page","type-page","status-publish","hentry"],"acf":[],"yoast_head":"<!-- This site is optimized with the Yoast SEO plugin v27.0 - https:\/\/yoast.com\/product\/yoast-seo-wordpress\/ -->\n<title>Hotel Des Bains - All Inclusive Hotels<\/title>\n<meta name=\"robots\" content=\"index, follow, max-snippet:-1, max-image-preview:large, max-video-preview:-1\" \/>\n<link rel=\"canonical\" href=\"https:\/\/www.allinclusivehotels.it\/de\/hotels\/hotel-des-bains\" \/>\n<meta property=\"og:locale\" content=\"de_DE\" \/>\n<meta property=\"og:type\" content=\"article\" \/>\n<meta property=\"og:title\" content=\"Hotel Des Bains - All Inclusive Hotels\" \/>\n<meta property=\"og:description\" content=\"Schon seit 1935 sch\u00e4tzen Urlaubsg\u00e4ste die typische romagnolische Gastfreundlichkeit im Hotel Des Bains. Es liegt &hellip;\" \/>\n<meta property=\"og:url\" content=\"https:\/\/www.allinclusivehotels.it\/de\/hotels\/hotel-des-bains\" \/>\n<meta property=\"og:site_name\" content=\"All Inclusive Hotels\" \/>\n<meta property=\"article:modified_time\" content=\"2022-07-01T07:34:12+00:00\" \/>\n<meta name=\"twitter:card\" content=\"summary_large_image\" \/>\n<meta name=\"twitter:label1\" content=\"Gesch\u00e4tzte Lesezeit\" \/>\n\t<meta name=\"twitter:data1\" content=\"1\u00a0Minute\" \/>\n<script type=\"application\/ld+json\" class=\"yoast-schema-graph\">{\"@context\":\"https:\/\/schema.org\",\"@graph\":[{\"@type\":\"WebPage\",\"@id\":\"https:\/\/www.allinclusivehotels.it\/de\/hotels\/hotel-des-bains\",\"url\":\"https:\/\/www.allinclusivehotels.it\/de\/hotels\/hotel-des-bains\",\"name\":\"Hotel Des Bains - All Inclusive Hotels\",\"isPartOf\":{\"@id\":\"https:\/\/www.allinclusivehotels.it\/de#website\"},\"datePublished\":\"2022-03-28T08:09:25+00:00\",\"dateModified\":\"2022-07-01T07:34:12+00:00\",\"breadcrumb\":{\"@id\":\"https:\/\/www.allinclusivehotels.it\/de\/hotels\/hotel-des-bains#breadcrumb\"},\"inLanguage\":\"de\",\"potentialAction\":[{\"@type\":\"ReadAction\",\"target\":[\"https:\/\/www.allinclusivehotels.it\/de\/hotels\/hotel-des-bains\"]}]},{\"@type\":\"BreadcrumbList\",\"@id\":\"https:\/\/www.allinclusivehotels.it\/de\/hotels\/hotel-des-bains#breadcrumb\",\"itemListElement\":[{\"@type\":\"ListItem\",\"position\":1,\"name\":\"Home\",\"item\":\"https:\/\/www.allinclusivehotels.it\/de\"},{\"@type\":\"ListItem\",\"position\":2,\"name\":\"Hotels\",\"item\":\"https:\/\/www.allinclusivehotels.it\/de\/hotels\"},{\"@type\":\"ListItem\",\"position\":3,\"name\":\"Hotel Des Bains\"}]},{\"@type\":\"WebSite\",\"@id\":\"https:\/\/www.allinclusivehotels.it\/de#website\",\"url\":\"https:\/\/www.allinclusivehotels.it\/de\",\"name\":\"All Inclusive Hotels\",\"description\":\"\",\"publisher\":{\"@id\":\"https:\/\/www.allinclusivehotels.it\/de#organization\"},\"potentialAction\":[{\"@type\":\"SearchAction\",\"target\":{\"@type\":\"EntryPoint\",\"urlTemplate\":\"https:\/\/www.allinclusivehotels.it\/de?s={search_term_string}\"},\"query-input\":{\"@type\":\"PropertyValueSpecification\",\"valueRequired\":true,\"valueName\":\"search_term_string\"}}],\"inLanguage\":\"de\"},{\"@type\":\"Organization\",\"@id\":\"https:\/\/www.allinclusivehotels.it\/de#organization\",\"name\":\"All Inclusive Hotels\",\"url\":\"https:\/\/www.allinclusivehotels.it\/de\",\"logo\":{\"@type\":\"ImageObject\",\"inLanguage\":\"de\",\"@id\":\"https:\/\/www.allinclusivehotels.it\/de#\/schema\/logo\/image\/\",\"url\":\"\",\"contentUrl\":\"\",\"caption\":\"All Inclusive Hotels\"},\"image\":{\"@id\":\"https:\/\/www.allinclusivehotels.it\/de#\/schema\/logo\/image\/\"}}]}<\/script>\n<!-- \/ Yoast SEO plugin. -->","yoast_head_json":{"title":"Hotel Des Bains - All Inclusive Hotels","robots":{"index":"index","follow":"follow","max-snippet":"max-snippet:-1","max-image-preview":"max-image-preview:large","max-video-preview":"max-video-preview:-1"},"canonical":"https:\/\/www.allinclusivehotels.it\/de\/hotels\/hotel-des-bains","og_locale":"de_DE","og_type":"article","og_title":"Hotel Des Bains - All Inclusive Hotels","og_description":"Schon seit 1935 sch\u00e4tzen Urlaubsg\u00e4ste die typische romagnolische Gastfreundlichkeit im Hotel Des Bains. Es liegt &hellip;","og_url":"https:\/\/www.allinclusivehotels.it\/de\/hotels\/hotel-des-bains","og_site_name":"All Inclusive Hotels","article_modified_time":"2022-07-01T07:34:12+00:00","twitter_card":"summary_large_image","twitter_misc":{"Gesch\u00e4tzte Lesezeit":"1\u00a0Minute"},"schema":{"@context":"https:\/\/schema.org","@graph":[{"@type":"WebPage","@id":"https:\/\/www.allinclusivehotels.it\/de\/hotels\/hotel-des-bains","url":"https:\/\/www.allinclusivehotels.it\/de\/hotels\/hotel-des-bains","name":"Hotel Des Bains - All Inclusive Hotels","isPartOf":{"@id":"https:\/\/www.allinclusivehotels.it\/de#website"},"datePublished":"2022-03-28T08:09:25+00:00","dateModified":"2022-07-01T07:34:12+00:00","breadcrumb":{"@id":"https:\/\/www.allinclusivehotels.it\/de\/hotels\/hotel-des-bains#breadcrumb"},"inLanguage":"de","potentialAction":[{"@type":"ReadAction","target":["https:\/\/www.allinclusivehotels.it\/de\/hotels\/hotel-des-bains"]}]},{"@type":"BreadcrumbList","@id":"https:\/\/www.allinclusivehotels.it\/de\/hotels\/hotel-des-bains#breadcrumb","itemListElement":[{"@type":"ListItem","position":1,"name":"Home","item":"https:\/\/www.allinclusivehotels.it\/de"},{"@type":"ListItem","position":2,"name":"Hotels","item":"https:\/\/www.allinclusivehotels.it\/de\/hotels"},{"@type":"ListItem","position":3,"name":"Hotel Des Bains"}]},{"@type":"WebSite","@id":"https:\/\/www.allinclusivehotels.it\/de#website","url":"https:\/\/www.allinclusivehotels.it\/de","name":"All Inclusive Hotels","description":"","publisher":{"@id":"https:\/\/www.allinclusivehotels.it\/de#organization"},"potentialAction":[{"@type":"SearchAction","target":{"@type":"EntryPoint","urlTemplate":"https:\/\/www.allinclusivehotels.it\/de?s={search_term_string}"},"query-input":{"@type":"PropertyValueSpecification","valueRequired":true,"valueName":"search_term_string"}}],"inLanguage":"de"},{"@type":"Organization","@id":"https:\/\/www.allinclusivehotels.it\/de#organization","name":"All Inclusive Hotels","url":"https:\/\/www.allinclusivehotels.it\/de","logo":{"@type":"ImageObject","inLanguage":"de","@id":"https:\/\/www.allinclusivehotels.it\/de#\/schema\/logo\/image\/","url":"","contentUrl":"","caption":"All Inclusive Hotels"},"image":{"@id":"https:\/\/www.allinclusivehotels.it\/de#\/schema\/logo\/image\/"}}]}},"_links":{"self":[{"href":"https:\/\/www.allinclusivehotels.it\/de\/wp-json\/wp\/v2\/pages\/16771","targetHints":{"allow":["GET"]}}],"collection":[{"href":"https:\/\/www.allinclusivehotels.it\/de\/wp-json\/wp\/v2\/pages"}],"about":[{"href":"https:\/\/www.allinclusivehotels.it\/de\/wp-json\/wp\/v2\/types\/page"}],"author":[{"embeddable":true,"href":"https:\/\/www.allinclusivehotels.it\/de\/wp-json\/wp\/v2\/users\/1"}],"replies":[{"embeddable":true,"href":"https:\/\/www.allinclusivehotels.it\/de\/wp-json\/wp\/v2\/comments?post=16771"}],"version-history":[{"count":4,"href":"https:\/\/www.allinclusivehotels.it\/de\/wp-json\/wp\/v2\/pages\/16771\/revisions"}],"predecessor-version":[{"id":21282,"href":"https:\/\/www.allinclusivehotels.it\/de\/wp-json\/wp\/v2\/pages\/16771\/revisions\/21282"}],"up":[{"embeddable":true,"href":"https:\/\/www.allinclusivehotels.it\/de\/wp-json\/wp\/v2\/pages\/16476"}],"wp:attachment":[{"href":"https:\/\/www.allinclusivehotels.it\/de\/wp-json\/wp\/v2\/media?parent=16771"}],"curies":[{"name":"wp","href":"https:\/\/api.w.org\/{rel}","templated":true}]}}