{"id":16767,"date":"2022-03-28T10:09:24","date_gmt":"2022-03-28T08:09:24","guid":{"rendered":"https:\/\/www.allinclusivehotels.it\/urlaubsziele\/pesaro"},"modified":"2022-05-26T13:30:43","modified_gmt":"2022-05-26T11:30:43","slug":"pesaro","status":"publish","type":"page","link":"https:\/\/www.allinclusivehotels.it\/de\/urlaubsziele\/pesaro","title":{"rendered":"Pesaro"},"content":{"rendered":"\n<p>Pesaro ist eine h\u00fcbsche Stadt an der <b>Adriak\u00fcste im Norden der Marken.<\/b><\/p>\n\n\n\n<p>Der lange Sandstrand grenzt an zwei gr\u00fcne Kaps mit Steilk\u00fcste: im S\u00fcden der <b>Colle Ardizio<\/b> zwischen Pesaro und Fano, im Norden der <b>Monte San Bartolo <\/b>zwischen Pesaro und Gabicce. Dem Komponisten <b>Gioacchino Rossini<\/b>, ber\u00fchmter Sohn der Stadt, ist ein weltbekanntes Opernfestival gewidmet, das <b>Teatro palcoscenico del ROF<\/b>. Im Haus Rossinis wurde ein multimediales Museum eingerichtet. In der h\u00fcbschen  <b>Altstadt<\/b> ist die Atmosph\u00e4re angenehm gem\u00fctlich. An der<b> Strandpromenade<\/b> sieht man sch\u00f6ne alte Jugendstil-Villen und ein neues Wahrzeichen der Stadt: die  <b>&quot;Sfera Grande&quot;<\/b> \u2013 &quot;Gro\u00dfe Kugel&quot; des ber\u00fchmten Bildhauers <b>Arnaldo Pomodoro<\/b>, von den B\u00fcrgern liebevoll &quot;der Ball&quot; genannt.<\/p>\n","protected":false},"excerpt":{"rendered":"<p>Pesaro ist eine h\u00fcbsche Stadt an der Adriak\u00fcste im Norden der Marken. Der lange Sandstrand &hellip;<\/p>\n","protected":false},"author":1,"featured_media":0,"parent":16402,"menu_order":0,"comment_status":"closed","ping_status":"closed","template":"page-templates\/destinazione.php","meta":{"_acf_changed":false,"footnotes":""},"class_list":["post-16767","page","type-page","status-publish","hentry"],"acf":[],"yoast_head":"<!-- This site is optimized with the Yoast SEO plugin v27.0 - https:\/\/yoast.com\/product\/yoast-seo-wordpress\/ -->\n<title>Pesaro - All Inclusive Hotels<\/title>\n<meta name=\"robots\" content=\"index, follow, max-snippet:-1, max-image-preview:large, max-video-preview:-1\" \/>\n<link rel=\"canonical\" href=\"https:\/\/www.allinclusivehotels.it\/de\/urlaubsziele\/pesaro\" \/>\n<meta property=\"og:locale\" content=\"de_DE\" \/>\n<meta property=\"og:type\" content=\"article\" \/>\n<meta property=\"og:title\" content=\"Pesaro - All Inclusive Hotels\" \/>\n<meta property=\"og:description\" content=\"Pesaro ist eine h\u00fcbsche Stadt an der Adriak\u00fcste im Norden der Marken. Der lange Sandstrand &hellip;\" \/>\n<meta property=\"og:url\" content=\"https:\/\/www.allinclusivehotels.it\/de\/urlaubsziele\/pesaro\" \/>\n<meta property=\"og:site_name\" content=\"All Inclusive Hotels\" \/>\n<meta property=\"article:modified_time\" content=\"2022-05-26T11:30:43+00:00\" \/>\n<meta name=\"twitter:card\" content=\"summary_large_image\" \/>\n<meta name=\"twitter:label1\" content=\"Gesch\u00e4tzte Lesezeit\" \/>\n\t<meta name=\"twitter:data1\" content=\"1\u00a0Minute\" \/>\n<script type=\"application\/ld+json\" class=\"yoast-schema-graph\">{\"@context\":\"https:\/\/schema.org\",\"@graph\":[{\"@type\":\"WebPage\",\"@id\":\"https:\/\/www.allinclusivehotels.it\/de\/urlaubsziele\/pesaro\",\"url\":\"https:\/\/www.allinclusivehotels.it\/de\/urlaubsziele\/pesaro\",\"name\":\"Pesaro - All Inclusive Hotels\",\"isPartOf\":{\"@id\":\"https:\/\/www.allinclusivehotels.it\/de#website\"},\"datePublished\":\"2022-03-28T08:09:24+00:00\",\"dateModified\":\"2022-05-26T11:30:43+00:00\",\"breadcrumb\":{\"@id\":\"https:\/\/www.allinclusivehotels.it\/de\/urlaubsziele\/pesaro#breadcrumb\"},\"inLanguage\":\"de\",\"potentialAction\":[{\"@type\":\"ReadAction\",\"target\":[\"https:\/\/www.allinclusivehotels.it\/de\/urlaubsziele\/pesaro\"]}]},{\"@type\":\"BreadcrumbList\",\"@id\":\"https:\/\/www.allinclusivehotels.it\/de\/urlaubsziele\/pesaro#breadcrumb\",\"itemListElement\":[{\"@type\":\"ListItem\",\"position\":1,\"name\":\"Home\",\"item\":\"https:\/\/www.allinclusivehotels.it\/de\"},{\"@type\":\"ListItem\",\"position\":2,\"name\":\"Urlaubsziele\",\"item\":\"https:\/\/www.allinclusivehotels.it\/de\/urlaubsziele\"},{\"@type\":\"ListItem\",\"position\":3,\"name\":\"Pesaro\"}]},{\"@type\":\"WebSite\",\"@id\":\"https:\/\/www.allinclusivehotels.it\/de#website\",\"url\":\"https:\/\/www.allinclusivehotels.it\/de\",\"name\":\"All Inclusive Hotels\",\"description\":\"\",\"publisher\":{\"@id\":\"https:\/\/www.allinclusivehotels.it\/de#organization\"},\"potentialAction\":[{\"@type\":\"SearchAction\",\"target\":{\"@type\":\"EntryPoint\",\"urlTemplate\":\"https:\/\/www.allinclusivehotels.it\/de?s={search_term_string}\"},\"query-input\":{\"@type\":\"PropertyValueSpecification\",\"valueRequired\":true,\"valueName\":\"search_term_string\"}}],\"inLanguage\":\"de\"},{\"@type\":\"Organization\",\"@id\":\"https:\/\/www.allinclusivehotels.it\/de#organization\",\"name\":\"All Inclusive Hotels\",\"url\":\"https:\/\/www.allinclusivehotels.it\/de\",\"logo\":{\"@type\":\"ImageObject\",\"inLanguage\":\"de\",\"@id\":\"https:\/\/www.allinclusivehotels.it\/de#\/schema\/logo\/image\/\",\"url\":\"\",\"contentUrl\":\"\",\"caption\":\"All Inclusive Hotels\"},\"image\":{\"@id\":\"https:\/\/www.allinclusivehotels.it\/de#\/schema\/logo\/image\/\"}}]}<\/script>\n<!-- \/ Yoast SEO plugin. -->","yoast_head_json":{"title":"Pesaro - All Inclusive Hotels","robots":{"index":"index","follow":"follow","max-snippet":"max-snippet:-1","max-image-preview":"max-image-preview:large","max-video-preview":"max-video-preview:-1"},"canonical":"https:\/\/www.allinclusivehotels.it\/de\/urlaubsziele\/pesaro","og_locale":"de_DE","og_type":"article","og_title":"Pesaro - All Inclusive Hotels","og_description":"Pesaro ist eine h\u00fcbsche Stadt an der Adriak\u00fcste im Norden der Marken. Der lange Sandstrand &hellip;","og_url":"https:\/\/www.allinclusivehotels.it\/de\/urlaubsziele\/pesaro","og_site_name":"All Inclusive Hotels","article_modified_time":"2022-05-26T11:30:43+00:00","twitter_card":"summary_large_image","twitter_misc":{"Gesch\u00e4tzte Lesezeit":"1\u00a0Minute"},"schema":{"@context":"https:\/\/schema.org","@graph":[{"@type":"WebPage","@id":"https:\/\/www.allinclusivehotels.it\/de\/urlaubsziele\/pesaro","url":"https:\/\/www.allinclusivehotels.it\/de\/urlaubsziele\/pesaro","name":"Pesaro - All Inclusive Hotels","isPartOf":{"@id":"https:\/\/www.allinclusivehotels.it\/de#website"},"datePublished":"2022-03-28T08:09:24+00:00","dateModified":"2022-05-26T11:30:43+00:00","breadcrumb":{"@id":"https:\/\/www.allinclusivehotels.it\/de\/urlaubsziele\/pesaro#breadcrumb"},"inLanguage":"de","potentialAction":[{"@type":"ReadAction","target":["https:\/\/www.allinclusivehotels.it\/de\/urlaubsziele\/pesaro"]}]},{"@type":"BreadcrumbList","@id":"https:\/\/www.allinclusivehotels.it\/de\/urlaubsziele\/pesaro#breadcrumb","itemListElement":[{"@type":"ListItem","position":1,"name":"Home","item":"https:\/\/www.allinclusivehotels.it\/de"},{"@type":"ListItem","position":2,"name":"Urlaubsziele","item":"https:\/\/www.allinclusivehotels.it\/de\/urlaubsziele"},{"@type":"ListItem","position":3,"name":"Pesaro"}]},{"@type":"WebSite","@id":"https:\/\/www.allinclusivehotels.it\/de#website","url":"https:\/\/www.allinclusivehotels.it\/de","name":"All Inclusive Hotels","description":"","publisher":{"@id":"https:\/\/www.allinclusivehotels.it\/de#organization"},"potentialAction":[{"@type":"SearchAction","target":{"@type":"EntryPoint","urlTemplate":"https:\/\/www.allinclusivehotels.it\/de?s={search_term_string}"},"query-input":{"@type":"PropertyValueSpecification","valueRequired":true,"valueName":"search_term_string"}}],"inLanguage":"de"},{"@type":"Organization","@id":"https:\/\/www.allinclusivehotels.it\/de#organization","name":"All Inclusive Hotels","url":"https:\/\/www.allinclusivehotels.it\/de","logo":{"@type":"ImageObject","inLanguage":"de","@id":"https:\/\/www.allinclusivehotels.it\/de#\/schema\/logo\/image\/","url":"","contentUrl":"","caption":"All Inclusive Hotels"},"image":{"@id":"https:\/\/www.allinclusivehotels.it\/de#\/schema\/logo\/image\/"}}]}},"_links":{"self":[{"href":"https:\/\/www.allinclusivehotels.it\/de\/wp-json\/wp\/v2\/pages\/16767","targetHints":{"allow":["GET"]}}],"collection":[{"href":"https:\/\/www.allinclusivehotels.it\/de\/wp-json\/wp\/v2\/pages"}],"about":[{"href":"https:\/\/www.allinclusivehotels.it\/de\/wp-json\/wp\/v2\/types\/page"}],"author":[{"embeddable":true,"href":"https:\/\/www.allinclusivehotels.it\/de\/wp-json\/wp\/v2\/users\/1"}],"replies":[{"embeddable":true,"href":"https:\/\/www.allinclusivehotels.it\/de\/wp-json\/wp\/v2\/comments?post=16767"}],"version-history":[{"count":3,"href":"https:\/\/www.allinclusivehotels.it\/de\/wp-json\/wp\/v2\/pages\/16767\/revisions"}],"predecessor-version":[{"id":20444,"href":"https:\/\/www.allinclusivehotels.it\/de\/wp-json\/wp\/v2\/pages\/16767\/revisions\/20444"}],"up":[{"embeddable":true,"href":"https:\/\/www.allinclusivehotels.it\/de\/wp-json\/wp\/v2\/pages\/16402"}],"wp:attachment":[{"href":"https:\/\/www.allinclusivehotels.it\/de\/wp-json\/wp\/v2\/media?parent=16767"}],"curies":[{"name":"wp","href":"https:\/\/api.w.org\/{rel}","templated":true}]}}