{"id":16761,"date":"2022-03-28T10:09:22","date_gmt":"2022-03-28T08:09:22","guid":{"rendered":"https:\/\/www.allinclusivehotels.it\/hotels\/hotel-garisenda"},"modified":"2023-02-01T16:57:39","modified_gmt":"2023-02-01T15:57:39","slug":"hotel-garisenda","status":"publish","type":"page","link":"https:\/\/www.allinclusivehotels.it\/de\/hotels\/hotel-garisenda","title":{"rendered":"Hotel Garisenda"},"content":{"rendered":"\n<p>Gastlichkeit ist im <b>Hotel Garisenda <\/b>seit 1968 Teil der Familiengeschichte. Im  <b>80 m entfernten Partnerstrandbad stehen <\/b>Ihnen ein <b>Sonnenschirm, zwei Liegen und das Schwimmbad mit Massaged\u00fcsen<\/b> zur Verf\u00fcgung, und das<b> Animationsteam<\/b> sorgt f\u00fcr das Vergn\u00fcgen der Kinder; auch im Hotel, jeweils eine Stunde nach dem Mittag- und dem Abendessen, mit kleinen Arbeiten und Baby-Dance. Spielzonen und praktische Kinder-Ausr\u00fcstung im Zimmer und im Saal sind auch da<\/p>\n\n\n\n<!--more-->\n\n\n\n<p>Das Hotel bietet zahlreiche <strong>spezielle Serviceleistungen f\u00fcr Familien<\/strong>, auch f\u00fcr Urlauber mit <strong>sehr kleinen Kindern<\/strong>: Alles, was Sie brauchen, steht im Speisesaal und in Ihrem Zimmer zur Verf\u00fcgung, um mit leichtem Gep\u00e4ck verreisen zu k\u00f6nnen; <strong>Teller <\/strong>und <strong>Babynahrung<\/strong>, die den Bed\u00fcrfnissen der Kleinsten angepasst sind; sowie ein <strong>bunter<\/strong>, sicherer Spielbereich. Zudem sind die Zimmer ger\u00e4umig, komfortabel und auch mit <strong>separaten R\u00e4umen<\/strong> verf\u00fcgbar.<\/p>\n\n\n\n<p>Das Garisenda verf\u00fcgt \u00fcber eine sch\u00f6ne <strong>Terrasse <\/strong>und einen <strong>Au\u00dfenbereich<\/strong>, wo Sie sich mit einem Aperitif oder einem guten Buch entspannen k\u00f6nnen. Wenn Sie die Gegend erkunden m\u00f6chten, stellt Ihnen das Hotel <strong>Fahrr\u00e4der<\/strong>, auch mit Kindersitzen und Helmen, sowie einen <strong>Abstellraum f\u00fcr Ihr Rennrad oder MTB<\/strong> zur Verf\u00fcgung.<\/p>\n","protected":false},"excerpt":{"rendered":"<p>Gastlichkeit ist im Hotel Garisenda seit 1968 Teil der Familiengeschichte. Im 80 m entfernten Partnerstrandbad &hellip;<\/p>\n","protected":false},"author":1,"featured_media":0,"parent":16476,"menu_order":0,"comment_status":"closed","ping_status":"closed","template":"page-templates\/scheda_hotel.php","meta":{"_acf_changed":false,"footnotes":""},"class_list":["post-16761","page","type-page","status-publish","hentry"],"acf":[],"yoast_head":"<!-- This site is optimized with the Yoast SEO plugin v27.0 - https:\/\/yoast.com\/product\/yoast-seo-wordpress\/ -->\n<title>Hotel Garisenda - All Inclusive Hotels<\/title>\n<meta name=\"robots\" content=\"index, follow, max-snippet:-1, max-image-preview:large, max-video-preview:-1\" \/>\n<link rel=\"canonical\" href=\"https:\/\/www.allinclusivehotels.it\/de\/hotels\/hotel-garisenda\" \/>\n<meta property=\"og:locale\" content=\"de_DE\" \/>\n<meta property=\"og:type\" content=\"article\" \/>\n<meta property=\"og:title\" content=\"Hotel Garisenda - All Inclusive Hotels\" \/>\n<meta property=\"og:description\" content=\"Gastlichkeit ist im Hotel Garisenda seit 1968 Teil der Familiengeschichte. Im 80 m entfernten Partnerstrandbad &hellip;\" \/>\n<meta property=\"og:url\" content=\"https:\/\/www.allinclusivehotels.it\/de\/hotels\/hotel-garisenda\" \/>\n<meta property=\"og:site_name\" content=\"All Inclusive Hotels\" \/>\n<meta property=\"article:modified_time\" content=\"2023-02-01T15:57:39+00:00\" \/>\n<meta name=\"twitter:card\" content=\"summary_large_image\" \/>\n<meta name=\"twitter:label1\" content=\"Gesch\u00e4tzte Lesezeit\" \/>\n\t<meta name=\"twitter:data1\" content=\"1\u00a0Minute\" \/>\n<script type=\"application\/ld+json\" class=\"yoast-schema-graph\">{\"@context\":\"https:\/\/schema.org\",\"@graph\":[{\"@type\":\"WebPage\",\"@id\":\"https:\/\/www.allinclusivehotels.it\/de\/hotels\/hotel-garisenda\",\"url\":\"https:\/\/www.allinclusivehotels.it\/de\/hotels\/hotel-garisenda\",\"name\":\"Hotel Garisenda - All Inclusive Hotels\",\"isPartOf\":{\"@id\":\"https:\/\/www.allinclusivehotels.it\/de#website\"},\"datePublished\":\"2022-03-28T08:09:22+00:00\",\"dateModified\":\"2023-02-01T15:57:39+00:00\",\"breadcrumb\":{\"@id\":\"https:\/\/www.allinclusivehotels.it\/de\/hotels\/hotel-garisenda#breadcrumb\"},\"inLanguage\":\"de\",\"potentialAction\":[{\"@type\":\"ReadAction\",\"target\":[\"https:\/\/www.allinclusivehotels.it\/de\/hotels\/hotel-garisenda\"]}]},{\"@type\":\"BreadcrumbList\",\"@id\":\"https:\/\/www.allinclusivehotels.it\/de\/hotels\/hotel-garisenda#breadcrumb\",\"itemListElement\":[{\"@type\":\"ListItem\",\"position\":1,\"name\":\"Home\",\"item\":\"https:\/\/www.allinclusivehotels.it\/de\"},{\"@type\":\"ListItem\",\"position\":2,\"name\":\"Hotels\",\"item\":\"https:\/\/www.allinclusivehotels.it\/de\/hotels\"},{\"@type\":\"ListItem\",\"position\":3,\"name\":\"Hotel Garisenda\"}]},{\"@type\":\"WebSite\",\"@id\":\"https:\/\/www.allinclusivehotels.it\/de#website\",\"url\":\"https:\/\/www.allinclusivehotels.it\/de\",\"name\":\"All Inclusive Hotels\",\"description\":\"\",\"publisher\":{\"@id\":\"https:\/\/www.allinclusivehotels.it\/de#organization\"},\"potentialAction\":[{\"@type\":\"SearchAction\",\"target\":{\"@type\":\"EntryPoint\",\"urlTemplate\":\"https:\/\/www.allinclusivehotels.it\/de?s={search_term_string}\"},\"query-input\":{\"@type\":\"PropertyValueSpecification\",\"valueRequired\":true,\"valueName\":\"search_term_string\"}}],\"inLanguage\":\"de\"},{\"@type\":\"Organization\",\"@id\":\"https:\/\/www.allinclusivehotels.it\/de#organization\",\"name\":\"All Inclusive Hotels\",\"url\":\"https:\/\/www.allinclusivehotels.it\/de\",\"logo\":{\"@type\":\"ImageObject\",\"inLanguage\":\"de\",\"@id\":\"https:\/\/www.allinclusivehotels.it\/de#\/schema\/logo\/image\/\",\"url\":\"\",\"contentUrl\":\"\",\"caption\":\"All Inclusive Hotels\"},\"image\":{\"@id\":\"https:\/\/www.allinclusivehotels.it\/de#\/schema\/logo\/image\/\"}}]}<\/script>\n<!-- \/ Yoast SEO plugin. -->","yoast_head_json":{"title":"Hotel Garisenda - All Inclusive Hotels","robots":{"index":"index","follow":"follow","max-snippet":"max-snippet:-1","max-image-preview":"max-image-preview:large","max-video-preview":"max-video-preview:-1"},"canonical":"https:\/\/www.allinclusivehotels.it\/de\/hotels\/hotel-garisenda","og_locale":"de_DE","og_type":"article","og_title":"Hotel Garisenda - All Inclusive Hotels","og_description":"Gastlichkeit ist im Hotel Garisenda seit 1968 Teil der Familiengeschichte. Im 80 m entfernten Partnerstrandbad &hellip;","og_url":"https:\/\/www.allinclusivehotels.it\/de\/hotels\/hotel-garisenda","og_site_name":"All Inclusive Hotels","article_modified_time":"2023-02-01T15:57:39+00:00","twitter_card":"summary_large_image","twitter_misc":{"Gesch\u00e4tzte Lesezeit":"1\u00a0Minute"},"schema":{"@context":"https:\/\/schema.org","@graph":[{"@type":"WebPage","@id":"https:\/\/www.allinclusivehotels.it\/de\/hotels\/hotel-garisenda","url":"https:\/\/www.allinclusivehotels.it\/de\/hotels\/hotel-garisenda","name":"Hotel Garisenda - All Inclusive Hotels","isPartOf":{"@id":"https:\/\/www.allinclusivehotels.it\/de#website"},"datePublished":"2022-03-28T08:09:22+00:00","dateModified":"2023-02-01T15:57:39+00:00","breadcrumb":{"@id":"https:\/\/www.allinclusivehotels.it\/de\/hotels\/hotel-garisenda#breadcrumb"},"inLanguage":"de","potentialAction":[{"@type":"ReadAction","target":["https:\/\/www.allinclusivehotels.it\/de\/hotels\/hotel-garisenda"]}]},{"@type":"BreadcrumbList","@id":"https:\/\/www.allinclusivehotels.it\/de\/hotels\/hotel-garisenda#breadcrumb","itemListElement":[{"@type":"ListItem","position":1,"name":"Home","item":"https:\/\/www.allinclusivehotels.it\/de"},{"@type":"ListItem","position":2,"name":"Hotels","item":"https:\/\/www.allinclusivehotels.it\/de\/hotels"},{"@type":"ListItem","position":3,"name":"Hotel Garisenda"}]},{"@type":"WebSite","@id":"https:\/\/www.allinclusivehotels.it\/de#website","url":"https:\/\/www.allinclusivehotels.it\/de","name":"All Inclusive Hotels","description":"","publisher":{"@id":"https:\/\/www.allinclusivehotels.it\/de#organization"},"potentialAction":[{"@type":"SearchAction","target":{"@type":"EntryPoint","urlTemplate":"https:\/\/www.allinclusivehotels.it\/de?s={search_term_string}"},"query-input":{"@type":"PropertyValueSpecification","valueRequired":true,"valueName":"search_term_string"}}],"inLanguage":"de"},{"@type":"Organization","@id":"https:\/\/www.allinclusivehotels.it\/de#organization","name":"All Inclusive Hotels","url":"https:\/\/www.allinclusivehotels.it\/de","logo":{"@type":"ImageObject","inLanguage":"de","@id":"https:\/\/www.allinclusivehotels.it\/de#\/schema\/logo\/image\/","url":"","contentUrl":"","caption":"All Inclusive Hotels"},"image":{"@id":"https:\/\/www.allinclusivehotels.it\/de#\/schema\/logo\/image\/"}}]}},"_links":{"self":[{"href":"https:\/\/www.allinclusivehotels.it\/de\/wp-json\/wp\/v2\/pages\/16761","targetHints":{"allow":["GET"]}}],"collection":[{"href":"https:\/\/www.allinclusivehotels.it\/de\/wp-json\/wp\/v2\/pages"}],"about":[{"href":"https:\/\/www.allinclusivehotels.it\/de\/wp-json\/wp\/v2\/types\/page"}],"author":[{"embeddable":true,"href":"https:\/\/www.allinclusivehotels.it\/de\/wp-json\/wp\/v2\/users\/1"}],"replies":[{"embeddable":true,"href":"https:\/\/www.allinclusivehotels.it\/de\/wp-json\/wp\/v2\/comments?post=16761"}],"version-history":[{"count":6,"href":"https:\/\/www.allinclusivehotels.it\/de\/wp-json\/wp\/v2\/pages\/16761\/revisions"}],"predecessor-version":[{"id":24975,"href":"https:\/\/www.allinclusivehotels.it\/de\/wp-json\/wp\/v2\/pages\/16761\/revisions\/24975"}],"up":[{"embeddable":true,"href":"https:\/\/www.allinclusivehotels.it\/de\/wp-json\/wp\/v2\/pages\/16476"}],"wp:attachment":[{"href":"https:\/\/www.allinclusivehotels.it\/de\/wp-json\/wp\/v2\/media?parent=16761"}],"curies":[{"name":"wp","href":"https:\/\/api.w.org\/{rel}","templated":true}]}}