{"id":16759,"date":"2022-03-28T10:09:21","date_gmt":"2022-03-28T08:09:21","guid":{"rendered":"https:\/\/www.allinclusivehotels.it\/hotels\/hotel-cosmos"},"modified":"2022-07-01T09:24:58","modified_gmt":"2022-07-01T07:24:58","slug":"hotel-cosmos","status":"publish","type":"page","link":"https:\/\/www.allinclusivehotels.it\/de\/hotels\/hotel-cosmos","title":{"rendered":"Hotel Cosmos"},"content":{"rendered":"\n<p>Im <b>Hotel Cosmos<\/b> werden Sie auf die typische warmherzige Art der Romagoler empfangen, Sie werden sich schnell &#8220;zuhause&#8221; f\u00fchlen. Das Hotel liegt <b>nur 80 m vom Meer,<\/b> in der <b>Shoppingzone<\/b> des Ortsteils Rivazzurra (Rimini), aber ruhig. Nebenan liegt eine Haltestelle der Schnellbus-Linie <b>Metromare, <\/b>die Sie in 10 Minuten ins Zentrum von Rimini oder Riccione bringt.<\/p>\n\n\n\n<!--more-->\n\n\n\n<p>Den Tag k\u00f6nnen Sie am Strand verbringen \u2013<b> ein Sonnenschirm und zwei Liegen sind f\u00fcr Sie reserviert<\/b> \u2013 oder im <b>Schwimmbad, mit Rutschbahn und Sprungbrett.<\/b> F\u00fcr <b>Kinder:<\/b> viel Spa\u00df mit der <b>Animation<\/b> im Hotel und am Strand, Spielplatz im Freien, <b>eigene leckere Men\u00fcs<\/b> und Ausr\u00fcstung im Zimmer. Fahrr\u00e4der stehen ebenfalls zur Verf\u00fcgung.<\/p>\n\n\n\n<p>Im Hotel Cosmos bekommen Sie die <b>echte romagnolische K\u00fcche, <\/b>mittags und abends  jeweils 2 Men\u00fcs zur Wahl, <b>Fleisch oder Fisch<\/b>, dazu <b>Buffet mit Vorspeisen und Beilagen<\/b>; <b>Getr\u00e4nke inbegriffen. <\/b>Auf G\u00e4ste mit <b>Lebensmittelunvertr\u00e4glichkeiten<\/b> und auf die <b>Bed\u00fcrfnisse von Kindern <\/b>nehmen wir immer besondere R\u00fccksicht. Abendvergn\u00fcgen mit <b>Themen-Festen<\/b>, <b>Animation<\/b> und Tanz mit abendlichem Bad im Pool!<\/p>\n","protected":false},"excerpt":{"rendered":"<p>Im Hotel Cosmos werden Sie auf die typische warmherzige Art der Romagoler empfangen, Sie werden &hellip;<\/p>\n","protected":false},"author":1,"featured_media":0,"parent":16476,"menu_order":0,"comment_status":"closed","ping_status":"closed","template":"page-templates\/scheda_hotel.php","meta":{"_acf_changed":false,"footnotes":""},"class_list":["post-16759","page","type-page","status-publish","hentry"],"acf":[],"yoast_head":"<!-- This site is optimized with the Yoast SEO plugin v27.0 - https:\/\/yoast.com\/product\/yoast-seo-wordpress\/ -->\n<title>Hotel Cosmos - All Inclusive Hotels<\/title>\n<meta name=\"robots\" content=\"index, follow, max-snippet:-1, max-image-preview:large, max-video-preview:-1\" \/>\n<link rel=\"canonical\" href=\"https:\/\/www.allinclusivehotels.it\/de\/hotels\/hotel-cosmos\" \/>\n<meta property=\"og:locale\" content=\"de_DE\" \/>\n<meta property=\"og:type\" content=\"article\" \/>\n<meta property=\"og:title\" content=\"Hotel Cosmos - All Inclusive Hotels\" \/>\n<meta property=\"og:description\" content=\"Im Hotel Cosmos werden Sie auf die typische warmherzige Art der Romagoler empfangen, Sie werden &hellip;\" \/>\n<meta property=\"og:url\" content=\"https:\/\/www.allinclusivehotels.it\/de\/hotels\/hotel-cosmos\" \/>\n<meta property=\"og:site_name\" content=\"All Inclusive Hotels\" \/>\n<meta property=\"article:modified_time\" content=\"2022-07-01T07:24:58+00:00\" \/>\n<meta name=\"twitter:card\" content=\"summary_large_image\" \/>\n<meta name=\"twitter:label1\" content=\"Gesch\u00e4tzte Lesezeit\" \/>\n\t<meta name=\"twitter:data1\" content=\"1\u00a0Minute\" \/>\n<script type=\"application\/ld+json\" class=\"yoast-schema-graph\">{\"@context\":\"https:\/\/schema.org\",\"@graph\":[{\"@type\":\"WebPage\",\"@id\":\"https:\/\/www.allinclusivehotels.it\/de\/hotels\/hotel-cosmos\",\"url\":\"https:\/\/www.allinclusivehotels.it\/de\/hotels\/hotel-cosmos\",\"name\":\"Hotel Cosmos - All Inclusive Hotels\",\"isPartOf\":{\"@id\":\"https:\/\/www.allinclusivehotels.it\/de#website\"},\"datePublished\":\"2022-03-28T08:09:21+00:00\",\"dateModified\":\"2022-07-01T07:24:58+00:00\",\"breadcrumb\":{\"@id\":\"https:\/\/www.allinclusivehotels.it\/de\/hotels\/hotel-cosmos#breadcrumb\"},\"inLanguage\":\"de\",\"potentialAction\":[{\"@type\":\"ReadAction\",\"target\":[\"https:\/\/www.allinclusivehotels.it\/de\/hotels\/hotel-cosmos\"]}]},{\"@type\":\"BreadcrumbList\",\"@id\":\"https:\/\/www.allinclusivehotels.it\/de\/hotels\/hotel-cosmos#breadcrumb\",\"itemListElement\":[{\"@type\":\"ListItem\",\"position\":1,\"name\":\"Home\",\"item\":\"https:\/\/www.allinclusivehotels.it\/de\"},{\"@type\":\"ListItem\",\"position\":2,\"name\":\"Hotels\",\"item\":\"https:\/\/www.allinclusivehotels.it\/de\/hotels\"},{\"@type\":\"ListItem\",\"position\":3,\"name\":\"Hotel Cosmos\"}]},{\"@type\":\"WebSite\",\"@id\":\"https:\/\/www.allinclusivehotels.it\/de#website\",\"url\":\"https:\/\/www.allinclusivehotels.it\/de\",\"name\":\"All Inclusive Hotels\",\"description\":\"\",\"publisher\":{\"@id\":\"https:\/\/www.allinclusivehotels.it\/de#organization\"},\"potentialAction\":[{\"@type\":\"SearchAction\",\"target\":{\"@type\":\"EntryPoint\",\"urlTemplate\":\"https:\/\/www.allinclusivehotels.it\/de?s={search_term_string}\"},\"query-input\":{\"@type\":\"PropertyValueSpecification\",\"valueRequired\":true,\"valueName\":\"search_term_string\"}}],\"inLanguage\":\"de\"},{\"@type\":\"Organization\",\"@id\":\"https:\/\/www.allinclusivehotels.it\/de#organization\",\"name\":\"All Inclusive Hotels\",\"url\":\"https:\/\/www.allinclusivehotels.it\/de\",\"logo\":{\"@type\":\"ImageObject\",\"inLanguage\":\"de\",\"@id\":\"https:\/\/www.allinclusivehotels.it\/de#\/schema\/logo\/image\/\",\"url\":\"\",\"contentUrl\":\"\",\"caption\":\"All Inclusive Hotels\"},\"image\":{\"@id\":\"https:\/\/www.allinclusivehotels.it\/de#\/schema\/logo\/image\/\"}}]}<\/script>\n<!-- \/ Yoast SEO plugin. -->","yoast_head_json":{"title":"Hotel Cosmos - All Inclusive Hotels","robots":{"index":"index","follow":"follow","max-snippet":"max-snippet:-1","max-image-preview":"max-image-preview:large","max-video-preview":"max-video-preview:-1"},"canonical":"https:\/\/www.allinclusivehotels.it\/de\/hotels\/hotel-cosmos","og_locale":"de_DE","og_type":"article","og_title":"Hotel Cosmos - All Inclusive Hotels","og_description":"Im Hotel Cosmos werden Sie auf die typische warmherzige Art der Romagoler empfangen, Sie werden &hellip;","og_url":"https:\/\/www.allinclusivehotels.it\/de\/hotels\/hotel-cosmos","og_site_name":"All Inclusive Hotels","article_modified_time":"2022-07-01T07:24:58+00:00","twitter_card":"summary_large_image","twitter_misc":{"Gesch\u00e4tzte Lesezeit":"1\u00a0Minute"},"schema":{"@context":"https:\/\/schema.org","@graph":[{"@type":"WebPage","@id":"https:\/\/www.allinclusivehotels.it\/de\/hotels\/hotel-cosmos","url":"https:\/\/www.allinclusivehotels.it\/de\/hotels\/hotel-cosmos","name":"Hotel Cosmos - All Inclusive Hotels","isPartOf":{"@id":"https:\/\/www.allinclusivehotels.it\/de#website"},"datePublished":"2022-03-28T08:09:21+00:00","dateModified":"2022-07-01T07:24:58+00:00","breadcrumb":{"@id":"https:\/\/www.allinclusivehotels.it\/de\/hotels\/hotel-cosmos#breadcrumb"},"inLanguage":"de","potentialAction":[{"@type":"ReadAction","target":["https:\/\/www.allinclusivehotels.it\/de\/hotels\/hotel-cosmos"]}]},{"@type":"BreadcrumbList","@id":"https:\/\/www.allinclusivehotels.it\/de\/hotels\/hotel-cosmos#breadcrumb","itemListElement":[{"@type":"ListItem","position":1,"name":"Home","item":"https:\/\/www.allinclusivehotels.it\/de"},{"@type":"ListItem","position":2,"name":"Hotels","item":"https:\/\/www.allinclusivehotels.it\/de\/hotels"},{"@type":"ListItem","position":3,"name":"Hotel Cosmos"}]},{"@type":"WebSite","@id":"https:\/\/www.allinclusivehotels.it\/de#website","url":"https:\/\/www.allinclusivehotels.it\/de","name":"All Inclusive Hotels","description":"","publisher":{"@id":"https:\/\/www.allinclusivehotels.it\/de#organization"},"potentialAction":[{"@type":"SearchAction","target":{"@type":"EntryPoint","urlTemplate":"https:\/\/www.allinclusivehotels.it\/de?s={search_term_string}"},"query-input":{"@type":"PropertyValueSpecification","valueRequired":true,"valueName":"search_term_string"}}],"inLanguage":"de"},{"@type":"Organization","@id":"https:\/\/www.allinclusivehotels.it\/de#organization","name":"All Inclusive Hotels","url":"https:\/\/www.allinclusivehotels.it\/de","logo":{"@type":"ImageObject","inLanguage":"de","@id":"https:\/\/www.allinclusivehotels.it\/de#\/schema\/logo\/image\/","url":"","contentUrl":"","caption":"All Inclusive Hotels"},"image":{"@id":"https:\/\/www.allinclusivehotels.it\/de#\/schema\/logo\/image\/"}}]}},"_links":{"self":[{"href":"https:\/\/www.allinclusivehotels.it\/de\/wp-json\/wp\/v2\/pages\/16759","targetHints":{"allow":["GET"]}}],"collection":[{"href":"https:\/\/www.allinclusivehotels.it\/de\/wp-json\/wp\/v2\/pages"}],"about":[{"href":"https:\/\/www.allinclusivehotels.it\/de\/wp-json\/wp\/v2\/types\/page"}],"author":[{"embeddable":true,"href":"https:\/\/www.allinclusivehotels.it\/de\/wp-json\/wp\/v2\/users\/1"}],"replies":[{"embeddable":true,"href":"https:\/\/www.allinclusivehotels.it\/de\/wp-json\/wp\/v2\/comments?post=16759"}],"version-history":[{"count":4,"href":"https:\/\/www.allinclusivehotels.it\/de\/wp-json\/wp\/v2\/pages\/16759\/revisions"}],"predecessor-version":[{"id":21276,"href":"https:\/\/www.allinclusivehotels.it\/de\/wp-json\/wp\/v2\/pages\/16759\/revisions\/21276"}],"up":[{"embeddable":true,"href":"https:\/\/www.allinclusivehotels.it\/de\/wp-json\/wp\/v2\/pages\/16476"}],"wp:attachment":[{"href":"https:\/\/www.allinclusivehotels.it\/de\/wp-json\/wp\/v2\/media?parent=16759"}],"curies":[{"name":"wp","href":"https:\/\/api.w.org\/{rel}","templated":true}]}}