{"id":16757,"date":"2022-03-28T10:09:21","date_gmt":"2022-03-28T08:09:21","guid":{"rendered":"https:\/\/www.allinclusivehotels.it\/hotels\/hotel-imperial-sport"},"modified":"2025-04-02T10:57:01","modified_gmt":"2025-04-02T08:57:01","slug":"hotel-imperial-sport","status":"publish","type":"page","link":"https:\/\/www.allinclusivehotels.it\/de\/hotels\/hotel-imperial-sport","title":{"rendered":"UNAHOTELS Imperial Sport Hotel"},"content":{"rendered":"\n<p>Die Lage des <b>Imperial Sport<\/b> <b>Hotel <\/b>ist ruhig, aussichtsreich und privilegiert: <b>im Zentrum der Stadt Pesaro und am Meer! <\/b>Am Strand haben Sie Ihren Platz mit <b>Sonnenschirm und 2 Liegen;<\/b> an der Sonnenterrasse ein <b>halb-olympisches Schwimmbad<\/b> und ein beheiztes <b>Kinderbecken<\/b>. <b>F\u00fcr die kleinen G\u00e4ste<\/b> werden <b>viele Aktivit\u00e4ten<\/b> organisiert, <b>am Strand und im Hotel.<\/b><\/p>\n\n\n\n<!--more-->\n\n\n\n<p>Wenn Ihnen nach Bewegung zumute ist, k\u00f6nnen Sie unseren <b>Fitnessraum <\/b>nutzen, an der <b>Wassergymnastik<\/b> teilnehmen oder im Naturpark des Monte San Bartolo <b>wandern.<\/b><\/p>\n\n\n\n<p>Herausragend im Imperial Sport  Hotel ist <b>das Essen, das Sie mit Blick aufs Meer genie\u00dfen: kreativ \u00fcberarbeitete traditionelle Gerichte der Marken und des Mittelmeerraums<\/b> insgesamt, vorzugsweise auf der Basis<b> lokaler Produkte<\/b>, der <b>Jahreszeit folgend.<\/b><\/p>\n\n\n\n<p>Hausgemachtes Geb\u00e4ck zum Fr\u00fchst\u00fcck, mittags <b>gro\u00dfes Buffet mit gegrilltem Fleisch und Fisch<\/b>, abends <b>Bedienung am Tisch<\/b>. <b>Gala-Abende<\/b> am Schwimmbad, Verkostungen typischer Produkte, Cr\u00eapes, Eis, Zuckerwatte. <b>F\u00fcr die Kinder eigene Men\u00fcs mit Schwerpunkt auf Geschmack und Bek\u00f6mmlichkeit:<\/b> Nudeln mit Tomatenso\u00dfe, mildes wei\u00dfes Ragout, hausgemachte Hamburger, frischer gr\u00e4tenfreier Fisch, Gem\u00fcse. Von Juni bis September k\u00f6nnen sie am Tisch der Animateur*innen essen. <b>Baby-Men\u00fc<\/b>: P\u00fcrees, Br\u00fchen, kleine Suppennudeln, p\u00fcriertes Fleisch und Fisch. Auf Anfrage<b> an Unvertr\u00e4glichkeiten oder Di\u00e4ten angepasste Gerichte.<\/b><\/p>\n","protected":false},"excerpt":{"rendered":"<p>Die Lage des Imperial Sport Hotel ist ruhig, aussichtsreich und privilegiert: im Zentrum der Stadt &hellip;<\/p>\n","protected":false},"author":1,"featured_media":0,"parent":16476,"menu_order":0,"comment_status":"closed","ping_status":"closed","template":"page-templates\/scheda_hotel.php","meta":{"_acf_changed":false,"footnotes":""},"class_list":["post-16757","page","type-page","status-publish","hentry"],"acf":[],"yoast_head":"<!-- This site is optimized with the Yoast SEO plugin v27.0 - https:\/\/yoast.com\/product\/yoast-seo-wordpress\/ -->\n<title>UNAHOTELS Imperial Sport Hotel - All Inclusive Hotels<\/title>\n<meta name=\"robots\" content=\"index, follow, max-snippet:-1, max-image-preview:large, max-video-preview:-1\" \/>\n<link rel=\"canonical\" href=\"https:\/\/www.allinclusivehotels.it\/de\/hotels\/hotel-imperial-sport\" \/>\n<meta property=\"og:locale\" content=\"de_DE\" \/>\n<meta property=\"og:type\" content=\"article\" \/>\n<meta property=\"og:title\" content=\"UNAHOTELS Imperial Sport Hotel - All Inclusive Hotels\" \/>\n<meta property=\"og:description\" content=\"Die Lage des Imperial Sport Hotel ist ruhig, aussichtsreich und privilegiert: im Zentrum der Stadt &hellip;\" \/>\n<meta property=\"og:url\" content=\"https:\/\/www.allinclusivehotels.it\/de\/hotels\/hotel-imperial-sport\" \/>\n<meta property=\"og:site_name\" content=\"All Inclusive Hotels\" \/>\n<meta property=\"article:modified_time\" content=\"2025-04-02T08:57:01+00:00\" \/>\n<meta name=\"twitter:card\" content=\"summary_large_image\" \/>\n<meta name=\"twitter:label1\" content=\"Gesch\u00e4tzte Lesezeit\" \/>\n\t<meta name=\"twitter:data1\" content=\"1\u00a0Minute\" \/>\n<script type=\"application\/ld+json\" class=\"yoast-schema-graph\">{\"@context\":\"https:\/\/schema.org\",\"@graph\":[{\"@type\":\"WebPage\",\"@id\":\"https:\/\/www.allinclusivehotels.it\/de\/hotels\/hotel-imperial-sport\",\"url\":\"https:\/\/www.allinclusivehotels.it\/de\/hotels\/hotel-imperial-sport\",\"name\":\"UNAHOTELS Imperial Sport Hotel - All Inclusive Hotels\",\"isPartOf\":{\"@id\":\"https:\/\/www.allinclusivehotels.it\/de#website\"},\"datePublished\":\"2022-03-28T08:09:21+00:00\",\"dateModified\":\"2025-04-02T08:57:01+00:00\",\"breadcrumb\":{\"@id\":\"https:\/\/www.allinclusivehotels.it\/de\/hotels\/hotel-imperial-sport#breadcrumb\"},\"inLanguage\":\"de\",\"potentialAction\":[{\"@type\":\"ReadAction\",\"target\":[\"https:\/\/www.allinclusivehotels.it\/de\/hotels\/hotel-imperial-sport\"]}]},{\"@type\":\"BreadcrumbList\",\"@id\":\"https:\/\/www.allinclusivehotels.it\/de\/hotels\/hotel-imperial-sport#breadcrumb\",\"itemListElement\":[{\"@type\":\"ListItem\",\"position\":1,\"name\":\"Home\",\"item\":\"https:\/\/www.allinclusivehotels.it\/de\"},{\"@type\":\"ListItem\",\"position\":2,\"name\":\"Hotels\",\"item\":\"https:\/\/www.allinclusivehotels.it\/de\/hotels\"},{\"@type\":\"ListItem\",\"position\":3,\"name\":\"UNAHOTELS Imperial Sport Hotel\"}]},{\"@type\":\"WebSite\",\"@id\":\"https:\/\/www.allinclusivehotels.it\/de#website\",\"url\":\"https:\/\/www.allinclusivehotels.it\/de\",\"name\":\"All Inclusive Hotels\",\"description\":\"\",\"publisher\":{\"@id\":\"https:\/\/www.allinclusivehotels.it\/de#organization\"},\"potentialAction\":[{\"@type\":\"SearchAction\",\"target\":{\"@type\":\"EntryPoint\",\"urlTemplate\":\"https:\/\/www.allinclusivehotels.it\/de?s={search_term_string}\"},\"query-input\":{\"@type\":\"PropertyValueSpecification\",\"valueRequired\":true,\"valueName\":\"search_term_string\"}}],\"inLanguage\":\"de\"},{\"@type\":\"Organization\",\"@id\":\"https:\/\/www.allinclusivehotels.it\/de#organization\",\"name\":\"All Inclusive Hotels\",\"url\":\"https:\/\/www.allinclusivehotels.it\/de\",\"logo\":{\"@type\":\"ImageObject\",\"inLanguage\":\"de\",\"@id\":\"https:\/\/www.allinclusivehotels.it\/de#\/schema\/logo\/image\/\",\"url\":\"\",\"contentUrl\":\"\",\"caption\":\"All Inclusive Hotels\"},\"image\":{\"@id\":\"https:\/\/www.allinclusivehotels.it\/de#\/schema\/logo\/image\/\"}}]}<\/script>\n<!-- \/ Yoast SEO plugin. -->","yoast_head_json":{"title":"UNAHOTELS Imperial Sport Hotel - All Inclusive Hotels","robots":{"index":"index","follow":"follow","max-snippet":"max-snippet:-1","max-image-preview":"max-image-preview:large","max-video-preview":"max-video-preview:-1"},"canonical":"https:\/\/www.allinclusivehotels.it\/de\/hotels\/hotel-imperial-sport","og_locale":"de_DE","og_type":"article","og_title":"UNAHOTELS Imperial Sport Hotel - All Inclusive Hotels","og_description":"Die Lage des Imperial Sport Hotel ist ruhig, aussichtsreich und privilegiert: im Zentrum der Stadt &hellip;","og_url":"https:\/\/www.allinclusivehotels.it\/de\/hotels\/hotel-imperial-sport","og_site_name":"All Inclusive Hotels","article_modified_time":"2025-04-02T08:57:01+00:00","twitter_card":"summary_large_image","twitter_misc":{"Gesch\u00e4tzte Lesezeit":"1\u00a0Minute"},"schema":{"@context":"https:\/\/schema.org","@graph":[{"@type":"WebPage","@id":"https:\/\/www.allinclusivehotels.it\/de\/hotels\/hotel-imperial-sport","url":"https:\/\/www.allinclusivehotels.it\/de\/hotels\/hotel-imperial-sport","name":"UNAHOTELS Imperial Sport Hotel - All Inclusive Hotels","isPartOf":{"@id":"https:\/\/www.allinclusivehotels.it\/de#website"},"datePublished":"2022-03-28T08:09:21+00:00","dateModified":"2025-04-02T08:57:01+00:00","breadcrumb":{"@id":"https:\/\/www.allinclusivehotels.it\/de\/hotels\/hotel-imperial-sport#breadcrumb"},"inLanguage":"de","potentialAction":[{"@type":"ReadAction","target":["https:\/\/www.allinclusivehotels.it\/de\/hotels\/hotel-imperial-sport"]}]},{"@type":"BreadcrumbList","@id":"https:\/\/www.allinclusivehotels.it\/de\/hotels\/hotel-imperial-sport#breadcrumb","itemListElement":[{"@type":"ListItem","position":1,"name":"Home","item":"https:\/\/www.allinclusivehotels.it\/de"},{"@type":"ListItem","position":2,"name":"Hotels","item":"https:\/\/www.allinclusivehotels.it\/de\/hotels"},{"@type":"ListItem","position":3,"name":"UNAHOTELS Imperial Sport Hotel"}]},{"@type":"WebSite","@id":"https:\/\/www.allinclusivehotels.it\/de#website","url":"https:\/\/www.allinclusivehotels.it\/de","name":"All Inclusive Hotels","description":"","publisher":{"@id":"https:\/\/www.allinclusivehotels.it\/de#organization"},"potentialAction":[{"@type":"SearchAction","target":{"@type":"EntryPoint","urlTemplate":"https:\/\/www.allinclusivehotels.it\/de?s={search_term_string}"},"query-input":{"@type":"PropertyValueSpecification","valueRequired":true,"valueName":"search_term_string"}}],"inLanguage":"de"},{"@type":"Organization","@id":"https:\/\/www.allinclusivehotels.it\/de#organization","name":"All Inclusive Hotels","url":"https:\/\/www.allinclusivehotels.it\/de","logo":{"@type":"ImageObject","inLanguage":"de","@id":"https:\/\/www.allinclusivehotels.it\/de#\/schema\/logo\/image\/","url":"","contentUrl":"","caption":"All Inclusive Hotels"},"image":{"@id":"https:\/\/www.allinclusivehotels.it\/de#\/schema\/logo\/image\/"}}]}},"_links":{"self":[{"href":"https:\/\/www.allinclusivehotels.it\/de\/wp-json\/wp\/v2\/pages\/16757","targetHints":{"allow":["GET"]}}],"collection":[{"href":"https:\/\/www.allinclusivehotels.it\/de\/wp-json\/wp\/v2\/pages"}],"about":[{"href":"https:\/\/www.allinclusivehotels.it\/de\/wp-json\/wp\/v2\/types\/page"}],"author":[{"embeddable":true,"href":"https:\/\/www.allinclusivehotels.it\/de\/wp-json\/wp\/v2\/users\/1"}],"replies":[{"embeddable":true,"href":"https:\/\/www.allinclusivehotels.it\/de\/wp-json\/wp\/v2\/comments?post=16757"}],"version-history":[{"count":9,"href":"https:\/\/www.allinclusivehotels.it\/de\/wp-json\/wp\/v2\/pages\/16757\/revisions"}],"predecessor-version":[{"id":44890,"href":"https:\/\/www.allinclusivehotels.it\/de\/wp-json\/wp\/v2\/pages\/16757\/revisions\/44890"}],"up":[{"embeddable":true,"href":"https:\/\/www.allinclusivehotels.it\/de\/wp-json\/wp\/v2\/pages\/16476"}],"wp:attachment":[{"href":"https:\/\/www.allinclusivehotels.it\/de\/wp-json\/wp\/v2\/media?parent=16757"}],"curies":[{"name":"wp","href":"https:\/\/api.w.org\/{rel}","templated":true}]}}