{"id":16755,"date":"2022-03-28T10:09:20","date_gmt":"2022-03-28T08:09:20","guid":{"rendered":"https:\/\/www.allinclusivehotels.it\/hotels\/hotel-losanna"},"modified":"2025-11-11T16:43:28","modified_gmt":"2025-11-11T15:43:28","slug":"hotel-losanna","status":"publish","type":"page","link":"https:\/\/www.allinclusivehotels.it\/de\/hotels\/hotel-losanna","title":{"rendered":"Hotel Losanna"},"content":{"rendered":"\n<p>Die Eigent\u00fcmer des <b>Hotel Losanna<\/b> m\u00f6chten ihren G\u00e4sten \u2013 Familien, Sportler und Paare \u2013 ein exklusives Urlaubserlebnis bieten, von der herzlichen Aufnahme bis zur Qualit\u00e4t der Einrichtungen und Dienste.<\/p>\n\n\n\n<p>Das Hotel liegt eine Geh-Minute von der Ortsmitte von Gabicce Mare und <b>150 m vom Meer<\/b>, wo ein S<b>onnenschirm und 2 Liegen<\/b> auf Sie warten. Baden und entspannen k\u00f6nnen Sie auch im beheizten Schwimmbad, das in 3 Bereiche unterteilt ist: Eine <b>flache Zone f\u00fcr kleine Kinder<\/b>, der Hauptteil zum Schwimmen, und ein Bereich f\u00fcr entspannende <b>Unterwassermassage.<\/b><\/p>\n\n\n\n<!--more-->\n\n\n\n<p>Ihr unbesorgter All-Inclusive-Urlaub beginnt mit der Ankunft, <b>der Parkplatz ist inbegriffen<\/b>, ebenso wie die <b>Getr\u00e4nke-Ecke<\/b>, an der Sie sich <b>selbst bedienen <\/b>k\u00f6nnen, zu jeder Zeit!<\/p>\n\n\n\n<p>Das <b>reichhaltige Fr\u00fchst\u00fcck <\/b>k\u00f6nnen Sie auch im <b>gr\u00fcnen Garten<\/b> genie\u00dfen. Zum Abendessen  feine<b> traditionelle Spezialit\u00e4ten aus dem Grenzland zwischen Marken und Romagna <\/b>und <b>internationale K\u00fcche<\/b>, auch glutenfreie und vegetarische Mahlzeiten. Mittagessen ist nicht inbegriffen, aber erh\u00e4ltlich (zu bezahlen). An die <b>Kinder <\/b>haben wir mit einem <b>eigenen leckeren Men\u00fc<\/b> und  mit einem <b>Imbiss, jeden Tag um 16:00 Uhr<\/b>, gedacht.<\/p>\n\n\n\n<p>F\u00fcr Unterhaltung ist mit einem Mini-Club im Hotel und Animation f\u00fcr Erwachsene und Kinder am Strand gesorgt, zu festgesetzten Zeiten.<\/p>\n","protected":false},"excerpt":{"rendered":"<p>Die Eigent\u00fcmer des Hotel Losanna m\u00f6chten ihren G\u00e4sten \u2013 Familien, Sportler und Paare \u2013 ein &hellip;<\/p>\n","protected":false},"author":1,"featured_media":0,"parent":16476,"menu_order":0,"comment_status":"closed","ping_status":"closed","template":"page-templates\/scheda_hotel.php","meta":{"_acf_changed":false,"footnotes":""},"class_list":["post-16755","page","type-page","status-publish","hentry"],"acf":[],"yoast_head":"<!-- This site is optimized with the Yoast SEO plugin v27.0 - https:\/\/yoast.com\/product\/yoast-seo-wordpress\/ -->\n<title>Hotel Losanna - All Inclusive Hotels<\/title>\n<meta name=\"robots\" content=\"index, follow, max-snippet:-1, max-image-preview:large, max-video-preview:-1\" \/>\n<link rel=\"canonical\" href=\"https:\/\/www.allinclusivehotels.it\/de\/hotels\/hotel-losanna\" \/>\n<meta property=\"og:locale\" content=\"de_DE\" \/>\n<meta property=\"og:type\" content=\"article\" \/>\n<meta property=\"og:title\" content=\"Hotel Losanna - All Inclusive Hotels\" \/>\n<meta property=\"og:description\" content=\"Die Eigent\u00fcmer des Hotel Losanna m\u00f6chten ihren G\u00e4sten \u2013 Familien, Sportler und Paare \u2013 ein &hellip;\" \/>\n<meta property=\"og:url\" content=\"https:\/\/www.allinclusivehotels.it\/de\/hotels\/hotel-losanna\" \/>\n<meta property=\"og:site_name\" content=\"All Inclusive Hotels\" \/>\n<meta property=\"article:modified_time\" content=\"2025-11-11T15:43:28+00:00\" \/>\n<meta name=\"twitter:card\" content=\"summary_large_image\" \/>\n<meta name=\"twitter:label1\" content=\"Gesch\u00e4tzte Lesezeit\" \/>\n\t<meta name=\"twitter:data1\" content=\"1\u00a0Minute\" \/>\n<script type=\"application\/ld+json\" class=\"yoast-schema-graph\">{\"@context\":\"https:\/\/schema.org\",\"@graph\":[{\"@type\":\"WebPage\",\"@id\":\"https:\/\/www.allinclusivehotels.it\/de\/hotels\/hotel-losanna\",\"url\":\"https:\/\/www.allinclusivehotels.it\/de\/hotels\/hotel-losanna\",\"name\":\"Hotel Losanna - All Inclusive Hotels\",\"isPartOf\":{\"@id\":\"https:\/\/www.allinclusivehotels.it\/de#website\"},\"datePublished\":\"2022-03-28T08:09:20+00:00\",\"dateModified\":\"2025-11-11T15:43:28+00:00\",\"breadcrumb\":{\"@id\":\"https:\/\/www.allinclusivehotels.it\/de\/hotels\/hotel-losanna#breadcrumb\"},\"inLanguage\":\"de\",\"potentialAction\":[{\"@type\":\"ReadAction\",\"target\":[\"https:\/\/www.allinclusivehotels.it\/de\/hotels\/hotel-losanna\"]}]},{\"@type\":\"BreadcrumbList\",\"@id\":\"https:\/\/www.allinclusivehotels.it\/de\/hotels\/hotel-losanna#breadcrumb\",\"itemListElement\":[{\"@type\":\"ListItem\",\"position\":1,\"name\":\"Home\",\"item\":\"https:\/\/www.allinclusivehotels.it\/de\"},{\"@type\":\"ListItem\",\"position\":2,\"name\":\"Hotels\",\"item\":\"https:\/\/www.allinclusivehotels.it\/de\/hotels\"},{\"@type\":\"ListItem\",\"position\":3,\"name\":\"Hotel Losanna\"}]},{\"@type\":\"WebSite\",\"@id\":\"https:\/\/www.allinclusivehotels.it\/de#website\",\"url\":\"https:\/\/www.allinclusivehotels.it\/de\",\"name\":\"All Inclusive Hotels\",\"description\":\"\",\"publisher\":{\"@id\":\"https:\/\/www.allinclusivehotels.it\/de#organization\"},\"potentialAction\":[{\"@type\":\"SearchAction\",\"target\":{\"@type\":\"EntryPoint\",\"urlTemplate\":\"https:\/\/www.allinclusivehotels.it\/de?s={search_term_string}\"},\"query-input\":{\"@type\":\"PropertyValueSpecification\",\"valueRequired\":true,\"valueName\":\"search_term_string\"}}],\"inLanguage\":\"de\"},{\"@type\":\"Organization\",\"@id\":\"https:\/\/www.allinclusivehotels.it\/de#organization\",\"name\":\"All Inclusive Hotels\",\"url\":\"https:\/\/www.allinclusivehotels.it\/de\",\"logo\":{\"@type\":\"ImageObject\",\"inLanguage\":\"de\",\"@id\":\"https:\/\/www.allinclusivehotels.it\/de#\/schema\/logo\/image\/\",\"url\":\"\",\"contentUrl\":\"\",\"caption\":\"All Inclusive Hotels\"},\"image\":{\"@id\":\"https:\/\/www.allinclusivehotels.it\/de#\/schema\/logo\/image\/\"}}]}<\/script>\n<!-- \/ Yoast SEO plugin. -->","yoast_head_json":{"title":"Hotel Losanna - All Inclusive Hotels","robots":{"index":"index","follow":"follow","max-snippet":"max-snippet:-1","max-image-preview":"max-image-preview:large","max-video-preview":"max-video-preview:-1"},"canonical":"https:\/\/www.allinclusivehotels.it\/de\/hotels\/hotel-losanna","og_locale":"de_DE","og_type":"article","og_title":"Hotel Losanna - All Inclusive Hotels","og_description":"Die Eigent\u00fcmer des Hotel Losanna m\u00f6chten ihren G\u00e4sten \u2013 Familien, Sportler und Paare \u2013 ein &hellip;","og_url":"https:\/\/www.allinclusivehotels.it\/de\/hotels\/hotel-losanna","og_site_name":"All Inclusive Hotels","article_modified_time":"2025-11-11T15:43:28+00:00","twitter_card":"summary_large_image","twitter_misc":{"Gesch\u00e4tzte Lesezeit":"1\u00a0Minute"},"schema":{"@context":"https:\/\/schema.org","@graph":[{"@type":"WebPage","@id":"https:\/\/www.allinclusivehotels.it\/de\/hotels\/hotel-losanna","url":"https:\/\/www.allinclusivehotels.it\/de\/hotels\/hotel-losanna","name":"Hotel Losanna - All Inclusive Hotels","isPartOf":{"@id":"https:\/\/www.allinclusivehotels.it\/de#website"},"datePublished":"2022-03-28T08:09:20+00:00","dateModified":"2025-11-11T15:43:28+00:00","breadcrumb":{"@id":"https:\/\/www.allinclusivehotels.it\/de\/hotels\/hotel-losanna#breadcrumb"},"inLanguage":"de","potentialAction":[{"@type":"ReadAction","target":["https:\/\/www.allinclusivehotels.it\/de\/hotels\/hotel-losanna"]}]},{"@type":"BreadcrumbList","@id":"https:\/\/www.allinclusivehotels.it\/de\/hotels\/hotel-losanna#breadcrumb","itemListElement":[{"@type":"ListItem","position":1,"name":"Home","item":"https:\/\/www.allinclusivehotels.it\/de"},{"@type":"ListItem","position":2,"name":"Hotels","item":"https:\/\/www.allinclusivehotels.it\/de\/hotels"},{"@type":"ListItem","position":3,"name":"Hotel Losanna"}]},{"@type":"WebSite","@id":"https:\/\/www.allinclusivehotels.it\/de#website","url":"https:\/\/www.allinclusivehotels.it\/de","name":"All Inclusive Hotels","description":"","publisher":{"@id":"https:\/\/www.allinclusivehotels.it\/de#organization"},"potentialAction":[{"@type":"SearchAction","target":{"@type":"EntryPoint","urlTemplate":"https:\/\/www.allinclusivehotels.it\/de?s={search_term_string}"},"query-input":{"@type":"PropertyValueSpecification","valueRequired":true,"valueName":"search_term_string"}}],"inLanguage":"de"},{"@type":"Organization","@id":"https:\/\/www.allinclusivehotels.it\/de#organization","name":"All Inclusive Hotels","url":"https:\/\/www.allinclusivehotels.it\/de","logo":{"@type":"ImageObject","inLanguage":"de","@id":"https:\/\/www.allinclusivehotels.it\/de#\/schema\/logo\/image\/","url":"","contentUrl":"","caption":"All Inclusive Hotels"},"image":{"@id":"https:\/\/www.allinclusivehotels.it\/de#\/schema\/logo\/image\/"}}]}},"_links":{"self":[{"href":"https:\/\/www.allinclusivehotels.it\/de\/wp-json\/wp\/v2\/pages\/16755","targetHints":{"allow":["GET"]}}],"collection":[{"href":"https:\/\/www.allinclusivehotels.it\/de\/wp-json\/wp\/v2\/pages"}],"about":[{"href":"https:\/\/www.allinclusivehotels.it\/de\/wp-json\/wp\/v2\/types\/page"}],"author":[{"embeddable":true,"href":"https:\/\/www.allinclusivehotels.it\/de\/wp-json\/wp\/v2\/users\/1"}],"replies":[{"embeddable":true,"href":"https:\/\/www.allinclusivehotels.it\/de\/wp-json\/wp\/v2\/comments?post=16755"}],"version-history":[{"count":6,"href":"https:\/\/www.allinclusivehotels.it\/de\/wp-json\/wp\/v2\/pages\/16755\/revisions"}],"predecessor-version":[{"id":49220,"href":"https:\/\/www.allinclusivehotels.it\/de\/wp-json\/wp\/v2\/pages\/16755\/revisions\/49220"}],"up":[{"embeddable":true,"href":"https:\/\/www.allinclusivehotels.it\/de\/wp-json\/wp\/v2\/pages\/16476"}],"wp:attachment":[{"href":"https:\/\/www.allinclusivehotels.it\/de\/wp-json\/wp\/v2\/media?parent=16755"}],"curies":[{"name":"wp","href":"https:\/\/api.w.org\/{rel}","templated":true}]}}