{"id":16743,"date":"2022-03-28T10:09:16","date_gmt":"2022-03-28T08:09:16","guid":{"rendered":"https:\/\/www.allinclusivehotels.it\/hotels\/hotel-ambasciatori"},"modified":"2022-06-30T16:07:31","modified_gmt":"2022-06-30T14:07:31","slug":"hotel-ambasciatori","status":"publish","type":"page","link":"https:\/\/www.allinclusivehotels.it\/de\/hotels\/hotel-ambasciatori","title":{"rendered":"Hotel Ambasciatori"},"content":{"rendered":"\n<p>Das <b>Hotel Ambasciatori <\/b>in Cattolica liegt<b> 40 Meter vom Meer,<\/b>  mit zwei Partner-Strandb\u00e4dern, die Ihnen einen Sonnenschirm, zwei Liegen und Animation f\u00fcr die Kinder zur Verf\u00fcgung stellen. Unser <b>Schwimmbad <\/b>hat <b>Whirlpool, Gegenstrom-Anlage, Kaskaden und Kinderbecken. <\/b>Eine <b>liebe Kinderbetreuerin<\/b> nimmt kleine G\u00e4ste im <b>Club Ambasciatori <\/b>auf, begleitet sie in der <b>Spielzone <\/b>und<b> <\/b>auch<b> <\/b>beim Essen. Kinderausr\u00fcstung f\u00fcr Zimmer und Speisesaal, Fahrr\u00e4der mit Kindersitzen und Kinderwagen sind vorhanden.<\/p>\n\n\n\n<!--more-->\n\n\n\n<p>Zu essen bekommen Sie feine italienische K\u00fcche mit Schwerpunkt auf der Tradition der Romagna, auch angepasst an die Bed\u00fcrfnisse von G\u00e4sten mit <b>Z\u00f6liakie<\/b> oder bestimmten <b>Di\u00e4ten<\/b>. Fr\u00fchst\u00fcck mit frisch gemahlenem Kaffee, frischer Milch, Schokolade, Saft,  Aufschnitt, Eiern hausgemachtem S\u00fc\u00dfgeb\u00e4ck, Joghurt und vielem mehr. Mittags und abends <b>3 verschiedene Men\u00fcs mit Fleisch und Fisch<\/b>, am Tisch serviert, dazu ein <b>Buffet mit Vorspeisen, Gem\u00fcse, ofenfrisches Brot. <\/b>Zum Abschluss <b>Obst, Desserts und Sorbet.<\/b><\/p>\n","protected":false},"excerpt":{"rendered":"<p>Das Hotel Ambasciatori in Cattolica liegt 40 Meter vom Meer, mit zwei Partner-Strandb\u00e4dern, die Ihnen &hellip;<\/p>\n","protected":false},"author":1,"featured_media":0,"parent":16476,"menu_order":0,"comment_status":"closed","ping_status":"closed","template":"page-templates\/scheda_hotel.php","meta":{"_acf_changed":false,"footnotes":""},"class_list":["post-16743","page","type-page","status-publish","hentry"],"acf":[],"yoast_head":"<!-- This site is optimized with the Yoast SEO plugin v27.0 - https:\/\/yoast.com\/product\/yoast-seo-wordpress\/ -->\n<title>Hotel Ambasciatori - All Inclusive Hotels<\/title>\n<meta name=\"robots\" content=\"index, follow, max-snippet:-1, max-image-preview:large, max-video-preview:-1\" \/>\n<link rel=\"canonical\" href=\"https:\/\/www.allinclusivehotels.it\/de\/hotels\/hotel-ambasciatori\" \/>\n<meta property=\"og:locale\" content=\"de_DE\" \/>\n<meta property=\"og:type\" content=\"article\" \/>\n<meta property=\"og:title\" content=\"Hotel Ambasciatori - All Inclusive Hotels\" \/>\n<meta property=\"og:description\" content=\"Das Hotel Ambasciatori in Cattolica liegt 40 Meter vom Meer, mit zwei Partner-Strandb\u00e4dern, die Ihnen &hellip;\" \/>\n<meta property=\"og:url\" content=\"https:\/\/www.allinclusivehotels.it\/de\/hotels\/hotel-ambasciatori\" \/>\n<meta property=\"og:site_name\" content=\"All Inclusive Hotels\" \/>\n<meta property=\"article:modified_time\" content=\"2022-06-30T14:07:31+00:00\" \/>\n<meta name=\"twitter:card\" content=\"summary_large_image\" \/>\n<meta name=\"twitter:label1\" content=\"Gesch\u00e4tzte Lesezeit\" \/>\n\t<meta name=\"twitter:data1\" content=\"1\u00a0Minute\" \/>\n<script type=\"application\/ld+json\" class=\"yoast-schema-graph\">{\"@context\":\"https:\/\/schema.org\",\"@graph\":[{\"@type\":\"WebPage\",\"@id\":\"https:\/\/www.allinclusivehotels.it\/de\/hotels\/hotel-ambasciatori\",\"url\":\"https:\/\/www.allinclusivehotels.it\/de\/hotels\/hotel-ambasciatori\",\"name\":\"Hotel Ambasciatori - All Inclusive Hotels\",\"isPartOf\":{\"@id\":\"https:\/\/www.allinclusivehotels.it\/de#website\"},\"datePublished\":\"2022-03-28T08:09:16+00:00\",\"dateModified\":\"2022-06-30T14:07:31+00:00\",\"breadcrumb\":{\"@id\":\"https:\/\/www.allinclusivehotels.it\/de\/hotels\/hotel-ambasciatori#breadcrumb\"},\"inLanguage\":\"de\",\"potentialAction\":[{\"@type\":\"ReadAction\",\"target\":[\"https:\/\/www.allinclusivehotels.it\/de\/hotels\/hotel-ambasciatori\"]}]},{\"@type\":\"BreadcrumbList\",\"@id\":\"https:\/\/www.allinclusivehotels.it\/de\/hotels\/hotel-ambasciatori#breadcrumb\",\"itemListElement\":[{\"@type\":\"ListItem\",\"position\":1,\"name\":\"Home\",\"item\":\"https:\/\/www.allinclusivehotels.it\/de\"},{\"@type\":\"ListItem\",\"position\":2,\"name\":\"Hotels\",\"item\":\"https:\/\/www.allinclusivehotels.it\/de\/hotels\"},{\"@type\":\"ListItem\",\"position\":3,\"name\":\"Hotel Ambasciatori\"}]},{\"@type\":\"WebSite\",\"@id\":\"https:\/\/www.allinclusivehotels.it\/de#website\",\"url\":\"https:\/\/www.allinclusivehotels.it\/de\",\"name\":\"All Inclusive Hotels\",\"description\":\"\",\"publisher\":{\"@id\":\"https:\/\/www.allinclusivehotels.it\/de#organization\"},\"potentialAction\":[{\"@type\":\"SearchAction\",\"target\":{\"@type\":\"EntryPoint\",\"urlTemplate\":\"https:\/\/www.allinclusivehotels.it\/de?s={search_term_string}\"},\"query-input\":{\"@type\":\"PropertyValueSpecification\",\"valueRequired\":true,\"valueName\":\"search_term_string\"}}],\"inLanguage\":\"de\"},{\"@type\":\"Organization\",\"@id\":\"https:\/\/www.allinclusivehotels.it\/de#organization\",\"name\":\"All Inclusive Hotels\",\"url\":\"https:\/\/www.allinclusivehotels.it\/de\",\"logo\":{\"@type\":\"ImageObject\",\"inLanguage\":\"de\",\"@id\":\"https:\/\/www.allinclusivehotels.it\/de#\/schema\/logo\/image\/\",\"url\":\"\",\"contentUrl\":\"\",\"caption\":\"All Inclusive Hotels\"},\"image\":{\"@id\":\"https:\/\/www.allinclusivehotels.it\/de#\/schema\/logo\/image\/\"}}]}<\/script>\n<!-- \/ Yoast SEO plugin. -->","yoast_head_json":{"title":"Hotel Ambasciatori - All Inclusive Hotels","robots":{"index":"index","follow":"follow","max-snippet":"max-snippet:-1","max-image-preview":"max-image-preview:large","max-video-preview":"max-video-preview:-1"},"canonical":"https:\/\/www.allinclusivehotels.it\/de\/hotels\/hotel-ambasciatori","og_locale":"de_DE","og_type":"article","og_title":"Hotel Ambasciatori - All Inclusive Hotels","og_description":"Das Hotel Ambasciatori in Cattolica liegt 40 Meter vom Meer, mit zwei Partner-Strandb\u00e4dern, die Ihnen &hellip;","og_url":"https:\/\/www.allinclusivehotels.it\/de\/hotels\/hotel-ambasciatori","og_site_name":"All Inclusive Hotels","article_modified_time":"2022-06-30T14:07:31+00:00","twitter_card":"summary_large_image","twitter_misc":{"Gesch\u00e4tzte Lesezeit":"1\u00a0Minute"},"schema":{"@context":"https:\/\/schema.org","@graph":[{"@type":"WebPage","@id":"https:\/\/www.allinclusivehotels.it\/de\/hotels\/hotel-ambasciatori","url":"https:\/\/www.allinclusivehotels.it\/de\/hotels\/hotel-ambasciatori","name":"Hotel Ambasciatori - All Inclusive Hotels","isPartOf":{"@id":"https:\/\/www.allinclusivehotels.it\/de#website"},"datePublished":"2022-03-28T08:09:16+00:00","dateModified":"2022-06-30T14:07:31+00:00","breadcrumb":{"@id":"https:\/\/www.allinclusivehotels.it\/de\/hotels\/hotel-ambasciatori#breadcrumb"},"inLanguage":"de","potentialAction":[{"@type":"ReadAction","target":["https:\/\/www.allinclusivehotels.it\/de\/hotels\/hotel-ambasciatori"]}]},{"@type":"BreadcrumbList","@id":"https:\/\/www.allinclusivehotels.it\/de\/hotels\/hotel-ambasciatori#breadcrumb","itemListElement":[{"@type":"ListItem","position":1,"name":"Home","item":"https:\/\/www.allinclusivehotels.it\/de"},{"@type":"ListItem","position":2,"name":"Hotels","item":"https:\/\/www.allinclusivehotels.it\/de\/hotels"},{"@type":"ListItem","position":3,"name":"Hotel Ambasciatori"}]},{"@type":"WebSite","@id":"https:\/\/www.allinclusivehotels.it\/de#website","url":"https:\/\/www.allinclusivehotels.it\/de","name":"All Inclusive Hotels","description":"","publisher":{"@id":"https:\/\/www.allinclusivehotels.it\/de#organization"},"potentialAction":[{"@type":"SearchAction","target":{"@type":"EntryPoint","urlTemplate":"https:\/\/www.allinclusivehotels.it\/de?s={search_term_string}"},"query-input":{"@type":"PropertyValueSpecification","valueRequired":true,"valueName":"search_term_string"}}],"inLanguage":"de"},{"@type":"Organization","@id":"https:\/\/www.allinclusivehotels.it\/de#organization","name":"All Inclusive Hotels","url":"https:\/\/www.allinclusivehotels.it\/de","logo":{"@type":"ImageObject","inLanguage":"de","@id":"https:\/\/www.allinclusivehotels.it\/de#\/schema\/logo\/image\/","url":"","contentUrl":"","caption":"All Inclusive Hotels"},"image":{"@id":"https:\/\/www.allinclusivehotels.it\/de#\/schema\/logo\/image\/"}}]}},"_links":{"self":[{"href":"https:\/\/www.allinclusivehotels.it\/de\/wp-json\/wp\/v2\/pages\/16743","targetHints":{"allow":["GET"]}}],"collection":[{"href":"https:\/\/www.allinclusivehotels.it\/de\/wp-json\/wp\/v2\/pages"}],"about":[{"href":"https:\/\/www.allinclusivehotels.it\/de\/wp-json\/wp\/v2\/types\/page"}],"author":[{"embeddable":true,"href":"https:\/\/www.allinclusivehotels.it\/de\/wp-json\/wp\/v2\/users\/1"}],"replies":[{"embeddable":true,"href":"https:\/\/www.allinclusivehotels.it\/de\/wp-json\/wp\/v2\/comments?post=16743"}],"version-history":[{"count":4,"href":"https:\/\/www.allinclusivehotels.it\/de\/wp-json\/wp\/v2\/pages\/16743\/revisions"}],"predecessor-version":[{"id":21253,"href":"https:\/\/www.allinclusivehotels.it\/de\/wp-json\/wp\/v2\/pages\/16743\/revisions\/21253"}],"up":[{"embeddable":true,"href":"https:\/\/www.allinclusivehotels.it\/de\/wp-json\/wp\/v2\/pages\/16476"}],"wp:attachment":[{"href":"https:\/\/www.allinclusivehotels.it\/de\/wp-json\/wp\/v2\/media?parent=16743"}],"curies":[{"name":"wp","href":"https:\/\/api.w.org\/{rel}","templated":true}]}}