{"id":16693,"date":"2022-03-28T10:08:54","date_gmt":"2022-03-28T08:08:54","guid":{"rendered":"https:\/\/www.allinclusivehotels.it\/offerte-all-inclusive\/venetien"},"modified":"2022-06-09T09:43:53","modified_gmt":"2022-06-09T07:43:53","slug":"venetien","status":"publish","type":"page","link":"https:\/\/www.allinclusivehotels.it\/de\/all-inclusive-angebote\/venetien","title":{"rendered":"Venetien"},"content":{"rendered":"\n<p>Die Motive, eines unserer <b>All<\/b>&#8211;<b>Inclusive-Angebote Venetien<\/b> zu w\u00e4hlen, sind so vielf\u00e4ltig wie das Land: Der Gardasee, die Badestr\u00e4nde von Jesolo, Bibione und Caorle, die Dolomiten im Sommer und im Winter,  Kunstst\u00e4dte wie Venedig und Padua, die kulinarischen Spezialit\u00e4ten &#8230;<\/p>\n\n\n\n<p>entdecken Sie alle!<\/p>\n","protected":false},"excerpt":{"rendered":"<p>Die Motive, eines unserer All&#8211;Inclusive-Angebote Venetien zu w\u00e4hlen, sind so vielf\u00e4ltig wie das Land: Der &hellip;<\/p>\n","protected":false},"author":1,"featured_media":0,"parent":16733,"menu_order":0,"comment_status":"closed","ping_status":"closed","template":"page-templates\/offerte_destinazione.php","meta":{"_acf_changed":false,"footnotes":""},"class_list":["post-16693","page","type-page","status-publish","hentry"],"acf":[],"yoast_head":"<!-- This site is optimized with the Yoast SEO plugin v27.0 - https:\/\/yoast.com\/product\/yoast-seo-wordpress\/ -->\n<title>All Inclusive Angebote in den Venetien | Die besten All Inclusive Hotels<\/title>\n<meta name=\"description\" content=\"Suchen Sie einen All Inclusive Urlaub in den Venetien? Entdecken Sie die gr\u00f6\u00dfte Auswahl an All-Inclusive-Angebote!\" \/>\n<meta name=\"robots\" content=\"index, follow, max-snippet:-1, max-image-preview:large, max-video-preview:-1\" \/>\n<link rel=\"canonical\" href=\"https:\/\/www.allinclusivehotels.it\/de\/all-inclusive-angebote\/venetien\" \/>\n<meta property=\"og:locale\" content=\"de_DE\" \/>\n<meta property=\"og:type\" content=\"article\" \/>\n<meta property=\"og:title\" content=\"All Inclusive Angebote in den Venetien | Die besten All Inclusive Hotels\" \/>\n<meta property=\"og:description\" content=\"Suchen Sie einen All Inclusive Urlaub in den Venetien? Entdecken Sie die gr\u00f6\u00dfte Auswahl an All-Inclusive-Angebote!\" \/>\n<meta property=\"og:url\" content=\"https:\/\/www.allinclusivehotels.it\/de\/all-inclusive-angebote\/venetien\" \/>\n<meta property=\"og:site_name\" content=\"All Inclusive Hotels\" \/>\n<meta property=\"article:modified_time\" content=\"2022-06-09T07:43:53+00:00\" \/>\n<meta name=\"twitter:card\" content=\"summary_large_image\" \/>\n<meta name=\"twitter:label1\" content=\"Gesch\u00e4tzte Lesezeit\" \/>\n\t<meta name=\"twitter:data1\" content=\"1\u00a0Minute\" \/>\n<script type=\"application\/ld+json\" class=\"yoast-schema-graph\">{\"@context\":\"https:\/\/schema.org\",\"@graph\":[{\"@type\":\"WebPage\",\"@id\":\"https:\/\/www.allinclusivehotels.it\/de\/all-inclusive-angebote\/venetien\",\"url\":\"https:\/\/www.allinclusivehotels.it\/de\/all-inclusive-angebote\/venetien\",\"name\":\"All Inclusive Angebote in den Venetien | Die besten All Inclusive Hotels\",\"isPartOf\":{\"@id\":\"https:\/\/www.allinclusivehotels.it\/de#website\"},\"datePublished\":\"2022-03-28T08:08:54+00:00\",\"dateModified\":\"2022-06-09T07:43:53+00:00\",\"description\":\"Suchen Sie einen All Inclusive Urlaub in den Venetien? Entdecken Sie die gr\u00f6\u00dfte Auswahl an All-Inclusive-Angebote!\",\"breadcrumb\":{\"@id\":\"https:\/\/www.allinclusivehotels.it\/de\/all-inclusive-angebote\/venetien#breadcrumb\"},\"inLanguage\":\"de\",\"potentialAction\":[{\"@type\":\"ReadAction\",\"target\":[\"https:\/\/www.allinclusivehotels.it\/de\/all-inclusive-angebote\/venetien\"]}]},{\"@type\":\"BreadcrumbList\",\"@id\":\"https:\/\/www.allinclusivehotels.it\/de\/all-inclusive-angebote\/venetien#breadcrumb\",\"itemListElement\":[{\"@type\":\"ListItem\",\"position\":1,\"name\":\"Home\",\"item\":\"https:\/\/www.allinclusivehotels.it\/de\"},{\"@type\":\"ListItem\",\"position\":2,\"name\":\"All-Inclusive-Angebote\",\"item\":\"https:\/\/www.allinclusivehotels.it\/de\/all-inclusive-angebote\"},{\"@type\":\"ListItem\",\"position\":3,\"name\":\"Venetien\"}]},{\"@type\":\"WebSite\",\"@id\":\"https:\/\/www.allinclusivehotels.it\/de#website\",\"url\":\"https:\/\/www.allinclusivehotels.it\/de\",\"name\":\"All Inclusive Hotels\",\"description\":\"\",\"publisher\":{\"@id\":\"https:\/\/www.allinclusivehotels.it\/de#organization\"},\"potentialAction\":[{\"@type\":\"SearchAction\",\"target\":{\"@type\":\"EntryPoint\",\"urlTemplate\":\"https:\/\/www.allinclusivehotels.it\/de?s={search_term_string}\"},\"query-input\":{\"@type\":\"PropertyValueSpecification\",\"valueRequired\":true,\"valueName\":\"search_term_string\"}}],\"inLanguage\":\"de\"},{\"@type\":\"Organization\",\"@id\":\"https:\/\/www.allinclusivehotels.it\/de#organization\",\"name\":\"All Inclusive Hotels\",\"url\":\"https:\/\/www.allinclusivehotels.it\/de\",\"logo\":{\"@type\":\"ImageObject\",\"inLanguage\":\"de\",\"@id\":\"https:\/\/www.allinclusivehotels.it\/de#\/schema\/logo\/image\/\",\"url\":\"\",\"contentUrl\":\"\",\"caption\":\"All Inclusive Hotels\"},\"image\":{\"@id\":\"https:\/\/www.allinclusivehotels.it\/de#\/schema\/logo\/image\/\"}}]}<\/script>\n<!-- \/ Yoast SEO plugin. -->","yoast_head_json":{"title":"All Inclusive Angebote in den Venetien | Die besten All Inclusive Hotels","description":"Suchen Sie einen All Inclusive Urlaub in den Venetien? Entdecken Sie die gr\u00f6\u00dfte Auswahl an All-Inclusive-Angebote!","robots":{"index":"index","follow":"follow","max-snippet":"max-snippet:-1","max-image-preview":"max-image-preview:large","max-video-preview":"max-video-preview:-1"},"canonical":"https:\/\/www.allinclusivehotels.it\/de\/all-inclusive-angebote\/venetien","og_locale":"de_DE","og_type":"article","og_title":"All Inclusive Angebote in den Venetien | Die besten All Inclusive Hotels","og_description":"Suchen Sie einen All Inclusive Urlaub in den Venetien? Entdecken Sie die gr\u00f6\u00dfte Auswahl an All-Inclusive-Angebote!","og_url":"https:\/\/www.allinclusivehotels.it\/de\/all-inclusive-angebote\/venetien","og_site_name":"All Inclusive Hotels","article_modified_time":"2022-06-09T07:43:53+00:00","twitter_card":"summary_large_image","twitter_misc":{"Gesch\u00e4tzte Lesezeit":"1\u00a0Minute"},"schema":{"@context":"https:\/\/schema.org","@graph":[{"@type":"WebPage","@id":"https:\/\/www.allinclusivehotels.it\/de\/all-inclusive-angebote\/venetien","url":"https:\/\/www.allinclusivehotels.it\/de\/all-inclusive-angebote\/venetien","name":"All Inclusive Angebote in den Venetien | Die besten All Inclusive Hotels","isPartOf":{"@id":"https:\/\/www.allinclusivehotels.it\/de#website"},"datePublished":"2022-03-28T08:08:54+00:00","dateModified":"2022-06-09T07:43:53+00:00","description":"Suchen Sie einen All Inclusive Urlaub in den Venetien? Entdecken Sie die gr\u00f6\u00dfte Auswahl an All-Inclusive-Angebote!","breadcrumb":{"@id":"https:\/\/www.allinclusivehotels.it\/de\/all-inclusive-angebote\/venetien#breadcrumb"},"inLanguage":"de","potentialAction":[{"@type":"ReadAction","target":["https:\/\/www.allinclusivehotels.it\/de\/all-inclusive-angebote\/venetien"]}]},{"@type":"BreadcrumbList","@id":"https:\/\/www.allinclusivehotels.it\/de\/all-inclusive-angebote\/venetien#breadcrumb","itemListElement":[{"@type":"ListItem","position":1,"name":"Home","item":"https:\/\/www.allinclusivehotels.it\/de"},{"@type":"ListItem","position":2,"name":"All-Inclusive-Angebote","item":"https:\/\/www.allinclusivehotels.it\/de\/all-inclusive-angebote"},{"@type":"ListItem","position":3,"name":"Venetien"}]},{"@type":"WebSite","@id":"https:\/\/www.allinclusivehotels.it\/de#website","url":"https:\/\/www.allinclusivehotels.it\/de","name":"All Inclusive Hotels","description":"","publisher":{"@id":"https:\/\/www.allinclusivehotels.it\/de#organization"},"potentialAction":[{"@type":"SearchAction","target":{"@type":"EntryPoint","urlTemplate":"https:\/\/www.allinclusivehotels.it\/de?s={search_term_string}"},"query-input":{"@type":"PropertyValueSpecification","valueRequired":true,"valueName":"search_term_string"}}],"inLanguage":"de"},{"@type":"Organization","@id":"https:\/\/www.allinclusivehotels.it\/de#organization","name":"All Inclusive Hotels","url":"https:\/\/www.allinclusivehotels.it\/de","logo":{"@type":"ImageObject","inLanguage":"de","@id":"https:\/\/www.allinclusivehotels.it\/de#\/schema\/logo\/image\/","url":"","contentUrl":"","caption":"All Inclusive Hotels"},"image":{"@id":"https:\/\/www.allinclusivehotels.it\/de#\/schema\/logo\/image\/"}}]}},"_links":{"self":[{"href":"https:\/\/www.allinclusivehotels.it\/de\/wp-json\/wp\/v2\/pages\/16693","targetHints":{"allow":["GET"]}}],"collection":[{"href":"https:\/\/www.allinclusivehotels.it\/de\/wp-json\/wp\/v2\/pages"}],"about":[{"href":"https:\/\/www.allinclusivehotels.it\/de\/wp-json\/wp\/v2\/types\/page"}],"author":[{"embeddable":true,"href":"https:\/\/www.allinclusivehotels.it\/de\/wp-json\/wp\/v2\/users\/1"}],"replies":[{"embeddable":true,"href":"https:\/\/www.allinclusivehotels.it\/de\/wp-json\/wp\/v2\/comments?post=16693"}],"version-history":[{"count":1,"href":"https:\/\/www.allinclusivehotels.it\/de\/wp-json\/wp\/v2\/pages\/16693\/revisions"}],"predecessor-version":[{"id":16694,"href":"https:\/\/www.allinclusivehotels.it\/de\/wp-json\/wp\/v2\/pages\/16693\/revisions\/16694"}],"up":[{"embeddable":true,"href":"https:\/\/www.allinclusivehotels.it\/de\/wp-json\/wp\/v2\/pages\/16733"}],"wp:attachment":[{"href":"https:\/\/www.allinclusivehotels.it\/de\/wp-json\/wp\/v2\/media?parent=16693"}],"curies":[{"name":"wp","href":"https:\/\/api.w.org\/{rel}","templated":true}]}}