{"id":16677,"date":"2022-03-28T10:08:49","date_gmt":"2022-03-28T08:08:49","guid":{"rendered":"https:\/\/www.allinclusivehotels.it\/offerte-all-inclusive\/immer-gueltige-angebote"},"modified":"2025-03-03T12:25:30","modified_gmt":"2025-03-03T11:25:30","slug":"sommerangebote","status":"publish","type":"page","link":"https:\/\/www.allinclusivehotels.it\/de\/all-inclusive-angebote\/sommerangebote","title":{"rendered":"Fr\u00fchbucher"},"content":{"rendered":"\n<p>Unsere <strong>All-Inclusive-Angebote<\/strong> bieten alles, was Sie f\u00fcr einen unbeschwerten Urlaub ben\u00f6tigen: Serviceleistungen, Aktivit\u00e4ten, Sport, Unterhaltung und einen Miniclub f\u00fcr Kinder. <strong>Sichern Sie sich jetzt das beste All-Inclusive-Angebot<\/strong> f\u00fcr Ihren Aufenthalt!<\/p>\n","protected":false},"excerpt":{"rendered":"<p>Unsere All-Inclusive-Angebote bieten alles, was Sie f\u00fcr einen unbeschwerten Urlaub ben\u00f6tigen: Serviceleistungen, Aktivit\u00e4ten, Sport, Unterhaltung &hellip;<\/p>\n","protected":false},"author":1,"featured_media":0,"parent":16733,"menu_order":0,"comment_status":"closed","ping_status":"closed","template":"page-templates\/offerte_periodo.php","meta":{"_acf_changed":false,"footnotes":""},"class_list":["post-16677","page","type-page","status-publish","hentry"],"acf":[],"yoast_head":"<!-- This site is optimized with the Yoast SEO plugin v27.0 - https:\/\/yoast.com\/product\/yoast-seo-wordpress\/ -->\n<title>All-Inclusive-Fr\u00fchbucherangebote: die besten Vorteile f\u00fcr Sie!<\/title>\n<meta name=\"description\" content=\"Hier sind die besten All-Inclusive-Fr\u00fchbucherangebote der besten All-Inclusive-Hotels in Italien: Buchen Sie jetzt und sichern Sie sich die besten Vorteile\" \/>\n<meta name=\"robots\" content=\"index, follow, max-snippet:-1, max-image-preview:large, max-video-preview:-1\" \/>\n<link rel=\"canonical\" href=\"https:\/\/www.allinclusivehotels.it\/de\/all-inclusive-angebote\/sommerangebote\" \/>\n<meta property=\"og:locale\" content=\"de_DE\" \/>\n<meta property=\"og:type\" content=\"article\" \/>\n<meta property=\"og:title\" content=\"All-Inclusive-Fr\u00fchbucherangebote: die besten Vorteile f\u00fcr Sie!\" \/>\n<meta property=\"og:description\" content=\"Hier sind die besten All-Inclusive-Fr\u00fchbucherangebote der besten All-Inclusive-Hotels in Italien: Buchen Sie jetzt und sichern Sie sich die besten Vorteile\" \/>\n<meta property=\"og:url\" content=\"https:\/\/www.allinclusivehotels.it\/de\/all-inclusive-angebote\/sommerangebote\" \/>\n<meta property=\"og:site_name\" content=\"All Inclusive Hotels\" \/>\n<meta property=\"article:modified_time\" content=\"2025-03-03T11:25:30+00:00\" \/>\n<meta name=\"twitter:card\" content=\"summary_large_image\" \/>\n<meta name=\"twitter:label1\" content=\"Gesch\u00e4tzte Lesezeit\" \/>\n\t<meta name=\"twitter:data1\" content=\"1\u00a0Minute\" \/>\n<script type=\"application\/ld+json\" class=\"yoast-schema-graph\">{\"@context\":\"https:\/\/schema.org\",\"@graph\":[{\"@type\":\"WebPage\",\"@id\":\"https:\/\/www.allinclusivehotels.it\/de\/all-inclusive-angebote\/sommerangebote\",\"url\":\"https:\/\/www.allinclusivehotels.it\/de\/all-inclusive-angebote\/sommerangebote\",\"name\":\"All-Inclusive-Fr\u00fchbucherangebote: die besten Vorteile f\u00fcr Sie!\",\"isPartOf\":{\"@id\":\"https:\/\/www.allinclusivehotels.it\/de#website\"},\"datePublished\":\"2022-03-28T08:08:49+00:00\",\"dateModified\":\"2025-03-03T11:25:30+00:00\",\"description\":\"Hier sind die besten All-Inclusive-Fr\u00fchbucherangebote der besten All-Inclusive-Hotels in Italien: Buchen Sie jetzt und sichern Sie sich die besten Vorteile\",\"breadcrumb\":{\"@id\":\"https:\/\/www.allinclusivehotels.it\/de\/all-inclusive-angebote\/sommerangebote#breadcrumb\"},\"inLanguage\":\"de\",\"potentialAction\":[{\"@type\":\"ReadAction\",\"target\":[\"https:\/\/www.allinclusivehotels.it\/de\/all-inclusive-angebote\/sommerangebote\"]}]},{\"@type\":\"BreadcrumbList\",\"@id\":\"https:\/\/www.allinclusivehotels.it\/de\/all-inclusive-angebote\/sommerangebote#breadcrumb\",\"itemListElement\":[{\"@type\":\"ListItem\",\"position\":1,\"name\":\"Home\",\"item\":\"https:\/\/www.allinclusivehotels.it\/de\"},{\"@type\":\"ListItem\",\"position\":2,\"name\":\"All-Inclusive-Angebote\",\"item\":\"https:\/\/www.allinclusivehotels.it\/de\/all-inclusive-angebote\"},{\"@type\":\"ListItem\",\"position\":3,\"name\":\"Fr\u00fchbucher\"}]},{\"@type\":\"WebSite\",\"@id\":\"https:\/\/www.allinclusivehotels.it\/de#website\",\"url\":\"https:\/\/www.allinclusivehotels.it\/de\",\"name\":\"All Inclusive Hotels\",\"description\":\"\",\"publisher\":{\"@id\":\"https:\/\/www.allinclusivehotels.it\/de#organization\"},\"potentialAction\":[{\"@type\":\"SearchAction\",\"target\":{\"@type\":\"EntryPoint\",\"urlTemplate\":\"https:\/\/www.allinclusivehotels.it\/de?s={search_term_string}\"},\"query-input\":{\"@type\":\"PropertyValueSpecification\",\"valueRequired\":true,\"valueName\":\"search_term_string\"}}],\"inLanguage\":\"de\"},{\"@type\":\"Organization\",\"@id\":\"https:\/\/www.allinclusivehotels.it\/de#organization\",\"name\":\"All Inclusive Hotels\",\"url\":\"https:\/\/www.allinclusivehotels.it\/de\",\"logo\":{\"@type\":\"ImageObject\",\"inLanguage\":\"de\",\"@id\":\"https:\/\/www.allinclusivehotels.it\/de#\/schema\/logo\/image\/\",\"url\":\"\",\"contentUrl\":\"\",\"caption\":\"All Inclusive Hotels\"},\"image\":{\"@id\":\"https:\/\/www.allinclusivehotels.it\/de#\/schema\/logo\/image\/\"}}]}<\/script>\n<!-- \/ Yoast SEO plugin. -->","yoast_head_json":{"title":"All-Inclusive-Fr\u00fchbucherangebote: die besten Vorteile f\u00fcr Sie!","description":"Hier sind die besten All-Inclusive-Fr\u00fchbucherangebote der besten All-Inclusive-Hotels in Italien: Buchen Sie jetzt und sichern Sie sich die besten Vorteile","robots":{"index":"index","follow":"follow","max-snippet":"max-snippet:-1","max-image-preview":"max-image-preview:large","max-video-preview":"max-video-preview:-1"},"canonical":"https:\/\/www.allinclusivehotels.it\/de\/all-inclusive-angebote\/sommerangebote","og_locale":"de_DE","og_type":"article","og_title":"All-Inclusive-Fr\u00fchbucherangebote: die besten Vorteile f\u00fcr Sie!","og_description":"Hier sind die besten All-Inclusive-Fr\u00fchbucherangebote der besten All-Inclusive-Hotels in Italien: Buchen Sie jetzt und sichern Sie sich die besten Vorteile","og_url":"https:\/\/www.allinclusivehotels.it\/de\/all-inclusive-angebote\/sommerangebote","og_site_name":"All Inclusive Hotels","article_modified_time":"2025-03-03T11:25:30+00:00","twitter_card":"summary_large_image","twitter_misc":{"Gesch\u00e4tzte Lesezeit":"1\u00a0Minute"},"schema":{"@context":"https:\/\/schema.org","@graph":[{"@type":"WebPage","@id":"https:\/\/www.allinclusivehotels.it\/de\/all-inclusive-angebote\/sommerangebote","url":"https:\/\/www.allinclusivehotels.it\/de\/all-inclusive-angebote\/sommerangebote","name":"All-Inclusive-Fr\u00fchbucherangebote: die besten Vorteile f\u00fcr Sie!","isPartOf":{"@id":"https:\/\/www.allinclusivehotels.it\/de#website"},"datePublished":"2022-03-28T08:08:49+00:00","dateModified":"2025-03-03T11:25:30+00:00","description":"Hier sind die besten All-Inclusive-Fr\u00fchbucherangebote der besten All-Inclusive-Hotels in Italien: Buchen Sie jetzt und sichern Sie sich die besten Vorteile","breadcrumb":{"@id":"https:\/\/www.allinclusivehotels.it\/de\/all-inclusive-angebote\/sommerangebote#breadcrumb"},"inLanguage":"de","potentialAction":[{"@type":"ReadAction","target":["https:\/\/www.allinclusivehotels.it\/de\/all-inclusive-angebote\/sommerangebote"]}]},{"@type":"BreadcrumbList","@id":"https:\/\/www.allinclusivehotels.it\/de\/all-inclusive-angebote\/sommerangebote#breadcrumb","itemListElement":[{"@type":"ListItem","position":1,"name":"Home","item":"https:\/\/www.allinclusivehotels.it\/de"},{"@type":"ListItem","position":2,"name":"All-Inclusive-Angebote","item":"https:\/\/www.allinclusivehotels.it\/de\/all-inclusive-angebote"},{"@type":"ListItem","position":3,"name":"Fr\u00fchbucher"}]},{"@type":"WebSite","@id":"https:\/\/www.allinclusivehotels.it\/de#website","url":"https:\/\/www.allinclusivehotels.it\/de","name":"All Inclusive Hotels","description":"","publisher":{"@id":"https:\/\/www.allinclusivehotels.it\/de#organization"},"potentialAction":[{"@type":"SearchAction","target":{"@type":"EntryPoint","urlTemplate":"https:\/\/www.allinclusivehotels.it\/de?s={search_term_string}"},"query-input":{"@type":"PropertyValueSpecification","valueRequired":true,"valueName":"search_term_string"}}],"inLanguage":"de"},{"@type":"Organization","@id":"https:\/\/www.allinclusivehotels.it\/de#organization","name":"All Inclusive Hotels","url":"https:\/\/www.allinclusivehotels.it\/de","logo":{"@type":"ImageObject","inLanguage":"de","@id":"https:\/\/www.allinclusivehotels.it\/de#\/schema\/logo\/image\/","url":"","contentUrl":"","caption":"All Inclusive Hotels"},"image":{"@id":"https:\/\/www.allinclusivehotels.it\/de#\/schema\/logo\/image\/"}}]}},"_links":{"self":[{"href":"https:\/\/www.allinclusivehotels.it\/de\/wp-json\/wp\/v2\/pages\/16677","targetHints":{"allow":["GET"]}}],"collection":[{"href":"https:\/\/www.allinclusivehotels.it\/de\/wp-json\/wp\/v2\/pages"}],"about":[{"href":"https:\/\/www.allinclusivehotels.it\/de\/wp-json\/wp\/v2\/types\/page"}],"author":[{"embeddable":true,"href":"https:\/\/www.allinclusivehotels.it\/de\/wp-json\/wp\/v2\/users\/1"}],"replies":[{"embeddable":true,"href":"https:\/\/www.allinclusivehotels.it\/de\/wp-json\/wp\/v2\/comments?post=16677"}],"version-history":[{"count":3,"href":"https:\/\/www.allinclusivehotels.it\/de\/wp-json\/wp\/v2\/pages\/16677\/revisions"}],"predecessor-version":[{"id":43637,"href":"https:\/\/www.allinclusivehotels.it\/de\/wp-json\/wp\/v2\/pages\/16677\/revisions\/43637"}],"up":[{"embeddable":true,"href":"https:\/\/www.allinclusivehotels.it\/de\/wp-json\/wp\/v2\/pages\/16733"}],"wp:attachment":[{"href":"https:\/\/www.allinclusivehotels.it\/de\/wp-json\/wp\/v2\/media?parent=16677"}],"curies":[{"name":"wp","href":"https:\/\/api.w.org\/{rel}","templated":true}]}}