{"id":16675,"date":"2022-03-28T10:08:49","date_gmt":"2022-03-28T08:08:49","guid":{"rendered":"https:\/\/www.allinclusivehotels.it\/offerte-all-inclusive\/wochenende-brueckentage-1-mai"},"modified":"2022-05-26T13:29:54","modified_gmt":"2022-05-26T11:29:54","slug":"wochenende-brueckentage-1-mai","status":"publish","type":"page","link":"https:\/\/www.allinclusivehotels.it\/de\/all-inclusive-angebote\/wochenende-brueckentage-1-mai","title":{"rendered":"Wochenende + Br\u00fcckentage: 1. Mai"},"content":{"rendered":"\n<p>Wie w\u00e4re es, den <b>1. Mai<\/b> in der bl\u00fchenden Natur Italiens zu feiern? F\u00fcr ein erlebnisreiches verl\u00e4ngertes Wochenende, mit der Familie, zu zweit oder mit Freund*innen finden Sie hier  <b>All-Inclusive-Angebote zum 1. Mai .<\/b><\/p>\n","protected":false},"excerpt":{"rendered":"<p>Wie w\u00e4re es, den 1. Mai in der bl\u00fchenden Natur Italiens zu feiern? F\u00fcr ein &hellip;<\/p>\n","protected":false},"author":1,"featured_media":0,"parent":16733,"menu_order":0,"comment_status":"closed","ping_status":"closed","template":"page-templates\/offerte_periodo.php","meta":{"_acf_changed":false,"footnotes":""},"class_list":["post-16675","page","type-page","status-publish","hentry"],"acf":[],"yoast_head":"<!-- This site is optimized with the Yoast SEO plugin v27.0 - https:\/\/yoast.com\/product\/yoast-seo-wordpress\/ -->\n<title>Wochenende + Br\u00fcckentage: 1. Mai - All Inclusive Hotels<\/title>\n<meta name=\"robots\" content=\"index, follow, max-snippet:-1, max-image-preview:large, max-video-preview:-1\" \/>\n<link rel=\"canonical\" href=\"https:\/\/www.allinclusivehotels.it\/de\/all-inclusive-angebote\/wochenende-brueckentage-1-mai\" \/>\n<meta property=\"og:locale\" content=\"de_DE\" \/>\n<meta property=\"og:type\" content=\"article\" \/>\n<meta property=\"og:title\" content=\"Wochenende + Br\u00fcckentage: 1. Mai - All Inclusive Hotels\" \/>\n<meta property=\"og:description\" content=\"Wie w\u00e4re es, den 1. Mai in der bl\u00fchenden Natur Italiens zu feiern? F\u00fcr ein &hellip;\" \/>\n<meta property=\"og:url\" content=\"https:\/\/www.allinclusivehotels.it\/de\/all-inclusive-angebote\/wochenende-brueckentage-1-mai\" \/>\n<meta property=\"og:site_name\" content=\"All Inclusive Hotels\" \/>\n<meta property=\"article:modified_time\" content=\"2022-05-26T11:29:54+00:00\" \/>\n<meta name=\"twitter:card\" content=\"summary_large_image\" \/>\n<script type=\"application\/ld+json\" class=\"yoast-schema-graph\">{\"@context\":\"https:\/\/schema.org\",\"@graph\":[{\"@type\":\"WebPage\",\"@id\":\"https:\/\/www.allinclusivehotels.it\/de\/all-inclusive-angebote\/wochenende-brueckentage-1-mai\",\"url\":\"https:\/\/www.allinclusivehotels.it\/de\/all-inclusive-angebote\/wochenende-brueckentage-1-mai\",\"name\":\"Wochenende + Br\u00fcckentage: 1. Mai - All Inclusive Hotels\",\"isPartOf\":{\"@id\":\"https:\/\/www.allinclusivehotels.it\/de#website\"},\"datePublished\":\"2022-03-28T08:08:49+00:00\",\"dateModified\":\"2022-05-26T11:29:54+00:00\",\"breadcrumb\":{\"@id\":\"https:\/\/www.allinclusivehotels.it\/de\/all-inclusive-angebote\/wochenende-brueckentage-1-mai#breadcrumb\"},\"inLanguage\":\"de\",\"potentialAction\":[{\"@type\":\"ReadAction\",\"target\":[\"https:\/\/www.allinclusivehotels.it\/de\/all-inclusive-angebote\/wochenende-brueckentage-1-mai\"]}]},{\"@type\":\"BreadcrumbList\",\"@id\":\"https:\/\/www.allinclusivehotels.it\/de\/all-inclusive-angebote\/wochenende-brueckentage-1-mai#breadcrumb\",\"itemListElement\":[{\"@type\":\"ListItem\",\"position\":1,\"name\":\"Home\",\"item\":\"https:\/\/www.allinclusivehotels.it\/de\"},{\"@type\":\"ListItem\",\"position\":2,\"name\":\"All-Inclusive-Angebote\",\"item\":\"https:\/\/www.allinclusivehotels.it\/de\/all-inclusive-angebote\"},{\"@type\":\"ListItem\",\"position\":3,\"name\":\"Wochenende + Br\u00fcckentage: 1. Mai\"}]},{\"@type\":\"WebSite\",\"@id\":\"https:\/\/www.allinclusivehotels.it\/de#website\",\"url\":\"https:\/\/www.allinclusivehotels.it\/de\",\"name\":\"All Inclusive Hotels\",\"description\":\"\",\"publisher\":{\"@id\":\"https:\/\/www.allinclusivehotels.it\/de#organization\"},\"potentialAction\":[{\"@type\":\"SearchAction\",\"target\":{\"@type\":\"EntryPoint\",\"urlTemplate\":\"https:\/\/www.allinclusivehotels.it\/de?s={search_term_string}\"},\"query-input\":{\"@type\":\"PropertyValueSpecification\",\"valueRequired\":true,\"valueName\":\"search_term_string\"}}],\"inLanguage\":\"de\"},{\"@type\":\"Organization\",\"@id\":\"https:\/\/www.allinclusivehotels.it\/de#organization\",\"name\":\"All Inclusive Hotels\",\"url\":\"https:\/\/www.allinclusivehotels.it\/de\",\"logo\":{\"@type\":\"ImageObject\",\"inLanguage\":\"de\",\"@id\":\"https:\/\/www.allinclusivehotels.it\/de#\/schema\/logo\/image\/\",\"url\":\"\",\"contentUrl\":\"\",\"caption\":\"All Inclusive Hotels\"},\"image\":{\"@id\":\"https:\/\/www.allinclusivehotels.it\/de#\/schema\/logo\/image\/\"}}]}<\/script>\n<!-- \/ Yoast SEO plugin. -->","yoast_head_json":{"title":"Wochenende + Br\u00fcckentage: 1. Mai - All Inclusive Hotels","robots":{"index":"index","follow":"follow","max-snippet":"max-snippet:-1","max-image-preview":"max-image-preview:large","max-video-preview":"max-video-preview:-1"},"canonical":"https:\/\/www.allinclusivehotels.it\/de\/all-inclusive-angebote\/wochenende-brueckentage-1-mai","og_locale":"de_DE","og_type":"article","og_title":"Wochenende + Br\u00fcckentage: 1. Mai - All Inclusive Hotels","og_description":"Wie w\u00e4re es, den 1. Mai in der bl\u00fchenden Natur Italiens zu feiern? F\u00fcr ein &hellip;","og_url":"https:\/\/www.allinclusivehotels.it\/de\/all-inclusive-angebote\/wochenende-brueckentage-1-mai","og_site_name":"All Inclusive Hotels","article_modified_time":"2022-05-26T11:29:54+00:00","twitter_card":"summary_large_image","schema":{"@context":"https:\/\/schema.org","@graph":[{"@type":"WebPage","@id":"https:\/\/www.allinclusivehotels.it\/de\/all-inclusive-angebote\/wochenende-brueckentage-1-mai","url":"https:\/\/www.allinclusivehotels.it\/de\/all-inclusive-angebote\/wochenende-brueckentage-1-mai","name":"Wochenende + Br\u00fcckentage: 1. Mai - All Inclusive Hotels","isPartOf":{"@id":"https:\/\/www.allinclusivehotels.it\/de#website"},"datePublished":"2022-03-28T08:08:49+00:00","dateModified":"2022-05-26T11:29:54+00:00","breadcrumb":{"@id":"https:\/\/www.allinclusivehotels.it\/de\/all-inclusive-angebote\/wochenende-brueckentage-1-mai#breadcrumb"},"inLanguage":"de","potentialAction":[{"@type":"ReadAction","target":["https:\/\/www.allinclusivehotels.it\/de\/all-inclusive-angebote\/wochenende-brueckentage-1-mai"]}]},{"@type":"BreadcrumbList","@id":"https:\/\/www.allinclusivehotels.it\/de\/all-inclusive-angebote\/wochenende-brueckentage-1-mai#breadcrumb","itemListElement":[{"@type":"ListItem","position":1,"name":"Home","item":"https:\/\/www.allinclusivehotels.it\/de"},{"@type":"ListItem","position":2,"name":"All-Inclusive-Angebote","item":"https:\/\/www.allinclusivehotels.it\/de\/all-inclusive-angebote"},{"@type":"ListItem","position":3,"name":"Wochenende + Br\u00fcckentage: 1. Mai"}]},{"@type":"WebSite","@id":"https:\/\/www.allinclusivehotels.it\/de#website","url":"https:\/\/www.allinclusivehotels.it\/de","name":"All Inclusive Hotels","description":"","publisher":{"@id":"https:\/\/www.allinclusivehotels.it\/de#organization"},"potentialAction":[{"@type":"SearchAction","target":{"@type":"EntryPoint","urlTemplate":"https:\/\/www.allinclusivehotels.it\/de?s={search_term_string}"},"query-input":{"@type":"PropertyValueSpecification","valueRequired":true,"valueName":"search_term_string"}}],"inLanguage":"de"},{"@type":"Organization","@id":"https:\/\/www.allinclusivehotels.it\/de#organization","name":"All Inclusive Hotels","url":"https:\/\/www.allinclusivehotels.it\/de","logo":{"@type":"ImageObject","inLanguage":"de","@id":"https:\/\/www.allinclusivehotels.it\/de#\/schema\/logo\/image\/","url":"","contentUrl":"","caption":"All Inclusive Hotels"},"image":{"@id":"https:\/\/www.allinclusivehotels.it\/de#\/schema\/logo\/image\/"}}]}},"_links":{"self":[{"href":"https:\/\/www.allinclusivehotels.it\/de\/wp-json\/wp\/v2\/pages\/16675","targetHints":{"allow":["GET"]}}],"collection":[{"href":"https:\/\/www.allinclusivehotels.it\/de\/wp-json\/wp\/v2\/pages"}],"about":[{"href":"https:\/\/www.allinclusivehotels.it\/de\/wp-json\/wp\/v2\/types\/page"}],"author":[{"embeddable":true,"href":"https:\/\/www.allinclusivehotels.it\/de\/wp-json\/wp\/v2\/users\/1"}],"replies":[{"embeddable":true,"href":"https:\/\/www.allinclusivehotels.it\/de\/wp-json\/wp\/v2\/comments?post=16675"}],"version-history":[{"count":1,"href":"https:\/\/www.allinclusivehotels.it\/de\/wp-json\/wp\/v2\/pages\/16675\/revisions"}],"predecessor-version":[{"id":16676,"href":"https:\/\/www.allinclusivehotels.it\/de\/wp-json\/wp\/v2\/pages\/16675\/revisions\/16676"}],"up":[{"embeddable":true,"href":"https:\/\/www.allinclusivehotels.it\/de\/wp-json\/wp\/v2\/pages\/16733"}],"wp:attachment":[{"href":"https:\/\/www.allinclusivehotels.it\/de\/wp-json\/wp\/v2\/media?parent=16675"}],"curies":[{"name":"wp","href":"https:\/\/api.w.org\/{rel}","templated":true}]}}